{"id":6319,"date":"2022-11-08T08:24:02","date_gmt":"2022-11-08T08:24:02","guid":{"rendered":"https:\/\/www.casaefigenia.com\/?post_type=product&#038;p=6319"},"modified":"2023-11-04T10:25:37","modified_gmt":"2023-11-04T10:25:37","slug":"sirop-de-palmier-500ml","status":"publish","type":"product","link":"https:\/\/www.casaefigenia.com\/fr\/produit\/sirop-de-palmier-500ml\/","title":{"rendered":"Sirop de Palmier (500ml)"},"content":{"rendered":"<p><strong>Ingr\u00e9dients<\/strong> : S\u00c8VE DE PALMIER CUITE.<\/p>\n<p><strong>Allerg\u00e8nes : aucun.<\/strong><\/p>\n<p>Contenu net : 500 ml.<\/p>\n<p>Origine : Espagne.<\/p>\n<p>Informations nutritionnelles pour 100 g.<\/p>\n<ul>\n<li>Valeur \u00e9nerg\u00e9tique (Kj\/Kcal) 1319\/315<\/li>\n<li>Mati\u00e8res grasses (g) 0,18<\/li>\n<li>Dont acides gras satur\u00e9s (g) 0,01<\/li>\n<li>Glucides (g) 75,6<\/li>\n<li>Dont sucres (g) 72,6<\/li>\n<li>Prot\u00e9ines (g) 1,29<\/li>\n<li>Sel (g) 0<\/li>\n<li>Potassium (g) 0,89<\/li>\n<\/ul>\n","protected":false},"excerpt":{"rendered":"<p class=\"p1\">Le \u00ab\u00a0miel de palme de La Gomera\u00a0\u00bb est le produit phare de la cuisine gom\u00e9rienne et est consid\u00e9r\u00e9 comme une gourmandise, une d\u00e9licatesse de grand prestige aux \u00eeles Canaries et au-del\u00e0, puisque les qualit\u00e9s organoleptiques de ce miel ainsi que le processus requis et les multiples usages gastronomiques pour lesquels il est utilis\u00e9 ont abouti \u00e0 ce que le miel de palme soit per\u00e7u comme un produit exclusif et une r\u00e9f\u00e9rence pour La Gomera.<\/p>\n<p class=\"p1\">Le produit final est obtenu \u00e0 partir de la cuisson du guarapo. Le guarapo est collect\u00e9 le matin et, une fois nettoy\u00e9 des impuret\u00e9s, il est cuit pendant des heures pour trouver le point de cuisson parfait. Le miel, une fois conserv\u00e9, est de longue durabilit\u00e9 et ses propri\u00e9t\u00e9s gastronomiques, m\u00e9dicinales et di\u00e9t\u00e9tiques sont extraordinaires.<\/p>\n<p>Contenu net : 500 ml.<\/p>\n","protected":false},"featured_media":5932,"comment_status":"closed","ping_status":"closed","template":"","meta":[],"etheme_brands":[],"product_brand":[],"product_cat":[105],"product_tag":[],"class_list":{"0":"post-6319","1":"product","2":"type-product","3":"status-publish","4":"has-post-thumbnail","6":"product_cat-achetez-du-sirop-de-palmier-elabore-par-casa-efigenia-a-la-gomera","8":"first","9":"instock","10":"taxable","11":"shipping-taxable","12":"purchasable","13":"product-type-simple"},"yoast_head":"<!-- This site is optimized with the Yoast SEO plugin v27.4 - https:\/\/yoast.com\/product\/yoast-seo-wordpress\/ -->\n<title>Sirop de Palmier (500ml) - Casa Efigenia<\/title>\n<meta name=\"robots\" content=\"index, follow, max-snippet:-1, max-image-preview:large, max-video-preview:-1\" \/>\n<link rel=\"canonical\" href=\"https:\/\/www.casaefigenia.com\/fr\/produit\/sirop-de-palmier-500ml\/\" \/>\n<meta property=\"og:locale\" content=\"fr_FR\" \/>\n<meta property=\"og:type\" content=\"article\" \/>\n<meta property=\"og:title\" content=\"Sirop de Palmier (500ml) - Casa Efigenia\" \/>\n<meta property=\"og:description\" content=\"Le &quot;miel de palme de La Gomera&quot; est le produit phare de la cuisine gom\u00e9rienne et est consid\u00e9r\u00e9 comme une gourmandise, une d\u00e9licatesse de grand prestige aux \u00eeles Canaries et au-del\u00e0, puisque les qualit\u00e9s organoleptiques de ce miel ainsi que le processus requis et les multiples usages gastronomiques pour lesquels il est utilis\u00e9 ont abouti \u00e0 ce que le miel de palme soit per\u00e7u comme un produit exclusif et une r\u00e9f\u00e9rence pour La Gomera. Le produit final est obtenu \u00e0 partir de la cuisson du guarapo. Le guarapo est collect\u00e9 le matin et, une fois nettoy\u00e9 des impuret\u00e9s, il est cuit pendant des heures pour trouver le point de cuisson parfait. Le miel, une fois conserv\u00e9, est de longue durabilit\u00e9 et ses propri\u00e9t\u00e9s gastronomiques, m\u00e9dicinales et di\u00e9t\u00e9tiques sont extraordinaires. Contenu net : 500 ml.\" \/>\n<meta property=\"og:url\" content=\"https:\/\/www.casaefigenia.com\/fr\/produit\/sirop-de-palmier-500ml\/\" \/>\n<meta property=\"og:site_name\" content=\"Casa Efigenia\" \/>\n<meta property=\"article:modified_time\" content=\"2023-11-04T10:25:37+00:00\" \/>\n<meta property=\"og:image\" content=\"https:\/\/www.casaefigenia.com\/wp-content\/uploads\/2022\/11\/miel-palma-grande-2022.jpeg\" \/>\n\t<meta property=\"og:image:width\" content=\"1024\" \/>\n\t<meta property=\"og:image:height\" content=\"1024\" \/>\n\t<meta property=\"og:image:type\" content=\"image\/jpeg\" \/>\n<meta name=\"twitter:card\" content=\"summary_large_image\" \/>\n<script type=\"application\/ld+json\" class=\"yoast-schema-graph\">{\"@context\":\"https:\\\/\\\/schema.org\",\"@graph\":[{\"@type\":\"WebPage\",\"@id\":\"https:\\\/\\\/www.casaefigenia.com\\\/fr\\\/produit\\\/sirop-de-palmier-500ml\\\/\",\"url\":\"https:\\\/\\\/www.casaefigenia.com\\\/fr\\\/produit\\\/sirop-de-palmier-500ml\\\/\",\"name\":\"Sirop de Palmier (500ml) - Casa Efigenia\",\"isPartOf\":{\"@id\":\"https:\\\/\\\/www.casaefigenia.com\\\/fr\\\/#website\"},\"primaryImageOfPage\":{\"@id\":\"https:\\\/\\\/www.casaefigenia.com\\\/fr\\\/produit\\\/sirop-de-palmier-500ml\\\/#primaryimage\"},\"image\":{\"@id\":\"https:\\\/\\\/www.casaefigenia.com\\\/fr\\\/produit\\\/sirop-de-palmier-500ml\\\/#primaryimage\"},\"thumbnailUrl\":\"https:\\\/\\\/www.casaefigenia.com\\\/wp-content\\\/uploads\\\/2022\\\/11\\\/miel-palma-grande-2022.jpeg\",\"datePublished\":\"2022-11-08T08:24:02+00:00\",\"dateModified\":\"2023-11-04T10:25:37+00:00\",\"breadcrumb\":{\"@id\":\"https:\\\/\\\/www.casaefigenia.com\\\/fr\\\/produit\\\/sirop-de-palmier-500ml\\\/#breadcrumb\"},\"inLanguage\":\"fr-FR\",\"potentialAction\":[{\"@type\":\"ReadAction\",\"target\":[\"https:\\\/\\\/www.casaefigenia.com\\\/fr\\\/produit\\\/sirop-de-palmier-500ml\\\/\"]}]},{\"@type\":\"ImageObject\",\"inLanguage\":\"fr-FR\",\"@id\":\"https:\\\/\\\/www.casaefigenia.com\\\/fr\\\/produit\\\/sirop-de-palmier-500ml\\\/#primaryimage\",\"url\":\"https:\\\/\\\/www.casaefigenia.com\\\/wp-content\\\/uploads\\\/2022\\\/11\\\/miel-palma-grande-2022.jpeg\",\"contentUrl\":\"https:\\\/\\\/www.casaefigenia.com\\\/wp-content\\\/uploads\\\/2022\\\/11\\\/miel-palma-grande-2022.jpeg\",\"width\":1024,\"height\":1024},{\"@type\":\"BreadcrumbList\",\"@id\":\"https:\\\/\\\/www.casaefigenia.com\\\/fr\\\/produit\\\/sirop-de-palmier-500ml\\\/#breadcrumb\",\"itemListElement\":[{\"@type\":\"ListItem\",\"position\":1,\"name\":\"Portada\",\"item\":\"https:\\\/\\\/www.casaefigenia.com\\\/fr\\\/\"},{\"@type\":\"ListItem\",\"position\":2,\"name\":\"Boutique\",\"item\":\"https:\\\/\\\/www.casaefigenia.com\\\/fr\\\/boutique\\\/\"},{\"@type\":\"ListItem\",\"position\":3,\"name\":\"Sirop de Palmier (500ml)\"}]},{\"@type\":\"WebSite\",\"@id\":\"https:\\\/\\\/www.casaefigenia.com\\\/fr\\\/#website\",\"url\":\"https:\\\/\\\/www.casaefigenia.com\\\/fr\\\/\",\"name\":\"Casa Efigenia\",\"description\":\"Bienvenido a Casa Efigenia. Tradici\u00f3n y calidad desde hace m\u00e1s de cincuenta a\u00f1os.\",\"publisher\":{\"@id\":\"https:\\\/\\\/www.casaefigenia.com\\\/fr\\\/#organization\"},\"potentialAction\":[{\"@type\":\"SearchAction\",\"target\":{\"@type\":\"EntryPoint\",\"urlTemplate\":\"https:\\\/\\\/www.casaefigenia.com\\\/fr\\\/?s={search_term_string}\"},\"query-input\":{\"@type\":\"PropertyValueSpecification\",\"valueRequired\":true,\"valueName\":\"search_term_string\"}}],\"inLanguage\":\"fr-FR\"},{\"@type\":\"Organization\",\"@id\":\"https:\\\/\\\/www.casaefigenia.com\\\/fr\\\/#organization\",\"name\":\"Casa Efigenia\",\"url\":\"https:\\\/\\\/www.casaefigenia.com\\\/fr\\\/\",\"logo\":{\"@type\":\"ImageObject\",\"inLanguage\":\"fr-FR\",\"@id\":\"https:\\\/\\\/www.casaefigenia.com\\\/fr\\\/#\\\/schema\\\/logo\\\/image\\\/\",\"url\":\"https:\\\/\\\/www.casaefigenia.com\\\/wp-content\\\/uploads\\\/2022\\\/11\\\/logo-efigenia-transparente-1.png\",\"contentUrl\":\"https:\\\/\\\/www.casaefigenia.com\\\/wp-content\\\/uploads\\\/2022\\\/11\\\/logo-efigenia-transparente-1.png\",\"width\":394,\"height\":173,\"caption\":\"Casa Efigenia\"},\"image\":{\"@id\":\"https:\\\/\\\/www.casaefigenia.com\\\/fr\\\/#\\\/schema\\\/logo\\\/image\\\/\"}}]}<\/script>\n<!-- \/ Yoast SEO plugin. -->","yoast_head_json":{"title":"Sirop de Palmier (500ml) - Casa Efigenia","robots":{"index":"index","follow":"follow","max-snippet":"max-snippet:-1","max-image-preview":"max-image-preview:large","max-video-preview":"max-video-preview:-1"},"canonical":"https:\/\/www.casaefigenia.com\/fr\/produit\/sirop-de-palmier-500ml\/","og_locale":"fr_FR","og_type":"article","og_title":"Sirop de Palmier (500ml) - Casa Efigenia","og_description":"Le \"miel de palme de La Gomera\" est le produit phare de la cuisine gom\u00e9rienne et est consid\u00e9r\u00e9 comme une gourmandise, une d\u00e9licatesse de grand prestige aux \u00eeles Canaries et au-del\u00e0, puisque les qualit\u00e9s organoleptiques de ce miel ainsi que le processus requis et les multiples usages gastronomiques pour lesquels il est utilis\u00e9 ont abouti \u00e0 ce que le miel de palme soit per\u00e7u comme un produit exclusif et une r\u00e9f\u00e9rence pour La Gomera. Le produit final est obtenu \u00e0 partir de la cuisson du guarapo. Le guarapo est collect\u00e9 le matin et, une fois nettoy\u00e9 des impuret\u00e9s, il est cuit pendant des heures pour trouver le point de cuisson parfait. Le miel, une fois conserv\u00e9, est de longue durabilit\u00e9 et ses propri\u00e9t\u00e9s gastronomiques, m\u00e9dicinales et di\u00e9t\u00e9tiques sont extraordinaires. Contenu net : 500 ml.","og_url":"https:\/\/www.casaefigenia.com\/fr\/produit\/sirop-de-palmier-500ml\/","og_site_name":"Casa Efigenia","article_modified_time":"2023-11-04T10:25:37+00:00","og_image":[{"width":1024,"height":1024,"url":"https:\/\/www.casaefigenia.com\/wp-content\/uploads\/2022\/11\/miel-palma-grande-2022.jpeg","type":"image\/jpeg"}],"twitter_card":"summary_large_image","schema":{"@context":"https:\/\/schema.org","@graph":[{"@type":"WebPage","@id":"https:\/\/www.casaefigenia.com\/fr\/produit\/sirop-de-palmier-500ml\/","url":"https:\/\/www.casaefigenia.com\/fr\/produit\/sirop-de-palmier-500ml\/","name":"Sirop de Palmier (500ml) - Casa Efigenia","isPartOf":{"@id":"https:\/\/www.casaefigenia.com\/fr\/#website"},"primaryImageOfPage":{"@id":"https:\/\/www.casaefigenia.com\/fr\/produit\/sirop-de-palmier-500ml\/#primaryimage"},"image":{"@id":"https:\/\/www.casaefigenia.com\/fr\/produit\/sirop-de-palmier-500ml\/#primaryimage"},"thumbnailUrl":"https:\/\/www.casaefigenia.com\/wp-content\/uploads\/2022\/11\/miel-palma-grande-2022.jpeg","datePublished":"2022-11-08T08:24:02+00:00","dateModified":"2023-11-04T10:25:37+00:00","breadcrumb":{"@id":"https:\/\/www.casaefigenia.com\/fr\/produit\/sirop-de-palmier-500ml\/#breadcrumb"},"inLanguage":"fr-FR","potentialAction":[{"@type":"ReadAction","target":["https:\/\/www.casaefigenia.com\/fr\/produit\/sirop-de-palmier-500ml\/"]}]},{"@type":"ImageObject","inLanguage":"fr-FR","@id":"https:\/\/www.casaefigenia.com\/fr\/produit\/sirop-de-palmier-500ml\/#primaryimage","url":"https:\/\/www.casaefigenia.com\/wp-content\/uploads\/2022\/11\/miel-palma-grande-2022.jpeg","contentUrl":"https:\/\/www.casaefigenia.com\/wp-content\/uploads\/2022\/11\/miel-palma-grande-2022.jpeg","width":1024,"height":1024},{"@type":"BreadcrumbList","@id":"https:\/\/www.casaefigenia.com\/fr\/produit\/sirop-de-palmier-500ml\/#breadcrumb","itemListElement":[{"@type":"ListItem","position":1,"name":"Portada","item":"https:\/\/www.casaefigenia.com\/fr\/"},{"@type":"ListItem","position":2,"name":"Boutique","item":"https:\/\/www.casaefigenia.com\/fr\/boutique\/"},{"@type":"ListItem","position":3,"name":"Sirop de Palmier (500ml)"}]},{"@type":"WebSite","@id":"https:\/\/www.casaefigenia.com\/fr\/#website","url":"https:\/\/www.casaefigenia.com\/fr\/","name":"Casa Efigenia","description":"Bienvenido a Casa Efigenia. Tradici\u00f3n y calidad desde hace m\u00e1s de cincuenta a\u00f1os.","publisher":{"@id":"https:\/\/www.casaefigenia.com\/fr\/#organization"},"potentialAction":[{"@type":"SearchAction","target":{"@type":"EntryPoint","urlTemplate":"https:\/\/www.casaefigenia.com\/fr\/?s={search_term_string}"},"query-input":{"@type":"PropertyValueSpecification","valueRequired":true,"valueName":"search_term_string"}}],"inLanguage":"fr-FR"},{"@type":"Organization","@id":"https:\/\/www.casaefigenia.com\/fr\/#organization","name":"Casa Efigenia","url":"https:\/\/www.casaefigenia.com\/fr\/","logo":{"@type":"ImageObject","inLanguage":"fr-FR","@id":"https:\/\/www.casaefigenia.com\/fr\/#\/schema\/logo\/image\/","url":"https:\/\/www.casaefigenia.com\/wp-content\/uploads\/2022\/11\/logo-efigenia-transparente-1.png","contentUrl":"https:\/\/www.casaefigenia.com\/wp-content\/uploads\/2022\/11\/logo-efigenia-transparente-1.png","width":394,"height":173,"caption":"Casa Efigenia"},"image":{"@id":"https:\/\/www.casaefigenia.com\/fr\/#\/schema\/logo\/image\/"}}]}},"_links":{"self":[{"href":"https:\/\/www.casaefigenia.com\/fr\/wp-json\/wp\/v2\/product\/6319","targetHints":{"allow":["GET"]}}],"collection":[{"href":"https:\/\/www.casaefigenia.com\/fr\/wp-json\/wp\/v2\/product"}],"about":[{"href":"https:\/\/www.casaefigenia.com\/fr\/wp-json\/wp\/v2\/types\/product"}],"replies":[{"embeddable":true,"href":"https:\/\/www.casaefigenia.com\/fr\/wp-json\/wp\/v2\/comments?post=6319"}],"version-history":[{"count":1,"href":"https:\/\/www.casaefigenia.com\/fr\/wp-json\/wp\/v2\/product\/6319\/revisions"}],"predecessor-version":[{"id":6320,"href":"https:\/\/www.casaefigenia.com\/fr\/wp-json\/wp\/v2\/product\/6319\/revisions\/6320"}],"wp:featuredmedia":[{"embeddable":true,"href":"https:\/\/www.casaefigenia.com\/fr\/wp-json\/wp\/v2\/media\/5932"}],"wp:attachment":[{"href":"https:\/\/www.casaefigenia.com\/fr\/wp-json\/wp\/v2\/media?parent=6319"}],"wp:term":[{"taxonomy":"brand","embeddable":true,"href":"https:\/\/www.casaefigenia.com\/fr\/wp-json\/wp\/v2\/etheme_brands?post=6319"},{"taxonomy":"product_brand","embeddable":true,"href":"https:\/\/www.casaefigenia.com\/fr\/wp-json\/wp\/v2\/product_brand?post=6319"},{"taxonomy":"product_cat","embeddable":true,"href":"https:\/\/www.casaefigenia.com\/fr\/wp-json\/wp\/v2\/product_cat?post=6319"},{"taxonomy":"product_tag","embeddable":true,"href":"https:\/\/www.casaefigenia.com\/fr\/wp-json\/wp\/v2\/product_tag?post=6319"}],"curies":[{"name":"wp","href":"https:\/\/api.w.org\/{rel}","templated":true}]}}