{"id":6307,"date":"2022-11-08T08:24:02","date_gmt":"2022-11-08T08:24:02","guid":{"rendered":"https:\/\/www.casaefigenia.com\/?post_type=product&#038;p=6307"},"modified":"2023-11-04T10:14:08","modified_gmt":"2023-11-04T10:14:08","slug":"sauce-mojo-verte-douce","status":"publish","type":"product","link":"https:\/\/www.casaefigenia.com\/fr\/produit\/sauce-mojo-verte-douce\/","title":{"rendered":"Sauce Mojo Verte Douce"},"content":{"rendered":"<p><strong>Ingr\u00e9dients<\/strong> : POIVRE VERT, HUILE D&rsquo;OLIVE,<br \/>\n    AIL, VINAIGRE (CONTIENT DES SULFITES),<br \/>\n    CORIANDRE, PERSIL, SEL ET CUMIN.<\/p>\n<p><strong>Allerg\u00e8nes : vinaigre (contient des sulfites).<\/strong><\/p>\n<p>Contenu net : 220 g.<\/p>\n<p>Origine : Espagne.<\/p>\n<p>Informations nutritionnelles pour 100 g.<\/p>\n<ul>\n<li>Valeur \u00e9nerg\u00e9tique (Kj\/Kcal) 1641\/396<\/li>\n<li>Graisses (g) 32,00<\/li>\n<li>Dont acides gras satur\u00e9s (g) 7,9<\/li>\n<li>Glucides (g) 6,1<\/li>\n<li>Dont sucres (g) 3,2<\/li>\n<li>Prot\u00e9ines (g) 20,8<\/li>\n<li>Fibres alimentaires (g) 0<\/li>\n<li>Sel (g) 1,16<\/li>\n<\/ul>\n","protected":false},"excerpt":{"rendered":"<p class=\"p1\">Le mot mojo d\u00e9signe les sauces typiques des \u00eeles, \u00e9tant un \u00e9l\u00e9ment fondamental de la cuisine canarienne, \u00e0 tel point qu&rsquo;elle accompagne toujours tous les types de plats. La gamme est tr\u00e8s large, bien qu&rsquo;elles aient toutes en commun leur pr\u00e9paration simple et leur saveur savoureuse et unique. <\/p>\n<p>Faite avec du poivre vert<\/p>\n<p>Contenu net : 220g.<\/p>\n","protected":false},"featured_media":6194,"comment_status":"closed","ping_status":"closed","template":"","meta":[],"etheme_brands":[],"product_brand":[],"product_cat":[101],"product_tag":[],"class_list":{"0":"post-6307","1":"product","2":"type-product","3":"status-publish","4":"has-post-thumbnail","6":"product_cat-mojos-fr","8":"first","9":"instock","10":"taxable","11":"shipping-taxable","12":"purchasable","13":"product-type-simple"},"yoast_head":"<!-- This site is optimized with the Yoast SEO plugin v27.5 - https:\/\/yoast.com\/product\/yoast-seo-wordpress\/ -->\n<title>Sauce Mojo Verte Douce - Casa Efigenia<\/title>\n<meta name=\"robots\" content=\"index, follow, max-snippet:-1, max-image-preview:large, max-video-preview:-1\" \/>\n<link rel=\"canonical\" href=\"https:\/\/www.casaefigenia.com\/fr\/produit\/sauce-mojo-verte-douce\/\" \/>\n<meta property=\"og:locale\" content=\"fr_FR\" \/>\n<meta property=\"og:type\" content=\"article\" \/>\n<meta property=\"og:title\" content=\"Sauce Mojo Verte Douce - Casa Efigenia\" \/>\n<meta property=\"og:description\" content=\"Le mot mojo d\u00e9signe les sauces typiques des \u00eeles, \u00e9tant un \u00e9l\u00e9ment fondamental de la cuisine canarienne, \u00e0 tel point qu&#039;elle accompagne toujours tous les types de plats. La gamme est tr\u00e8s large, bien qu&#039;elles aient toutes en commun leur pr\u00e9paration simple et leur saveur savoureuse et unique.  Faite avec du poivre vert Contenu net : 220g.\" \/>\n<meta property=\"og:url\" content=\"https:\/\/www.casaefigenia.com\/fr\/produit\/sauce-mojo-verte-douce\/\" \/>\n<meta property=\"og:site_name\" content=\"Casa Efigenia\" \/>\n<meta property=\"article:modified_time\" content=\"2023-11-04T10:14:08+00:00\" \/>\n<meta property=\"og:image\" content=\"https:\/\/www.casaefigenia.com\/wp-content\/uploads\/2022\/11\/mojo-verde.jpg\" \/>\n\t<meta property=\"og:image:width\" content=\"1200\" \/>\n\t<meta property=\"og:image:height\" content=\"1200\" \/>\n\t<meta property=\"og:image:type\" content=\"image\/jpeg\" \/>\n<meta name=\"twitter:card\" content=\"summary_large_image\" \/>\n<script type=\"application\/ld+json\" class=\"yoast-schema-graph\">{\"@context\":\"https:\\\/\\\/schema.org\",\"@graph\":[{\"@type\":\"WebPage\",\"@id\":\"https:\\\/\\\/www.casaefigenia.com\\\/fr\\\/produit\\\/sauce-mojo-verte-douce\\\/\",\"url\":\"https:\\\/\\\/www.casaefigenia.com\\\/fr\\\/produit\\\/sauce-mojo-verte-douce\\\/\",\"name\":\"Sauce Mojo Verte Douce - Casa Efigenia\",\"isPartOf\":{\"@id\":\"https:\\\/\\\/www.casaefigenia.com\\\/fr\\\/#website\"},\"primaryImageOfPage\":{\"@id\":\"https:\\\/\\\/www.casaefigenia.com\\\/fr\\\/produit\\\/sauce-mojo-verte-douce\\\/#primaryimage\"},\"image\":{\"@id\":\"https:\\\/\\\/www.casaefigenia.com\\\/fr\\\/produit\\\/sauce-mojo-verte-douce\\\/#primaryimage\"},\"thumbnailUrl\":\"https:\\\/\\\/www.casaefigenia.com\\\/wp-content\\\/uploads\\\/2022\\\/11\\\/mojo-verde.jpg\",\"datePublished\":\"2022-11-08T08:24:02+00:00\",\"dateModified\":\"2023-11-04T10:14:08+00:00\",\"breadcrumb\":{\"@id\":\"https:\\\/\\\/www.casaefigenia.com\\\/fr\\\/produit\\\/sauce-mojo-verte-douce\\\/#breadcrumb\"},\"inLanguage\":\"fr-FR\",\"potentialAction\":[{\"@type\":\"ReadAction\",\"target\":[\"https:\\\/\\\/www.casaefigenia.com\\\/fr\\\/produit\\\/sauce-mojo-verte-douce\\\/\"]}]},{\"@type\":\"ImageObject\",\"inLanguage\":\"fr-FR\",\"@id\":\"https:\\\/\\\/www.casaefigenia.com\\\/fr\\\/produit\\\/sauce-mojo-verte-douce\\\/#primaryimage\",\"url\":\"https:\\\/\\\/www.casaefigenia.com\\\/wp-content\\\/uploads\\\/2022\\\/11\\\/mojo-verde.jpg\",\"contentUrl\":\"https:\\\/\\\/www.casaefigenia.com\\\/wp-content\\\/uploads\\\/2022\\\/11\\\/mojo-verde.jpg\",\"width\":1200,\"height\":1200},{\"@type\":\"BreadcrumbList\",\"@id\":\"https:\\\/\\\/www.casaefigenia.com\\\/fr\\\/produit\\\/sauce-mojo-verte-douce\\\/#breadcrumb\",\"itemListElement\":[{\"@type\":\"ListItem\",\"position\":1,\"name\":\"Portada\",\"item\":\"https:\\\/\\\/www.casaefigenia.com\\\/fr\\\/\"},{\"@type\":\"ListItem\",\"position\":2,\"name\":\"Boutique\",\"item\":\"https:\\\/\\\/www.casaefigenia.com\\\/fr\\\/boutique\\\/\"},{\"@type\":\"ListItem\",\"position\":3,\"name\":\"Sauce Mojo Verte Douce\"}]},{\"@type\":\"WebSite\",\"@id\":\"https:\\\/\\\/www.casaefigenia.com\\\/fr\\\/#website\",\"url\":\"https:\\\/\\\/www.casaefigenia.com\\\/fr\\\/\",\"name\":\"Casa Efigenia\",\"description\":\"Bienvenido a Casa Efigenia. Tradici\u00f3n y calidad desde hace m\u00e1s de cincuenta a\u00f1os.\",\"publisher\":{\"@id\":\"https:\\\/\\\/www.casaefigenia.com\\\/fr\\\/#organization\"},\"potentialAction\":[{\"@type\":\"SearchAction\",\"target\":{\"@type\":\"EntryPoint\",\"urlTemplate\":\"https:\\\/\\\/www.casaefigenia.com\\\/fr\\\/?s={search_term_string}\"},\"query-input\":{\"@type\":\"PropertyValueSpecification\",\"valueRequired\":true,\"valueName\":\"search_term_string\"}}],\"inLanguage\":\"fr-FR\"},{\"@type\":\"Organization\",\"@id\":\"https:\\\/\\\/www.casaefigenia.com\\\/fr\\\/#organization\",\"name\":\"Casa Efigenia\",\"url\":\"https:\\\/\\\/www.casaefigenia.com\\\/fr\\\/\",\"logo\":{\"@type\":\"ImageObject\",\"inLanguage\":\"fr-FR\",\"@id\":\"https:\\\/\\\/www.casaefigenia.com\\\/fr\\\/#\\\/schema\\\/logo\\\/image\\\/\",\"url\":\"https:\\\/\\\/www.casaefigenia.com\\\/wp-content\\\/uploads\\\/2022\\\/11\\\/logo-efigenia-transparente-1.png\",\"contentUrl\":\"https:\\\/\\\/www.casaefigenia.com\\\/wp-content\\\/uploads\\\/2022\\\/11\\\/logo-efigenia-transparente-1.png\",\"width\":394,\"height\":173,\"caption\":\"Casa Efigenia\"},\"image\":{\"@id\":\"https:\\\/\\\/www.casaefigenia.com\\\/fr\\\/#\\\/schema\\\/logo\\\/image\\\/\"}}]}<\/script>\n<!-- \/ Yoast SEO plugin. -->","yoast_head_json":{"title":"Sauce Mojo Verte Douce - Casa Efigenia","robots":{"index":"index","follow":"follow","max-snippet":"max-snippet:-1","max-image-preview":"max-image-preview:large","max-video-preview":"max-video-preview:-1"},"canonical":"https:\/\/www.casaefigenia.com\/fr\/produit\/sauce-mojo-verte-douce\/","og_locale":"fr_FR","og_type":"article","og_title":"Sauce Mojo Verte Douce - Casa Efigenia","og_description":"Le mot mojo d\u00e9signe les sauces typiques des \u00eeles, \u00e9tant un \u00e9l\u00e9ment fondamental de la cuisine canarienne, \u00e0 tel point qu'elle accompagne toujours tous les types de plats. La gamme est tr\u00e8s large, bien qu'elles aient toutes en commun leur pr\u00e9paration simple et leur saveur savoureuse et unique.  Faite avec du poivre vert Contenu net : 220g.","og_url":"https:\/\/www.casaefigenia.com\/fr\/produit\/sauce-mojo-verte-douce\/","og_site_name":"Casa Efigenia","article_modified_time":"2023-11-04T10:14:08+00:00","og_image":[{"width":1200,"height":1200,"url":"https:\/\/www.casaefigenia.com\/wp-content\/uploads\/2022\/11\/mojo-verde.jpg","type":"image\/jpeg"}],"twitter_card":"summary_large_image","schema":{"@context":"https:\/\/schema.org","@graph":[{"@type":"WebPage","@id":"https:\/\/www.casaefigenia.com\/fr\/produit\/sauce-mojo-verte-douce\/","url":"https:\/\/www.casaefigenia.com\/fr\/produit\/sauce-mojo-verte-douce\/","name":"Sauce Mojo Verte Douce - Casa Efigenia","isPartOf":{"@id":"https:\/\/www.casaefigenia.com\/fr\/#website"},"primaryImageOfPage":{"@id":"https:\/\/www.casaefigenia.com\/fr\/produit\/sauce-mojo-verte-douce\/#primaryimage"},"image":{"@id":"https:\/\/www.casaefigenia.com\/fr\/produit\/sauce-mojo-verte-douce\/#primaryimage"},"thumbnailUrl":"https:\/\/www.casaefigenia.com\/wp-content\/uploads\/2022\/11\/mojo-verde.jpg","datePublished":"2022-11-08T08:24:02+00:00","dateModified":"2023-11-04T10:14:08+00:00","breadcrumb":{"@id":"https:\/\/www.casaefigenia.com\/fr\/produit\/sauce-mojo-verte-douce\/#breadcrumb"},"inLanguage":"fr-FR","potentialAction":[{"@type":"ReadAction","target":["https:\/\/www.casaefigenia.com\/fr\/produit\/sauce-mojo-verte-douce\/"]}]},{"@type":"ImageObject","inLanguage":"fr-FR","@id":"https:\/\/www.casaefigenia.com\/fr\/produit\/sauce-mojo-verte-douce\/#primaryimage","url":"https:\/\/www.casaefigenia.com\/wp-content\/uploads\/2022\/11\/mojo-verde.jpg","contentUrl":"https:\/\/www.casaefigenia.com\/wp-content\/uploads\/2022\/11\/mojo-verde.jpg","width":1200,"height":1200},{"@type":"BreadcrumbList","@id":"https:\/\/www.casaefigenia.com\/fr\/produit\/sauce-mojo-verte-douce\/#breadcrumb","itemListElement":[{"@type":"ListItem","position":1,"name":"Portada","item":"https:\/\/www.casaefigenia.com\/fr\/"},{"@type":"ListItem","position":2,"name":"Boutique","item":"https:\/\/www.casaefigenia.com\/fr\/boutique\/"},{"@type":"ListItem","position":3,"name":"Sauce Mojo Verte Douce"}]},{"@type":"WebSite","@id":"https:\/\/www.casaefigenia.com\/fr\/#website","url":"https:\/\/www.casaefigenia.com\/fr\/","name":"Casa Efigenia","description":"Bienvenido a Casa Efigenia. Tradici\u00f3n y calidad desde hace m\u00e1s de cincuenta a\u00f1os.","publisher":{"@id":"https:\/\/www.casaefigenia.com\/fr\/#organization"},"potentialAction":[{"@type":"SearchAction","target":{"@type":"EntryPoint","urlTemplate":"https:\/\/www.casaefigenia.com\/fr\/?s={search_term_string}"},"query-input":{"@type":"PropertyValueSpecification","valueRequired":true,"valueName":"search_term_string"}}],"inLanguage":"fr-FR"},{"@type":"Organization","@id":"https:\/\/www.casaefigenia.com\/fr\/#organization","name":"Casa Efigenia","url":"https:\/\/www.casaefigenia.com\/fr\/","logo":{"@type":"ImageObject","inLanguage":"fr-FR","@id":"https:\/\/www.casaefigenia.com\/fr\/#\/schema\/logo\/image\/","url":"https:\/\/www.casaefigenia.com\/wp-content\/uploads\/2022\/11\/logo-efigenia-transparente-1.png","contentUrl":"https:\/\/www.casaefigenia.com\/wp-content\/uploads\/2022\/11\/logo-efigenia-transparente-1.png","width":394,"height":173,"caption":"Casa Efigenia"},"image":{"@id":"https:\/\/www.casaefigenia.com\/fr\/#\/schema\/logo\/image\/"}}]}},"_links":{"self":[{"href":"https:\/\/www.casaefigenia.com\/fr\/wp-json\/wp\/v2\/product\/6307","targetHints":{"allow":["GET"]}}],"collection":[{"href":"https:\/\/www.casaefigenia.com\/fr\/wp-json\/wp\/v2\/product"}],"about":[{"href":"https:\/\/www.casaefigenia.com\/fr\/wp-json\/wp\/v2\/types\/product"}],"replies":[{"embeddable":true,"href":"https:\/\/www.casaefigenia.com\/fr\/wp-json\/wp\/v2\/comments?post=6307"}],"version-history":[{"count":1,"href":"https:\/\/www.casaefigenia.com\/fr\/wp-json\/wp\/v2\/product\/6307\/revisions"}],"predecessor-version":[{"id":6308,"href":"https:\/\/www.casaefigenia.com\/fr\/wp-json\/wp\/v2\/product\/6307\/revisions\/6308"}],"wp:featuredmedia":[{"embeddable":true,"href":"https:\/\/www.casaefigenia.com\/fr\/wp-json\/wp\/v2\/media\/6194"}],"wp:attachment":[{"href":"https:\/\/www.casaefigenia.com\/fr\/wp-json\/wp\/v2\/media?parent=6307"}],"wp:term":[{"taxonomy":"brand","embeddable":true,"href":"https:\/\/www.casaefigenia.com\/fr\/wp-json\/wp\/v2\/etheme_brands?post=6307"},{"taxonomy":"product_brand","embeddable":true,"href":"https:\/\/www.casaefigenia.com\/fr\/wp-json\/wp\/v2\/product_brand?post=6307"},{"taxonomy":"product_cat","embeddable":true,"href":"https:\/\/www.casaefigenia.com\/fr\/wp-json\/wp\/v2\/product_cat?post=6307"},{"taxonomy":"product_tag","embeddable":true,"href":"https:\/\/www.casaefigenia.com\/fr\/wp-json\/wp\/v2\/product_tag?post=6307"}],"curies":[{"name":"wp","href":"https:\/\/api.w.org\/{rel}","templated":true}]}}