{"id":6295,"date":"2022-11-08T08:24:02","date_gmt":"2022-11-08T08:24:02","guid":{"rendered":"https:\/\/www.casaefigenia.com\/?post_type=product&#038;p=6295"},"modified":"2023-11-04T10:03:44","modified_gmt":"2023-11-04T10:03:44","slug":"sauce-mojo-rouge-epicee","status":"publish","type":"product","link":"https:\/\/www.casaefigenia.com\/fr\/produit\/sauce-mojo-rouge-epicee\/","title":{"rendered":"Sauce Mojo Rouge \u00c9pic\u00e9e"},"content":{"rendered":"<p><strong>Ingr\u00e9dients<\/strong> : PIMENT ROUGE \u00c9PIC\u00c9, HUILE D&rsquo;OLIVE,<br \/>\n    VINAIGRE (contient des sulfites), AIL,<br \/>\n    SEL ET CUMIN.<\/p>\n<p><strong>Allerg\u00e8nes : vinaigre (contient des sulfites).<\/strong><\/p>\n<p>Contenu net : 220 g.<\/p>\n<p>Origine : Espagne.<\/p>\n<p>Informations nutritionnelles pour 100 g.<\/p>\n<ul>\n<li>Valeur \u00e9nerg\u00e9tique (Kj\/Kcal) 1251\/298<\/li>\n<li>Mati\u00e8res grasses (g) 30,19<\/li>\n<li>Dont acides gras satur\u00e9s (g) 2,01<\/li>\n<li>Glucides (g) 9,43<\/li>\n<li>Dont sucres (g) 0,41<\/li>\n<li>Prot\u00e9ines (g) 1,3<\/li>\n<li>Fibres alimentaires (g) 0<\/li>\n<li>Sel (g) 1,35<\/li>\n<\/ul>\n","protected":false},"excerpt":{"rendered":"<p class=\"p1\">Dans les \u00eeles, le terme mojo d\u00e9signe les sauces typiques, \u00e9tant un \u00e9l\u00e9ment fondamental dans la cuisine des Canaries, \u00e0 tel point qu&rsquo;il accompagne toujours tous les types de plats. La gamme est tr\u00e8s large, bien qu&rsquo;elles aient toutes en commun leur pr\u00e9paration simple et leur go\u00fbt savoureux et unique. <\/p>\n<p>Fabriqu\u00e9 avec du piment rouge \u00e9pic\u00e9<\/p>\n<p>Contenu net : 220g.<\/p>\n","protected":false},"featured_media":6186,"comment_status":"closed","ping_status":"closed","template":"","meta":[],"etheme_brands":[],"product_brand":[],"product_cat":[101],"product_tag":[],"class_list":{"0":"post-6295","1":"product","2":"type-product","3":"status-publish","4":"has-post-thumbnail","6":"product_cat-mojos-fr","8":"first","9":"instock","10":"taxable","11":"shipping-taxable","12":"purchasable","13":"product-type-simple"},"yoast_head":"<!-- This site is optimized with the Yoast SEO plugin v27.4 - https:\/\/yoast.com\/product\/yoast-seo-wordpress\/ -->\n<title>Sauce Mojo Rouge \u00c9pic\u00e9e - Casa Efigenia<\/title>\n<meta name=\"robots\" content=\"index, follow, max-snippet:-1, max-image-preview:large, max-video-preview:-1\" \/>\n<link rel=\"canonical\" href=\"https:\/\/www.casaefigenia.com\/fr\/produit\/sauce-mojo-rouge-epicee\/\" \/>\n<meta property=\"og:locale\" content=\"fr_FR\" \/>\n<meta property=\"og:type\" content=\"article\" \/>\n<meta property=\"og:title\" content=\"Sauce Mojo Rouge \u00c9pic\u00e9e - Casa Efigenia\" \/>\n<meta property=\"og:description\" content=\"Dans les \u00eeles, le terme mojo d\u00e9signe les sauces typiques, \u00e9tant un \u00e9l\u00e9ment fondamental dans la cuisine des Canaries, \u00e0 tel point qu&#039;il accompagne toujours tous les types de plats. La gamme est tr\u00e8s large, bien qu&#039;elles aient toutes en commun leur pr\u00e9paration simple et leur go\u00fbt savoureux et unique.  Fabriqu\u00e9 avec du piment rouge \u00e9pic\u00e9 Contenu net : 220g.\" \/>\n<meta property=\"og:url\" content=\"https:\/\/www.casaefigenia.com\/fr\/produit\/sauce-mojo-rouge-epicee\/\" \/>\n<meta property=\"og:site_name\" content=\"Casa Efigenia\" \/>\n<meta property=\"article:modified_time\" content=\"2023-11-04T10:03:44+00:00\" \/>\n<meta property=\"og:image\" content=\"https:\/\/www.casaefigenia.com\/wp-content\/uploads\/2022\/11\/mojo-rojo-picon.jpg\" \/>\n\t<meta property=\"og:image:width\" content=\"1200\" \/>\n\t<meta property=\"og:image:height\" content=\"1200\" \/>\n\t<meta property=\"og:image:type\" content=\"image\/jpeg\" \/>\n<meta name=\"twitter:card\" content=\"summary_large_image\" \/>\n<script type=\"application\/ld+json\" class=\"yoast-schema-graph\">{\"@context\":\"https:\\\/\\\/schema.org\",\"@graph\":[{\"@type\":\"WebPage\",\"@id\":\"https:\\\/\\\/www.casaefigenia.com\\\/fr\\\/produit\\\/sauce-mojo-rouge-epicee\\\/\",\"url\":\"https:\\\/\\\/www.casaefigenia.com\\\/fr\\\/produit\\\/sauce-mojo-rouge-epicee\\\/\",\"name\":\"Sauce Mojo Rouge \u00c9pic\u00e9e - Casa Efigenia\",\"isPartOf\":{\"@id\":\"https:\\\/\\\/www.casaefigenia.com\\\/fr\\\/#website\"},\"primaryImageOfPage\":{\"@id\":\"https:\\\/\\\/www.casaefigenia.com\\\/fr\\\/produit\\\/sauce-mojo-rouge-epicee\\\/#primaryimage\"},\"image\":{\"@id\":\"https:\\\/\\\/www.casaefigenia.com\\\/fr\\\/produit\\\/sauce-mojo-rouge-epicee\\\/#primaryimage\"},\"thumbnailUrl\":\"https:\\\/\\\/www.casaefigenia.com\\\/wp-content\\\/uploads\\\/2022\\\/11\\\/mojo-rojo-picon.jpg\",\"datePublished\":\"2022-11-08T08:24:02+00:00\",\"dateModified\":\"2023-11-04T10:03:44+00:00\",\"breadcrumb\":{\"@id\":\"https:\\\/\\\/www.casaefigenia.com\\\/fr\\\/produit\\\/sauce-mojo-rouge-epicee\\\/#breadcrumb\"},\"inLanguage\":\"fr-FR\",\"potentialAction\":[{\"@type\":\"ReadAction\",\"target\":[\"https:\\\/\\\/www.casaefigenia.com\\\/fr\\\/produit\\\/sauce-mojo-rouge-epicee\\\/\"]}]},{\"@type\":\"ImageObject\",\"inLanguage\":\"fr-FR\",\"@id\":\"https:\\\/\\\/www.casaefigenia.com\\\/fr\\\/produit\\\/sauce-mojo-rouge-epicee\\\/#primaryimage\",\"url\":\"https:\\\/\\\/www.casaefigenia.com\\\/wp-content\\\/uploads\\\/2022\\\/11\\\/mojo-rojo-picon.jpg\",\"contentUrl\":\"https:\\\/\\\/www.casaefigenia.com\\\/wp-content\\\/uploads\\\/2022\\\/11\\\/mojo-rojo-picon.jpg\",\"width\":1200,\"height\":1200},{\"@type\":\"BreadcrumbList\",\"@id\":\"https:\\\/\\\/www.casaefigenia.com\\\/fr\\\/produit\\\/sauce-mojo-rouge-epicee\\\/#breadcrumb\",\"itemListElement\":[{\"@type\":\"ListItem\",\"position\":1,\"name\":\"Portada\",\"item\":\"https:\\\/\\\/www.casaefigenia.com\\\/fr\\\/\"},{\"@type\":\"ListItem\",\"position\":2,\"name\":\"Boutique\",\"item\":\"https:\\\/\\\/www.casaefigenia.com\\\/fr\\\/boutique\\\/\"},{\"@type\":\"ListItem\",\"position\":3,\"name\":\"Sauce Mojo Rouge \u00c9pic\u00e9e\"}]},{\"@type\":\"WebSite\",\"@id\":\"https:\\\/\\\/www.casaefigenia.com\\\/fr\\\/#website\",\"url\":\"https:\\\/\\\/www.casaefigenia.com\\\/fr\\\/\",\"name\":\"Casa Efigenia\",\"description\":\"Bienvenido a Casa Efigenia. Tradici\u00f3n y calidad desde hace m\u00e1s de cincuenta a\u00f1os.\",\"publisher\":{\"@id\":\"https:\\\/\\\/www.casaefigenia.com\\\/fr\\\/#organization\"},\"potentialAction\":[{\"@type\":\"SearchAction\",\"target\":{\"@type\":\"EntryPoint\",\"urlTemplate\":\"https:\\\/\\\/www.casaefigenia.com\\\/fr\\\/?s={search_term_string}\"},\"query-input\":{\"@type\":\"PropertyValueSpecification\",\"valueRequired\":true,\"valueName\":\"search_term_string\"}}],\"inLanguage\":\"fr-FR\"},{\"@type\":\"Organization\",\"@id\":\"https:\\\/\\\/www.casaefigenia.com\\\/fr\\\/#organization\",\"name\":\"Casa Efigenia\",\"url\":\"https:\\\/\\\/www.casaefigenia.com\\\/fr\\\/\",\"logo\":{\"@type\":\"ImageObject\",\"inLanguage\":\"fr-FR\",\"@id\":\"https:\\\/\\\/www.casaefigenia.com\\\/fr\\\/#\\\/schema\\\/logo\\\/image\\\/\",\"url\":\"https:\\\/\\\/www.casaefigenia.com\\\/wp-content\\\/uploads\\\/2022\\\/11\\\/logo-efigenia-transparente-1.png\",\"contentUrl\":\"https:\\\/\\\/www.casaefigenia.com\\\/wp-content\\\/uploads\\\/2022\\\/11\\\/logo-efigenia-transparente-1.png\",\"width\":394,\"height\":173,\"caption\":\"Casa Efigenia\"},\"image\":{\"@id\":\"https:\\\/\\\/www.casaefigenia.com\\\/fr\\\/#\\\/schema\\\/logo\\\/image\\\/\"}}]}<\/script>\n<!-- \/ Yoast SEO plugin. -->","yoast_head_json":{"title":"Sauce Mojo Rouge \u00c9pic\u00e9e - Casa Efigenia","robots":{"index":"index","follow":"follow","max-snippet":"max-snippet:-1","max-image-preview":"max-image-preview:large","max-video-preview":"max-video-preview:-1"},"canonical":"https:\/\/www.casaefigenia.com\/fr\/produit\/sauce-mojo-rouge-epicee\/","og_locale":"fr_FR","og_type":"article","og_title":"Sauce Mojo Rouge \u00c9pic\u00e9e - Casa Efigenia","og_description":"Dans les \u00eeles, le terme mojo d\u00e9signe les sauces typiques, \u00e9tant un \u00e9l\u00e9ment fondamental dans la cuisine des Canaries, \u00e0 tel point qu'il accompagne toujours tous les types de plats. La gamme est tr\u00e8s large, bien qu'elles aient toutes en commun leur pr\u00e9paration simple et leur go\u00fbt savoureux et unique.  Fabriqu\u00e9 avec du piment rouge \u00e9pic\u00e9 Contenu net : 220g.","og_url":"https:\/\/www.casaefigenia.com\/fr\/produit\/sauce-mojo-rouge-epicee\/","og_site_name":"Casa Efigenia","article_modified_time":"2023-11-04T10:03:44+00:00","og_image":[{"width":1200,"height":1200,"url":"https:\/\/www.casaefigenia.com\/wp-content\/uploads\/2022\/11\/mojo-rojo-picon.jpg","type":"image\/jpeg"}],"twitter_card":"summary_large_image","schema":{"@context":"https:\/\/schema.org","@graph":[{"@type":"WebPage","@id":"https:\/\/www.casaefigenia.com\/fr\/produit\/sauce-mojo-rouge-epicee\/","url":"https:\/\/www.casaefigenia.com\/fr\/produit\/sauce-mojo-rouge-epicee\/","name":"Sauce Mojo Rouge \u00c9pic\u00e9e - Casa Efigenia","isPartOf":{"@id":"https:\/\/www.casaefigenia.com\/fr\/#website"},"primaryImageOfPage":{"@id":"https:\/\/www.casaefigenia.com\/fr\/produit\/sauce-mojo-rouge-epicee\/#primaryimage"},"image":{"@id":"https:\/\/www.casaefigenia.com\/fr\/produit\/sauce-mojo-rouge-epicee\/#primaryimage"},"thumbnailUrl":"https:\/\/www.casaefigenia.com\/wp-content\/uploads\/2022\/11\/mojo-rojo-picon.jpg","datePublished":"2022-11-08T08:24:02+00:00","dateModified":"2023-11-04T10:03:44+00:00","breadcrumb":{"@id":"https:\/\/www.casaefigenia.com\/fr\/produit\/sauce-mojo-rouge-epicee\/#breadcrumb"},"inLanguage":"fr-FR","potentialAction":[{"@type":"ReadAction","target":["https:\/\/www.casaefigenia.com\/fr\/produit\/sauce-mojo-rouge-epicee\/"]}]},{"@type":"ImageObject","inLanguage":"fr-FR","@id":"https:\/\/www.casaefigenia.com\/fr\/produit\/sauce-mojo-rouge-epicee\/#primaryimage","url":"https:\/\/www.casaefigenia.com\/wp-content\/uploads\/2022\/11\/mojo-rojo-picon.jpg","contentUrl":"https:\/\/www.casaefigenia.com\/wp-content\/uploads\/2022\/11\/mojo-rojo-picon.jpg","width":1200,"height":1200},{"@type":"BreadcrumbList","@id":"https:\/\/www.casaefigenia.com\/fr\/produit\/sauce-mojo-rouge-epicee\/#breadcrumb","itemListElement":[{"@type":"ListItem","position":1,"name":"Portada","item":"https:\/\/www.casaefigenia.com\/fr\/"},{"@type":"ListItem","position":2,"name":"Boutique","item":"https:\/\/www.casaefigenia.com\/fr\/boutique\/"},{"@type":"ListItem","position":3,"name":"Sauce Mojo Rouge \u00c9pic\u00e9e"}]},{"@type":"WebSite","@id":"https:\/\/www.casaefigenia.com\/fr\/#website","url":"https:\/\/www.casaefigenia.com\/fr\/","name":"Casa Efigenia","description":"Bienvenido a Casa Efigenia. Tradici\u00f3n y calidad desde hace m\u00e1s de cincuenta a\u00f1os.","publisher":{"@id":"https:\/\/www.casaefigenia.com\/fr\/#organization"},"potentialAction":[{"@type":"SearchAction","target":{"@type":"EntryPoint","urlTemplate":"https:\/\/www.casaefigenia.com\/fr\/?s={search_term_string}"},"query-input":{"@type":"PropertyValueSpecification","valueRequired":true,"valueName":"search_term_string"}}],"inLanguage":"fr-FR"},{"@type":"Organization","@id":"https:\/\/www.casaefigenia.com\/fr\/#organization","name":"Casa Efigenia","url":"https:\/\/www.casaefigenia.com\/fr\/","logo":{"@type":"ImageObject","inLanguage":"fr-FR","@id":"https:\/\/www.casaefigenia.com\/fr\/#\/schema\/logo\/image\/","url":"https:\/\/www.casaefigenia.com\/wp-content\/uploads\/2022\/11\/logo-efigenia-transparente-1.png","contentUrl":"https:\/\/www.casaefigenia.com\/wp-content\/uploads\/2022\/11\/logo-efigenia-transparente-1.png","width":394,"height":173,"caption":"Casa Efigenia"},"image":{"@id":"https:\/\/www.casaefigenia.com\/fr\/#\/schema\/logo\/image\/"}}]}},"_links":{"self":[{"href":"https:\/\/www.casaefigenia.com\/fr\/wp-json\/wp\/v2\/product\/6295","targetHints":{"allow":["GET"]}}],"collection":[{"href":"https:\/\/www.casaefigenia.com\/fr\/wp-json\/wp\/v2\/product"}],"about":[{"href":"https:\/\/www.casaefigenia.com\/fr\/wp-json\/wp\/v2\/types\/product"}],"replies":[{"embeddable":true,"href":"https:\/\/www.casaefigenia.com\/fr\/wp-json\/wp\/v2\/comments?post=6295"}],"version-history":[{"count":1,"href":"https:\/\/www.casaefigenia.com\/fr\/wp-json\/wp\/v2\/product\/6295\/revisions"}],"predecessor-version":[{"id":6296,"href":"https:\/\/www.casaefigenia.com\/fr\/wp-json\/wp\/v2\/product\/6295\/revisions\/6296"}],"wp:featuredmedia":[{"embeddable":true,"href":"https:\/\/www.casaefigenia.com\/fr\/wp-json\/wp\/v2\/media\/6186"}],"wp:attachment":[{"href":"https:\/\/www.casaefigenia.com\/fr\/wp-json\/wp\/v2\/media?parent=6295"}],"wp:term":[{"taxonomy":"brand","embeddable":true,"href":"https:\/\/www.casaefigenia.com\/fr\/wp-json\/wp\/v2\/etheme_brands?post=6295"},{"taxonomy":"product_brand","embeddable":true,"href":"https:\/\/www.casaefigenia.com\/fr\/wp-json\/wp\/v2\/product_brand?post=6295"},{"taxonomy":"product_cat","embeddable":true,"href":"https:\/\/www.casaefigenia.com\/fr\/wp-json\/wp\/v2\/product_cat?post=6295"},{"taxonomy":"product_tag","embeddable":true,"href":"https:\/\/www.casaefigenia.com\/fr\/wp-json\/wp\/v2\/product_tag?post=6295"}],"curies":[{"name":"wp","href":"https:\/\/api.w.org\/{rel}","templated":true}]}}