{"id":6289,"date":"2022-11-08T08:24:02","date_gmt":"2022-11-08T08:24:02","guid":{"rendered":"https:\/\/www.casaefigenia.com\/?post_type=product&#038;p=6289"},"modified":"2023-11-04T09:56:55","modified_gmt":"2023-11-04T09:56:55","slug":"confiture-de-mangue","status":"publish","type":"product","link":"https:\/\/www.casaefigenia.com\/fr\/produit\/confiture-de-mangue\/","title":{"rendered":"Confiture de mangue"},"content":{"rendered":"<p><strong>Ingr\u00e9dients<\/strong> : MANGUE, SUCRE, JUS DE CITRON ET PECTINE NATURELLE<\/p>\n<p><strong>Allerg\u00e8nes : aucun.<\/strong><\/p>\n<p>Contenu net : 250 g.<\/p>\n<p>Origine : Espagne.<\/p>\n<p>Informations nutritionnelles pour 100 g.<\/p>\n<ul>\n<li>Valeur \u00e9nerg\u00e9tique (Kj\/Kcal) 785\/185<\/li>\n<li>Mati\u00e8res grasses (g) 0,02<\/li>\n<li>Dont acides gras satur\u00e9s (g) 0<\/li>\n<li>Glucides (g) 44,8<\/li>\n<li>Dont sucres (g) 43,4<\/li>\n<li>Prot\u00e9ines (g) 0,5<\/li>\n<li>Fibres alimentaires (g) 1,8<\/li>\n<li>Sel (g) 0,04<\/li>\n<\/ul>\n","protected":false},"excerpt":{"rendered":"<p class=\"p1\">La confiture et les sucreries sont des aliments qui, sans contenir pratiquement de mati\u00e8res grasses, poss\u00e8dent des nutriments issus du fruit tels que les sucres, les fibres, les min\u00e9raux et les antioxydants.<\/p>\n<p>Contenu net : 250g.<\/p>\n","protected":false},"featured_media":5950,"comment_status":"closed","ping_status":"closed","template":"","meta":[],"etheme_brands":[],"product_brand":[],"product_cat":[104],"product_tag":[],"class_list":{"0":"post-6289","1":"product","2":"type-product","3":"status-publish","4":"has-post-thumbnail","6":"product_cat-confitures","8":"first","9":"instock","10":"taxable","11":"shipping-taxable","12":"purchasable","13":"product-type-simple"},"yoast_head":"<!-- This site is optimized with the Yoast SEO plugin v27.5 - https:\/\/yoast.com\/product\/yoast-seo-wordpress\/ -->\n<title>Confiture de mangue - Casa Efigenia<\/title>\n<meta name=\"robots\" content=\"index, follow, max-snippet:-1, max-image-preview:large, max-video-preview:-1\" \/>\n<link rel=\"canonical\" href=\"https:\/\/www.casaefigenia.com\/fr\/produit\/confiture-de-mangue\/\" \/>\n<meta property=\"og:locale\" content=\"fr_FR\" \/>\n<meta property=\"og:type\" content=\"article\" \/>\n<meta property=\"og:title\" content=\"Confiture de mangue - Casa Efigenia\" \/>\n<meta property=\"og:description\" content=\"La confiture et les sucreries sont des aliments qui, sans contenir pratiquement de mati\u00e8res grasses, poss\u00e8dent des nutriments issus du fruit tels que les sucres, les fibres, les min\u00e9raux et les antioxydants. Contenu net : 250g.\" \/>\n<meta property=\"og:url\" content=\"https:\/\/www.casaefigenia.com\/fr\/produit\/confiture-de-mangue\/\" \/>\n<meta property=\"og:site_name\" content=\"Casa Efigenia\" \/>\n<meta property=\"article:modified_time\" content=\"2023-11-04T09:56:55+00:00\" \/>\n<meta property=\"og:image\" content=\"https:\/\/www.casaefigenia.com\/wp-content\/uploads\/2022\/11\/mermelada-mango-2022.jpeg\" \/>\n\t<meta property=\"og:image:width\" content=\"1024\" \/>\n\t<meta property=\"og:image:height\" content=\"1024\" \/>\n\t<meta property=\"og:image:type\" content=\"image\/jpeg\" \/>\n<meta name=\"twitter:card\" content=\"summary_large_image\" \/>\n<script type=\"application\/ld+json\" class=\"yoast-schema-graph\">{\"@context\":\"https:\\\/\\\/schema.org\",\"@graph\":[{\"@type\":\"WebPage\",\"@id\":\"https:\\\/\\\/www.casaefigenia.com\\\/fr\\\/produit\\\/confiture-de-mangue\\\/\",\"url\":\"https:\\\/\\\/www.casaefigenia.com\\\/fr\\\/produit\\\/confiture-de-mangue\\\/\",\"name\":\"Confiture de mangue - Casa Efigenia\",\"isPartOf\":{\"@id\":\"https:\\\/\\\/www.casaefigenia.com\\\/fr\\\/#website\"},\"primaryImageOfPage\":{\"@id\":\"https:\\\/\\\/www.casaefigenia.com\\\/fr\\\/produit\\\/confiture-de-mangue\\\/#primaryimage\"},\"image\":{\"@id\":\"https:\\\/\\\/www.casaefigenia.com\\\/fr\\\/produit\\\/confiture-de-mangue\\\/#primaryimage\"},\"thumbnailUrl\":\"https:\\\/\\\/www.casaefigenia.com\\\/wp-content\\\/uploads\\\/2022\\\/11\\\/mermelada-mango-2022.jpeg\",\"datePublished\":\"2022-11-08T08:24:02+00:00\",\"dateModified\":\"2023-11-04T09:56:55+00:00\",\"breadcrumb\":{\"@id\":\"https:\\\/\\\/www.casaefigenia.com\\\/fr\\\/produit\\\/confiture-de-mangue\\\/#breadcrumb\"},\"inLanguage\":\"fr-FR\",\"potentialAction\":[{\"@type\":\"ReadAction\",\"target\":[\"https:\\\/\\\/www.casaefigenia.com\\\/fr\\\/produit\\\/confiture-de-mangue\\\/\"]}]},{\"@type\":\"ImageObject\",\"inLanguage\":\"fr-FR\",\"@id\":\"https:\\\/\\\/www.casaefigenia.com\\\/fr\\\/produit\\\/confiture-de-mangue\\\/#primaryimage\",\"url\":\"https:\\\/\\\/www.casaefigenia.com\\\/wp-content\\\/uploads\\\/2022\\\/11\\\/mermelada-mango-2022.jpeg\",\"contentUrl\":\"https:\\\/\\\/www.casaefigenia.com\\\/wp-content\\\/uploads\\\/2022\\\/11\\\/mermelada-mango-2022.jpeg\",\"width\":1024,\"height\":1024},{\"@type\":\"BreadcrumbList\",\"@id\":\"https:\\\/\\\/www.casaefigenia.com\\\/fr\\\/produit\\\/confiture-de-mangue\\\/#breadcrumb\",\"itemListElement\":[{\"@type\":\"ListItem\",\"position\":1,\"name\":\"Portada\",\"item\":\"https:\\\/\\\/www.casaefigenia.com\\\/fr\\\/\"},{\"@type\":\"ListItem\",\"position\":2,\"name\":\"Boutique\",\"item\":\"https:\\\/\\\/www.casaefigenia.com\\\/fr\\\/boutique\\\/\"},{\"@type\":\"ListItem\",\"position\":3,\"name\":\"Confiture de mangue\"}]},{\"@type\":\"WebSite\",\"@id\":\"https:\\\/\\\/www.casaefigenia.com\\\/fr\\\/#website\",\"url\":\"https:\\\/\\\/www.casaefigenia.com\\\/fr\\\/\",\"name\":\"Casa Efigenia\",\"description\":\"Bienvenido a Casa Efigenia. Tradici\u00f3n y calidad desde hace m\u00e1s de cincuenta a\u00f1os.\",\"publisher\":{\"@id\":\"https:\\\/\\\/www.casaefigenia.com\\\/fr\\\/#organization\"},\"potentialAction\":[{\"@type\":\"SearchAction\",\"target\":{\"@type\":\"EntryPoint\",\"urlTemplate\":\"https:\\\/\\\/www.casaefigenia.com\\\/fr\\\/?s={search_term_string}\"},\"query-input\":{\"@type\":\"PropertyValueSpecification\",\"valueRequired\":true,\"valueName\":\"search_term_string\"}}],\"inLanguage\":\"fr-FR\"},{\"@type\":\"Organization\",\"@id\":\"https:\\\/\\\/www.casaefigenia.com\\\/fr\\\/#organization\",\"name\":\"Casa Efigenia\",\"url\":\"https:\\\/\\\/www.casaefigenia.com\\\/fr\\\/\",\"logo\":{\"@type\":\"ImageObject\",\"inLanguage\":\"fr-FR\",\"@id\":\"https:\\\/\\\/www.casaefigenia.com\\\/fr\\\/#\\\/schema\\\/logo\\\/image\\\/\",\"url\":\"https:\\\/\\\/www.casaefigenia.com\\\/wp-content\\\/uploads\\\/2022\\\/11\\\/logo-efigenia-transparente-1.png\",\"contentUrl\":\"https:\\\/\\\/www.casaefigenia.com\\\/wp-content\\\/uploads\\\/2022\\\/11\\\/logo-efigenia-transparente-1.png\",\"width\":394,\"height\":173,\"caption\":\"Casa Efigenia\"},\"image\":{\"@id\":\"https:\\\/\\\/www.casaefigenia.com\\\/fr\\\/#\\\/schema\\\/logo\\\/image\\\/\"}}]}<\/script>\n<!-- \/ Yoast SEO plugin. -->","yoast_head_json":{"title":"Confiture de mangue - Casa Efigenia","robots":{"index":"index","follow":"follow","max-snippet":"max-snippet:-1","max-image-preview":"max-image-preview:large","max-video-preview":"max-video-preview:-1"},"canonical":"https:\/\/www.casaefigenia.com\/fr\/produit\/confiture-de-mangue\/","og_locale":"fr_FR","og_type":"article","og_title":"Confiture de mangue - Casa Efigenia","og_description":"La confiture et les sucreries sont des aliments qui, sans contenir pratiquement de mati\u00e8res grasses, poss\u00e8dent des nutriments issus du fruit tels que les sucres, les fibres, les min\u00e9raux et les antioxydants. Contenu net : 250g.","og_url":"https:\/\/www.casaefigenia.com\/fr\/produit\/confiture-de-mangue\/","og_site_name":"Casa Efigenia","article_modified_time":"2023-11-04T09:56:55+00:00","og_image":[{"width":1024,"height":1024,"url":"https:\/\/www.casaefigenia.com\/wp-content\/uploads\/2022\/11\/mermelada-mango-2022.jpeg","type":"image\/jpeg"}],"twitter_card":"summary_large_image","schema":{"@context":"https:\/\/schema.org","@graph":[{"@type":"WebPage","@id":"https:\/\/www.casaefigenia.com\/fr\/produit\/confiture-de-mangue\/","url":"https:\/\/www.casaefigenia.com\/fr\/produit\/confiture-de-mangue\/","name":"Confiture de mangue - Casa Efigenia","isPartOf":{"@id":"https:\/\/www.casaefigenia.com\/fr\/#website"},"primaryImageOfPage":{"@id":"https:\/\/www.casaefigenia.com\/fr\/produit\/confiture-de-mangue\/#primaryimage"},"image":{"@id":"https:\/\/www.casaefigenia.com\/fr\/produit\/confiture-de-mangue\/#primaryimage"},"thumbnailUrl":"https:\/\/www.casaefigenia.com\/wp-content\/uploads\/2022\/11\/mermelada-mango-2022.jpeg","datePublished":"2022-11-08T08:24:02+00:00","dateModified":"2023-11-04T09:56:55+00:00","breadcrumb":{"@id":"https:\/\/www.casaefigenia.com\/fr\/produit\/confiture-de-mangue\/#breadcrumb"},"inLanguage":"fr-FR","potentialAction":[{"@type":"ReadAction","target":["https:\/\/www.casaefigenia.com\/fr\/produit\/confiture-de-mangue\/"]}]},{"@type":"ImageObject","inLanguage":"fr-FR","@id":"https:\/\/www.casaefigenia.com\/fr\/produit\/confiture-de-mangue\/#primaryimage","url":"https:\/\/www.casaefigenia.com\/wp-content\/uploads\/2022\/11\/mermelada-mango-2022.jpeg","contentUrl":"https:\/\/www.casaefigenia.com\/wp-content\/uploads\/2022\/11\/mermelada-mango-2022.jpeg","width":1024,"height":1024},{"@type":"BreadcrumbList","@id":"https:\/\/www.casaefigenia.com\/fr\/produit\/confiture-de-mangue\/#breadcrumb","itemListElement":[{"@type":"ListItem","position":1,"name":"Portada","item":"https:\/\/www.casaefigenia.com\/fr\/"},{"@type":"ListItem","position":2,"name":"Boutique","item":"https:\/\/www.casaefigenia.com\/fr\/boutique\/"},{"@type":"ListItem","position":3,"name":"Confiture de mangue"}]},{"@type":"WebSite","@id":"https:\/\/www.casaefigenia.com\/fr\/#website","url":"https:\/\/www.casaefigenia.com\/fr\/","name":"Casa Efigenia","description":"Bienvenido a Casa Efigenia. Tradici\u00f3n y calidad desde hace m\u00e1s de cincuenta a\u00f1os.","publisher":{"@id":"https:\/\/www.casaefigenia.com\/fr\/#organization"},"potentialAction":[{"@type":"SearchAction","target":{"@type":"EntryPoint","urlTemplate":"https:\/\/www.casaefigenia.com\/fr\/?s={search_term_string}"},"query-input":{"@type":"PropertyValueSpecification","valueRequired":true,"valueName":"search_term_string"}}],"inLanguage":"fr-FR"},{"@type":"Organization","@id":"https:\/\/www.casaefigenia.com\/fr\/#organization","name":"Casa Efigenia","url":"https:\/\/www.casaefigenia.com\/fr\/","logo":{"@type":"ImageObject","inLanguage":"fr-FR","@id":"https:\/\/www.casaefigenia.com\/fr\/#\/schema\/logo\/image\/","url":"https:\/\/www.casaefigenia.com\/wp-content\/uploads\/2022\/11\/logo-efigenia-transparente-1.png","contentUrl":"https:\/\/www.casaefigenia.com\/wp-content\/uploads\/2022\/11\/logo-efigenia-transparente-1.png","width":394,"height":173,"caption":"Casa Efigenia"},"image":{"@id":"https:\/\/www.casaefigenia.com\/fr\/#\/schema\/logo\/image\/"}}]}},"_links":{"self":[{"href":"https:\/\/www.casaefigenia.com\/fr\/wp-json\/wp\/v2\/product\/6289","targetHints":{"allow":["GET"]}}],"collection":[{"href":"https:\/\/www.casaefigenia.com\/fr\/wp-json\/wp\/v2\/product"}],"about":[{"href":"https:\/\/www.casaefigenia.com\/fr\/wp-json\/wp\/v2\/types\/product"}],"replies":[{"embeddable":true,"href":"https:\/\/www.casaefigenia.com\/fr\/wp-json\/wp\/v2\/comments?post=6289"}],"version-history":[{"count":1,"href":"https:\/\/www.casaefigenia.com\/fr\/wp-json\/wp\/v2\/product\/6289\/revisions"}],"predecessor-version":[{"id":6290,"href":"https:\/\/www.casaefigenia.com\/fr\/wp-json\/wp\/v2\/product\/6289\/revisions\/6290"}],"wp:featuredmedia":[{"embeddable":true,"href":"https:\/\/www.casaefigenia.com\/fr\/wp-json\/wp\/v2\/media\/5950"}],"wp:attachment":[{"href":"https:\/\/www.casaefigenia.com\/fr\/wp-json\/wp\/v2\/media?parent=6289"}],"wp:term":[{"taxonomy":"brand","embeddable":true,"href":"https:\/\/www.casaefigenia.com\/fr\/wp-json\/wp\/v2\/etheme_brands?post=6289"},{"taxonomy":"product_brand","embeddable":true,"href":"https:\/\/www.casaefigenia.com\/fr\/wp-json\/wp\/v2\/product_brand?post=6289"},{"taxonomy":"product_cat","embeddable":true,"href":"https:\/\/www.casaefigenia.com\/fr\/wp-json\/wp\/v2\/product_cat?post=6289"},{"taxonomy":"product_tag","embeddable":true,"href":"https:\/\/www.casaefigenia.com\/fr\/wp-json\/wp\/v2\/product_tag?post=6289"}],"curies":[{"name":"wp","href":"https:\/\/api.w.org\/{rel}","templated":true}]}}