{"id":6110,"date":"2022-11-08T08:24:02","date_gmt":"2022-11-08T08:24:02","guid":{"rendered":"https:\/\/www.casaefigenia.com\/producto\/deleitate-con-las-galletas-gomeras-de-limon-de-350-gramos-elaboradas-por-casa-efigenia-en-la-gomera\/"},"modified":"2023-11-04T09:10:31","modified_gmt":"2023-11-04T09:10:31","slug":"degustez-les-sables-gomeros-au-citron-de-350-g-fabriques-par-casa-efigenia-a-la-gomera","status":"publish","type":"product","link":"https:\/\/www.casaefigenia.com\/fr\/produit\/degustez-les-sables-gomeros-au-citron-de-350-g-fabriques-par-casa-efigenia-a-la-gomera\/","title":{"rendered":"Sabl\u00e9s gomeros au citron"},"content":{"rendered":"<p>Ingr\u00e9dients : FARINE DE BL\u00c9, SUCRE, HUILE D&rsquo;OLIVE, \u0152UFS, LAIT, ZESTE DE CITRON, AGENT LEVANT (DIPHOSPHATE DISODIQUE ET BICARBONATE DE SODIUM), SEL ET ANIS.<br \/>\nPeut contenir des traces de fruits \u00e0 coque.<\/p>\n<p><strong>Allerg\u00e8nes : Farine de bl\u00e9, \u0153ufs et lait. Peut contenir des fruits \u00e0 coque.<\/strong><\/p>\n<p>Poids net : 350 g.<\/p>\n<p>Origine : Espagne.<\/p>\n<p>Informations nutritionnelles pour 100 g.<\/p>\n<ul>\n<li>Valeur \u00e9nerg\u00e9tique (Kj\/Kcal) 1946\/467<\/li>\n<li>Mati\u00e8res grasses (g) 16,5<\/li>\n<li>Dont acides gras satur\u00e9s (g) 1,42<\/li>\n<li>Glucides (g) 66,2<\/li>\n<li>Dont sucres (g) 7,9<\/li>\n<li>Prot\u00e9ines (g) 8,01<\/li>\n<li>Sodium (g) 0,038<\/li>\n<li>Sel (g) 0,1<\/li>\n<\/ul>\n","protected":false},"excerpt":{"rendered":"<p class=\"mt-2\">Si vous recherchez une saveur exceptionnelle, achetez des sabl\u00e9s gomeros au citron fabriqu\u00e9s par Casa Efigenia \u00e0 La Gomera. Ces douceurs sont le reflet de la riche tradition p\u00e2tissi\u00e8re de l&rsquo;\u00eele, r\u00e9put\u00e9e pour sa qualit\u00e9 et sa confection artisanale minutieuse.<\/p>\n<p class=\"mt-2\">Les douceurs gomeras sont renomm\u00e9es tant \u00e0 La Gomera qu&rsquo;\u00e0 l&rsquo;ext\u00e9rieur, et les sabl\u00e9s au citron font partie des vari\u00e9t\u00e9s les plus remarquables de cette riche tradition. Casa Efigenia, fid\u00e8le \u00e0 sa philosophie de production artisanale, r\u00e9alise ces sabl\u00e9s avec des ingr\u00e9dients de la plus haute qualit\u00e9 tels que la farine de bl\u00e9, l&rsquo;huile d&rsquo;olive, les \u0153ufs, le lait et le zeste de citron.<\/p>\n<p class=\"mt-2\">L&rsquo;achat de sabl\u00e9s gomeros au citron fabriqu\u00e9s par Casa Efigenia \u00e0 La Gomera vous permet de profiter de 350 grammes d&rsquo;une douceur authentiquement gomera. Ces sabl\u00e9s, avec leur d\u00e9licat go\u00fbt de citron, sont un r\u00e9gal qui ne laisse personne indiff\u00e9rent et constituent sans aucun doute la meilleure introduction \u00e0 la p\u00e2tisserie de l&rsquo;\u00eele.<\/p>\n<p class=\"mt-2\">De plus, en achetant ces sabl\u00e9s, vous soutenez l&rsquo;\u00e9conomie locale et la production artisanale, deux piliers fondamentaux de Casa Efigenia. Chaque sabl\u00e9 est un hommage \u00e0 la culture et aux traditions gomeras, refl\u00e9tant l&rsquo;amour et le d\u00e9vouement que Casa Efigenia met dans chacun de ses produits.<\/p>\n<p class=\"mt-2\">N&rsquo;attendez plus pour d\u00e9couvrir les exquis sabl\u00e9s gomeros au citron de Casa Efigenia. Cet achat vous permettra de savourer un v\u00e9ritable joyau de la p\u00e2tisserie gomera et d&rsquo;ajouter une touche de saveur et de tradition \u00e0 votre foyer.<\/p>\n","protected":false},"featured_media":6106,"comment_status":"closed","ping_status":"closed","template":"","meta":[],"etheme_brands":[],"product_brand":[],"product_cat":[102],"product_tag":[],"class_list":{"0":"post-6110","1":"product","2":"type-product","3":"status-publish","4":"has-post-thumbnail","6":"product_cat-biscuits","8":"first","9":"instock","10":"taxable","11":"shipping-taxable","12":"purchasable","13":"product-type-simple"},"yoast_head":"<!-- This site is optimized with the Yoast SEO plugin v27.5 - https:\/\/yoast.com\/product\/yoast-seo-wordpress\/ -->\n<title>D\u00e9gustez les sabl\u00e9s gomeros au citron de 350 g, fabriqu\u00e9s par Casa Efigenia \u00e0 La Gomera<\/title>\n<meta name=\"description\" content=\"Achetez des sabl\u00e9s gomeros au citron de Casa Efigenia \u00e0 La Gomera. Une d\u00e9licieuse gourmandise artisanale de 350 g qui vous enchantera.\" \/>\n<meta name=\"robots\" content=\"index, follow, max-snippet:-1, max-image-preview:large, max-video-preview:-1\" \/>\n<link rel=\"canonical\" href=\"https:\/\/www.casaefigenia.com\/fr\/produit\/degustez-les-sables-gomeros-au-citron-de-350-g-fabriques-par-casa-efigenia-a-la-gomera\/\" \/>\n<meta property=\"og:locale\" content=\"fr_FR\" \/>\n<meta property=\"og:type\" content=\"article\" \/>\n<meta property=\"og:title\" content=\"D\u00e9gustez les sabl\u00e9s gomeros au citron de 350 g, fabriqu\u00e9s par Casa Efigenia \u00e0 La Gomera\" \/>\n<meta property=\"og:description\" content=\"Achetez des sabl\u00e9s gomeros au citron de Casa Efigenia \u00e0 La Gomera. Une d\u00e9licieuse gourmandise artisanale de 350 g qui vous enchantera.\" \/>\n<meta property=\"og:url\" content=\"https:\/\/www.casaefigenia.com\/fr\/produit\/degustez-les-sables-gomeros-au-citron-de-350-g-fabriques-par-casa-efigenia-a-la-gomera\/\" \/>\n<meta property=\"og:site_name\" content=\"Casa Efigenia\" \/>\n<meta property=\"article:modified_time\" content=\"2023-11-04T09:10:31+00:00\" \/>\n<meta property=\"og:image\" content=\"https:\/\/www.casaefigenia.com\/wp-content\/uploads\/2022\/11\/galletas-limon.jpg\" \/>\n\t<meta property=\"og:image:width\" content=\"1021\" \/>\n\t<meta property=\"og:image:height\" content=\"1021\" \/>\n\t<meta property=\"og:image:type\" content=\"image\/jpeg\" \/>\n<meta name=\"twitter:card\" content=\"summary_large_image\" \/>\n<meta name=\"twitter:label1\" content=\"Dur\u00e9e de lecture estim\u00e9e\" \/>\n\t<meta name=\"twitter:data1\" content=\"1 minute\" \/>\n<script type=\"application\/ld+json\" class=\"yoast-schema-graph\">{\"@context\":\"https:\\\/\\\/schema.org\",\"@graph\":[{\"@type\":\"WebPage\",\"@id\":\"https:\\\/\\\/www.casaefigenia.com\\\/fr\\\/produit\\\/degustez-les-sables-gomeros-au-citron-de-350-g-fabriques-par-casa-efigenia-a-la-gomera\\\/\",\"url\":\"https:\\\/\\\/www.casaefigenia.com\\\/fr\\\/produit\\\/degustez-les-sables-gomeros-au-citron-de-350-g-fabriques-par-casa-efigenia-a-la-gomera\\\/\",\"name\":\"D\u00e9gustez les sabl\u00e9s gomeros au citron de 350 g, fabriqu\u00e9s par Casa Efigenia \u00e0 La Gomera\",\"isPartOf\":{\"@id\":\"https:\\\/\\\/www.casaefigenia.com\\\/fr\\\/#website\"},\"primaryImageOfPage\":{\"@id\":\"https:\\\/\\\/www.casaefigenia.com\\\/fr\\\/produit\\\/degustez-les-sables-gomeros-au-citron-de-350-g-fabriques-par-casa-efigenia-a-la-gomera\\\/#primaryimage\"},\"image\":{\"@id\":\"https:\\\/\\\/www.casaefigenia.com\\\/fr\\\/produit\\\/degustez-les-sables-gomeros-au-citron-de-350-g-fabriques-par-casa-efigenia-a-la-gomera\\\/#primaryimage\"},\"thumbnailUrl\":\"https:\\\/\\\/www.casaefigenia.com\\\/wp-content\\\/uploads\\\/2022\\\/11\\\/galletas-limon.jpg\",\"datePublished\":\"2022-11-08T08:24:02+00:00\",\"dateModified\":\"2023-11-04T09:10:31+00:00\",\"description\":\"Achetez des sabl\u00e9s gomeros au citron de Casa Efigenia \u00e0 La Gomera. Une d\u00e9licieuse gourmandise artisanale de 350 g qui vous enchantera.\",\"breadcrumb\":{\"@id\":\"https:\\\/\\\/www.casaefigenia.com\\\/fr\\\/produit\\\/degustez-les-sables-gomeros-au-citron-de-350-g-fabriques-par-casa-efigenia-a-la-gomera\\\/#breadcrumb\"},\"inLanguage\":\"fr-FR\",\"potentialAction\":[{\"@type\":\"ReadAction\",\"target\":[\"https:\\\/\\\/www.casaefigenia.com\\\/fr\\\/produit\\\/degustez-les-sables-gomeros-au-citron-de-350-g-fabriques-par-casa-efigenia-a-la-gomera\\\/\"]}]},{\"@type\":\"ImageObject\",\"inLanguage\":\"fr-FR\",\"@id\":\"https:\\\/\\\/www.casaefigenia.com\\\/fr\\\/produit\\\/degustez-les-sables-gomeros-au-citron-de-350-g-fabriques-par-casa-efigenia-a-la-gomera\\\/#primaryimage\",\"url\":\"https:\\\/\\\/www.casaefigenia.com\\\/wp-content\\\/uploads\\\/2022\\\/11\\\/galletas-limon.jpg\",\"contentUrl\":\"https:\\\/\\\/www.casaefigenia.com\\\/wp-content\\\/uploads\\\/2022\\\/11\\\/galletas-limon.jpg\",\"width\":1021,\"height\":1021},{\"@type\":\"BreadcrumbList\",\"@id\":\"https:\\\/\\\/www.casaefigenia.com\\\/fr\\\/produit\\\/degustez-les-sables-gomeros-au-citron-de-350-g-fabriques-par-casa-efigenia-a-la-gomera\\\/#breadcrumb\",\"itemListElement\":[{\"@type\":\"ListItem\",\"position\":1,\"name\":\"Portada\",\"item\":\"https:\\\/\\\/www.casaefigenia.com\\\/fr\\\/\"},{\"@type\":\"ListItem\",\"position\":2,\"name\":\"Boutique\",\"item\":\"https:\\\/\\\/www.casaefigenia.com\\\/fr\\\/boutique\\\/\"},{\"@type\":\"ListItem\",\"position\":3,\"name\":\"Sabl\u00e9s gomeros au citron\"}]},{\"@type\":\"WebSite\",\"@id\":\"https:\\\/\\\/www.casaefigenia.com\\\/fr\\\/#website\",\"url\":\"https:\\\/\\\/www.casaefigenia.com\\\/fr\\\/\",\"name\":\"Casa Efigenia\",\"description\":\"Bienvenido a Casa Efigenia. Tradici\u00f3n y calidad desde hace m\u00e1s de cincuenta a\u00f1os.\",\"publisher\":{\"@id\":\"https:\\\/\\\/www.casaefigenia.com\\\/fr\\\/#organization\"},\"potentialAction\":[{\"@type\":\"SearchAction\",\"target\":{\"@type\":\"EntryPoint\",\"urlTemplate\":\"https:\\\/\\\/www.casaefigenia.com\\\/fr\\\/?s={search_term_string}\"},\"query-input\":{\"@type\":\"PropertyValueSpecification\",\"valueRequired\":true,\"valueName\":\"search_term_string\"}}],\"inLanguage\":\"fr-FR\"},{\"@type\":\"Organization\",\"@id\":\"https:\\\/\\\/www.casaefigenia.com\\\/fr\\\/#organization\",\"name\":\"Casa Efigenia\",\"url\":\"https:\\\/\\\/www.casaefigenia.com\\\/fr\\\/\",\"logo\":{\"@type\":\"ImageObject\",\"inLanguage\":\"fr-FR\",\"@id\":\"https:\\\/\\\/www.casaefigenia.com\\\/fr\\\/#\\\/schema\\\/logo\\\/image\\\/\",\"url\":\"https:\\\/\\\/www.casaefigenia.com\\\/wp-content\\\/uploads\\\/2022\\\/11\\\/logo-efigenia-transparente-1.png\",\"contentUrl\":\"https:\\\/\\\/www.casaefigenia.com\\\/wp-content\\\/uploads\\\/2022\\\/11\\\/logo-efigenia-transparente-1.png\",\"width\":394,\"height\":173,\"caption\":\"Casa Efigenia\"},\"image\":{\"@id\":\"https:\\\/\\\/www.casaefigenia.com\\\/fr\\\/#\\\/schema\\\/logo\\\/image\\\/\"}}]}<\/script>\n<!-- \/ Yoast SEO plugin. -->","yoast_head_json":{"title":"D\u00e9gustez les sabl\u00e9s gomeros au citron de 350 g, fabriqu\u00e9s par Casa Efigenia \u00e0 La Gomera","description":"Achetez des sabl\u00e9s gomeros au citron de Casa Efigenia \u00e0 La Gomera. Une d\u00e9licieuse gourmandise artisanale de 350 g qui vous enchantera.","robots":{"index":"index","follow":"follow","max-snippet":"max-snippet:-1","max-image-preview":"max-image-preview:large","max-video-preview":"max-video-preview:-1"},"canonical":"https:\/\/www.casaefigenia.com\/fr\/produit\/degustez-les-sables-gomeros-au-citron-de-350-g-fabriques-par-casa-efigenia-a-la-gomera\/","og_locale":"fr_FR","og_type":"article","og_title":"D\u00e9gustez les sabl\u00e9s gomeros au citron de 350 g, fabriqu\u00e9s par Casa Efigenia \u00e0 La Gomera","og_description":"Achetez des sabl\u00e9s gomeros au citron de Casa Efigenia \u00e0 La Gomera. Une d\u00e9licieuse gourmandise artisanale de 350 g qui vous enchantera.","og_url":"https:\/\/www.casaefigenia.com\/fr\/produit\/degustez-les-sables-gomeros-au-citron-de-350-g-fabriques-par-casa-efigenia-a-la-gomera\/","og_site_name":"Casa Efigenia","article_modified_time":"2023-11-04T09:10:31+00:00","og_image":[{"width":1021,"height":1021,"url":"https:\/\/www.casaefigenia.com\/wp-content\/uploads\/2022\/11\/galletas-limon.jpg","type":"image\/jpeg"}],"twitter_card":"summary_large_image","twitter_misc":{"Dur\u00e9e de lecture estim\u00e9e":"1 minute"},"schema":{"@context":"https:\/\/schema.org","@graph":[{"@type":"WebPage","@id":"https:\/\/www.casaefigenia.com\/fr\/produit\/degustez-les-sables-gomeros-au-citron-de-350-g-fabriques-par-casa-efigenia-a-la-gomera\/","url":"https:\/\/www.casaefigenia.com\/fr\/produit\/degustez-les-sables-gomeros-au-citron-de-350-g-fabriques-par-casa-efigenia-a-la-gomera\/","name":"D\u00e9gustez les sabl\u00e9s gomeros au citron de 350 g, fabriqu\u00e9s par Casa Efigenia \u00e0 La Gomera","isPartOf":{"@id":"https:\/\/www.casaefigenia.com\/fr\/#website"},"primaryImageOfPage":{"@id":"https:\/\/www.casaefigenia.com\/fr\/produit\/degustez-les-sables-gomeros-au-citron-de-350-g-fabriques-par-casa-efigenia-a-la-gomera\/#primaryimage"},"image":{"@id":"https:\/\/www.casaefigenia.com\/fr\/produit\/degustez-les-sables-gomeros-au-citron-de-350-g-fabriques-par-casa-efigenia-a-la-gomera\/#primaryimage"},"thumbnailUrl":"https:\/\/www.casaefigenia.com\/wp-content\/uploads\/2022\/11\/galletas-limon.jpg","datePublished":"2022-11-08T08:24:02+00:00","dateModified":"2023-11-04T09:10:31+00:00","description":"Achetez des sabl\u00e9s gomeros au citron de Casa Efigenia \u00e0 La Gomera. Une d\u00e9licieuse gourmandise artisanale de 350 g qui vous enchantera.","breadcrumb":{"@id":"https:\/\/www.casaefigenia.com\/fr\/produit\/degustez-les-sables-gomeros-au-citron-de-350-g-fabriques-par-casa-efigenia-a-la-gomera\/#breadcrumb"},"inLanguage":"fr-FR","potentialAction":[{"@type":"ReadAction","target":["https:\/\/www.casaefigenia.com\/fr\/produit\/degustez-les-sables-gomeros-au-citron-de-350-g-fabriques-par-casa-efigenia-a-la-gomera\/"]}]},{"@type":"ImageObject","inLanguage":"fr-FR","@id":"https:\/\/www.casaefigenia.com\/fr\/produit\/degustez-les-sables-gomeros-au-citron-de-350-g-fabriques-par-casa-efigenia-a-la-gomera\/#primaryimage","url":"https:\/\/www.casaefigenia.com\/wp-content\/uploads\/2022\/11\/galletas-limon.jpg","contentUrl":"https:\/\/www.casaefigenia.com\/wp-content\/uploads\/2022\/11\/galletas-limon.jpg","width":1021,"height":1021},{"@type":"BreadcrumbList","@id":"https:\/\/www.casaefigenia.com\/fr\/produit\/degustez-les-sables-gomeros-au-citron-de-350-g-fabriques-par-casa-efigenia-a-la-gomera\/#breadcrumb","itemListElement":[{"@type":"ListItem","position":1,"name":"Portada","item":"https:\/\/www.casaefigenia.com\/fr\/"},{"@type":"ListItem","position":2,"name":"Boutique","item":"https:\/\/www.casaefigenia.com\/fr\/boutique\/"},{"@type":"ListItem","position":3,"name":"Sabl\u00e9s gomeros au citron"}]},{"@type":"WebSite","@id":"https:\/\/www.casaefigenia.com\/fr\/#website","url":"https:\/\/www.casaefigenia.com\/fr\/","name":"Casa Efigenia","description":"Bienvenido a Casa Efigenia. Tradici\u00f3n y calidad desde hace m\u00e1s de cincuenta a\u00f1os.","publisher":{"@id":"https:\/\/www.casaefigenia.com\/fr\/#organization"},"potentialAction":[{"@type":"SearchAction","target":{"@type":"EntryPoint","urlTemplate":"https:\/\/www.casaefigenia.com\/fr\/?s={search_term_string}"},"query-input":{"@type":"PropertyValueSpecification","valueRequired":true,"valueName":"search_term_string"}}],"inLanguage":"fr-FR"},{"@type":"Organization","@id":"https:\/\/www.casaefigenia.com\/fr\/#organization","name":"Casa Efigenia","url":"https:\/\/www.casaefigenia.com\/fr\/","logo":{"@type":"ImageObject","inLanguage":"fr-FR","@id":"https:\/\/www.casaefigenia.com\/fr\/#\/schema\/logo\/image\/","url":"https:\/\/www.casaefigenia.com\/wp-content\/uploads\/2022\/11\/logo-efigenia-transparente-1.png","contentUrl":"https:\/\/www.casaefigenia.com\/wp-content\/uploads\/2022\/11\/logo-efigenia-transparente-1.png","width":394,"height":173,"caption":"Casa Efigenia"},"image":{"@id":"https:\/\/www.casaefigenia.com\/fr\/#\/schema\/logo\/image\/"}}]}},"_links":{"self":[{"href":"https:\/\/www.casaefigenia.com\/fr\/wp-json\/wp\/v2\/product\/6110","targetHints":{"allow":["GET"]}}],"collection":[{"href":"https:\/\/www.casaefigenia.com\/fr\/wp-json\/wp\/v2\/product"}],"about":[{"href":"https:\/\/www.casaefigenia.com\/fr\/wp-json\/wp\/v2\/types\/product"}],"replies":[{"embeddable":true,"href":"https:\/\/www.casaefigenia.com\/fr\/wp-json\/wp\/v2\/comments?post=6110"}],"version-history":[{"count":2,"href":"https:\/\/www.casaefigenia.com\/fr\/wp-json\/wp\/v2\/product\/6110\/revisions"}],"predecessor-version":[{"id":6265,"href":"https:\/\/www.casaefigenia.com\/fr\/wp-json\/wp\/v2\/product\/6110\/revisions\/6265"}],"wp:featuredmedia":[{"embeddable":true,"href":"https:\/\/www.casaefigenia.com\/fr\/wp-json\/wp\/v2\/media\/6106"}],"wp:attachment":[{"href":"https:\/\/www.casaefigenia.com\/fr\/wp-json\/wp\/v2\/media?parent=6110"}],"wp:term":[{"taxonomy":"brand","embeddable":true,"href":"https:\/\/www.casaefigenia.com\/fr\/wp-json\/wp\/v2\/etheme_brands?post=6110"},{"taxonomy":"product_brand","embeddable":true,"href":"https:\/\/www.casaefigenia.com\/fr\/wp-json\/wp\/v2\/product_brand?post=6110"},{"taxonomy":"product_cat","embeddable":true,"href":"https:\/\/www.casaefigenia.com\/fr\/wp-json\/wp\/v2\/product_cat?post=6110"},{"taxonomy":"product_tag","embeddable":true,"href":"https:\/\/www.casaefigenia.com\/fr\/wp-json\/wp\/v2\/product_tag?post=6110"}],"curies":[{"name":"wp","href":"https:\/\/api.w.org\/{rel}","templated":true}]}}