{"id":6084,"date":"2022-11-08T08:24:02","date_gmt":"2022-11-08T08:24:02","guid":{"rendered":"https:\/\/www.casaefigenia.com\/producto\/disfruta-de-las-galletas-gomeras-de-gofio-de-350-gramos-elaboradas-por-casa-efigenia-en-la-gomera\/"},"modified":"2023-11-04T09:03:57","modified_gmt":"2023-11-04T09:03:57","slug":"degustez-les-biscuits-gomeros-au-gofio-de-350-grammes-fabriques-par-casa-efigenia-a-la-gomera","status":"publish","type":"product","link":"https:\/\/www.casaefigenia.com\/fr\/produit\/degustez-les-biscuits-gomeros-au-gofio-de-350-grammes-fabriques-par-casa-efigenia-a-la-gomera\/","title":{"rendered":"Biscuits gomeros au gofio"},"content":{"rendered":"<p>Ingr\u00e9dients : GOFIO (MA\u00cfS, BL\u00c9 ET ORGE), SUCRE, HUILE D&rsquo;OLIVE, \u0152UFS, LAIT, ZESTE DE CITRON, AGENT LEVANT (DIPHOSPHATE DISODIQUE ET BICARBONATE DE SODIUM), SEL ET ANIS.<br \/>\nPeut contenir des traces de fruits \u00e0 coque.<\/p>\n<p><strong>Allerg\u00e8nes : Farine de bl\u00e9, \u0153ufs et lait. Peut contenir des fruits \u00e0 coque.<\/strong><\/p>\n<p>Poids net : 350 g.<\/p>\n<p>Origine : Espagne.<\/p>\n<p>Informations nutritionnelles pour 100 g.<\/p>\n<ul>\n<li>Valeur \u00e9nerg\u00e9tique (Kj\/Kcal) 1915\/475<\/li>\n<li>Mati\u00e8res grasses (g) 17,2<\/li>\n<li>Acides gras satur\u00e9s (g) 1,5<\/li>\n<li>Glucides (g) 65,5<\/li>\n<li>Sucres (g) 18,03<\/li>\n<li>Prot\u00e9ines (g) 8,05<\/li>\n<li>Sodium (g) 0,045<\/li>\n<li>Sel (g) 0,1<\/li>\n<\/ul>\n","protected":false},"excerpt":{"rendered":"<p class=\"mt-2\">Offrez-vous une douceur qui \u00e9gayera votre journ\u00e9e : les biscuits gomeros au gofio fabriqu\u00e9s par Casa Efigenia \u00e0 La Gomera. Ces douceurs, au go\u00fbt exquis et \u00e0 la fabrication artisanale, sont un v\u00e9ritable r\u00e9gal pour le palais et un embl\u00e8me de la riche tradition p\u00e2tissi\u00e8re de l&rsquo;\u00eele.<\/p>\n<p class=\"mt-2\">Les douceurs gomeras sont reconnues pour leur qualit\u00e9 et leur authenticit\u00e9, aussi bien \u00e0 l&rsquo;int\u00e9rieur qu&rsquo;\u00e0 l&rsquo;ext\u00e9rieur de La Gomera. Parmi cette vari\u00e9t\u00e9, les biscuits au gofio se distinguent par leur recette traditionnelle et leur pr\u00e9paration m\u00e9ticuleuse. Casa Efigenia, reconnue pour son engagement envers les produits artisanaux, les r\u00e9alise avec des ingr\u00e9dients s\u00e9lectionn\u00e9s et naturels tels que le gofio de ma\u00efs, de bl\u00e9 et d&rsquo;orge, de l&rsquo;huile d&rsquo;olive, des \u0153ufs, du lait et du zeste de citron.<\/p>\n<p class=\"mt-2\">Lorsque vous achetez des biscuits gomeros au gofio fabriqu\u00e9s par Casa Efigenia \u00e0 La Gomera, vous rapportez chez vous 350 grammes d&rsquo;une v\u00e9ritable exp\u00e9rience culinaire. Les biscuits au gofio sont la meilleure introduction \u00e0 la p\u00e2tisserie gomera, et \u00e0 chaque bouch\u00e9e, vous pouvez appr\u00e9cier le soin et la tradition qui entrent dans leur pr\u00e9paration.<\/p>\n<p class=\"mt-2\">De plus, en choisissant ces biscuits, vous soutenez l&rsquo;\u00e9conomie locale et l&rsquo;art culinaire traditionnel de l&rsquo;\u00eele. La philosophie de Casa Efigenia repose sur l&rsquo;utilisation d&rsquo;ingr\u00e9dients locaux et sur une production artisanale, faisant de chaque biscuit un v\u00e9ritable hommage \u00e0 La Gomera et \u00e0 sa culture.<\/p>\n<p class=\"mt-2\">N&rsquo;attendez plus et d\u00e9couvrez par vous-m\u00eame la d\u00e9licieuse tradition p\u00e2tissi\u00e8re de La Gomera avec l&rsquo;achat de biscuits gomeros au gofio de Casa Efigenia. Cette gourmandise de 350 grammes sera sans aucun doute un ajout d\u00e9licieux \u00e0 votre garde-manger.<\/p>\n","protected":false},"featured_media":6080,"comment_status":"closed","ping_status":"closed","template":"","meta":[],"etheme_brands":[],"product_brand":[],"product_cat":[102],"product_tag":[],"class_list":{"0":"post-6084","1":"product","2":"type-product","3":"status-publish","4":"has-post-thumbnail","6":"product_cat-biscuits","8":"first","9":"instock","10":"taxable","11":"shipping-taxable","12":"purchasable","13":"product-type-simple"},"yoast_head":"<!-- This site is optimized with the Yoast SEO plugin v27.5 - https:\/\/yoast.com\/product\/yoast-seo-wordpress\/ -->\n<title>D\u00e9gustez les biscuits gomeros au gofio de 350 grammes, fabriqu\u00e9s par Casa Efigenia \u00e0 La Gomera<\/title>\n<meta name=\"description\" content=\"Achetez des biscuits gomeros au gofio, une douceur authentique de La Gomera. Casa Efigenia vous propose 350 grammes de saveur artisanale.\" \/>\n<meta name=\"robots\" content=\"index, follow, max-snippet:-1, max-image-preview:large, max-video-preview:-1\" \/>\n<link rel=\"canonical\" href=\"https:\/\/www.casaefigenia.com\/fr\/produit\/degustez-les-biscuits-gomeros-au-gofio-de-350-grammes-fabriques-par-casa-efigenia-a-la-gomera\/\" \/>\n<meta property=\"og:locale\" content=\"fr_FR\" \/>\n<meta property=\"og:type\" content=\"article\" \/>\n<meta property=\"og:title\" content=\"D\u00e9gustez les biscuits gomeros au gofio de 350 grammes, fabriqu\u00e9s par Casa Efigenia \u00e0 La Gomera\" \/>\n<meta property=\"og:description\" content=\"Achetez des biscuits gomeros au gofio, une douceur authentique de La Gomera. Casa Efigenia vous propose 350 grammes de saveur artisanale.\" \/>\n<meta property=\"og:url\" content=\"https:\/\/www.casaefigenia.com\/fr\/produit\/degustez-les-biscuits-gomeros-au-gofio-de-350-grammes-fabriques-par-casa-efigenia-a-la-gomera\/\" \/>\n<meta property=\"og:site_name\" content=\"Casa Efigenia\" \/>\n<meta property=\"article:modified_time\" content=\"2023-11-04T09:03:57+00:00\" \/>\n<meta property=\"og:image\" content=\"https:\/\/www.casaefigenia.com\/wp-content\/uploads\/2022\/11\/galletas-gofio.jpg\" \/>\n\t<meta property=\"og:image:width\" content=\"1026\" \/>\n\t<meta property=\"og:image:height\" content=\"1026\" \/>\n\t<meta property=\"og:image:type\" content=\"image\/jpeg\" \/>\n<meta name=\"twitter:card\" content=\"summary_large_image\" \/>\n<meta name=\"twitter:label1\" content=\"Dur\u00e9e de lecture estim\u00e9e\" \/>\n\t<meta name=\"twitter:data1\" content=\"1 minute\" \/>\n<script type=\"application\/ld+json\" class=\"yoast-schema-graph\">{\"@context\":\"https:\\\/\\\/schema.org\",\"@graph\":[{\"@type\":\"WebPage\",\"@id\":\"https:\\\/\\\/www.casaefigenia.com\\\/fr\\\/produit\\\/degustez-les-biscuits-gomeros-au-gofio-de-350-grammes-fabriques-par-casa-efigenia-a-la-gomera\\\/\",\"url\":\"https:\\\/\\\/www.casaefigenia.com\\\/fr\\\/produit\\\/degustez-les-biscuits-gomeros-au-gofio-de-350-grammes-fabriques-par-casa-efigenia-a-la-gomera\\\/\",\"name\":\"D\u00e9gustez les biscuits gomeros au gofio de 350 grammes, fabriqu\u00e9s par Casa Efigenia \u00e0 La Gomera\",\"isPartOf\":{\"@id\":\"https:\\\/\\\/www.casaefigenia.com\\\/fr\\\/#website\"},\"primaryImageOfPage\":{\"@id\":\"https:\\\/\\\/www.casaefigenia.com\\\/fr\\\/produit\\\/degustez-les-biscuits-gomeros-au-gofio-de-350-grammes-fabriques-par-casa-efigenia-a-la-gomera\\\/#primaryimage\"},\"image\":{\"@id\":\"https:\\\/\\\/www.casaefigenia.com\\\/fr\\\/produit\\\/degustez-les-biscuits-gomeros-au-gofio-de-350-grammes-fabriques-par-casa-efigenia-a-la-gomera\\\/#primaryimage\"},\"thumbnailUrl\":\"https:\\\/\\\/www.casaefigenia.com\\\/wp-content\\\/uploads\\\/2022\\\/11\\\/galletas-gofio.jpg\",\"datePublished\":\"2022-11-08T08:24:02+00:00\",\"dateModified\":\"2023-11-04T09:03:57+00:00\",\"description\":\"Achetez des biscuits gomeros au gofio, une douceur authentique de La Gomera. Casa Efigenia vous propose 350 grammes de saveur artisanale.\",\"breadcrumb\":{\"@id\":\"https:\\\/\\\/www.casaefigenia.com\\\/fr\\\/produit\\\/degustez-les-biscuits-gomeros-au-gofio-de-350-grammes-fabriques-par-casa-efigenia-a-la-gomera\\\/#breadcrumb\"},\"inLanguage\":\"fr-FR\",\"potentialAction\":[{\"@type\":\"ReadAction\",\"target\":[\"https:\\\/\\\/www.casaefigenia.com\\\/fr\\\/produit\\\/degustez-les-biscuits-gomeros-au-gofio-de-350-grammes-fabriques-par-casa-efigenia-a-la-gomera\\\/\"]}]},{\"@type\":\"ImageObject\",\"inLanguage\":\"fr-FR\",\"@id\":\"https:\\\/\\\/www.casaefigenia.com\\\/fr\\\/produit\\\/degustez-les-biscuits-gomeros-au-gofio-de-350-grammes-fabriques-par-casa-efigenia-a-la-gomera\\\/#primaryimage\",\"url\":\"https:\\\/\\\/www.casaefigenia.com\\\/wp-content\\\/uploads\\\/2022\\\/11\\\/galletas-gofio.jpg\",\"contentUrl\":\"https:\\\/\\\/www.casaefigenia.com\\\/wp-content\\\/uploads\\\/2022\\\/11\\\/galletas-gofio.jpg\",\"width\":1026,\"height\":1026},{\"@type\":\"BreadcrumbList\",\"@id\":\"https:\\\/\\\/www.casaefigenia.com\\\/fr\\\/produit\\\/degustez-les-biscuits-gomeros-au-gofio-de-350-grammes-fabriques-par-casa-efigenia-a-la-gomera\\\/#breadcrumb\",\"itemListElement\":[{\"@type\":\"ListItem\",\"position\":1,\"name\":\"Portada\",\"item\":\"https:\\\/\\\/www.casaefigenia.com\\\/fr\\\/\"},{\"@type\":\"ListItem\",\"position\":2,\"name\":\"Boutique\",\"item\":\"https:\\\/\\\/www.casaefigenia.com\\\/fr\\\/boutique\\\/\"},{\"@type\":\"ListItem\",\"position\":3,\"name\":\"Biscuits gomeros au gofio\"}]},{\"@type\":\"WebSite\",\"@id\":\"https:\\\/\\\/www.casaefigenia.com\\\/fr\\\/#website\",\"url\":\"https:\\\/\\\/www.casaefigenia.com\\\/fr\\\/\",\"name\":\"Casa Efigenia\",\"description\":\"Bienvenido a Casa Efigenia. Tradici\u00f3n y calidad desde hace m\u00e1s de cincuenta a\u00f1os.\",\"publisher\":{\"@id\":\"https:\\\/\\\/www.casaefigenia.com\\\/fr\\\/#organization\"},\"potentialAction\":[{\"@type\":\"SearchAction\",\"target\":{\"@type\":\"EntryPoint\",\"urlTemplate\":\"https:\\\/\\\/www.casaefigenia.com\\\/fr\\\/?s={search_term_string}\"},\"query-input\":{\"@type\":\"PropertyValueSpecification\",\"valueRequired\":true,\"valueName\":\"search_term_string\"}}],\"inLanguage\":\"fr-FR\"},{\"@type\":\"Organization\",\"@id\":\"https:\\\/\\\/www.casaefigenia.com\\\/fr\\\/#organization\",\"name\":\"Casa Efigenia\",\"url\":\"https:\\\/\\\/www.casaefigenia.com\\\/fr\\\/\",\"logo\":{\"@type\":\"ImageObject\",\"inLanguage\":\"fr-FR\",\"@id\":\"https:\\\/\\\/www.casaefigenia.com\\\/fr\\\/#\\\/schema\\\/logo\\\/image\\\/\",\"url\":\"https:\\\/\\\/www.casaefigenia.com\\\/wp-content\\\/uploads\\\/2022\\\/11\\\/logo-efigenia-transparente-1.png\",\"contentUrl\":\"https:\\\/\\\/www.casaefigenia.com\\\/wp-content\\\/uploads\\\/2022\\\/11\\\/logo-efigenia-transparente-1.png\",\"width\":394,\"height\":173,\"caption\":\"Casa Efigenia\"},\"image\":{\"@id\":\"https:\\\/\\\/www.casaefigenia.com\\\/fr\\\/#\\\/schema\\\/logo\\\/image\\\/\"}}]}<\/script>\n<!-- \/ Yoast SEO plugin. -->","yoast_head_json":{"title":"D\u00e9gustez les biscuits gomeros au gofio de 350 grammes, fabriqu\u00e9s par Casa Efigenia \u00e0 La Gomera","description":"Achetez des biscuits gomeros au gofio, une douceur authentique de La Gomera. Casa Efigenia vous propose 350 grammes de saveur artisanale.","robots":{"index":"index","follow":"follow","max-snippet":"max-snippet:-1","max-image-preview":"max-image-preview:large","max-video-preview":"max-video-preview:-1"},"canonical":"https:\/\/www.casaefigenia.com\/fr\/produit\/degustez-les-biscuits-gomeros-au-gofio-de-350-grammes-fabriques-par-casa-efigenia-a-la-gomera\/","og_locale":"fr_FR","og_type":"article","og_title":"D\u00e9gustez les biscuits gomeros au gofio de 350 grammes, fabriqu\u00e9s par Casa Efigenia \u00e0 La Gomera","og_description":"Achetez des biscuits gomeros au gofio, une douceur authentique de La Gomera. Casa Efigenia vous propose 350 grammes de saveur artisanale.","og_url":"https:\/\/www.casaefigenia.com\/fr\/produit\/degustez-les-biscuits-gomeros-au-gofio-de-350-grammes-fabriques-par-casa-efigenia-a-la-gomera\/","og_site_name":"Casa Efigenia","article_modified_time":"2023-11-04T09:03:57+00:00","og_image":[{"width":1026,"height":1026,"url":"https:\/\/www.casaefigenia.com\/wp-content\/uploads\/2022\/11\/galletas-gofio.jpg","type":"image\/jpeg"}],"twitter_card":"summary_large_image","twitter_misc":{"Dur\u00e9e de lecture estim\u00e9e":"1 minute"},"schema":{"@context":"https:\/\/schema.org","@graph":[{"@type":"WebPage","@id":"https:\/\/www.casaefigenia.com\/fr\/produit\/degustez-les-biscuits-gomeros-au-gofio-de-350-grammes-fabriques-par-casa-efigenia-a-la-gomera\/","url":"https:\/\/www.casaefigenia.com\/fr\/produit\/degustez-les-biscuits-gomeros-au-gofio-de-350-grammes-fabriques-par-casa-efigenia-a-la-gomera\/","name":"D\u00e9gustez les biscuits gomeros au gofio de 350 grammes, fabriqu\u00e9s par Casa Efigenia \u00e0 La Gomera","isPartOf":{"@id":"https:\/\/www.casaefigenia.com\/fr\/#website"},"primaryImageOfPage":{"@id":"https:\/\/www.casaefigenia.com\/fr\/produit\/degustez-les-biscuits-gomeros-au-gofio-de-350-grammes-fabriques-par-casa-efigenia-a-la-gomera\/#primaryimage"},"image":{"@id":"https:\/\/www.casaefigenia.com\/fr\/produit\/degustez-les-biscuits-gomeros-au-gofio-de-350-grammes-fabriques-par-casa-efigenia-a-la-gomera\/#primaryimage"},"thumbnailUrl":"https:\/\/www.casaefigenia.com\/wp-content\/uploads\/2022\/11\/galletas-gofio.jpg","datePublished":"2022-11-08T08:24:02+00:00","dateModified":"2023-11-04T09:03:57+00:00","description":"Achetez des biscuits gomeros au gofio, une douceur authentique de La Gomera. Casa Efigenia vous propose 350 grammes de saveur artisanale.","breadcrumb":{"@id":"https:\/\/www.casaefigenia.com\/fr\/produit\/degustez-les-biscuits-gomeros-au-gofio-de-350-grammes-fabriques-par-casa-efigenia-a-la-gomera\/#breadcrumb"},"inLanguage":"fr-FR","potentialAction":[{"@type":"ReadAction","target":["https:\/\/www.casaefigenia.com\/fr\/produit\/degustez-les-biscuits-gomeros-au-gofio-de-350-grammes-fabriques-par-casa-efigenia-a-la-gomera\/"]}]},{"@type":"ImageObject","inLanguage":"fr-FR","@id":"https:\/\/www.casaefigenia.com\/fr\/produit\/degustez-les-biscuits-gomeros-au-gofio-de-350-grammes-fabriques-par-casa-efigenia-a-la-gomera\/#primaryimage","url":"https:\/\/www.casaefigenia.com\/wp-content\/uploads\/2022\/11\/galletas-gofio.jpg","contentUrl":"https:\/\/www.casaefigenia.com\/wp-content\/uploads\/2022\/11\/galletas-gofio.jpg","width":1026,"height":1026},{"@type":"BreadcrumbList","@id":"https:\/\/www.casaefigenia.com\/fr\/produit\/degustez-les-biscuits-gomeros-au-gofio-de-350-grammes-fabriques-par-casa-efigenia-a-la-gomera\/#breadcrumb","itemListElement":[{"@type":"ListItem","position":1,"name":"Portada","item":"https:\/\/www.casaefigenia.com\/fr\/"},{"@type":"ListItem","position":2,"name":"Boutique","item":"https:\/\/www.casaefigenia.com\/fr\/boutique\/"},{"@type":"ListItem","position":3,"name":"Biscuits gomeros au gofio"}]},{"@type":"WebSite","@id":"https:\/\/www.casaefigenia.com\/fr\/#website","url":"https:\/\/www.casaefigenia.com\/fr\/","name":"Casa Efigenia","description":"Bienvenido a Casa Efigenia. Tradici\u00f3n y calidad desde hace m\u00e1s de cincuenta a\u00f1os.","publisher":{"@id":"https:\/\/www.casaefigenia.com\/fr\/#organization"},"potentialAction":[{"@type":"SearchAction","target":{"@type":"EntryPoint","urlTemplate":"https:\/\/www.casaefigenia.com\/fr\/?s={search_term_string}"},"query-input":{"@type":"PropertyValueSpecification","valueRequired":true,"valueName":"search_term_string"}}],"inLanguage":"fr-FR"},{"@type":"Organization","@id":"https:\/\/www.casaefigenia.com\/fr\/#organization","name":"Casa Efigenia","url":"https:\/\/www.casaefigenia.com\/fr\/","logo":{"@type":"ImageObject","inLanguage":"fr-FR","@id":"https:\/\/www.casaefigenia.com\/fr\/#\/schema\/logo\/image\/","url":"https:\/\/www.casaefigenia.com\/wp-content\/uploads\/2022\/11\/logo-efigenia-transparente-1.png","contentUrl":"https:\/\/www.casaefigenia.com\/wp-content\/uploads\/2022\/11\/logo-efigenia-transparente-1.png","width":394,"height":173,"caption":"Casa Efigenia"},"image":{"@id":"https:\/\/www.casaefigenia.com\/fr\/#\/schema\/logo\/image\/"}}]}},"_links":{"self":[{"href":"https:\/\/www.casaefigenia.com\/fr\/wp-json\/wp\/v2\/product\/6084","targetHints":{"allow":["GET"]}}],"collection":[{"href":"https:\/\/www.casaefigenia.com\/fr\/wp-json\/wp\/v2\/product"}],"about":[{"href":"https:\/\/www.casaefigenia.com\/fr\/wp-json\/wp\/v2\/types\/product"}],"replies":[{"embeddable":true,"href":"https:\/\/www.casaefigenia.com\/fr\/wp-json\/wp\/v2\/comments?post=6084"}],"version-history":[{"count":3,"href":"https:\/\/www.casaefigenia.com\/fr\/wp-json\/wp\/v2\/product\/6084\/revisions"}],"predecessor-version":[{"id":6256,"href":"https:\/\/www.casaefigenia.com\/fr\/wp-json\/wp\/v2\/product\/6084\/revisions\/6256"}],"wp:featuredmedia":[{"embeddable":true,"href":"https:\/\/www.casaefigenia.com\/fr\/wp-json\/wp\/v2\/media\/6080"}],"wp:attachment":[{"href":"https:\/\/www.casaefigenia.com\/fr\/wp-json\/wp\/v2\/media?parent=6084"}],"wp:term":[{"taxonomy":"brand","embeddable":true,"href":"https:\/\/www.casaefigenia.com\/fr\/wp-json\/wp\/v2\/etheme_brands?post=6084"},{"taxonomy":"product_brand","embeddable":true,"href":"https:\/\/www.casaefigenia.com\/fr\/wp-json\/wp\/v2\/product_brand?post=6084"},{"taxonomy":"product_cat","embeddable":true,"href":"https:\/\/www.casaefigenia.com\/fr\/wp-json\/wp\/v2\/product_cat?post=6084"},{"taxonomy":"product_tag","embeddable":true,"href":"https:\/\/www.casaefigenia.com\/fr\/wp-json\/wp\/v2\/product_tag?post=6084"}],"curies":[{"name":"wp","href":"https:\/\/api.w.org\/{rel}","templated":true}]}}