{"id":6175,"date":"2023-06-13T12:06:01","date_gmt":"2023-06-13T12:06:01","guid":{"rendered":"https:\/\/www.casaefigenia.com\/informacion-sobre-proteccion-de-datos\/"},"modified":"2023-06-13T12:18:55","modified_gmt":"2023-06-13T12:18:55","slug":"donnees-relatives-au-responsable","status":"publish","type":"page","link":"https:\/\/www.casaefigenia.com\/fr\/donnees-relatives-au-responsable\/","title":{"rendered":"Donn\u00e9es relatives au Responsable"},"content":{"rendered":"\n<ol>\n\t\t\t<br>\n\t\t\t<li><strong>Donn\u00e9es relatives au responsable<\/strong><\/li>\t\t<b>Responsable du traitement<\/b><br>\n\t\t\t\t\t\t\t\t\t\t\t\t\t\t&nbsp;&nbsp;&#8211; Entit\u00e9 : CASA EFIGENIA SL<br>\n\t\t\t\t\t\t\t\t\t\t\t\t\t\t&nbsp;&nbsp;&#8211; Num\u00e9ro d&rsquo;identification de l&rsquo;entit\u00e9 : B38900270<br>\n\t\t\t\t\t\t\t\t\t\t\t\t\t\t&nbsp;&nbsp;&#8211; Adresse de l&rsquo;entit\u00e9 : LAS HAYAS, 15 &#8211; (38892) ARURE<br>\n\t\t\t\t\t\t\t\t\t\t\t\t\t\t&nbsp;&nbsp;&#8211; Adresse e-mail de l&rsquo;entit\u00e9 : INFO@CASAEFIGENIA.COM<br>\n\t\t\t\t\t\t\t\t\t\t\t\t\t\t<!--\n\t\t\t\t\t\t\t\t\t\t\t\t\t\tFrancesc->Changement effectu\u00e9 le 17\/05\/2023->Nuria a dit que le responsable du traitement est le responsable l\u00e9gal de l'entreprise et non le responsable de s\u00e9curit\u00e9 qui appara\u00eet dans la fiche client \n\t\t\t\t\t\t\t\t\t\t\t\t\t\t&nbsp;&nbsp;- Responsable du traitement : SERGIO ALEJANDRO MENDEZ BORGES<br>\n\t\t\t\t\t\t\t\t\t\t\t\t\t\t&nbsp;&nbsp;- T\u00e9l\u00e9phone du responsable du traitement : 922804077<br>\n\t\t\t\t\t\t\t\t\t\t\t\t\t\t&nbsp;&nbsp;- Adresse e-mail du responsable du traitement : INFO@CASAEFIGENIA.COM<br> \n\t\t\t\t\t\t\t\t\t\t\t\t\t\t-->\n\t\t\t\t\t\t\t\t\t\t\t\t\t\t&nbsp;&nbsp;&#8211; Responsable du traitement : SERGIO ALEJANDRO MENDEZ BORGES<br>\n\t\t\t\t\t\t\t\t\t\t\t\t\t\t&nbsp;&nbsp;&#8211; T\u00e9l\u00e9phone du responsable du traitement : 667479747<br>\n\t\t\t\t\t\t\t\t\t\t\t\t\t\t&nbsp;&nbsp;&#8211; Adresse e-mail du responsable du traitement : INFO@CASAEFIGENIA.COM<br>\n\n\t\t\t\t\t\t\t\t\t\t\t\t\t\t\n\t\t<br>\n\t\t<br>\n\t\t<li><strong>Finalit\u00e9s<\/strong><\/li>\n\t\t<br>\n\t\t\t<p>\n\t\t\t\t\tConform\u00e9ment au R\u00e8glement G\u00e9n\u00e9ral sur la Protection des Donn\u00e9es de l&rsquo;Union europ\u00e9enne 2016\/679 et \u00e0 la Loi Organique 3\/2018 sur la Protection des Donn\u00e9es Personnelles et les Garanties des Droits Num\u00e9riques, nous vous informons que, selon la relation que vous entretenez avec nous, chez <strong>CASA EFIGENIA SL<\/strong>, nous traitons les donn\u00e9es que vous nous fournissez pour l&rsquo;une ou plusieurs des finalit\u00e9s suivantes :\n\t\t\t<\/p>\n\t\t\t<ul>\n\t\t\t\t<li>Cr\u00e9ation de profil sur le site web<\/li><li>Envoi d&rsquo;informations commerciales de l&rsquo;entit\u00e9 par courrier postal, courrier \u00e9lectronique ou autres moyens<\/li><li>Passation de commandes<\/li>\n\t\t\t<\/ul>\n\t\t\t<br>\n\t\t\t<li><strong>Dur\u00e9e de conservation des donn\u00e9es<\/strong><\/li>\n\t\t\t<br>\n\t\t\t\t<p>\n\t\t\t\t\t<!-- Vos donn\u00e9es seront conserv\u00e9es pendant toute la dur\u00e9e de la relation contractuelle, commerciale ou autre avec notre entit\u00e9, jusqu'\u00e0 ce que vous demandiez leur suppression, ainsi que le temps n\u00e9cessaire pour remplir les obligations l\u00e9gales. -->\n\t\t\t\t\t<!-- Vos donn\u00e9es seront conserv\u00e9es pendant une dur\u00e9e conforme au contrat, commercial ou autre avec notre entit\u00e9, jusqu'\u00e0 ce que vous demandiez leur suppression, et les donn\u00e9es seront \u00e9galement stock\u00e9es pendant le temps n\u00e9cessaire pour remplir les obligations l\u00e9gales. -->\n\n\t\t\t\t\tVos donn\u00e9es seront conserv\u00e9es pendant une dur\u00e9e conforme au contrat. Si vous souhaitez les supprimer de mani\u00e8re anticip\u00e9e, veuillez en faire la demande en exercant votre droit de suppression. \n\t\t\t\t\tDe plus, les donn\u00e9es qui doivent \u00eatre conserv\u00e9es pour des raisons l\u00e9gales sp\u00e9cifiques seront bloqu\u00e9es et ne seront accessibles qu&rsquo;aux autorit\u00e9s publiques comp\u00e9tentes.\n\t\t\t<\/p>\n\n\t\t\t<br>\n\t\t\t<li><strong>L\u00e9gitimation<\/strong><\/li>\n\t\t\t<br>\n\t\t\t\t<p>\n\t\t\t\t\tLa base l\u00e9gale du traitement de vos donn\u00e9es repose sur :\n\t\t\t<\/p>\n\t\t\t<ul>\n\t\t\t\t<li>Consentement explicite<\/li>\t\t\t\t<\/ul>\n\t\t\t<br>\n\t\t\t<li><strong>Destinataires<\/strong><\/li>\n\t\t\t<br>\n\t\t\t\t<p>\n\t\t\t\t\tVos donn\u00e9es personnelles seront communiqu\u00e9es \u00e0 des tiers dans les situations suivantes :\n\t\t\t<\/p>\n\t\t\t<ul>\n\t\t\t\t<li>Administration fiscale<\/li><li>Soci\u00e9t\u00e9s informatiques assurant la maintenance des logiciels et mat\u00e9riels<\/li><li>Gestion\/Conseil<\/li>\t\t\t\t<\/ul>\n\t\t\t<br>\n\t\t\t<li><strong>Droits<\/strong><\/li>\n\t\t\t<br>\n\t\t\t\t<p>\n\t\t\t\t\t\tVous avez le droit de savoir si chez <strong>CASA EFIGENIA SL<\/strong> nous traitons des donn\u00e9es personnelles vous concernant.\n\t\t\t\t<\/p>\n\t\t\t\t<p>\n\t\t\t\tVous avez \u00e9galement le droit d&rsquo;acc\u00e9der \u00e0 vos donn\u00e9es personnelles et de demander la <em>rectification<\/em> des donn\u00e9es inexactes ou, le cas \u00e9ch\u00e9ant, de demander leur <em>suppression<\/em> lorsque, entre autres motifs, les donn\u00e9es ne sont plus n\u00e9cessaires aux fins pour lesquelles elles ont \u00e9t\u00e9 collect\u00e9es.\n\t\t\t\t<\/p>\n\t\t\t\t<p>\n\t\t\t\t\tDans certaines circonstances, vous pouvez demander la <em>limitation du traitement<\/em> de vos donn\u00e9es, auquel cas nous les conserverons uniquement pour exercer ou d\u00e9fendre des r\u00e9clamations.\n\t\t\t\t<\/p>\n\t\t\t\t<p>\n\t\t\t\t\tDe plus, dans certaines circonstances et pour des raisons li\u00e9es \u00e0 votre situation particuli\u00e8re, vous pouvez exercer le droit d&rsquo;<em>opposition<\/em> au traitement de vos donn\u00e9es. <strong>CASA EFIGENIA SL<\/strong> cessera de traiter les donn\u00e9es, sauf en cas de motifs l\u00e9gitimes imp\u00e9rieux ou d&rsquo;exercice ou de d\u00e9fense d&rsquo;\u00e9ventuelles r\u00e9clamations.\n\t\t\t\t<\/p>\n\t\t\t\t<p>\n\t\t\t\t\tVous pouvez \u00e9galement exercer le droit \u00e0 la <em>portabilit\u00e9<\/em> des donn\u00e9es et retirer les consentements donn\u00e9s \u00e0 tout moment, sans affecter la lic\u00e9it\u00e9 du traitement fond\u00e9 sur le consentement pr\u00e9alable \u00e0 leur retrait.\n\t\t\t\t<\/p>\n\t\t\t\t<p>\n\t\t\t\t\tSi vous souhaitez exercer l&rsquo;un de ces droits, vous pouvez le faire en utilisant les liens ci-dessous :\n\t\t\t\t<\/p>\n\t\t\t\t<ul>\n\t\t\t\t\t<li>Pour exercer votre droit d&rsquo;<strong>Acc\u00e8s<\/strong>, cliquez <a href=\"https:\/\/intranet.laboralrgpd.com\/webApp\/clientes_derechos\/derechos-formulario.php?id_cliente=akNJdmEybTI1UWtSbHIwbHFOajN6UT09\" target=\"_blank\" rel=\"noopener\">ici<\/a><\/li>\n\t\t\t\t\t<li>Pour exercer votre droit de <strong>Rectification<\/strong>, cliquez <a href=\"https:\/\/intranet.laboralrgpd.com\/webApp\/clientes_derechos\/derechos-formulario.php?id_cliente=akNJdmEybTI1UWtSbHIwbHFOajN6UT09\" target=\"_blank\" rel=\"noopener\">ici<\/a><\/li>\n\t\t\t\t\t<li>Pour exercer votre droit de <strong>Suppression (Oubli)<\/strong>, cliquez <a href=\"https:\/\/intranet.laboralrgpd.com\/webApp\/clientes_derechos\/derechos-formulario.php?id_cliente=akNJdmEybTI1UWtSbHIwbHFOajN6UT09\" target=\"_blank\" rel=\"noopener\">ici<\/a><\/li>\n\t\t\t\t\t<li>Pour exercer votre droit de <strong>Limitation du traitement<\/strong>, cliquez <a href=\"https:\/\/intranet.laboralrgpd.com\/webApp\/clientes_derechos\/derechos-formulario.php?id_cliente=akNJdmEybTI1UWtSbHIwbHFOajN6UT09\" target=\"_blank\" rel=\"noopener\">ici<\/a><\/li>\n\t\t\t\t\t<li>Pour exercer votre droit d&rsquo;<strong>Oposition<\/strong>, cliquez <a href=\"https:\/\/intranet.laboralrgpd.com\/webApp\/clientes_derechos\/derechos-formulario.php?id_cliente=akNJdmEybTI1UWtSbHIwbHFOajN6UT09\" target=\"_blank\" rel=\"noopener\">ici<\/a><\/li>\n\t\t\t\t\t<li>Pour exercer votre droit de <strong>Portabilit\u00e9<\/strong>, cliquez <a href=\"https:\/\/intranet.laboralrgpd.com\/webApp\/clientes_derechos\/derechos-formulario.php?id_cliente=akNJdmEybTI1UWtSbHIwbHFOajN6UT09\" target=\"_blank\" rel=\"noopener\">ici<\/a><\/li>\n\t\t\t\t<\/ul>\n\t\t\t\t<p>\n\t\t\t\t\tAlternativement, vous pouvez \u00e9galement nous contacter par courrier postal \u00e0 l&rsquo;adresse suivante : <strong>LAS HAYAS, 15 &#8211; (38892) ARURE<\/strong>, en joignant une photocopie de votre pi\u00e8ce d&rsquo;identit\u00e9 pour v\u00e9rifier votre identit\u00e9. Veuillez fournir autant d&rsquo;informations que possible concernant votre demande : nom et pr\u00e9nom, adresse e-mail utilis\u00e9e pour le compte ou le portail concern\u00e9 par votre demande.\n\t\t\t\t<\/p>\n\t\t\t\t<p>\n\t\t\t\t\tEnfin, veuillez noter que vous avez le droit de d\u00e9poser une plainte aupr\u00e8s de l&rsquo;Agence espagnole de protection des donn\u00e9es et d&rsquo;autres autorit\u00e9s publiques comp\u00e9tentes pour toute r\u00e9clamation li\u00e9e au traitement de vos donn\u00e9es personnelles.\n\t\t\t\t<\/p>\n\t\t\t\t<br>\n\t\t\t<li><strong>Politique de cookies<\/strong><\/li>\n\t\t\t<br>\n\t\t\t\t<p>\n\t\t\t\t\tPour conna\u00eetre les cookies que nous utilisons sur notre site, vous pouvez consulter notre Politique de Cookies via le lien suivant : <a href=\"https:\/\/intranet.laboralrgpd.com\/politicaCookies\/index.php?sid=akNJdmEybTI1UWtSbHIwbHFOajN6UT09\" target=\"_blank\" rel=\"noopener\">politique de cookies<\/a>.\n\t\t\t\t<\/p>\n\t<\/ol>\n\n","protected":false},"excerpt":{"rendered":"<p>Donn\u00e9es relatives au responsable Responsable du traitement &nbsp;&nbsp;&#8211; Entit\u00e9 : CASA EFIGENIA SL &nbsp;&nbsp;&#8211; Num\u00e9ro d&rsquo;identification de l&rsquo;entit\u00e9 : B38900270 &nbsp;&nbsp;&#8211; Adresse de l&rsquo;entit\u00e9 : LAS HAYAS, 15 &#8211; (38892) ARURE &nbsp;&nbsp;&#8211; Adresse e-mail de l&rsquo;entit\u00e9 : INFO@CASAEFIGENIA.COM &nbsp;&nbsp;&#8211; Responsable du traitement : SERGIO ALEJANDRO MENDEZ BORGES &nbsp;&nbsp;&#8211; T\u00e9l\u00e9phone du responsable du traitement : 667479747<a href=\"https:\/\/www.casaefigenia.com\/fr\/donnees-relatives-au-responsable\/\">Continue reading <span class=\"sr-only\">\u00ab\u00a0Donn\u00e9es relatives au Responsable\u00a0\u00bb<\/span><\/a><\/p>\n","protected":false},"author":1,"featured_media":0,"parent":0,"menu_order":0,"comment_status":"closed","ping_status":"closed","template":"","meta":{"footnotes":""},"class_list":["post-6175","page","type-page","status-publish","hentry"],"yoast_head":"<!-- This site is optimized with the Yoast SEO plugin v27.5 - https:\/\/yoast.com\/product\/yoast-seo-wordpress\/ -->\n<title>Donn\u00e9es relatives au Responsable - Casa Efigenia<\/title>\n<meta name=\"robots\" content=\"index, follow, max-snippet:-1, max-image-preview:large, max-video-preview:-1\" \/>\n<link rel=\"canonical\" href=\"https:\/\/www.casaefigenia.com\/fr\/donnees-relatives-au-responsable\/\" \/>\n<meta property=\"og:locale\" content=\"fr_FR\" \/>\n<meta property=\"og:type\" content=\"article\" \/>\n<meta property=\"og:title\" content=\"Donn\u00e9es relatives au Responsable - Casa Efigenia\" \/>\n<meta property=\"og:description\" content=\"Donn\u00e9es relatives au responsable Responsable du traitement &nbsp;&nbsp;&#8211; Entit\u00e9 : CASA EFIGENIA SL &nbsp;&nbsp;&#8211; Num\u00e9ro d&rsquo;identification de l&rsquo;entit\u00e9 : B38900270 &nbsp;&nbsp;&#8211; Adresse de l&rsquo;entit\u00e9 : LAS HAYAS, 15 &#8211; (38892) ARURE &nbsp;&nbsp;&#8211; Adresse e-mail de l&rsquo;entit\u00e9 : INFO@CASAEFIGENIA.COM &nbsp;&nbsp;&#8211; Responsable du traitement : SERGIO ALEJANDRO MENDEZ BORGES &nbsp;&nbsp;&#8211; T\u00e9l\u00e9phone du responsable du traitement : 667479747Continue reading &quot;Donn\u00e9es relatives au Responsable&quot;\" \/>\n<meta property=\"og:url\" content=\"https:\/\/www.casaefigenia.com\/fr\/donnees-relatives-au-responsable\/\" \/>\n<meta property=\"og:site_name\" content=\"Casa Efigenia\" \/>\n<meta property=\"article:modified_time\" content=\"2023-06-13T12:18:55+00:00\" \/>\n<meta name=\"twitter:card\" content=\"summary_large_image\" \/>\n<meta name=\"twitter:label1\" content=\"Dur\u00e9e de lecture estim\u00e9e\" \/>\n\t<meta name=\"twitter:data1\" content=\"3 minutes\" \/>\n<script type=\"application\/ld+json\" class=\"yoast-schema-graph\">{\"@context\":\"https:\\\/\\\/schema.org\",\"@graph\":[{\"@type\":\"WebPage\",\"@id\":\"https:\\\/\\\/www.casaefigenia.com\\\/fr\\\/donnees-relatives-au-responsable\\\/\",\"url\":\"https:\\\/\\\/www.casaefigenia.com\\\/fr\\\/donnees-relatives-au-responsable\\\/\",\"name\":\"Donn\u00e9es relatives au Responsable - Casa Efigenia\",\"isPartOf\":{\"@id\":\"https:\\\/\\\/www.casaefigenia.com\\\/fr\\\/#website\"},\"datePublished\":\"2023-06-13T12:06:01+00:00\",\"dateModified\":\"2023-06-13T12:18:55+00:00\",\"breadcrumb\":{\"@id\":\"https:\\\/\\\/www.casaefigenia.com\\\/fr\\\/donnees-relatives-au-responsable\\\/#breadcrumb\"},\"inLanguage\":\"fr-FR\",\"potentialAction\":[{\"@type\":\"ReadAction\",\"target\":[\"https:\\\/\\\/www.casaefigenia.com\\\/fr\\\/donnees-relatives-au-responsable\\\/\"]}]},{\"@type\":\"BreadcrumbList\",\"@id\":\"https:\\\/\\\/www.casaefigenia.com\\\/fr\\\/donnees-relatives-au-responsable\\\/#breadcrumb\",\"itemListElement\":[{\"@type\":\"ListItem\",\"position\":1,\"name\":\"Portada\",\"item\":\"https:\\\/\\\/www.casaefigenia.com\\\/fr\\\/\"},{\"@type\":\"ListItem\",\"position\":2,\"name\":\"Donn\u00e9es relatives au Responsable\"}]},{\"@type\":\"WebSite\",\"@id\":\"https:\\\/\\\/www.casaefigenia.com\\\/fr\\\/#website\",\"url\":\"https:\\\/\\\/www.casaefigenia.com\\\/fr\\\/\",\"name\":\"Casa Efigenia\",\"description\":\"Bienvenido a Casa Efigenia. Tradici\u00f3n y calidad desde hace m\u00e1s de cincuenta a\u00f1os.\",\"publisher\":{\"@id\":\"https:\\\/\\\/www.casaefigenia.com\\\/fr\\\/#organization\"},\"potentialAction\":[{\"@type\":\"SearchAction\",\"target\":{\"@type\":\"EntryPoint\",\"urlTemplate\":\"https:\\\/\\\/www.casaefigenia.com\\\/fr\\\/?s={search_term_string}\"},\"query-input\":{\"@type\":\"PropertyValueSpecification\",\"valueRequired\":true,\"valueName\":\"search_term_string\"}}],\"inLanguage\":\"fr-FR\"},{\"@type\":\"Organization\",\"@id\":\"https:\\\/\\\/www.casaefigenia.com\\\/fr\\\/#organization\",\"name\":\"Casa Efigenia\",\"url\":\"https:\\\/\\\/www.casaefigenia.com\\\/fr\\\/\",\"logo\":{\"@type\":\"ImageObject\",\"inLanguage\":\"fr-FR\",\"@id\":\"https:\\\/\\\/www.casaefigenia.com\\\/fr\\\/#\\\/schema\\\/logo\\\/image\\\/\",\"url\":\"https:\\\/\\\/www.casaefigenia.com\\\/wp-content\\\/uploads\\\/2022\\\/11\\\/logo-efigenia-transparente-1.png\",\"contentUrl\":\"https:\\\/\\\/www.casaefigenia.com\\\/wp-content\\\/uploads\\\/2022\\\/11\\\/logo-efigenia-transparente-1.png\",\"width\":394,\"height\":173,\"caption\":\"Casa Efigenia\"},\"image\":{\"@id\":\"https:\\\/\\\/www.casaefigenia.com\\\/fr\\\/#\\\/schema\\\/logo\\\/image\\\/\"}}]}<\/script>\n<!-- \/ Yoast SEO plugin. -->","yoast_head_json":{"title":"Donn\u00e9es relatives au Responsable - Casa Efigenia","robots":{"index":"index","follow":"follow","max-snippet":"max-snippet:-1","max-image-preview":"max-image-preview:large","max-video-preview":"max-video-preview:-1"},"canonical":"https:\/\/www.casaefigenia.com\/fr\/donnees-relatives-au-responsable\/","og_locale":"fr_FR","og_type":"article","og_title":"Donn\u00e9es relatives au Responsable - Casa Efigenia","og_description":"Donn\u00e9es relatives au responsable Responsable du traitement &nbsp;&nbsp;&#8211; Entit\u00e9 : CASA EFIGENIA SL &nbsp;&nbsp;&#8211; Num\u00e9ro d&rsquo;identification de l&rsquo;entit\u00e9 : B38900270 &nbsp;&nbsp;&#8211; Adresse de l&rsquo;entit\u00e9 : LAS HAYAS, 15 &#8211; (38892) ARURE &nbsp;&nbsp;&#8211; Adresse e-mail de l&rsquo;entit\u00e9 : INFO@CASAEFIGENIA.COM &nbsp;&nbsp;&#8211; Responsable du traitement : SERGIO ALEJANDRO MENDEZ BORGES &nbsp;&nbsp;&#8211; T\u00e9l\u00e9phone du responsable du traitement : 667479747Continue reading \"Donn\u00e9es relatives au Responsable\"","og_url":"https:\/\/www.casaefigenia.com\/fr\/donnees-relatives-au-responsable\/","og_site_name":"Casa Efigenia","article_modified_time":"2023-06-13T12:18:55+00:00","twitter_card":"summary_large_image","twitter_misc":{"Dur\u00e9e de lecture estim\u00e9e":"3 minutes"},"schema":{"@context":"https:\/\/schema.org","@graph":[{"@type":"WebPage","@id":"https:\/\/www.casaefigenia.com\/fr\/donnees-relatives-au-responsable\/","url":"https:\/\/www.casaefigenia.com\/fr\/donnees-relatives-au-responsable\/","name":"Donn\u00e9es relatives au Responsable - Casa Efigenia","isPartOf":{"@id":"https:\/\/www.casaefigenia.com\/fr\/#website"},"datePublished":"2023-06-13T12:06:01+00:00","dateModified":"2023-06-13T12:18:55+00:00","breadcrumb":{"@id":"https:\/\/www.casaefigenia.com\/fr\/donnees-relatives-au-responsable\/#breadcrumb"},"inLanguage":"fr-FR","potentialAction":[{"@type":"ReadAction","target":["https:\/\/www.casaefigenia.com\/fr\/donnees-relatives-au-responsable\/"]}]},{"@type":"BreadcrumbList","@id":"https:\/\/www.casaefigenia.com\/fr\/donnees-relatives-au-responsable\/#breadcrumb","itemListElement":[{"@type":"ListItem","position":1,"name":"Portada","item":"https:\/\/www.casaefigenia.com\/fr\/"},{"@type":"ListItem","position":2,"name":"Donn\u00e9es relatives au Responsable"}]},{"@type":"WebSite","@id":"https:\/\/www.casaefigenia.com\/fr\/#website","url":"https:\/\/www.casaefigenia.com\/fr\/","name":"Casa Efigenia","description":"Bienvenido a Casa Efigenia. Tradici\u00f3n y calidad desde hace m\u00e1s de cincuenta a\u00f1os.","publisher":{"@id":"https:\/\/www.casaefigenia.com\/fr\/#organization"},"potentialAction":[{"@type":"SearchAction","target":{"@type":"EntryPoint","urlTemplate":"https:\/\/www.casaefigenia.com\/fr\/?s={search_term_string}"},"query-input":{"@type":"PropertyValueSpecification","valueRequired":true,"valueName":"search_term_string"}}],"inLanguage":"fr-FR"},{"@type":"Organization","@id":"https:\/\/www.casaefigenia.com\/fr\/#organization","name":"Casa Efigenia","url":"https:\/\/www.casaefigenia.com\/fr\/","logo":{"@type":"ImageObject","inLanguage":"fr-FR","@id":"https:\/\/www.casaefigenia.com\/fr\/#\/schema\/logo\/image\/","url":"https:\/\/www.casaefigenia.com\/wp-content\/uploads\/2022\/11\/logo-efigenia-transparente-1.png","contentUrl":"https:\/\/www.casaefigenia.com\/wp-content\/uploads\/2022\/11\/logo-efigenia-transparente-1.png","width":394,"height":173,"caption":"Casa Efigenia"},"image":{"@id":"https:\/\/www.casaefigenia.com\/fr\/#\/schema\/logo\/image\/"}}]}},"_links":{"self":[{"href":"https:\/\/www.casaefigenia.com\/fr\/wp-json\/wp\/v2\/pages\/6175","targetHints":{"allow":["GET"]}}],"collection":[{"href":"https:\/\/www.casaefigenia.com\/fr\/wp-json\/wp\/v2\/pages"}],"about":[{"href":"https:\/\/www.casaefigenia.com\/fr\/wp-json\/wp\/v2\/types\/page"}],"author":[{"embeddable":true,"href":"https:\/\/www.casaefigenia.com\/fr\/wp-json\/wp\/v2\/users\/1"}],"replies":[{"embeddable":true,"href":"https:\/\/www.casaefigenia.com\/fr\/wp-json\/wp\/v2\/comments?post=6175"}],"version-history":[{"count":2,"href":"https:\/\/www.casaefigenia.com\/fr\/wp-json\/wp\/v2\/pages\/6175\/revisions"}],"predecessor-version":[{"id":6179,"href":"https:\/\/www.casaefigenia.com\/fr\/wp-json\/wp\/v2\/pages\/6175\/revisions\/6179"}],"wp:attachment":[{"href":"https:\/\/www.casaefigenia.com\/fr\/wp-json\/wp\/v2\/media?parent=6175"}],"curies":[{"name":"wp","href":"https:\/\/api.w.org\/{rel}","templated":true}]}}