{"id":6155,"date":"2023-06-13T11:05:55","date_gmt":"2023-06-13T11:05:55","guid":{"rendered":"https:\/\/www.casaefigenia.com\/aviso-legal\/"},"modified":"2023-06-13T11:25:11","modified_gmt":"2023-06-13T11:25:11","slug":"mentions-legales","status":"publish","type":"page","link":"https:\/\/www.casaefigenia.com\/fr\/mentions-legales\/","title":{"rendered":"Mentions l\u00e9gales"},"content":{"rendered":"\n<ol>\n      <li><strong>Objet et acceptation<\/strong><\/li>\n        <p>\n          Les pr\u00e9sentes mentions l\u00e9gales r\u00e9gissent l&rsquo;utilisation de notre site web, dont le titulaire est <strong>CASA EFIGENIA SL<\/strong>.\n          La navigation sur le site web de <strong>CASA EFIGENIA SL<\/strong> conf\u00e8re la qualit\u00e9 d&rsquo;utilisateur et implique l&rsquo;acceptation pleine et enti\u00e8re de toutes les dispositions incluses dans ces mentions l\u00e9gales, qui peuvent \u00eatre modifi\u00e9es.\n          Vous vous engagez \u00e0 faire un usage appropri\u00e9 du site web conform\u00e9ment aux lois, \u00e0 la bonne foi, \u00e0 l&rsquo;ordre public, aux usages du trafic et aux pr\u00e9sentes mentions l\u00e9gales. Vous serez responsable envers <strong>CASA EFIGENIA SL<\/strong> ou envers des tiers de tout dommage ou pr\u00e9judice qui pourrait \u00eatre caus\u00e9 par le non-respect de cette obligation.\n        <\/p>  <li><strong>Identification et communications<\/strong><\/li>\n    <p>\n      <strong>CASA EFIGENIA SL<\/strong>, en conformit\u00e9 avec la loi 34\/2002 du 11 juillet sur les services de la soci\u00e9t\u00e9 de l&rsquo;information et du commerce \u00e9lectronique, vous informe que :\n    <\/p>\n    <ul>\n      <li>Sa d\u00e9nomination sociale est : <strong>CASA EFIGENIA SL<\/strong><\/strong><\/li>\n      <li>Son num\u00e9ro d&rsquo;identification fiscale est : <strong>B38900270<\/strong><\/li>\n      <li>Son si\u00e8ge social est situ\u00e9 \u00e0 : <strong>LAS HAYAS, 15 &#8211; (38892) ARURE<\/strong><\/li>\n      <li>Inscription au registre du commerce :<\/li>\n  <\/ul>\n  <p>\n    Pour nous contacter, nous mettons \u00e0 votre disposition diff\u00e9rents moyens de contact sp\u00e9cifi\u00e9s dans la <strong>politique de confidentialit\u00e9<\/strong>.\n  <\/p>\n  <p>\n    Toutes les notifications et communications que vous r\u00e9alisez avec <strong>CASA EFIGENIA SL<\/strong> seront consid\u00e9r\u00e9es comme efficaces, pour tous les effets, d\u00e8s lors qu&rsquo;elles sont effectu\u00e9es par les moyens sp\u00e9cifi\u00e9s pr\u00e9c\u00e9demment.\n  <\/p>\n  <li><strong>Conditions d&rsquo;acc\u00e8s et d&rsquo;utilisation<\/strong><\/li>\n  <p>\n    Le site web et ses services sont accessibles librement, cependant, <strong>CASA EFIGENIA SL<\/strong> conditionne l&rsquo;utilisation de certains services offerts sur son site web \u00e0 la pr\u00e9alablement compl\u00e9ter du formulaire correspondant.\n  <\/p>\n  <p>\n    Vous garantissez l&rsquo;authenticit\u00e9 et l&rsquo;actualit\u00e9 de toutes les donn\u00e9es que vous communiquez \u00e0 <strong>CASA EFIGENIA SL<\/strong> et vous serez seul responsable des d\u00e9clarations fausses ou inexactes que vous faites.\n  <\/p>\n  <p>\n    Vous vous engagez express\u00e9ment \u00e0 faire un usage appropri\u00e9 du contenu et des services de <strong>CASA EFIGENIA SL<\/strong> et \u00e0 ne pas les utiliser, entre autres, pour :\n  <\/p>\n  <ul>\n    <li>Diffuser du contenu ill\u00e9gal, violent, pornographique, raciste, x\u00e9nophobe, offensant, faisant l&rsquo;apologie du terrorisme ou, en g\u00e9n\u00e9ral, contraire \u00e0 la loi ou \u00e0 l&rsquo;ordre public.<\/li>\n\n    <li>Introduire des virus informatiques sur le r\u00e9seau ou r\u00e9aliser des actions susceptibles d&rsquo;alt\u00e9rer, d&rsquo;endommager, d&rsquo;interrompre ou de g\u00e9n\u00e9rer des erreurs ou des dommages dans les documents \u00e9lectroniques, les donn\u00e9es ou les syst\u00e8mes physiques et logiques de <strong>CASA EFIGENIA SL<\/strong> ou de tiers, ainsi que d&rsquo;entraver l&rsquo;acc\u00e8s d&rsquo;autres utilisateurs au site web et \u00e0 ses services en consommant massivement les ressources informatiques par lesquelles <strong>CASA EFIGENIA SL<\/strong> fournit ses services.<\/li>\n\n    <li>Tenter d&rsquo;acc\u00e9der aux donn\u00e9es d&rsquo;autres personnes ou \u00e0 des zones restreintes des syst\u00e8mes informatiques de <strong>CASA EFIGENIA SL<\/strong> ou de tiers et, le cas \u00e9ch\u00e9ant, extraire des informations.<\/li>\n\n    <li>Porter atteinte aux droits de propri\u00e9t\u00e9 intellectuelle ou industrielle, ainsi qu&rsquo;\u00e0 la confidentialit\u00e9 des informations de <strong>CASA EFIGENIA SL<\/strong> ou de tiers.<\/li>\n\n    <li>Usurper l&rsquo;identit\u00e9 d&rsquo;un autre utilisateur, des administrations publiques ou d&rsquo;un tiers.<\/li>\n\n    <li>Reproduire, copier, distribuer, mettre \u00e0 disposition ou communiquer publiquement de toute autre mani\u00e8re, transformer ou modifier le contenu, sauf autorisation du titulaire des droits correspondants ou sauf autorisation l\u00e9gale.<\/li>\n\n    <li>Collecter des donn\u00e9es \u00e0 des fins publicitaires et envoyer des publicit\u00e9s de toute nature et des communications \u00e0 des fins de vente ou autres de nature commerciale sans demande pr\u00e9alable ou consentement.<\/li>\n  <\/ul>\n\n  <p>\n    Tous les contenus du site web, tels que textes, photographies, graphiques, images, ic\u00f4nes, technologies, logiciels, ainsi que leur conception graphique et leur code source, constituent une \u0153uvre dont la propri\u00e9t\u00e9 appartient \u00e0 <strong>CASA EFIGENIA SL<\/strong>, sans que l&rsquo;un quelconque des droits d&rsquo;exploitation sur ceux-ci ne puisse \u00eatre c\u00e9d\u00e9 au-del\u00e0 de ce qui est strictement n\u00e9cessaire pour une utilisation correcte du site web.\n  <\/p>\n  <p>\n    En d\u00e9finitive, vous qui acc\u00e9dez \u00e0 ce site web, pouvez visualiser les contenus et effectuer, le cas \u00e9ch\u00e9ant, des copies priv\u00e9es autoris\u00e9es, \u00e0 condition que les \u00e9l\u00e9ments reproduits ne soient pas ult\u00e9rieurement c\u00e9d\u00e9s \u00e0 des tiers, ni install\u00e9s sur des serveurs connect\u00e9s \u00e0 des r\u00e9seaux, ni fassent l&rsquo;objet d&rsquo;une quelconque exploitation.\n  <\/p>\n  <p>\n    De m\u00eame, toutes les marques, d\u00e9nominations commerciales ou signes distinctifs de toute nature qui apparaissent sur le site web sont la propri\u00e9t\u00e9 de <strong>CASA EFIGENIA SL<\/strong>, sans que l&rsquo;acc\u00e8s ou l&rsquo;utilisation de celui-ci ne conf\u00e8re aucun droit sur ceux-ci.\n  <\/p>\n  <p>\n    La distribution, la modification, la cession ou la communication publique des contenus et toute autre action qui n&rsquo;a pas \u00e9t\u00e9 express\u00e9ment autoris\u00e9e par le titulaire des droits d&rsquo;exploitation sont interdites.\n  <\/p>\n  <p>\n    La cr\u00e9ation d&rsquo;un lien hypertexte n&rsquo;implique en aucun cas l&rsquo;existence de relations entre <strong>CASA EFIGENIA SL<\/strong> et le propri\u00e9taire du site web sur lequel il est \u00e9tabli, ni l&rsquo;acceptation et l&rsquo;approbation par <strong>CASA EFIGENIA SL<\/strong> de ses contenus ou services. Les personnes souhaitant \u00e9tablir un lien hypertexte doivent pr\u00e9alablement demander l&rsquo;autorisation \u00e9crite de <strong>CASA EFIGENIA SL<\/strong>. En tout \u00e9tat de cause, le lien hypertexte permettra uniquement d&rsquo;acc\u00e9der \u00e0 la page d&rsquo;accueil ou \u00e0 la page de d\u00e9marrage de notre site web, et il devra \u00e9galement s&rsquo;abstenir de faire des d\u00e9clarations ou indications fausses, inexactes ou incorrectes sur CASA EFIGENIA SL, ou d&rsquo;inclure des contenus illicites, contraires aux bonnes m\u0153urs et \u00e0 l&rsquo;ordre public.\n  <\/p>\n  <p>\n    <strong>CASA EFIGENIA SL<\/strong> n&rsquo;est pas responsable de l&rsquo;utilisation que chaque utilisateur fait des mat\u00e9riaux mis \u00e0 disposition sur ce site web, ni des actions qu&rsquo;il entreprend sur la base de ceux-ci.\n  <\/p>\n\n  <li><strong>Exclusion de garanties et de responsabilit\u00e9<\/strong><\/h4>\n    <p>\n      <strong>CASA EFIGENIA SL<\/strong> exclut, dans les limites autoris\u00e9es par la loi, toute responsabilit\u00e9 pour les dommages et pr\u00e9judices de toute nature d\u00e9coulant de :\n    <\/p>\n    <ul>\n      <li>L&rsquo;impossibilit\u00e9 d&rsquo;acc\u00e9der au site web ou l&rsquo;absence de v\u00e9racit\u00e9, d&rsquo;exactitude, d&rsquo;exhaustivit\u00e9 et\/ou d&rsquo;actualit\u00e9 des contenus, ainsi que l&rsquo;existence de vices et de d\u00e9fauts de toute nature des contenus transmis, diffus\u00e9s, stock\u00e9s, mis \u00e0 disposition auxquels on a acc\u00e9d\u00e9 par le biais du site web ou des services offerts.<\/li>\n\n      <li>La pr\u00e9sence de virus ou d&rsquo;autres \u00e9l\u00e9ments dans les contenus pouvant provoquer des alt\u00e9rations dans les syst\u00e8mes informatiques, les documents \u00e9lectroniques ou les donn\u00e9es des utilisateurs.<\/li>\n\n    \t<li>Le non-respect des lois, de la bonne foi, de l&rsquo;ordre public, des usages du trafic et des pr\u00e9sentes mentions l\u00e9gales en raison d&rsquo;une utilisation incorrecte du site web. En particulier, et \u00e0 titre d&rsquo;exemple, <strong>CASA EFIGENIA SL<\/strong> n&rsquo;est pas responsable des actions de tiers qui portent atteinte aux droits de propri\u00e9t\u00e9 intellectuelle et industrielle, aux secrets commerciaux, aux droits \u00e0 l&rsquo;honneur, \u00e0 la vie priv\u00e9e et familiale et \u00e0 l&rsquo;image, ainsi qu&rsquo;\u00e0 la r\u00e9glementation sur la concurrence d\u00e9loyale et la publicit\u00e9 illicite.<\/li>\n    <\/ul>\n    <p>\n      De plus, <strong>CASA EFIGENIA SL<\/strong> d\u00e9cline toute responsabilit\u00e9 quant aux informations se trouvant en dehors de ce site web et qui ne sont pas directement g\u00e9r\u00e9es par notre webmaster. Les liens pr\u00e9sents sur ce site web ont pour seule fonction d&rsquo;informer l&rsquo;utilisateur de l&rsquo;existence d&rsquo;autres sources susceptibles d&rsquo;\u00e9largir les contenus offerts par ce site web. <strong>CASA EFIGENIA SL<\/strong> ne garantit pas le fonctionnement ou l&rsquo;accessibilit\u00e9 des sites li\u00e9s, ni ne sugg\u00e8re, invite ou recommande la visite de ceux-ci, et ne sera donc pas responsable du r\u00e9sultat obtenu. <strong>CASA EFIGENIA SL<\/strong> n&rsquo;est pas responsable de l&rsquo;\u00e9tablissement de liens hypertextes par des tiers.\n    <\/p>\n\n  <li><strong>Proc\u00e9dure en cas d&rsquo;activit\u00e9s ill\u00e9gales<\/strong><\/li>\n    <p>\n      Si vous ou un tiers consid\u00e9rez qu&rsquo;il existe des faits ou des circonstances r\u00e9v\u00e9lant le caract\u00e8re illicite de l&rsquo;utilisation de tout contenu et\/ou de la r\u00e9alisation de toute activit\u00e9 sur les pages web incluses ou accessibles par le biais du site web, vous devez contacter <strong>CASA EFIGENIA SL<\/strong> en vous identifiant correctement, en pr\u00e9cisant les infractions pr\u00e9sum\u00e9es et en d\u00e9clarant express\u00e9ment et sous votre responsabilit\u00e9 que les informations fournies dans la notification sont exactes.\n  <\/p>\n  <p>\n    Pour toute question litigieuse concernant le site web de <strong>CASA EFIGENIA SL<\/strong>, la l\u00e9gislation espagnole s&rsquo;appliquera, les tribunaux les plus proches du si\u00e8ge de <strong><\/strong> (Espagne) \u00e9tant comp\u00e9tents.\n  <\/p>\n\n  <li><strong>Publications<\/strong><\/li>\n    <p>\n      Les informations administratives fournies sur le site web ne se substituent pas \u00e0 la publicit\u00e9 l\u00e9gale des lois, r\u00e8glements, plans, dispositions g\u00e9n\u00e9rales et actes qui doivent \u00eatre officiellement publi\u00e9s dans les journaux officiels des administrations publiques, qui constituent le seul instrument faisant foi de leur authenticit\u00e9 et de leur contenu. Les informations disponibles sur ce site web doivent \u00eatre consid\u00e9r\u00e9es comme un guide sans valeur l\u00e9gale.\n    <\/p>\n\n","protected":false},"excerpt":{"rendered":"<p>Objet et acceptation Les pr\u00e9sentes mentions l\u00e9gales r\u00e9gissent l&rsquo;utilisation de notre site web, dont le titulaire est CASA EFIGENIA SL. La navigation sur le site web de CASA EFIGENIA SL conf\u00e8re la qualit\u00e9 d&rsquo;utilisateur et implique l&rsquo;acceptation pleine et enti\u00e8re de toutes les dispositions incluses dans ces mentions l\u00e9gales, qui peuvent \u00eatre modifi\u00e9es. Vous vous<a href=\"https:\/\/www.casaefigenia.com\/fr\/mentions-legales\/\">Continue reading <span class=\"sr-only\">\u00ab\u00a0Mentions l\u00e9gales\u00a0\u00bb<\/span><\/a><\/p>\n","protected":false},"author":1,"featured_media":0,"parent":0,"menu_order":0,"comment_status":"closed","ping_status":"closed","template":"","meta":{"footnotes":""},"class_list":["post-6155","page","type-page","status-publish","hentry"],"yoast_head":"<!-- This site is optimized with the Yoast SEO plugin v27.5 - https:\/\/yoast.com\/product\/yoast-seo-wordpress\/ -->\n<title>Mentions l\u00e9gales - Casa Efigenia<\/title>\n<meta name=\"robots\" content=\"index, follow, max-snippet:-1, max-image-preview:large, max-video-preview:-1\" \/>\n<link rel=\"canonical\" href=\"https:\/\/www.casaefigenia.com\/fr\/mentions-legales\/\" \/>\n<meta property=\"og:locale\" content=\"fr_FR\" \/>\n<meta property=\"og:type\" content=\"article\" \/>\n<meta property=\"og:title\" content=\"Mentions l\u00e9gales - Casa Efigenia\" \/>\n<meta property=\"og:description\" content=\"Objet et acceptation Les pr\u00e9sentes mentions l\u00e9gales r\u00e9gissent l&rsquo;utilisation de notre site web, dont le titulaire est CASA EFIGENIA SL. La navigation sur le site web de CASA EFIGENIA SL conf\u00e8re la qualit\u00e9 d&rsquo;utilisateur et implique l&rsquo;acceptation pleine et enti\u00e8re de toutes les dispositions incluses dans ces mentions l\u00e9gales, qui peuvent \u00eatre modifi\u00e9es. Vous vousContinue reading &quot;Mentions l\u00e9gales&quot;\" \/>\n<meta property=\"og:url\" content=\"https:\/\/www.casaefigenia.com\/fr\/mentions-legales\/\" \/>\n<meta property=\"og:site_name\" content=\"Casa Efigenia\" \/>\n<meta property=\"article:modified_time\" content=\"2023-06-13T11:25:11+00:00\" \/>\n<meta name=\"twitter:card\" content=\"summary_large_image\" \/>\n<meta name=\"twitter:label1\" content=\"Dur\u00e9e de lecture estim\u00e9e\" \/>\n\t<meta name=\"twitter:data1\" content=\"6 minutes\" \/>\n<script type=\"application\/ld+json\" class=\"yoast-schema-graph\">{\"@context\":\"https:\\\/\\\/schema.org\",\"@graph\":[{\"@type\":\"WebPage\",\"@id\":\"https:\\\/\\\/www.casaefigenia.com\\\/fr\\\/mentions-legales\\\/\",\"url\":\"https:\\\/\\\/www.casaefigenia.com\\\/fr\\\/mentions-legales\\\/\",\"name\":\"Mentions l\u00e9gales - Casa Efigenia\",\"isPartOf\":{\"@id\":\"https:\\\/\\\/www.casaefigenia.com\\\/fr\\\/#website\"},\"datePublished\":\"2023-06-13T11:05:55+00:00\",\"dateModified\":\"2023-06-13T11:25:11+00:00\",\"breadcrumb\":{\"@id\":\"https:\\\/\\\/www.casaefigenia.com\\\/fr\\\/mentions-legales\\\/#breadcrumb\"},\"inLanguage\":\"fr-FR\",\"potentialAction\":[{\"@type\":\"ReadAction\",\"target\":[\"https:\\\/\\\/www.casaefigenia.com\\\/fr\\\/mentions-legales\\\/\"]}]},{\"@type\":\"BreadcrumbList\",\"@id\":\"https:\\\/\\\/www.casaefigenia.com\\\/fr\\\/mentions-legales\\\/#breadcrumb\",\"itemListElement\":[{\"@type\":\"ListItem\",\"position\":1,\"name\":\"Portada\",\"item\":\"https:\\\/\\\/www.casaefigenia.com\\\/fr\\\/\"},{\"@type\":\"ListItem\",\"position\":2,\"name\":\"Mentions l\u00e9gales\"}]},{\"@type\":\"WebSite\",\"@id\":\"https:\\\/\\\/www.casaefigenia.com\\\/fr\\\/#website\",\"url\":\"https:\\\/\\\/www.casaefigenia.com\\\/fr\\\/\",\"name\":\"Casa Efigenia\",\"description\":\"Bienvenido a Casa Efigenia. Tradici\u00f3n y calidad desde hace m\u00e1s de cincuenta a\u00f1os.\",\"publisher\":{\"@id\":\"https:\\\/\\\/www.casaefigenia.com\\\/fr\\\/#organization\"},\"potentialAction\":[{\"@type\":\"SearchAction\",\"target\":{\"@type\":\"EntryPoint\",\"urlTemplate\":\"https:\\\/\\\/www.casaefigenia.com\\\/fr\\\/?s={search_term_string}\"},\"query-input\":{\"@type\":\"PropertyValueSpecification\",\"valueRequired\":true,\"valueName\":\"search_term_string\"}}],\"inLanguage\":\"fr-FR\"},{\"@type\":\"Organization\",\"@id\":\"https:\\\/\\\/www.casaefigenia.com\\\/fr\\\/#organization\",\"name\":\"Casa Efigenia\",\"url\":\"https:\\\/\\\/www.casaefigenia.com\\\/fr\\\/\",\"logo\":{\"@type\":\"ImageObject\",\"inLanguage\":\"fr-FR\",\"@id\":\"https:\\\/\\\/www.casaefigenia.com\\\/fr\\\/#\\\/schema\\\/logo\\\/image\\\/\",\"url\":\"https:\\\/\\\/www.casaefigenia.com\\\/wp-content\\\/uploads\\\/2022\\\/11\\\/logo-efigenia-transparente-1.png\",\"contentUrl\":\"https:\\\/\\\/www.casaefigenia.com\\\/wp-content\\\/uploads\\\/2022\\\/11\\\/logo-efigenia-transparente-1.png\",\"width\":394,\"height\":173,\"caption\":\"Casa Efigenia\"},\"image\":{\"@id\":\"https:\\\/\\\/www.casaefigenia.com\\\/fr\\\/#\\\/schema\\\/logo\\\/image\\\/\"}}]}<\/script>\n<!-- \/ Yoast SEO plugin. -->","yoast_head_json":{"title":"Mentions l\u00e9gales - Casa Efigenia","robots":{"index":"index","follow":"follow","max-snippet":"max-snippet:-1","max-image-preview":"max-image-preview:large","max-video-preview":"max-video-preview:-1"},"canonical":"https:\/\/www.casaefigenia.com\/fr\/mentions-legales\/","og_locale":"fr_FR","og_type":"article","og_title":"Mentions l\u00e9gales - Casa Efigenia","og_description":"Objet et acceptation Les pr\u00e9sentes mentions l\u00e9gales r\u00e9gissent l&rsquo;utilisation de notre site web, dont le titulaire est CASA EFIGENIA SL. La navigation sur le site web de CASA EFIGENIA SL conf\u00e8re la qualit\u00e9 d&rsquo;utilisateur et implique l&rsquo;acceptation pleine et enti\u00e8re de toutes les dispositions incluses dans ces mentions l\u00e9gales, qui peuvent \u00eatre modifi\u00e9es. Vous vousContinue reading \"Mentions l\u00e9gales\"","og_url":"https:\/\/www.casaefigenia.com\/fr\/mentions-legales\/","og_site_name":"Casa Efigenia","article_modified_time":"2023-06-13T11:25:11+00:00","twitter_card":"summary_large_image","twitter_misc":{"Dur\u00e9e de lecture estim\u00e9e":"6 minutes"},"schema":{"@context":"https:\/\/schema.org","@graph":[{"@type":"WebPage","@id":"https:\/\/www.casaefigenia.com\/fr\/mentions-legales\/","url":"https:\/\/www.casaefigenia.com\/fr\/mentions-legales\/","name":"Mentions l\u00e9gales - Casa Efigenia","isPartOf":{"@id":"https:\/\/www.casaefigenia.com\/fr\/#website"},"datePublished":"2023-06-13T11:05:55+00:00","dateModified":"2023-06-13T11:25:11+00:00","breadcrumb":{"@id":"https:\/\/www.casaefigenia.com\/fr\/mentions-legales\/#breadcrumb"},"inLanguage":"fr-FR","potentialAction":[{"@type":"ReadAction","target":["https:\/\/www.casaefigenia.com\/fr\/mentions-legales\/"]}]},{"@type":"BreadcrumbList","@id":"https:\/\/www.casaefigenia.com\/fr\/mentions-legales\/#breadcrumb","itemListElement":[{"@type":"ListItem","position":1,"name":"Portada","item":"https:\/\/www.casaefigenia.com\/fr\/"},{"@type":"ListItem","position":2,"name":"Mentions l\u00e9gales"}]},{"@type":"WebSite","@id":"https:\/\/www.casaefigenia.com\/fr\/#website","url":"https:\/\/www.casaefigenia.com\/fr\/","name":"Casa Efigenia","description":"Bienvenido a Casa Efigenia. Tradici\u00f3n y calidad desde hace m\u00e1s de cincuenta a\u00f1os.","publisher":{"@id":"https:\/\/www.casaefigenia.com\/fr\/#organization"},"potentialAction":[{"@type":"SearchAction","target":{"@type":"EntryPoint","urlTemplate":"https:\/\/www.casaefigenia.com\/fr\/?s={search_term_string}"},"query-input":{"@type":"PropertyValueSpecification","valueRequired":true,"valueName":"search_term_string"}}],"inLanguage":"fr-FR"},{"@type":"Organization","@id":"https:\/\/www.casaefigenia.com\/fr\/#organization","name":"Casa Efigenia","url":"https:\/\/www.casaefigenia.com\/fr\/","logo":{"@type":"ImageObject","inLanguage":"fr-FR","@id":"https:\/\/www.casaefigenia.com\/fr\/#\/schema\/logo\/image\/","url":"https:\/\/www.casaefigenia.com\/wp-content\/uploads\/2022\/11\/logo-efigenia-transparente-1.png","contentUrl":"https:\/\/www.casaefigenia.com\/wp-content\/uploads\/2022\/11\/logo-efigenia-transparente-1.png","width":394,"height":173,"caption":"Casa Efigenia"},"image":{"@id":"https:\/\/www.casaefigenia.com\/fr\/#\/schema\/logo\/image\/"}}]}},"_links":{"self":[{"href":"https:\/\/www.casaefigenia.com\/fr\/wp-json\/wp\/v2\/pages\/6155","targetHints":{"allow":["GET"]}}],"collection":[{"href":"https:\/\/www.casaefigenia.com\/fr\/wp-json\/wp\/v2\/pages"}],"about":[{"href":"https:\/\/www.casaefigenia.com\/fr\/wp-json\/wp\/v2\/types\/page"}],"author":[{"embeddable":true,"href":"https:\/\/www.casaefigenia.com\/fr\/wp-json\/wp\/v2\/users\/1"}],"replies":[{"embeddable":true,"href":"https:\/\/www.casaefigenia.com\/fr\/wp-json\/wp\/v2\/comments?post=6155"}],"version-history":[{"count":2,"href":"https:\/\/www.casaefigenia.com\/fr\/wp-json\/wp\/v2\/pages\/6155\/revisions"}],"predecessor-version":[{"id":6164,"href":"https:\/\/www.casaefigenia.com\/fr\/wp-json\/wp\/v2\/pages\/6155\/revisions\/6164"}],"wp:attachment":[{"href":"https:\/\/www.casaefigenia.com\/fr\/wp-json\/wp\/v2\/media?parent=6155"}],"curies":[{"name":"wp","href":"https:\/\/api.w.org\/{rel}","templated":true}]}}