{"id":5644,"date":"2022-11-08T08:24:02","date_gmt":"2022-11-08T08:24:02","guid":{"rendered":"https:\/\/www.casaefigenia.com\/product\/mild-red-mojo\/"},"modified":"2023-11-04T10:07:44","modified_gmt":"2023-11-04T10:07:44","slug":"mojo-red-soft","status":"publish","type":"product","link":"https:\/\/www.casaefigenia.com\/en\/product\/mojo-red-soft\/","title":{"rendered":"Mild Red Mojo Sauce"},"content":{"rendered":"<p><strong>Ingredients<\/strong>: RED BELL PEPPER, OLIVE OIL,<br \/>\n    VINEGAR (contains sulphites), GARLIC,<br \/>\n    SALT AND CUMIN.<\/p>\n<p><strong>Allergens: vinegar (contains sulphites).<\/strong><\/p>\n<p>Net content: 220 g.<\/p>\n<p>Origin: Spain.<\/p>\n<p>Nutritional information per 100 g.<\/p>\n<ul>\n<li>Energy Value (Kj\/Kcal) 1360\/325<\/li>\n<li>Fats (g) 31.46<\/li>\n<li>Of which are saturated (g) 2.23<\/li>\n<li>Carbohydrates (g) 9.4<\/li>\n<li>Of which sugars (g) 0.46<\/li>\n<li>Proteins (g) 0.9<\/li>\n<li>Dietary fiber (g) 0<\/li>\n<li>Salt (g) 1.23<\/li>\n<\/ul>\n","protected":false},"excerpt":{"rendered":"<p class=\"p1\">The word mojo refers to the typical sauces in the islands, being a fundamental element in Canarian cuisine, to such an extent that it always accompanies all types of dishes. The range is very wide, although they all have in common their simple preparation and their tasty and unique flavor. <\/p>\n<p>Made with red bell pepper<\/p>\n<p>Net content: 220g.<\/p>\n","protected":false},"featured_media":6189,"comment_status":"closed","ping_status":"closed","template":"","meta":[],"etheme_brands":[],"product_brand":[],"product_cat":[70],"product_tag":[],"class_list":{"0":"post-5644","1":"product","2":"type-product","3":"status-publish","4":"has-post-thumbnail","6":"product_cat-mojos-en","8":"first","9":"instock","10":"taxable","11":"shipping-taxable","12":"purchasable","13":"product-type-simple"},"yoast_head":"<!-- This site is optimized with the Yoast SEO plugin v27.4 - https:\/\/yoast.com\/product\/yoast-seo-wordpress\/ -->\n<title>Mild Red Mojo Sauce - Casa Efigenia<\/title>\n<meta name=\"robots\" content=\"index, follow, max-snippet:-1, max-image-preview:large, max-video-preview:-1\" \/>\n<link rel=\"canonical\" href=\"https:\/\/www.casaefigenia.com\/en\/product\/mojo-red-soft\/\" \/>\n<meta property=\"og:locale\" content=\"en_US\" \/>\n<meta property=\"og:type\" content=\"article\" \/>\n<meta property=\"og:title\" content=\"Mild Red Mojo Sauce - Casa Efigenia\" \/>\n<meta property=\"og:description\" content=\"The word mojo refers to the typical sauces in the islands, being a fundamental element in Canarian cuisine, to such an extent that it always accompanies all types of dishes. The range is very wide, although they all have in common their simple preparation and their tasty and unique flavor.  Made with red bell pepper Net content: 220g.\" \/>\n<meta property=\"og:url\" content=\"https:\/\/www.casaefigenia.com\/en\/product\/mojo-red-soft\/\" \/>\n<meta property=\"og:site_name\" content=\"Casa Efigenia\" \/>\n<meta property=\"article:modified_time\" content=\"2023-11-04T10:07:44+00:00\" \/>\n<meta property=\"og:image\" content=\"https:\/\/www.casaefigenia.com\/wp-content\/uploads\/2022\/11\/mojo-rojo-suave.jpg\" \/>\n\t<meta property=\"og:image:width\" content=\"1200\" \/>\n\t<meta property=\"og:image:height\" content=\"1200\" \/>\n\t<meta property=\"og:image:type\" content=\"image\/jpeg\" \/>\n<meta name=\"twitter:card\" content=\"summary_large_image\" \/>\n<script type=\"application\/ld+json\" class=\"yoast-schema-graph\">{\"@context\":\"https:\\\/\\\/schema.org\",\"@graph\":[{\"@type\":\"WebPage\",\"@id\":\"https:\\\/\\\/www.casaefigenia.com\\\/en\\\/product\\\/mojo-red-soft\\\/\",\"url\":\"https:\\\/\\\/www.casaefigenia.com\\\/en\\\/product\\\/mojo-red-soft\\\/\",\"name\":\"Mild Red Mojo Sauce - Casa Efigenia\",\"isPartOf\":{\"@id\":\"https:\\\/\\\/www.casaefigenia.com\\\/en\\\/#website\"},\"primaryImageOfPage\":{\"@id\":\"https:\\\/\\\/www.casaefigenia.com\\\/en\\\/product\\\/mojo-red-soft\\\/#primaryimage\"},\"image\":{\"@id\":\"https:\\\/\\\/www.casaefigenia.com\\\/en\\\/product\\\/mojo-red-soft\\\/#primaryimage\"},\"thumbnailUrl\":\"https:\\\/\\\/www.casaefigenia.com\\\/wp-content\\\/uploads\\\/2022\\\/11\\\/mojo-rojo-suave.jpg\",\"datePublished\":\"2022-11-08T08:24:02+00:00\",\"dateModified\":\"2023-11-04T10:07:44+00:00\",\"breadcrumb\":{\"@id\":\"https:\\\/\\\/www.casaefigenia.com\\\/en\\\/product\\\/mojo-red-soft\\\/#breadcrumb\"},\"inLanguage\":\"en-US\",\"potentialAction\":[{\"@type\":\"ReadAction\",\"target\":[\"https:\\\/\\\/www.casaefigenia.com\\\/en\\\/product\\\/mojo-red-soft\\\/\"]}]},{\"@type\":\"ImageObject\",\"inLanguage\":\"en-US\",\"@id\":\"https:\\\/\\\/www.casaefigenia.com\\\/en\\\/product\\\/mojo-red-soft\\\/#primaryimage\",\"url\":\"https:\\\/\\\/www.casaefigenia.com\\\/wp-content\\\/uploads\\\/2022\\\/11\\\/mojo-rojo-suave.jpg\",\"contentUrl\":\"https:\\\/\\\/www.casaefigenia.com\\\/wp-content\\\/uploads\\\/2022\\\/11\\\/mojo-rojo-suave.jpg\",\"width\":1200,\"height\":1200},{\"@type\":\"BreadcrumbList\",\"@id\":\"https:\\\/\\\/www.casaefigenia.com\\\/en\\\/product\\\/mojo-red-soft\\\/#breadcrumb\",\"itemListElement\":[{\"@type\":\"ListItem\",\"position\":1,\"name\":\"Portada\",\"item\":\"https:\\\/\\\/www.casaefigenia.com\\\/en\\\/\"},{\"@type\":\"ListItem\",\"position\":2,\"name\":\"Shop\",\"item\":\"https:\\\/\\\/www.casaefigenia.com\\\/en\\\/casa-efigenia-products\\\/\"},{\"@type\":\"ListItem\",\"position\":3,\"name\":\"Mild Red Mojo Sauce\"}]},{\"@type\":\"WebSite\",\"@id\":\"https:\\\/\\\/www.casaefigenia.com\\\/en\\\/#website\",\"url\":\"https:\\\/\\\/www.casaefigenia.com\\\/en\\\/\",\"name\":\"Casa Efigenia\",\"description\":\"Bienvenido a Casa Efigenia. Tradici\u00f3n y calidad desde hace m\u00e1s de cincuenta a\u00f1os.\",\"publisher\":{\"@id\":\"https:\\\/\\\/www.casaefigenia.com\\\/en\\\/#organization\"},\"potentialAction\":[{\"@type\":\"SearchAction\",\"target\":{\"@type\":\"EntryPoint\",\"urlTemplate\":\"https:\\\/\\\/www.casaefigenia.com\\\/en\\\/?s={search_term_string}\"},\"query-input\":{\"@type\":\"PropertyValueSpecification\",\"valueRequired\":true,\"valueName\":\"search_term_string\"}}],\"inLanguage\":\"en-US\"},{\"@type\":\"Organization\",\"@id\":\"https:\\\/\\\/www.casaefigenia.com\\\/en\\\/#organization\",\"name\":\"Casa Efigenia\",\"url\":\"https:\\\/\\\/www.casaefigenia.com\\\/en\\\/\",\"logo\":{\"@type\":\"ImageObject\",\"inLanguage\":\"en-US\",\"@id\":\"https:\\\/\\\/www.casaefigenia.com\\\/en\\\/#\\\/schema\\\/logo\\\/image\\\/\",\"url\":\"https:\\\/\\\/www.casaefigenia.com\\\/wp-content\\\/uploads\\\/2022\\\/11\\\/logo-efigenia-transparente-1.png\",\"contentUrl\":\"https:\\\/\\\/www.casaefigenia.com\\\/wp-content\\\/uploads\\\/2022\\\/11\\\/logo-efigenia-transparente-1.png\",\"width\":394,\"height\":173,\"caption\":\"Casa Efigenia\"},\"image\":{\"@id\":\"https:\\\/\\\/www.casaefigenia.com\\\/en\\\/#\\\/schema\\\/logo\\\/image\\\/\"}}]}<\/script>\n<!-- \/ Yoast SEO plugin. -->","yoast_head_json":{"title":"Mild Red Mojo Sauce - Casa Efigenia","robots":{"index":"index","follow":"follow","max-snippet":"max-snippet:-1","max-image-preview":"max-image-preview:large","max-video-preview":"max-video-preview:-1"},"canonical":"https:\/\/www.casaefigenia.com\/en\/product\/mojo-red-soft\/","og_locale":"en_US","og_type":"article","og_title":"Mild Red Mojo Sauce - Casa Efigenia","og_description":"The word mojo refers to the typical sauces in the islands, being a fundamental element in Canarian cuisine, to such an extent that it always accompanies all types of dishes. The range is very wide, although they all have in common their simple preparation and their tasty and unique flavor.  Made with red bell pepper Net content: 220g.","og_url":"https:\/\/www.casaefigenia.com\/en\/product\/mojo-red-soft\/","og_site_name":"Casa Efigenia","article_modified_time":"2023-11-04T10:07:44+00:00","og_image":[{"width":1200,"height":1200,"url":"https:\/\/www.casaefigenia.com\/wp-content\/uploads\/2022\/11\/mojo-rojo-suave.jpg","type":"image\/jpeg"}],"twitter_card":"summary_large_image","schema":{"@context":"https:\/\/schema.org","@graph":[{"@type":"WebPage","@id":"https:\/\/www.casaefigenia.com\/en\/product\/mojo-red-soft\/","url":"https:\/\/www.casaefigenia.com\/en\/product\/mojo-red-soft\/","name":"Mild Red Mojo Sauce - Casa Efigenia","isPartOf":{"@id":"https:\/\/www.casaefigenia.com\/en\/#website"},"primaryImageOfPage":{"@id":"https:\/\/www.casaefigenia.com\/en\/product\/mojo-red-soft\/#primaryimage"},"image":{"@id":"https:\/\/www.casaefigenia.com\/en\/product\/mojo-red-soft\/#primaryimage"},"thumbnailUrl":"https:\/\/www.casaefigenia.com\/wp-content\/uploads\/2022\/11\/mojo-rojo-suave.jpg","datePublished":"2022-11-08T08:24:02+00:00","dateModified":"2023-11-04T10:07:44+00:00","breadcrumb":{"@id":"https:\/\/www.casaefigenia.com\/en\/product\/mojo-red-soft\/#breadcrumb"},"inLanguage":"en-US","potentialAction":[{"@type":"ReadAction","target":["https:\/\/www.casaefigenia.com\/en\/product\/mojo-red-soft\/"]}]},{"@type":"ImageObject","inLanguage":"en-US","@id":"https:\/\/www.casaefigenia.com\/en\/product\/mojo-red-soft\/#primaryimage","url":"https:\/\/www.casaefigenia.com\/wp-content\/uploads\/2022\/11\/mojo-rojo-suave.jpg","contentUrl":"https:\/\/www.casaefigenia.com\/wp-content\/uploads\/2022\/11\/mojo-rojo-suave.jpg","width":1200,"height":1200},{"@type":"BreadcrumbList","@id":"https:\/\/www.casaefigenia.com\/en\/product\/mojo-red-soft\/#breadcrumb","itemListElement":[{"@type":"ListItem","position":1,"name":"Portada","item":"https:\/\/www.casaefigenia.com\/en\/"},{"@type":"ListItem","position":2,"name":"Shop","item":"https:\/\/www.casaefigenia.com\/en\/casa-efigenia-products\/"},{"@type":"ListItem","position":3,"name":"Mild Red Mojo Sauce"}]},{"@type":"WebSite","@id":"https:\/\/www.casaefigenia.com\/en\/#website","url":"https:\/\/www.casaefigenia.com\/en\/","name":"Casa Efigenia","description":"Bienvenido a Casa Efigenia. Tradici\u00f3n y calidad desde hace m\u00e1s de cincuenta a\u00f1os.","publisher":{"@id":"https:\/\/www.casaefigenia.com\/en\/#organization"},"potentialAction":[{"@type":"SearchAction","target":{"@type":"EntryPoint","urlTemplate":"https:\/\/www.casaefigenia.com\/en\/?s={search_term_string}"},"query-input":{"@type":"PropertyValueSpecification","valueRequired":true,"valueName":"search_term_string"}}],"inLanguage":"en-US"},{"@type":"Organization","@id":"https:\/\/www.casaefigenia.com\/en\/#organization","name":"Casa Efigenia","url":"https:\/\/www.casaefigenia.com\/en\/","logo":{"@type":"ImageObject","inLanguage":"en-US","@id":"https:\/\/www.casaefigenia.com\/en\/#\/schema\/logo\/image\/","url":"https:\/\/www.casaefigenia.com\/wp-content\/uploads\/2022\/11\/logo-efigenia-transparente-1.png","contentUrl":"https:\/\/www.casaefigenia.com\/wp-content\/uploads\/2022\/11\/logo-efigenia-transparente-1.png","width":394,"height":173,"caption":"Casa Efigenia"},"image":{"@id":"https:\/\/www.casaefigenia.com\/en\/#\/schema\/logo\/image\/"}}]}},"_links":{"self":[{"href":"https:\/\/www.casaefigenia.com\/en\/wp-json\/wp\/v2\/product\/5644","targetHints":{"allow":["GET"]}}],"collection":[{"href":"https:\/\/www.casaefigenia.com\/en\/wp-json\/wp\/v2\/product"}],"about":[{"href":"https:\/\/www.casaefigenia.com\/en\/wp-json\/wp\/v2\/types\/product"}],"replies":[{"embeddable":true,"href":"https:\/\/www.casaefigenia.com\/en\/wp-json\/wp\/v2\/comments?post=5644"}],"version-history":[{"count":2,"href":"https:\/\/www.casaefigenia.com\/en\/wp-json\/wp\/v2\/product\/5644\/revisions"}],"predecessor-version":[{"id":6298,"href":"https:\/\/www.casaefigenia.com\/en\/wp-json\/wp\/v2\/product\/5644\/revisions\/6298"}],"wp:featuredmedia":[{"embeddable":true,"href":"https:\/\/www.casaefigenia.com\/en\/wp-json\/wp\/v2\/media\/6189"}],"wp:attachment":[{"href":"https:\/\/www.casaefigenia.com\/en\/wp-json\/wp\/v2\/media?parent=5644"}],"wp:term":[{"taxonomy":"brand","embeddable":true,"href":"https:\/\/www.casaefigenia.com\/en\/wp-json\/wp\/v2\/etheme_brands?post=5644"},{"taxonomy":"product_brand","embeddable":true,"href":"https:\/\/www.casaefigenia.com\/en\/wp-json\/wp\/v2\/product_brand?post=5644"},{"taxonomy":"product_cat","embeddable":true,"href":"https:\/\/www.casaefigenia.com\/en\/wp-json\/wp\/v2\/product_cat?post=5644"},{"taxonomy":"product_tag","embeddable":true,"href":"https:\/\/www.casaefigenia.com\/en\/wp-json\/wp\/v2\/product_tag?post=5644"}],"curies":[{"name":"wp","href":"https:\/\/api.w.org\/{rel}","templated":true}]}}