{"id":5638,"date":"2022-11-08T08:24:02","date_gmt":"2022-11-08T08:24:02","guid":{"rendered":"https:\/\/www.casaefigenia.com\/product\/fig-jam\/"},"modified":"2023-11-04T09:48:39","modified_gmt":"2023-11-04T09:48:39","slug":"fig-jam","status":"publish","type":"product","link":"https:\/\/www.casaefigenia.com\/en\/product\/fig-jam\/","title":{"rendered":"Fig jam"},"content":{"rendered":"<p><strong>Ingredients<\/strong>: FIG PICO, SUGAR, LEMON JUICE AND NATURAL PECTIN.<\/p>\n<p><strong>Allergens: none.<\/strong><\/p>\n<p>Net content: 250 g.<\/p>\n<p>Origin: Spain.<\/p>\n<p>Nutritional information per 100 g.<\/p>\n<ul>\n<li>Energy Value (Kj\/Kcal) 869\/205<\/li>\n<li>Fats (g) 0<\/li>\n<li>Of which are saturated (g) 0<\/li>\n<li>Carbohydrates (g) 50.7<\/li>\n<li>Of which sugars (g) 46<\/li>\n<li>Proteins (g) 0.3<\/li>\n<li>Salt (g) 0.04<\/li>\n<\/ul>\n","protected":false},"excerpt":{"rendered":"<p class=\"p1\">Jam and sweets are foods that, without containing practically any fats, possess nutrients coming from the fruit such as sugars, fibers, minerals, and antioxidants.<\/p>\n<p>Net content: 250g.<\/p>\n","protected":false},"featured_media":5671,"comment_status":"closed","ping_status":"closed","template":"","meta":[],"etheme_brands":[],"product_brand":[],"product_cat":[73],"product_tag":[],"class_list":{"0":"post-5638","1":"product","2":"type-product","3":"status-publish","4":"has-post-thumbnail","6":"product_cat-jams","8":"first","9":"instock","10":"taxable","11":"shipping-taxable","12":"purchasable","13":"product-type-simple"},"yoast_head":"<!-- This site is optimized with the Yoast SEO plugin v27.5 - https:\/\/yoast.com\/product\/yoast-seo-wordpress\/ -->\n<title>Fig jam - Casa Efigenia<\/title>\n<meta name=\"robots\" content=\"index, follow, max-snippet:-1, max-image-preview:large, max-video-preview:-1\" \/>\n<link rel=\"canonical\" href=\"https:\/\/www.casaefigenia.com\/en\/product\/fig-jam\/\" \/>\n<meta property=\"og:locale\" content=\"en_US\" \/>\n<meta property=\"og:type\" content=\"article\" \/>\n<meta property=\"og:title\" content=\"Fig jam - Casa Efigenia\" \/>\n<meta property=\"og:description\" content=\"Jam and sweets are foods that, without containing practically any fats, possess nutrients coming from the fruit such as sugars, fibers, minerals, and antioxidants. Net content: 250g.\" \/>\n<meta property=\"og:url\" content=\"https:\/\/www.casaefigenia.com\/en\/product\/fig-jam\/\" \/>\n<meta property=\"og:site_name\" content=\"Casa Efigenia\" \/>\n<meta property=\"article:modified_time\" content=\"2023-11-04T09:48:39+00:00\" \/>\n<meta property=\"og:image\" content=\"https:\/\/www.casaefigenia.com\/wp-content\/uploads\/2022\/11\/mermelada-higo-2022.jpeg\" \/>\n\t<meta property=\"og:image:width\" content=\"1024\" \/>\n\t<meta property=\"og:image:height\" content=\"1024\" \/>\n\t<meta property=\"og:image:type\" content=\"image\/jpeg\" \/>\n<meta name=\"twitter:card\" content=\"summary_large_image\" \/>\n<script type=\"application\/ld+json\" class=\"yoast-schema-graph\">{\"@context\":\"https:\\\/\\\/schema.org\",\"@graph\":[{\"@type\":\"WebPage\",\"@id\":\"https:\\\/\\\/www.casaefigenia.com\\\/en\\\/product\\\/fig-jam\\\/\",\"url\":\"https:\\\/\\\/www.casaefigenia.com\\\/en\\\/product\\\/fig-jam\\\/\",\"name\":\"Fig jam - Casa Efigenia\",\"isPartOf\":{\"@id\":\"https:\\\/\\\/www.casaefigenia.com\\\/en\\\/#website\"},\"primaryImageOfPage\":{\"@id\":\"https:\\\/\\\/www.casaefigenia.com\\\/en\\\/product\\\/fig-jam\\\/#primaryimage\"},\"image\":{\"@id\":\"https:\\\/\\\/www.casaefigenia.com\\\/en\\\/product\\\/fig-jam\\\/#primaryimage\"},\"thumbnailUrl\":\"https:\\\/\\\/www.casaefigenia.com\\\/wp-content\\\/uploads\\\/2022\\\/11\\\/mermelada-higo-2022.jpeg\",\"datePublished\":\"2022-11-08T08:24:02+00:00\",\"dateModified\":\"2023-11-04T09:48:39+00:00\",\"breadcrumb\":{\"@id\":\"https:\\\/\\\/www.casaefigenia.com\\\/en\\\/product\\\/fig-jam\\\/#breadcrumb\"},\"inLanguage\":\"en-US\",\"potentialAction\":[{\"@type\":\"ReadAction\",\"target\":[\"https:\\\/\\\/www.casaefigenia.com\\\/en\\\/product\\\/fig-jam\\\/\"]}]},{\"@type\":\"ImageObject\",\"inLanguage\":\"en-US\",\"@id\":\"https:\\\/\\\/www.casaefigenia.com\\\/en\\\/product\\\/fig-jam\\\/#primaryimage\",\"url\":\"https:\\\/\\\/www.casaefigenia.com\\\/wp-content\\\/uploads\\\/2022\\\/11\\\/mermelada-higo-2022.jpeg\",\"contentUrl\":\"https:\\\/\\\/www.casaefigenia.com\\\/wp-content\\\/uploads\\\/2022\\\/11\\\/mermelada-higo-2022.jpeg\",\"width\":1024,\"height\":1024},{\"@type\":\"BreadcrumbList\",\"@id\":\"https:\\\/\\\/www.casaefigenia.com\\\/en\\\/product\\\/fig-jam\\\/#breadcrumb\",\"itemListElement\":[{\"@type\":\"ListItem\",\"position\":1,\"name\":\"Portada\",\"item\":\"https:\\\/\\\/www.casaefigenia.com\\\/en\\\/\"},{\"@type\":\"ListItem\",\"position\":2,\"name\":\"Shop\",\"item\":\"https:\\\/\\\/www.casaefigenia.com\\\/en\\\/casa-efigenia-products\\\/\"},{\"@type\":\"ListItem\",\"position\":3,\"name\":\"Fig jam\"}]},{\"@type\":\"WebSite\",\"@id\":\"https:\\\/\\\/www.casaefigenia.com\\\/en\\\/#website\",\"url\":\"https:\\\/\\\/www.casaefigenia.com\\\/en\\\/\",\"name\":\"Casa Efigenia\",\"description\":\"Bienvenido a Casa Efigenia. Tradici\u00f3n y calidad desde hace m\u00e1s de cincuenta a\u00f1os.\",\"publisher\":{\"@id\":\"https:\\\/\\\/www.casaefigenia.com\\\/en\\\/#organization\"},\"potentialAction\":[{\"@type\":\"SearchAction\",\"target\":{\"@type\":\"EntryPoint\",\"urlTemplate\":\"https:\\\/\\\/www.casaefigenia.com\\\/en\\\/?s={search_term_string}\"},\"query-input\":{\"@type\":\"PropertyValueSpecification\",\"valueRequired\":true,\"valueName\":\"search_term_string\"}}],\"inLanguage\":\"en-US\"},{\"@type\":\"Organization\",\"@id\":\"https:\\\/\\\/www.casaefigenia.com\\\/en\\\/#organization\",\"name\":\"Casa Efigenia\",\"url\":\"https:\\\/\\\/www.casaefigenia.com\\\/en\\\/\",\"logo\":{\"@type\":\"ImageObject\",\"inLanguage\":\"en-US\",\"@id\":\"https:\\\/\\\/www.casaefigenia.com\\\/en\\\/#\\\/schema\\\/logo\\\/image\\\/\",\"url\":\"https:\\\/\\\/www.casaefigenia.com\\\/wp-content\\\/uploads\\\/2022\\\/11\\\/logo-efigenia-transparente-1.png\",\"contentUrl\":\"https:\\\/\\\/www.casaefigenia.com\\\/wp-content\\\/uploads\\\/2022\\\/11\\\/logo-efigenia-transparente-1.png\",\"width\":394,\"height\":173,\"caption\":\"Casa Efigenia\"},\"image\":{\"@id\":\"https:\\\/\\\/www.casaefigenia.com\\\/en\\\/#\\\/schema\\\/logo\\\/image\\\/\"}}]}<\/script>\n<!-- \/ Yoast SEO plugin. -->","yoast_head_json":{"title":"Fig jam - Casa Efigenia","robots":{"index":"index","follow":"follow","max-snippet":"max-snippet:-1","max-image-preview":"max-image-preview:large","max-video-preview":"max-video-preview:-1"},"canonical":"https:\/\/www.casaefigenia.com\/en\/product\/fig-jam\/","og_locale":"en_US","og_type":"article","og_title":"Fig jam - Casa Efigenia","og_description":"Jam and sweets are foods that, without containing practically any fats, possess nutrients coming from the fruit such as sugars, fibers, minerals, and antioxidants. Net content: 250g.","og_url":"https:\/\/www.casaefigenia.com\/en\/product\/fig-jam\/","og_site_name":"Casa Efigenia","article_modified_time":"2023-11-04T09:48:39+00:00","og_image":[{"width":1024,"height":1024,"url":"https:\/\/www.casaefigenia.com\/wp-content\/uploads\/2022\/11\/mermelada-higo-2022.jpeg","type":"image\/jpeg"}],"twitter_card":"summary_large_image","schema":{"@context":"https:\/\/schema.org","@graph":[{"@type":"WebPage","@id":"https:\/\/www.casaefigenia.com\/en\/product\/fig-jam\/","url":"https:\/\/www.casaefigenia.com\/en\/product\/fig-jam\/","name":"Fig jam - Casa Efigenia","isPartOf":{"@id":"https:\/\/www.casaefigenia.com\/en\/#website"},"primaryImageOfPage":{"@id":"https:\/\/www.casaefigenia.com\/en\/product\/fig-jam\/#primaryimage"},"image":{"@id":"https:\/\/www.casaefigenia.com\/en\/product\/fig-jam\/#primaryimage"},"thumbnailUrl":"https:\/\/www.casaefigenia.com\/wp-content\/uploads\/2022\/11\/mermelada-higo-2022.jpeg","datePublished":"2022-11-08T08:24:02+00:00","dateModified":"2023-11-04T09:48:39+00:00","breadcrumb":{"@id":"https:\/\/www.casaefigenia.com\/en\/product\/fig-jam\/#breadcrumb"},"inLanguage":"en-US","potentialAction":[{"@type":"ReadAction","target":["https:\/\/www.casaefigenia.com\/en\/product\/fig-jam\/"]}]},{"@type":"ImageObject","inLanguage":"en-US","@id":"https:\/\/www.casaefigenia.com\/en\/product\/fig-jam\/#primaryimage","url":"https:\/\/www.casaefigenia.com\/wp-content\/uploads\/2022\/11\/mermelada-higo-2022.jpeg","contentUrl":"https:\/\/www.casaefigenia.com\/wp-content\/uploads\/2022\/11\/mermelada-higo-2022.jpeg","width":1024,"height":1024},{"@type":"BreadcrumbList","@id":"https:\/\/www.casaefigenia.com\/en\/product\/fig-jam\/#breadcrumb","itemListElement":[{"@type":"ListItem","position":1,"name":"Portada","item":"https:\/\/www.casaefigenia.com\/en\/"},{"@type":"ListItem","position":2,"name":"Shop","item":"https:\/\/www.casaefigenia.com\/en\/casa-efigenia-products\/"},{"@type":"ListItem","position":3,"name":"Fig jam"}]},{"@type":"WebSite","@id":"https:\/\/www.casaefigenia.com\/en\/#website","url":"https:\/\/www.casaefigenia.com\/en\/","name":"Casa Efigenia","description":"Bienvenido a Casa Efigenia. Tradici\u00f3n y calidad desde hace m\u00e1s de cincuenta a\u00f1os.","publisher":{"@id":"https:\/\/www.casaefigenia.com\/en\/#organization"},"potentialAction":[{"@type":"SearchAction","target":{"@type":"EntryPoint","urlTemplate":"https:\/\/www.casaefigenia.com\/en\/?s={search_term_string}"},"query-input":{"@type":"PropertyValueSpecification","valueRequired":true,"valueName":"search_term_string"}}],"inLanguage":"en-US"},{"@type":"Organization","@id":"https:\/\/www.casaefigenia.com\/en\/#organization","name":"Casa Efigenia","url":"https:\/\/www.casaefigenia.com\/en\/","logo":{"@type":"ImageObject","inLanguage":"en-US","@id":"https:\/\/www.casaefigenia.com\/en\/#\/schema\/logo\/image\/","url":"https:\/\/www.casaefigenia.com\/wp-content\/uploads\/2022\/11\/logo-efigenia-transparente-1.png","contentUrl":"https:\/\/www.casaefigenia.com\/wp-content\/uploads\/2022\/11\/logo-efigenia-transparente-1.png","width":394,"height":173,"caption":"Casa Efigenia"},"image":{"@id":"https:\/\/www.casaefigenia.com\/en\/#\/schema\/logo\/image\/"}}]}},"_links":{"self":[{"href":"https:\/\/www.casaefigenia.com\/en\/wp-json\/wp\/v2\/product\/5638","targetHints":{"allow":["GET"]}}],"collection":[{"href":"https:\/\/www.casaefigenia.com\/en\/wp-json\/wp\/v2\/product"}],"about":[{"href":"https:\/\/www.casaefigenia.com\/en\/wp-json\/wp\/v2\/types\/product"}],"replies":[{"embeddable":true,"href":"https:\/\/www.casaefigenia.com\/en\/wp-json\/wp\/v2\/comments?post=5638"}],"version-history":[{"count":2,"href":"https:\/\/www.casaefigenia.com\/en\/wp-json\/wp\/v2\/product\/5638\/revisions"}],"predecessor-version":[{"id":6280,"href":"https:\/\/www.casaefigenia.com\/en\/wp-json\/wp\/v2\/product\/5638\/revisions\/6280"}],"wp:featuredmedia":[{"embeddable":true,"href":"https:\/\/www.casaefigenia.com\/en\/wp-json\/wp\/v2\/media\/5671"}],"wp:attachment":[{"href":"https:\/\/www.casaefigenia.com\/en\/wp-json\/wp\/v2\/media?parent=5638"}],"wp:term":[{"taxonomy":"brand","embeddable":true,"href":"https:\/\/www.casaefigenia.com\/en\/wp-json\/wp\/v2\/etheme_brands?post=5638"},{"taxonomy":"product_brand","embeddable":true,"href":"https:\/\/www.casaefigenia.com\/en\/wp-json\/wp\/v2\/product_brand?post=5638"},{"taxonomy":"product_cat","embeddable":true,"href":"https:\/\/www.casaefigenia.com\/en\/wp-json\/wp\/v2\/product_cat?post=5638"},{"taxonomy":"product_tag","embeddable":true,"href":"https:\/\/www.casaefigenia.com\/en\/wp-json\/wp\/v2\/product_tag?post=5638"}],"curies":[{"name":"wp","href":"https:\/\/api.w.org\/{rel}","templated":true}]}}