{"id":5633,"date":"2022-11-08T08:24:02","date_gmt":"2022-11-08T08:24:02","guid":{"rendered":"https:\/\/www.casaefigenia.com\/product\/lemon-gummy-cookie\/"},"modified":"2023-11-04T09:09:41","modified_gmt":"2023-11-04T09:09:41","slug":"indulge-in-the-350g-lemon-flavored-gomeran-cookies-made-by-casa-efigenia-in-la-gomera","status":"publish","type":"product","link":"https:\/\/www.casaefigenia.com\/en\/product\/indulge-in-the-350g-lemon-flavored-gomeran-cookies-made-by-casa-efigenia-in-la-gomera\/","title":{"rendered":"Lemon-flavored Gomeran cookies"},"content":{"rendered":"<p>Ingredients: WHEAT FLOUR, SUGAR, OLIVE OIL, EGGS, MILK, LEMON ZEST, LEAVENING AGENT (DISODIUM DIPHOSPHATE AND SODIUM BICARBONATE), SALT, AND ANISE.<br \/>\nMay contain traces of nuts.<\/p>\n<p><strong>Allergens: Wheat flour, eggs, and milk. May contain nuts.<\/strong><\/p>\n<p>Net weight: 350 g.<\/p>\n<p>Origin: Spain.<\/p>\n<p>Nutritional information per 100 g.<\/p>\n<ul>\n<li>Energy Value (Kj\/Kcal) 1946\/467<\/li>\n<li>Fat (g) 16.5<\/li>\n<li>Saturated Fat (g) 1.42<\/li>\n<li>Carbohydrates (g) 66.2<\/li>\n<li>Sugars (g) 7.9<\/li>\n<li>Protein (g) 8.01<\/li>\n<li>Sodium (g) 0.038<\/li>\n<li>Salt (g) 0.1<\/li>\n<\/ul>\n","protected":false},"excerpt":{"rendered":"<p class=\"mt-2\">If you&#8217;re looking for an exceptional flavor, buy lemon-flavored Gomeran cookies made by Casa Efigenia in La Gomera. These sweets are a testament to the island&#8217;s rich baking tradition, known for its quality and meticulous artisanal craftsmanship.<\/p>\n<p class=\"mt-2\">Gomeran sweets are renowned both within and outside La Gomera, and lemon cookies are among the most prominent varieties of this rich tradition. Casa Efigenia, true to its philosophy of artisanal production, creates these cookies using the finest ingredients such as wheat flour, olive oil, eggs, milk, and lemon zest.<\/p>\n<p class=\"mt-2\">Purchasing lemon-flavored Gomeran cookies made by Casa Efigenia in La Gomera gives you the opportunity to enjoy 350 grams of an authentically Gomeran sweet. With their delicate lemon flavor, these cookies are a delight that leaves no one indifferent and undoubtedly serve as the best introduction to the island&#8217;s confectionery.<\/p>\n<p class=\"mt-2\">Furthermore, by purchasing these cookies, you are supporting the local economy and artisanal production, two fundamental pillars of Casa Efigenia. Each cookie is a tribute to Gomeran culture and traditions, reflecting the love and dedication that Casa Efigenia puts into each of its products.<\/p>\n<p class=\"mt-2\">Don&#8217;t wait any longer to discover the exquisite lemon-flavored Gomeran cookies from Casa Efigenia. This purchase will allow you to enjoy an authentic gem of Gomeran confectionery and add a touch of flavor and tradition to your home.<\/p>\n","protected":false},"featured_media":6105,"comment_status":"closed","ping_status":"closed","template":"","meta":[],"etheme_brands":[],"product_brand":[],"product_cat":[71],"product_tag":[],"class_list":{"0":"post-5633","1":"product","2":"type-product","3":"status-publish","4":"has-post-thumbnail","6":"product_cat-cookies","8":"first","9":"instock","10":"taxable","11":"shipping-taxable","12":"purchasable","13":"product-type-simple"},"yoast_head":"<!-- This site is optimized with the Yoast SEO plugin v27.5 - https:\/\/yoast.com\/product\/yoast-seo-wordpress\/ -->\n<title>Indulge in the 350g Lemon-flavored Gomeran Cookies, made by Casa Efigenia in La Gomera<\/title>\n<meta name=\"description\" content=\"Purchase lemon-flavored Gomeran cookies from Casa Efigenia in La Gomera. A delicious 350g artisanal delicacy that will captivate you.\" \/>\n<meta name=\"robots\" content=\"index, follow, max-snippet:-1, max-image-preview:large, max-video-preview:-1\" \/>\n<link rel=\"canonical\" href=\"https:\/\/www.casaefigenia.com\/en\/product\/indulge-in-the-350g-lemon-flavored-gomeran-cookies-made-by-casa-efigenia-in-la-gomera\/\" \/>\n<meta property=\"og:locale\" content=\"en_US\" \/>\n<meta property=\"og:type\" content=\"article\" \/>\n<meta property=\"og:title\" content=\"Indulge in the 350g Lemon-flavored Gomeran Cookies, made by Casa Efigenia in La Gomera\" \/>\n<meta property=\"og:description\" content=\"Purchase lemon-flavored Gomeran cookies from Casa Efigenia in La Gomera. A delicious 350g artisanal delicacy that will captivate you.\" \/>\n<meta property=\"og:url\" content=\"https:\/\/www.casaefigenia.com\/en\/product\/indulge-in-the-350g-lemon-flavored-gomeran-cookies-made-by-casa-efigenia-in-la-gomera\/\" \/>\n<meta property=\"og:site_name\" content=\"Casa Efigenia\" \/>\n<meta property=\"article:modified_time\" content=\"2023-11-04T09:09:41+00:00\" \/>\n<meta property=\"og:image\" content=\"https:\/\/www.casaefigenia.com\/wp-content\/uploads\/2022\/11\/galletas-limon.jpg\" \/>\n\t<meta property=\"og:image:width\" content=\"1021\" \/>\n\t<meta property=\"og:image:height\" content=\"1021\" \/>\n\t<meta property=\"og:image:type\" content=\"image\/jpeg\" \/>\n<meta name=\"twitter:card\" content=\"summary_large_image\" \/>\n<meta name=\"twitter:label1\" content=\"Est. reading time\" \/>\n\t<meta name=\"twitter:data1\" content=\"1 minute\" \/>\n<script type=\"application\/ld+json\" class=\"yoast-schema-graph\">{\"@context\":\"https:\\\/\\\/schema.org\",\"@graph\":[{\"@type\":\"WebPage\",\"@id\":\"https:\\\/\\\/www.casaefigenia.com\\\/en\\\/product\\\/indulge-in-the-350g-lemon-flavored-gomeran-cookies-made-by-casa-efigenia-in-la-gomera\\\/\",\"url\":\"https:\\\/\\\/www.casaefigenia.com\\\/en\\\/product\\\/indulge-in-the-350g-lemon-flavored-gomeran-cookies-made-by-casa-efigenia-in-la-gomera\\\/\",\"name\":\"Indulge in the 350g Lemon-flavored Gomeran Cookies, made by Casa Efigenia in La Gomera\",\"isPartOf\":{\"@id\":\"https:\\\/\\\/www.casaefigenia.com\\\/en\\\/#website\"},\"primaryImageOfPage\":{\"@id\":\"https:\\\/\\\/www.casaefigenia.com\\\/en\\\/product\\\/indulge-in-the-350g-lemon-flavored-gomeran-cookies-made-by-casa-efigenia-in-la-gomera\\\/#primaryimage\"},\"image\":{\"@id\":\"https:\\\/\\\/www.casaefigenia.com\\\/en\\\/product\\\/indulge-in-the-350g-lemon-flavored-gomeran-cookies-made-by-casa-efigenia-in-la-gomera\\\/#primaryimage\"},\"thumbnailUrl\":\"https:\\\/\\\/www.casaefigenia.com\\\/wp-content\\\/uploads\\\/2022\\\/11\\\/galletas-limon.jpg\",\"datePublished\":\"2022-11-08T08:24:02+00:00\",\"dateModified\":\"2023-11-04T09:09:41+00:00\",\"description\":\"Purchase lemon-flavored Gomeran cookies from Casa Efigenia in La Gomera. A delicious 350g artisanal delicacy that will captivate you.\",\"breadcrumb\":{\"@id\":\"https:\\\/\\\/www.casaefigenia.com\\\/en\\\/product\\\/indulge-in-the-350g-lemon-flavored-gomeran-cookies-made-by-casa-efigenia-in-la-gomera\\\/#breadcrumb\"},\"inLanguage\":\"en-US\",\"potentialAction\":[{\"@type\":\"ReadAction\",\"target\":[\"https:\\\/\\\/www.casaefigenia.com\\\/en\\\/product\\\/indulge-in-the-350g-lemon-flavored-gomeran-cookies-made-by-casa-efigenia-in-la-gomera\\\/\"]}]},{\"@type\":\"ImageObject\",\"inLanguage\":\"en-US\",\"@id\":\"https:\\\/\\\/www.casaefigenia.com\\\/en\\\/product\\\/indulge-in-the-350g-lemon-flavored-gomeran-cookies-made-by-casa-efigenia-in-la-gomera\\\/#primaryimage\",\"url\":\"https:\\\/\\\/www.casaefigenia.com\\\/wp-content\\\/uploads\\\/2022\\\/11\\\/galletas-limon.jpg\",\"contentUrl\":\"https:\\\/\\\/www.casaefigenia.com\\\/wp-content\\\/uploads\\\/2022\\\/11\\\/galletas-limon.jpg\",\"width\":1021,\"height\":1021},{\"@type\":\"BreadcrumbList\",\"@id\":\"https:\\\/\\\/www.casaefigenia.com\\\/en\\\/product\\\/indulge-in-the-350g-lemon-flavored-gomeran-cookies-made-by-casa-efigenia-in-la-gomera\\\/#breadcrumb\",\"itemListElement\":[{\"@type\":\"ListItem\",\"position\":1,\"name\":\"Portada\",\"item\":\"https:\\\/\\\/www.casaefigenia.com\\\/en\\\/\"},{\"@type\":\"ListItem\",\"position\":2,\"name\":\"Shop\",\"item\":\"https:\\\/\\\/www.casaefigenia.com\\\/en\\\/casa-efigenia-products\\\/\"},{\"@type\":\"ListItem\",\"position\":3,\"name\":\"Lemon-flavored Gomeran cookies\"}]},{\"@type\":\"WebSite\",\"@id\":\"https:\\\/\\\/www.casaefigenia.com\\\/en\\\/#website\",\"url\":\"https:\\\/\\\/www.casaefigenia.com\\\/en\\\/\",\"name\":\"Casa Efigenia\",\"description\":\"Bienvenido a Casa Efigenia. Tradici\u00f3n y calidad desde hace m\u00e1s de cincuenta a\u00f1os.\",\"publisher\":{\"@id\":\"https:\\\/\\\/www.casaefigenia.com\\\/en\\\/#organization\"},\"potentialAction\":[{\"@type\":\"SearchAction\",\"target\":{\"@type\":\"EntryPoint\",\"urlTemplate\":\"https:\\\/\\\/www.casaefigenia.com\\\/en\\\/?s={search_term_string}\"},\"query-input\":{\"@type\":\"PropertyValueSpecification\",\"valueRequired\":true,\"valueName\":\"search_term_string\"}}],\"inLanguage\":\"en-US\"},{\"@type\":\"Organization\",\"@id\":\"https:\\\/\\\/www.casaefigenia.com\\\/en\\\/#organization\",\"name\":\"Casa Efigenia\",\"url\":\"https:\\\/\\\/www.casaefigenia.com\\\/en\\\/\",\"logo\":{\"@type\":\"ImageObject\",\"inLanguage\":\"en-US\",\"@id\":\"https:\\\/\\\/www.casaefigenia.com\\\/en\\\/#\\\/schema\\\/logo\\\/image\\\/\",\"url\":\"https:\\\/\\\/www.casaefigenia.com\\\/wp-content\\\/uploads\\\/2022\\\/11\\\/logo-efigenia-transparente-1.png\",\"contentUrl\":\"https:\\\/\\\/www.casaefigenia.com\\\/wp-content\\\/uploads\\\/2022\\\/11\\\/logo-efigenia-transparente-1.png\",\"width\":394,\"height\":173,\"caption\":\"Casa Efigenia\"},\"image\":{\"@id\":\"https:\\\/\\\/www.casaefigenia.com\\\/en\\\/#\\\/schema\\\/logo\\\/image\\\/\"}}]}<\/script>\n<!-- \/ Yoast SEO plugin. -->","yoast_head_json":{"title":"Indulge in the 350g Lemon-flavored Gomeran Cookies, made by Casa Efigenia in La Gomera","description":"Purchase lemon-flavored Gomeran cookies from Casa Efigenia in La Gomera. A delicious 350g artisanal delicacy that will captivate you.","robots":{"index":"index","follow":"follow","max-snippet":"max-snippet:-1","max-image-preview":"max-image-preview:large","max-video-preview":"max-video-preview:-1"},"canonical":"https:\/\/www.casaefigenia.com\/en\/product\/indulge-in-the-350g-lemon-flavored-gomeran-cookies-made-by-casa-efigenia-in-la-gomera\/","og_locale":"en_US","og_type":"article","og_title":"Indulge in the 350g Lemon-flavored Gomeran Cookies, made by Casa Efigenia in La Gomera","og_description":"Purchase lemon-flavored Gomeran cookies from Casa Efigenia in La Gomera. A delicious 350g artisanal delicacy that will captivate you.","og_url":"https:\/\/www.casaefigenia.com\/en\/product\/indulge-in-the-350g-lemon-flavored-gomeran-cookies-made-by-casa-efigenia-in-la-gomera\/","og_site_name":"Casa Efigenia","article_modified_time":"2023-11-04T09:09:41+00:00","og_image":[{"width":1021,"height":1021,"url":"https:\/\/www.casaefigenia.com\/wp-content\/uploads\/2022\/11\/galletas-limon.jpg","type":"image\/jpeg"}],"twitter_card":"summary_large_image","twitter_misc":{"Est. reading time":"1 minute"},"schema":{"@context":"https:\/\/schema.org","@graph":[{"@type":"WebPage","@id":"https:\/\/www.casaefigenia.com\/en\/product\/indulge-in-the-350g-lemon-flavored-gomeran-cookies-made-by-casa-efigenia-in-la-gomera\/","url":"https:\/\/www.casaefigenia.com\/en\/product\/indulge-in-the-350g-lemon-flavored-gomeran-cookies-made-by-casa-efigenia-in-la-gomera\/","name":"Indulge in the 350g Lemon-flavored Gomeran Cookies, made by Casa Efigenia in La Gomera","isPartOf":{"@id":"https:\/\/www.casaefigenia.com\/en\/#website"},"primaryImageOfPage":{"@id":"https:\/\/www.casaefigenia.com\/en\/product\/indulge-in-the-350g-lemon-flavored-gomeran-cookies-made-by-casa-efigenia-in-la-gomera\/#primaryimage"},"image":{"@id":"https:\/\/www.casaefigenia.com\/en\/product\/indulge-in-the-350g-lemon-flavored-gomeran-cookies-made-by-casa-efigenia-in-la-gomera\/#primaryimage"},"thumbnailUrl":"https:\/\/www.casaefigenia.com\/wp-content\/uploads\/2022\/11\/galletas-limon.jpg","datePublished":"2022-11-08T08:24:02+00:00","dateModified":"2023-11-04T09:09:41+00:00","description":"Purchase lemon-flavored Gomeran cookies from Casa Efigenia in La Gomera. A delicious 350g artisanal delicacy that will captivate you.","breadcrumb":{"@id":"https:\/\/www.casaefigenia.com\/en\/product\/indulge-in-the-350g-lemon-flavored-gomeran-cookies-made-by-casa-efigenia-in-la-gomera\/#breadcrumb"},"inLanguage":"en-US","potentialAction":[{"@type":"ReadAction","target":["https:\/\/www.casaefigenia.com\/en\/product\/indulge-in-the-350g-lemon-flavored-gomeran-cookies-made-by-casa-efigenia-in-la-gomera\/"]}]},{"@type":"ImageObject","inLanguage":"en-US","@id":"https:\/\/www.casaefigenia.com\/en\/product\/indulge-in-the-350g-lemon-flavored-gomeran-cookies-made-by-casa-efigenia-in-la-gomera\/#primaryimage","url":"https:\/\/www.casaefigenia.com\/wp-content\/uploads\/2022\/11\/galletas-limon.jpg","contentUrl":"https:\/\/www.casaefigenia.com\/wp-content\/uploads\/2022\/11\/galletas-limon.jpg","width":1021,"height":1021},{"@type":"BreadcrumbList","@id":"https:\/\/www.casaefigenia.com\/en\/product\/indulge-in-the-350g-lemon-flavored-gomeran-cookies-made-by-casa-efigenia-in-la-gomera\/#breadcrumb","itemListElement":[{"@type":"ListItem","position":1,"name":"Portada","item":"https:\/\/www.casaefigenia.com\/en\/"},{"@type":"ListItem","position":2,"name":"Shop","item":"https:\/\/www.casaefigenia.com\/en\/casa-efigenia-products\/"},{"@type":"ListItem","position":3,"name":"Lemon-flavored Gomeran cookies"}]},{"@type":"WebSite","@id":"https:\/\/www.casaefigenia.com\/en\/#website","url":"https:\/\/www.casaefigenia.com\/en\/","name":"Casa Efigenia","description":"Bienvenido a Casa Efigenia. Tradici\u00f3n y calidad desde hace m\u00e1s de cincuenta a\u00f1os.","publisher":{"@id":"https:\/\/www.casaefigenia.com\/en\/#organization"},"potentialAction":[{"@type":"SearchAction","target":{"@type":"EntryPoint","urlTemplate":"https:\/\/www.casaefigenia.com\/en\/?s={search_term_string}"},"query-input":{"@type":"PropertyValueSpecification","valueRequired":true,"valueName":"search_term_string"}}],"inLanguage":"en-US"},{"@type":"Organization","@id":"https:\/\/www.casaefigenia.com\/en\/#organization","name":"Casa Efigenia","url":"https:\/\/www.casaefigenia.com\/en\/","logo":{"@type":"ImageObject","inLanguage":"en-US","@id":"https:\/\/www.casaefigenia.com\/en\/#\/schema\/logo\/image\/","url":"https:\/\/www.casaefigenia.com\/wp-content\/uploads\/2022\/11\/logo-efigenia-transparente-1.png","contentUrl":"https:\/\/www.casaefigenia.com\/wp-content\/uploads\/2022\/11\/logo-efigenia-transparente-1.png","width":394,"height":173,"caption":"Casa Efigenia"},"image":{"@id":"https:\/\/www.casaefigenia.com\/en\/#\/schema\/logo\/image\/"}}]}},"_links":{"self":[{"href":"https:\/\/www.casaefigenia.com\/en\/wp-json\/wp\/v2\/product\/5633","targetHints":{"allow":["GET"]}}],"collection":[{"href":"https:\/\/www.casaefigenia.com\/en\/wp-json\/wp\/v2\/product"}],"about":[{"href":"https:\/\/www.casaefigenia.com\/en\/wp-json\/wp\/v2\/types\/product"}],"replies":[{"embeddable":true,"href":"https:\/\/www.casaefigenia.com\/en\/wp-json\/wp\/v2\/comments?post=5633"}],"version-history":[{"count":3,"href":"https:\/\/www.casaefigenia.com\/en\/wp-json\/wp\/v2\/product\/5633\/revisions"}],"predecessor-version":[{"id":6263,"href":"https:\/\/www.casaefigenia.com\/en\/wp-json\/wp\/v2\/product\/5633\/revisions\/6263"}],"wp:featuredmedia":[{"embeddable":true,"href":"https:\/\/www.casaefigenia.com\/en\/wp-json\/wp\/v2\/media\/6105"}],"wp:attachment":[{"href":"https:\/\/www.casaefigenia.com\/en\/wp-json\/wp\/v2\/media?parent=5633"}],"wp:term":[{"taxonomy":"brand","embeddable":true,"href":"https:\/\/www.casaefigenia.com\/en\/wp-json\/wp\/v2\/etheme_brands?post=5633"},{"taxonomy":"product_brand","embeddable":true,"href":"https:\/\/www.casaefigenia.com\/en\/wp-json\/wp\/v2\/product_brand?post=5633"},{"taxonomy":"product_cat","embeddable":true,"href":"https:\/\/www.casaefigenia.com\/en\/wp-json\/wp\/v2\/product_cat?post=5633"},{"taxonomy":"product_tag","embeddable":true,"href":"https:\/\/www.casaefigenia.com\/en\/wp-json\/wp\/v2\/product_tag?post=5633"}],"curies":[{"name":"wp","href":"https:\/\/api.w.org\/{rel}","templated":true}]}}