{"id":5632,"date":"2022-11-08T08:24:02","date_gmt":"2022-11-08T08:24:02","guid":{"rendered":"https:\/\/www.casaefigenia.com\/product\/mistela\/"},"modified":"2023-11-04T10:30:39","modified_gmt":"2023-11-04T10:30:39","slug":"mistela","status":"publish","type":"product","link":"https:\/\/www.casaefigenia.com\/en\/product\/mistela\/","title":{"rendered":"Mistela"},"content":{"rendered":"<p><strong>Ingredientes<\/strong>: VINO (CONTIENE SULFITOS), AGUARDIENTE<br \/>\n    DE VINO, SIROPE DE PALMA, C\u00c1SCARA DE<br \/>\n    NARANJA Y ESPECIAS.<\/p>\n<p><strong>Al\u00e9rgenos: vino (contiene sulfitos).<\/strong><\/p>\n<p>Contenido neto: 250 ml.<\/p>\n<p>Origen: Espa\u00f1a.<\/p>\n","protected":false},"excerpt":{"rendered":"<p class=\"p1\">La Mistela es una bebida elaborada con vino blanco (<strong>contiene sulfitos<\/strong>), especias, c\u00e1scara de naranja y miel de palma. Se obtiene tras el reposo de esta mezcla un tiempo en maceraci\u00f3n. Para aumentar la graduaci\u00f3n se incluye tambi\u00e9n aguardiente de parra. Es uno de los sabores m\u00e1s caracter\u00edsticos de la isla y deja en el paladar una sensaci\u00f3n dulce que es ideal para despu\u00e9s de comer.<\/p>\n<p class=\"p1\">Grado alcoh\u00f3lico: 10.2% Vol.<\/p>\n<p>Contenido: 250ml.<\/p>\n","protected":false},"featured_media":5564,"comment_status":"closed","ping_status":"closed","template":"","meta":[],"etheme_brands":[],"product_brand":[],"product_cat":[72],"product_tag":[],"class_list":{"0":"post-5632","1":"product","2":"type-product","3":"status-publish","4":"has-post-thumbnail","6":"product_cat-others","8":"first","9":"instock","10":"taxable","11":"shipping-taxable","12":"purchasable","13":"product-type-simple"},"yoast_head":"<!-- This site is optimized with the Yoast SEO plugin v27.5 - https:\/\/yoast.com\/product\/yoast-seo-wordpress\/ -->\n<title>Mistela - Casa Efigenia<\/title>\n<meta name=\"robots\" content=\"index, follow, max-snippet:-1, max-image-preview:large, max-video-preview:-1\" \/>\n<link rel=\"canonical\" href=\"https:\/\/www.casaefigenia.com\/en\/product\/mistela\/\" \/>\n<meta property=\"og:locale\" content=\"en_US\" \/>\n<meta property=\"og:type\" content=\"article\" \/>\n<meta property=\"og:title\" content=\"Mistela - Casa Efigenia\" \/>\n<meta property=\"og:description\" content=\"La Mistela es una bebida elaborada con vino blanco (contiene sulfitos), especias, c\u00e1scara de naranja y miel de palma. Se obtiene tras el reposo de esta mezcla un tiempo en maceraci\u00f3n. Para aumentar la graduaci\u00f3n se incluye tambi\u00e9n aguardiente de parra. Es uno de los sabores m\u00e1s caracter\u00edsticos de la isla y deja en el paladar una sensaci\u00f3n dulce que es ideal para despu\u00e9s de comer. Grado alcoh\u00f3lico: 10.2% Vol. Contenido: 250ml.\" \/>\n<meta property=\"og:url\" content=\"https:\/\/www.casaefigenia.com\/en\/product\/mistela\/\" \/>\n<meta property=\"og:site_name\" content=\"Casa Efigenia\" \/>\n<meta property=\"article:modified_time\" content=\"2023-11-04T10:30:39+00:00\" \/>\n<meta property=\"og:image\" content=\"https:\/\/www.casaefigenia.com\/wp-content\/uploads\/2022\/11\/mistela-2022.jpeg\" \/>\n\t<meta property=\"og:image:width\" content=\"1024\" \/>\n\t<meta property=\"og:image:height\" content=\"1024\" \/>\n\t<meta property=\"og:image:type\" content=\"image\/jpeg\" \/>\n<meta name=\"twitter:card\" content=\"summary_large_image\" \/>\n<script type=\"application\/ld+json\" class=\"yoast-schema-graph\">{\"@context\":\"https:\\\/\\\/schema.org\",\"@graph\":[{\"@type\":\"WebPage\",\"@id\":\"https:\\\/\\\/www.casaefigenia.com\\\/en\\\/product\\\/mistela\\\/\",\"url\":\"https:\\\/\\\/www.casaefigenia.com\\\/en\\\/product\\\/mistela\\\/\",\"name\":\"Mistela - Casa Efigenia\",\"isPartOf\":{\"@id\":\"https:\\\/\\\/www.casaefigenia.com\\\/en\\\/#website\"},\"primaryImageOfPage\":{\"@id\":\"https:\\\/\\\/www.casaefigenia.com\\\/en\\\/product\\\/mistela\\\/#primaryimage\"},\"image\":{\"@id\":\"https:\\\/\\\/www.casaefigenia.com\\\/en\\\/product\\\/mistela\\\/#primaryimage\"},\"thumbnailUrl\":\"https:\\\/\\\/www.casaefigenia.com\\\/wp-content\\\/uploads\\\/2022\\\/11\\\/mistela-2022.jpeg\",\"datePublished\":\"2022-11-08T08:24:02+00:00\",\"dateModified\":\"2023-11-04T10:30:39+00:00\",\"breadcrumb\":{\"@id\":\"https:\\\/\\\/www.casaefigenia.com\\\/en\\\/product\\\/mistela\\\/#breadcrumb\"},\"inLanguage\":\"en-US\",\"potentialAction\":[{\"@type\":\"ReadAction\",\"target\":[\"https:\\\/\\\/www.casaefigenia.com\\\/en\\\/product\\\/mistela\\\/\"]}]},{\"@type\":\"ImageObject\",\"inLanguage\":\"en-US\",\"@id\":\"https:\\\/\\\/www.casaefigenia.com\\\/en\\\/product\\\/mistela\\\/#primaryimage\",\"url\":\"https:\\\/\\\/www.casaefigenia.com\\\/wp-content\\\/uploads\\\/2022\\\/11\\\/mistela-2022.jpeg\",\"contentUrl\":\"https:\\\/\\\/www.casaefigenia.com\\\/wp-content\\\/uploads\\\/2022\\\/11\\\/mistela-2022.jpeg\",\"width\":1024,\"height\":1024},{\"@type\":\"BreadcrumbList\",\"@id\":\"https:\\\/\\\/www.casaefigenia.com\\\/en\\\/product\\\/mistela\\\/#breadcrumb\",\"itemListElement\":[{\"@type\":\"ListItem\",\"position\":1,\"name\":\"Portada\",\"item\":\"https:\\\/\\\/www.casaefigenia.com\\\/en\\\/\"},{\"@type\":\"ListItem\",\"position\":2,\"name\":\"Shop\",\"item\":\"https:\\\/\\\/www.casaefigenia.com\\\/en\\\/casa-efigenia-products\\\/\"},{\"@type\":\"ListItem\",\"position\":3,\"name\":\"Mistela\"}]},{\"@type\":\"WebSite\",\"@id\":\"https:\\\/\\\/www.casaefigenia.com\\\/en\\\/#website\",\"url\":\"https:\\\/\\\/www.casaefigenia.com\\\/en\\\/\",\"name\":\"Casa Efigenia\",\"description\":\"Bienvenido a Casa Efigenia. Tradici\u00f3n y calidad desde hace m\u00e1s de cincuenta a\u00f1os.\",\"publisher\":{\"@id\":\"https:\\\/\\\/www.casaefigenia.com\\\/en\\\/#organization\"},\"potentialAction\":[{\"@type\":\"SearchAction\",\"target\":{\"@type\":\"EntryPoint\",\"urlTemplate\":\"https:\\\/\\\/www.casaefigenia.com\\\/en\\\/?s={search_term_string}\"},\"query-input\":{\"@type\":\"PropertyValueSpecification\",\"valueRequired\":true,\"valueName\":\"search_term_string\"}}],\"inLanguage\":\"en-US\"},{\"@type\":\"Organization\",\"@id\":\"https:\\\/\\\/www.casaefigenia.com\\\/en\\\/#organization\",\"name\":\"Casa Efigenia\",\"url\":\"https:\\\/\\\/www.casaefigenia.com\\\/en\\\/\",\"logo\":{\"@type\":\"ImageObject\",\"inLanguage\":\"en-US\",\"@id\":\"https:\\\/\\\/www.casaefigenia.com\\\/en\\\/#\\\/schema\\\/logo\\\/image\\\/\",\"url\":\"https:\\\/\\\/www.casaefigenia.com\\\/wp-content\\\/uploads\\\/2022\\\/11\\\/logo-efigenia-transparente-1.png\",\"contentUrl\":\"https:\\\/\\\/www.casaefigenia.com\\\/wp-content\\\/uploads\\\/2022\\\/11\\\/logo-efigenia-transparente-1.png\",\"width\":394,\"height\":173,\"caption\":\"Casa Efigenia\"},\"image\":{\"@id\":\"https:\\\/\\\/www.casaefigenia.com\\\/en\\\/#\\\/schema\\\/logo\\\/image\\\/\"}}]}<\/script>\n<!-- \/ Yoast SEO plugin. -->","yoast_head_json":{"title":"Mistela - Casa Efigenia","robots":{"index":"index","follow":"follow","max-snippet":"max-snippet:-1","max-image-preview":"max-image-preview:large","max-video-preview":"max-video-preview:-1"},"canonical":"https:\/\/www.casaefigenia.com\/en\/product\/mistela\/","og_locale":"en_US","og_type":"article","og_title":"Mistela - Casa Efigenia","og_description":"La Mistela es una bebida elaborada con vino blanco (contiene sulfitos), especias, c\u00e1scara de naranja y miel de palma. Se obtiene tras el reposo de esta mezcla un tiempo en maceraci\u00f3n. Para aumentar la graduaci\u00f3n se incluye tambi\u00e9n aguardiente de parra. Es uno de los sabores m\u00e1s caracter\u00edsticos de la isla y deja en el paladar una sensaci\u00f3n dulce que es ideal para despu\u00e9s de comer. Grado alcoh\u00f3lico: 10.2% Vol. Contenido: 250ml.","og_url":"https:\/\/www.casaefigenia.com\/en\/product\/mistela\/","og_site_name":"Casa Efigenia","article_modified_time":"2023-11-04T10:30:39+00:00","og_image":[{"width":1024,"height":1024,"url":"https:\/\/www.casaefigenia.com\/wp-content\/uploads\/2022\/11\/mistela-2022.jpeg","type":"image\/jpeg"}],"twitter_card":"summary_large_image","schema":{"@context":"https:\/\/schema.org","@graph":[{"@type":"WebPage","@id":"https:\/\/www.casaefigenia.com\/en\/product\/mistela\/","url":"https:\/\/www.casaefigenia.com\/en\/product\/mistela\/","name":"Mistela - Casa Efigenia","isPartOf":{"@id":"https:\/\/www.casaefigenia.com\/en\/#website"},"primaryImageOfPage":{"@id":"https:\/\/www.casaefigenia.com\/en\/product\/mistela\/#primaryimage"},"image":{"@id":"https:\/\/www.casaefigenia.com\/en\/product\/mistela\/#primaryimage"},"thumbnailUrl":"https:\/\/www.casaefigenia.com\/wp-content\/uploads\/2022\/11\/mistela-2022.jpeg","datePublished":"2022-11-08T08:24:02+00:00","dateModified":"2023-11-04T10:30:39+00:00","breadcrumb":{"@id":"https:\/\/www.casaefigenia.com\/en\/product\/mistela\/#breadcrumb"},"inLanguage":"en-US","potentialAction":[{"@type":"ReadAction","target":["https:\/\/www.casaefigenia.com\/en\/product\/mistela\/"]}]},{"@type":"ImageObject","inLanguage":"en-US","@id":"https:\/\/www.casaefigenia.com\/en\/product\/mistela\/#primaryimage","url":"https:\/\/www.casaefigenia.com\/wp-content\/uploads\/2022\/11\/mistela-2022.jpeg","contentUrl":"https:\/\/www.casaefigenia.com\/wp-content\/uploads\/2022\/11\/mistela-2022.jpeg","width":1024,"height":1024},{"@type":"BreadcrumbList","@id":"https:\/\/www.casaefigenia.com\/en\/product\/mistela\/#breadcrumb","itemListElement":[{"@type":"ListItem","position":1,"name":"Portada","item":"https:\/\/www.casaefigenia.com\/en\/"},{"@type":"ListItem","position":2,"name":"Shop","item":"https:\/\/www.casaefigenia.com\/en\/casa-efigenia-products\/"},{"@type":"ListItem","position":3,"name":"Mistela"}]},{"@type":"WebSite","@id":"https:\/\/www.casaefigenia.com\/en\/#website","url":"https:\/\/www.casaefigenia.com\/en\/","name":"Casa Efigenia","description":"Bienvenido a Casa Efigenia. Tradici\u00f3n y calidad desde hace m\u00e1s de cincuenta a\u00f1os.","publisher":{"@id":"https:\/\/www.casaefigenia.com\/en\/#organization"},"potentialAction":[{"@type":"SearchAction","target":{"@type":"EntryPoint","urlTemplate":"https:\/\/www.casaefigenia.com\/en\/?s={search_term_string}"},"query-input":{"@type":"PropertyValueSpecification","valueRequired":true,"valueName":"search_term_string"}}],"inLanguage":"en-US"},{"@type":"Organization","@id":"https:\/\/www.casaefigenia.com\/en\/#organization","name":"Casa Efigenia","url":"https:\/\/www.casaefigenia.com\/en\/","logo":{"@type":"ImageObject","inLanguage":"en-US","@id":"https:\/\/www.casaefigenia.com\/en\/#\/schema\/logo\/image\/","url":"https:\/\/www.casaefigenia.com\/wp-content\/uploads\/2022\/11\/logo-efigenia-transparente-1.png","contentUrl":"https:\/\/www.casaefigenia.com\/wp-content\/uploads\/2022\/11\/logo-efigenia-transparente-1.png","width":394,"height":173,"caption":"Casa Efigenia"},"image":{"@id":"https:\/\/www.casaefigenia.com\/en\/#\/schema\/logo\/image\/"}}]}},"_links":{"self":[{"href":"https:\/\/www.casaefigenia.com\/en\/wp-json\/wp\/v2\/product\/5632","targetHints":{"allow":["GET"]}}],"collection":[{"href":"https:\/\/www.casaefigenia.com\/en\/wp-json\/wp\/v2\/product"}],"about":[{"href":"https:\/\/www.casaefigenia.com\/en\/wp-json\/wp\/v2\/types\/product"}],"replies":[{"embeddable":true,"href":"https:\/\/www.casaefigenia.com\/en\/wp-json\/wp\/v2\/comments?post=5632"}],"version-history":[{"count":2,"href":"https:\/\/www.casaefigenia.com\/en\/wp-json\/wp\/v2\/product\/5632\/revisions"}],"predecessor-version":[{"id":6322,"href":"https:\/\/www.casaefigenia.com\/en\/wp-json\/wp\/v2\/product\/5632\/revisions\/6322"}],"wp:featuredmedia":[{"embeddable":true,"href":"https:\/\/www.casaefigenia.com\/en\/wp-json\/wp\/v2\/media\/5564"}],"wp:attachment":[{"href":"https:\/\/www.casaefigenia.com\/en\/wp-json\/wp\/v2\/media?parent=5632"}],"wp:term":[{"taxonomy":"brand","embeddable":true,"href":"https:\/\/www.casaefigenia.com\/en\/wp-json\/wp\/v2\/etheme_brands?post=5632"},{"taxonomy":"product_brand","embeddable":true,"href":"https:\/\/www.casaefigenia.com\/en\/wp-json\/wp\/v2\/product_brand?post=5632"},{"taxonomy":"product_cat","embeddable":true,"href":"https:\/\/www.casaefigenia.com\/en\/wp-json\/wp\/v2\/product_cat?post=5632"},{"taxonomy":"product_tag","embeddable":true,"href":"https:\/\/www.casaefigenia.com\/en\/wp-json\/wp\/v2\/product_tag?post=5632"}],"curies":[{"name":"wp","href":"https:\/\/api.w.org\/{rel}","templated":true}]}}