{"id":5627,"date":"2022-11-08T08:24:02","date_gmt":"2022-11-08T08:24:02","guid":{"rendered":"https:\/\/www.casaefigenia.com\/product\/gomera-gofio-cookie\/"},"modified":"2023-11-04T09:03:20","modified_gmt":"2023-11-04T09:03:20","slug":"enjoy-the-350g-gomeran-gofio-cookies-made-by-casa-efigenia-in-la-gomera","status":"publish","type":"product","link":"https:\/\/www.casaefigenia.com\/en\/product\/enjoy-the-350g-gomeran-gofio-cookies-made-by-casa-efigenia-in-la-gomera\/","title":{"rendered":"Gomeran Gofio Cookies"},"content":{"rendered":"<p>Ingredients: GOFIO (MAIZE, WHEAT, AND BARLEY), SUGAR, OLIVE OIL, EGGS, MILK, LEMON ZEST, RAISING AGENT (DISODIUM DIPHOSPHATE AND SODIUM BICARBONATE), SALT, AND ANISEED.<br \/>\nMay contain traces of nuts.<\/p>\n<p><strong>Allergens: Wheat flour, eggs, and milk. May contain nuts.<\/strong><\/p>\n<p>Net weight: 350 g.<\/p>\n<p>Origin: Spain.<\/p>\n<p>Nutritional information per 100 g.<\/p>\n<ul>\n<li>Energy Value (Kj\/Kcal) 1915\/475<\/li>\n<li>Fat (g) 17.2<\/li>\n<li>Saturated Fat (g) 1.5<\/li>\n<li>Carbohydrates (g) 65.5<\/li>\n<li>Sugars (g) 18.03<\/li>\n<li>Protein (g) 8.05<\/li>\n<li>Sodium (g) 0.045<\/li>\n<li>Salt (g) 0.1<\/li>\n<\/ul>\n","protected":false},"excerpt":{"rendered":"<p class=\"mt-2\">Indulge in a sweet treat that will brighten your day: Gomeran Gofio Cookies made by Casa Efigenia in La Gomera. These sweets, with their exquisite flavor and artisanal preparation, are a true delight for the palate and an emblem of the island&#8217;s rich baking tradition.<\/p>\n<p class=\"mt-2\">Gomeran sweets are renowned for their quality and authenticity both within and beyond La Gomera. Among this variety, Gofio Cookies stand out for their traditional recipe and meticulous craftsmanship. Casa Efigenia, recognized for its dedication to artisanal products, makes them with select and natural ingredients such as maize, wheat, and barley gofio, olive oil, eggs, milk, and lemon zest.<\/p>\n<p class=\"mt-2\">When you purchase Gomeran Gofio Cookies made by Casa Efigenia in La Gomera, you will bring home 350 grams of an authentic culinary experience. Gofio Cookies are the perfect introduction to Gomeran baking, and with every bite, you can appreciate the care and tradition that goes into their preparation.<\/p>\n<p class=\"mt-2\">Furthermore, by choosing these cookies, you are supporting the local economy and the island&#8217;s traditional culinary art. Casa Efigenia&#8217;s philosophy is based on using locally sourced ingredients and employing artisanal production methods, making each cookie a true tribute to La Gomera and its culture.<\/p>\n<p class=\"mt-2\">Don&#8217;t wait any longer and discover the delicious baking tradition of La Gomera with the purchase of Gomeran Gofio Cookies from Casa Efigenia. This 350-gram treat will undoubtedly be a delightful addition to your pantry.<\/p>\n","protected":false},"featured_media":6079,"comment_status":"closed","ping_status":"closed","template":"","meta":[],"etheme_brands":[],"product_brand":[],"product_cat":[71],"product_tag":[],"class_list":{"0":"post-5627","1":"product","2":"type-product","3":"status-publish","4":"has-post-thumbnail","6":"product_cat-cookies","8":"first","9":"instock","10":"taxable","11":"shipping-taxable","12":"purchasable","13":"product-type-simple"},"yoast_head":"<!-- This site is optimized with the Yoast SEO plugin v27.4 - https:\/\/yoast.com\/product\/yoast-seo-wordpress\/ -->\n<title>Enjoy the 350g Gomeran Gofio Cookies, made by Casa Efigenia in La Gomera<\/title>\n<meta name=\"description\" content=\"Purchase Gomeran Gofio Cookies, an authentic sweet from La Gomera. Casa Efigenia offers you 350 grams of artisanal flavor.\" \/>\n<meta name=\"robots\" content=\"index, follow, max-snippet:-1, max-image-preview:large, max-video-preview:-1\" \/>\n<link rel=\"canonical\" href=\"https:\/\/www.casaefigenia.com\/en\/product\/enjoy-the-350g-gomeran-gofio-cookies-made-by-casa-efigenia-in-la-gomera\/\" \/>\n<meta property=\"og:locale\" content=\"en_US\" \/>\n<meta property=\"og:type\" content=\"article\" \/>\n<meta property=\"og:title\" content=\"Enjoy the 350g Gomeran Gofio Cookies, made by Casa Efigenia in La Gomera\" \/>\n<meta property=\"og:description\" content=\"Purchase Gomeran Gofio Cookies, an authentic sweet from La Gomera. Casa Efigenia offers you 350 grams of artisanal flavor.\" \/>\n<meta property=\"og:url\" content=\"https:\/\/www.casaefigenia.com\/en\/product\/enjoy-the-350g-gomeran-gofio-cookies-made-by-casa-efigenia-in-la-gomera\/\" \/>\n<meta property=\"og:site_name\" content=\"Casa Efigenia\" \/>\n<meta property=\"article:modified_time\" content=\"2023-11-04T09:03:20+00:00\" \/>\n<meta property=\"og:image\" content=\"https:\/\/www.casaefigenia.com\/wp-content\/uploads\/2022\/11\/galletas-gofio.jpg\" \/>\n\t<meta property=\"og:image:width\" content=\"1026\" \/>\n\t<meta property=\"og:image:height\" content=\"1026\" \/>\n\t<meta property=\"og:image:type\" content=\"image\/jpeg\" \/>\n<meta name=\"twitter:card\" content=\"summary_large_image\" \/>\n<meta name=\"twitter:label1\" content=\"Est. reading time\" \/>\n\t<meta name=\"twitter:data1\" content=\"1 minute\" \/>\n<script type=\"application\/ld+json\" class=\"yoast-schema-graph\">{\"@context\":\"https:\\\/\\\/schema.org\",\"@graph\":[{\"@type\":\"WebPage\",\"@id\":\"https:\\\/\\\/www.casaefigenia.com\\\/en\\\/product\\\/enjoy-the-350g-gomeran-gofio-cookies-made-by-casa-efigenia-in-la-gomera\\\/\",\"url\":\"https:\\\/\\\/www.casaefigenia.com\\\/en\\\/product\\\/enjoy-the-350g-gomeran-gofio-cookies-made-by-casa-efigenia-in-la-gomera\\\/\",\"name\":\"Enjoy the 350g Gomeran Gofio Cookies, made by Casa Efigenia in La Gomera\",\"isPartOf\":{\"@id\":\"https:\\\/\\\/www.casaefigenia.com\\\/en\\\/#website\"},\"primaryImageOfPage\":{\"@id\":\"https:\\\/\\\/www.casaefigenia.com\\\/en\\\/product\\\/enjoy-the-350g-gomeran-gofio-cookies-made-by-casa-efigenia-in-la-gomera\\\/#primaryimage\"},\"image\":{\"@id\":\"https:\\\/\\\/www.casaefigenia.com\\\/en\\\/product\\\/enjoy-the-350g-gomeran-gofio-cookies-made-by-casa-efigenia-in-la-gomera\\\/#primaryimage\"},\"thumbnailUrl\":\"https:\\\/\\\/www.casaefigenia.com\\\/wp-content\\\/uploads\\\/2022\\\/11\\\/galletas-gofio.jpg\",\"datePublished\":\"2022-11-08T08:24:02+00:00\",\"dateModified\":\"2023-11-04T09:03:20+00:00\",\"description\":\"Purchase Gomeran Gofio Cookies, an authentic sweet from La Gomera. Casa Efigenia offers you 350 grams of artisanal flavor.\",\"breadcrumb\":{\"@id\":\"https:\\\/\\\/www.casaefigenia.com\\\/en\\\/product\\\/enjoy-the-350g-gomeran-gofio-cookies-made-by-casa-efigenia-in-la-gomera\\\/#breadcrumb\"},\"inLanguage\":\"en-US\",\"potentialAction\":[{\"@type\":\"ReadAction\",\"target\":[\"https:\\\/\\\/www.casaefigenia.com\\\/en\\\/product\\\/enjoy-the-350g-gomeran-gofio-cookies-made-by-casa-efigenia-in-la-gomera\\\/\"]}]},{\"@type\":\"ImageObject\",\"inLanguage\":\"en-US\",\"@id\":\"https:\\\/\\\/www.casaefigenia.com\\\/en\\\/product\\\/enjoy-the-350g-gomeran-gofio-cookies-made-by-casa-efigenia-in-la-gomera\\\/#primaryimage\",\"url\":\"https:\\\/\\\/www.casaefigenia.com\\\/wp-content\\\/uploads\\\/2022\\\/11\\\/galletas-gofio.jpg\",\"contentUrl\":\"https:\\\/\\\/www.casaefigenia.com\\\/wp-content\\\/uploads\\\/2022\\\/11\\\/galletas-gofio.jpg\",\"width\":1026,\"height\":1026},{\"@type\":\"BreadcrumbList\",\"@id\":\"https:\\\/\\\/www.casaefigenia.com\\\/en\\\/product\\\/enjoy-the-350g-gomeran-gofio-cookies-made-by-casa-efigenia-in-la-gomera\\\/#breadcrumb\",\"itemListElement\":[{\"@type\":\"ListItem\",\"position\":1,\"name\":\"Portada\",\"item\":\"https:\\\/\\\/www.casaefigenia.com\\\/en\\\/\"},{\"@type\":\"ListItem\",\"position\":2,\"name\":\"Shop\",\"item\":\"https:\\\/\\\/www.casaefigenia.com\\\/en\\\/casa-efigenia-products\\\/\"},{\"@type\":\"ListItem\",\"position\":3,\"name\":\"Gomeran Gofio Cookies\"}]},{\"@type\":\"WebSite\",\"@id\":\"https:\\\/\\\/www.casaefigenia.com\\\/en\\\/#website\",\"url\":\"https:\\\/\\\/www.casaefigenia.com\\\/en\\\/\",\"name\":\"Casa Efigenia\",\"description\":\"Bienvenido a Casa Efigenia. Tradici\u00f3n y calidad desde hace m\u00e1s de cincuenta a\u00f1os.\",\"publisher\":{\"@id\":\"https:\\\/\\\/www.casaefigenia.com\\\/en\\\/#organization\"},\"potentialAction\":[{\"@type\":\"SearchAction\",\"target\":{\"@type\":\"EntryPoint\",\"urlTemplate\":\"https:\\\/\\\/www.casaefigenia.com\\\/en\\\/?s={search_term_string}\"},\"query-input\":{\"@type\":\"PropertyValueSpecification\",\"valueRequired\":true,\"valueName\":\"search_term_string\"}}],\"inLanguage\":\"en-US\"},{\"@type\":\"Organization\",\"@id\":\"https:\\\/\\\/www.casaefigenia.com\\\/en\\\/#organization\",\"name\":\"Casa Efigenia\",\"url\":\"https:\\\/\\\/www.casaefigenia.com\\\/en\\\/\",\"logo\":{\"@type\":\"ImageObject\",\"inLanguage\":\"en-US\",\"@id\":\"https:\\\/\\\/www.casaefigenia.com\\\/en\\\/#\\\/schema\\\/logo\\\/image\\\/\",\"url\":\"https:\\\/\\\/www.casaefigenia.com\\\/wp-content\\\/uploads\\\/2022\\\/11\\\/logo-efigenia-transparente-1.png\",\"contentUrl\":\"https:\\\/\\\/www.casaefigenia.com\\\/wp-content\\\/uploads\\\/2022\\\/11\\\/logo-efigenia-transparente-1.png\",\"width\":394,\"height\":173,\"caption\":\"Casa Efigenia\"},\"image\":{\"@id\":\"https:\\\/\\\/www.casaefigenia.com\\\/en\\\/#\\\/schema\\\/logo\\\/image\\\/\"}}]}<\/script>\n<!-- \/ Yoast SEO plugin. -->","yoast_head_json":{"title":"Enjoy the 350g Gomeran Gofio Cookies, made by Casa Efigenia in La Gomera","description":"Purchase Gomeran Gofio Cookies, an authentic sweet from La Gomera. Casa Efigenia offers you 350 grams of artisanal flavor.","robots":{"index":"index","follow":"follow","max-snippet":"max-snippet:-1","max-image-preview":"max-image-preview:large","max-video-preview":"max-video-preview:-1"},"canonical":"https:\/\/www.casaefigenia.com\/en\/product\/enjoy-the-350g-gomeran-gofio-cookies-made-by-casa-efigenia-in-la-gomera\/","og_locale":"en_US","og_type":"article","og_title":"Enjoy the 350g Gomeran Gofio Cookies, made by Casa Efigenia in La Gomera","og_description":"Purchase Gomeran Gofio Cookies, an authentic sweet from La Gomera. Casa Efigenia offers you 350 grams of artisanal flavor.","og_url":"https:\/\/www.casaefigenia.com\/en\/product\/enjoy-the-350g-gomeran-gofio-cookies-made-by-casa-efigenia-in-la-gomera\/","og_site_name":"Casa Efigenia","article_modified_time":"2023-11-04T09:03:20+00:00","og_image":[{"width":1026,"height":1026,"url":"https:\/\/www.casaefigenia.com\/wp-content\/uploads\/2022\/11\/galletas-gofio.jpg","type":"image\/jpeg"}],"twitter_card":"summary_large_image","twitter_misc":{"Est. reading time":"1 minute"},"schema":{"@context":"https:\/\/schema.org","@graph":[{"@type":"WebPage","@id":"https:\/\/www.casaefigenia.com\/en\/product\/enjoy-the-350g-gomeran-gofio-cookies-made-by-casa-efigenia-in-la-gomera\/","url":"https:\/\/www.casaefigenia.com\/en\/product\/enjoy-the-350g-gomeran-gofio-cookies-made-by-casa-efigenia-in-la-gomera\/","name":"Enjoy the 350g Gomeran Gofio Cookies, made by Casa Efigenia in La Gomera","isPartOf":{"@id":"https:\/\/www.casaefigenia.com\/en\/#website"},"primaryImageOfPage":{"@id":"https:\/\/www.casaefigenia.com\/en\/product\/enjoy-the-350g-gomeran-gofio-cookies-made-by-casa-efigenia-in-la-gomera\/#primaryimage"},"image":{"@id":"https:\/\/www.casaefigenia.com\/en\/product\/enjoy-the-350g-gomeran-gofio-cookies-made-by-casa-efigenia-in-la-gomera\/#primaryimage"},"thumbnailUrl":"https:\/\/www.casaefigenia.com\/wp-content\/uploads\/2022\/11\/galletas-gofio.jpg","datePublished":"2022-11-08T08:24:02+00:00","dateModified":"2023-11-04T09:03:20+00:00","description":"Purchase Gomeran Gofio Cookies, an authentic sweet from La Gomera. Casa Efigenia offers you 350 grams of artisanal flavor.","breadcrumb":{"@id":"https:\/\/www.casaefigenia.com\/en\/product\/enjoy-the-350g-gomeran-gofio-cookies-made-by-casa-efigenia-in-la-gomera\/#breadcrumb"},"inLanguage":"en-US","potentialAction":[{"@type":"ReadAction","target":["https:\/\/www.casaefigenia.com\/en\/product\/enjoy-the-350g-gomeran-gofio-cookies-made-by-casa-efigenia-in-la-gomera\/"]}]},{"@type":"ImageObject","inLanguage":"en-US","@id":"https:\/\/www.casaefigenia.com\/en\/product\/enjoy-the-350g-gomeran-gofio-cookies-made-by-casa-efigenia-in-la-gomera\/#primaryimage","url":"https:\/\/www.casaefigenia.com\/wp-content\/uploads\/2022\/11\/galletas-gofio.jpg","contentUrl":"https:\/\/www.casaefigenia.com\/wp-content\/uploads\/2022\/11\/galletas-gofio.jpg","width":1026,"height":1026},{"@type":"BreadcrumbList","@id":"https:\/\/www.casaefigenia.com\/en\/product\/enjoy-the-350g-gomeran-gofio-cookies-made-by-casa-efigenia-in-la-gomera\/#breadcrumb","itemListElement":[{"@type":"ListItem","position":1,"name":"Portada","item":"https:\/\/www.casaefigenia.com\/en\/"},{"@type":"ListItem","position":2,"name":"Shop","item":"https:\/\/www.casaefigenia.com\/en\/casa-efigenia-products\/"},{"@type":"ListItem","position":3,"name":"Gomeran Gofio Cookies"}]},{"@type":"WebSite","@id":"https:\/\/www.casaefigenia.com\/en\/#website","url":"https:\/\/www.casaefigenia.com\/en\/","name":"Casa Efigenia","description":"Bienvenido a Casa Efigenia. Tradici\u00f3n y calidad desde hace m\u00e1s de cincuenta a\u00f1os.","publisher":{"@id":"https:\/\/www.casaefigenia.com\/en\/#organization"},"potentialAction":[{"@type":"SearchAction","target":{"@type":"EntryPoint","urlTemplate":"https:\/\/www.casaefigenia.com\/en\/?s={search_term_string}"},"query-input":{"@type":"PropertyValueSpecification","valueRequired":true,"valueName":"search_term_string"}}],"inLanguage":"en-US"},{"@type":"Organization","@id":"https:\/\/www.casaefigenia.com\/en\/#organization","name":"Casa Efigenia","url":"https:\/\/www.casaefigenia.com\/en\/","logo":{"@type":"ImageObject","inLanguage":"en-US","@id":"https:\/\/www.casaefigenia.com\/en\/#\/schema\/logo\/image\/","url":"https:\/\/www.casaefigenia.com\/wp-content\/uploads\/2022\/11\/logo-efigenia-transparente-1.png","contentUrl":"https:\/\/www.casaefigenia.com\/wp-content\/uploads\/2022\/11\/logo-efigenia-transparente-1.png","width":394,"height":173,"caption":"Casa Efigenia"},"image":{"@id":"https:\/\/www.casaefigenia.com\/en\/#\/schema\/logo\/image\/"}}]}},"_links":{"self":[{"href":"https:\/\/www.casaefigenia.com\/en\/wp-json\/wp\/v2\/product\/5627","targetHints":{"allow":["GET"]}}],"collection":[{"href":"https:\/\/www.casaefigenia.com\/en\/wp-json\/wp\/v2\/product"}],"about":[{"href":"https:\/\/www.casaefigenia.com\/en\/wp-json\/wp\/v2\/types\/product"}],"replies":[{"embeddable":true,"href":"https:\/\/www.casaefigenia.com\/en\/wp-json\/wp\/v2\/comments?post=5627"}],"version-history":[{"count":3,"href":"https:\/\/www.casaefigenia.com\/en\/wp-json\/wp\/v2\/product\/5627\/revisions"}],"predecessor-version":[{"id":6255,"href":"https:\/\/www.casaefigenia.com\/en\/wp-json\/wp\/v2\/product\/5627\/revisions\/6255"}],"wp:featuredmedia":[{"embeddable":true,"href":"https:\/\/www.casaefigenia.com\/en\/wp-json\/wp\/v2\/media\/6079"}],"wp:attachment":[{"href":"https:\/\/www.casaefigenia.com\/en\/wp-json\/wp\/v2\/media?parent=5627"}],"wp:term":[{"taxonomy":"brand","embeddable":true,"href":"https:\/\/www.casaefigenia.com\/en\/wp-json\/wp\/v2\/etheme_brands?post=5627"},{"taxonomy":"product_brand","embeddable":true,"href":"https:\/\/www.casaefigenia.com\/en\/wp-json\/wp\/v2\/product_brand?post=5627"},{"taxonomy":"product_cat","embeddable":true,"href":"https:\/\/www.casaefigenia.com\/en\/wp-json\/wp\/v2\/product_cat?post=5627"},{"taxonomy":"product_tag","embeddable":true,"href":"https:\/\/www.casaefigenia.com\/en\/wp-json\/wp\/v2\/product_tag?post=5627"}],"curies":[{"name":"wp","href":"https:\/\/api.w.org\/{rel}","templated":true}]}}