{"id":5619,"date":"2022-11-08T08:24:02","date_gmt":"2022-11-08T08:24:02","guid":{"rendered":"https:\/\/www.casaefigenia.com\/product\/palm-syrup-500ml\/"},"modified":"2023-11-04T10:24:01","modified_gmt":"2023-11-04T10:24:01","slug":"palm-syrup-500ml","status":"publish","type":"product","link":"https:\/\/www.casaefigenia.com\/en\/product\/palm-syrup-500ml\/","title":{"rendered":"Palm Syrup (500ml)"},"content":{"rendered":"<p><strong>Ingredients<\/strong>: COOKED PALM SAP.<\/p>\n<p><strong>Allergens: none.<\/strong><\/p>\n<p>Net content: 500 ml.<\/p>\n<p>Origin: Spain.<\/p>\n<p>Nutritional information per 100 g.<\/p>\n<ul>\n<li>Energy Value (Kj\/Kcal) 1319\/315<\/li>\n<li>Fats (g) 0.18<\/li>\n<li>Of which are saturated (g) 0.01<\/li>\n<li>Carbohydrates (g) 75.6<\/li>\n<li>Of which sugars (g) 72.6<\/li>\n<li>Proteins (g) 1.29<\/li>\n<li>Salt (g) 0<\/li>\n<li>Potassium (g) 0.89<\/li>\n<\/ul>\n","protected":false},"excerpt":{"rendered":"<p class=\"p1\">The &#8220;Gomeran palm honey&#8221; is the star product of Gomeran cuisine and is considered a delicacy, a delicatessen of great prestige in the Canary Islands and beyond, since the organoleptic qualities that this honey carries along with the process it requires and the multiple gastronomic uses for which it is utilized have resulted in palm honey being understood as an exclusive product and a benchmark for La Gomera.<\/p>\n<p class=\"p1\">The final product is obtained from the cooking of the guarapo. The guarapo is collected in the morning and once it is cleaned of impurities, it is cooked for hours to find the perfect point of cooking. The honey, once preserved, is long-lasting and its gastronomic, medicinal, and dietary properties are extraordinary.<\/p>\n<p>Net content: 500 ml.<\/p>\n","protected":false},"featured_media":5561,"comment_status":"closed","ping_status":"closed","template":"","meta":[],"etheme_brands":[],"product_brand":[],"product_cat":[69],"product_tag":[],"class_list":{"0":"post-5619","1":"product","2":"type-product","3":"status-publish","4":"has-post-thumbnail","6":"product_cat-palm-syrup","8":"first","9":"instock","10":"taxable","11":"shipping-taxable","12":"purchasable","13":"product-type-simple"},"yoast_head":"<!-- This site is optimized with the Yoast SEO plugin v27.5 - https:\/\/yoast.com\/product\/yoast-seo-wordpress\/ -->\n<title>Palm Syrup (500ml) - Casa Efigenia<\/title>\n<meta name=\"robots\" content=\"index, follow, max-snippet:-1, max-image-preview:large, max-video-preview:-1\" \/>\n<link rel=\"canonical\" href=\"https:\/\/www.casaefigenia.com\/en\/product\/palm-syrup-500ml\/\" \/>\n<meta property=\"og:locale\" content=\"en_US\" \/>\n<meta property=\"og:type\" content=\"article\" \/>\n<meta property=\"og:title\" content=\"Palm Syrup (500ml) - Casa Efigenia\" \/>\n<meta property=\"og:description\" content=\"The &quot;Gomeran palm honey&quot; is the star product of Gomeran cuisine and is considered a delicacy, a delicatessen of great prestige in the Canary Islands and beyond, since the organoleptic qualities that this honey carries along with the process it requires and the multiple gastronomic uses for which it is utilized have resulted in palm honey being understood as an exclusive product and a benchmark for La Gomera. The final product is obtained from the cooking of the guarapo. The guarapo is collected in the morning and once it is cleaned of impurities, it is cooked for hours to find the perfect point of cooking. The honey, once preserved, is long-lasting and its gastronomic, medicinal, and dietary properties are extraordinary. Net content: 500 ml.\" \/>\n<meta property=\"og:url\" content=\"https:\/\/www.casaefigenia.com\/en\/product\/palm-syrup-500ml\/\" \/>\n<meta property=\"og:site_name\" content=\"Casa Efigenia\" \/>\n<meta property=\"article:modified_time\" content=\"2023-11-04T10:24:01+00:00\" \/>\n<meta property=\"og:image\" content=\"https:\/\/www.casaefigenia.com\/wp-content\/uploads\/2022\/11\/miel-palma-grande-2022.jpeg\" \/>\n\t<meta property=\"og:image:width\" content=\"1024\" \/>\n\t<meta property=\"og:image:height\" content=\"1024\" \/>\n\t<meta property=\"og:image:type\" content=\"image\/jpeg\" \/>\n<meta name=\"twitter:card\" content=\"summary_large_image\" \/>\n<script type=\"application\/ld+json\" class=\"yoast-schema-graph\">{\"@context\":\"https:\\\/\\\/schema.org\",\"@graph\":[{\"@type\":\"WebPage\",\"@id\":\"https:\\\/\\\/www.casaefigenia.com\\\/en\\\/product\\\/palm-syrup-500ml\\\/\",\"url\":\"https:\\\/\\\/www.casaefigenia.com\\\/en\\\/product\\\/palm-syrup-500ml\\\/\",\"name\":\"Palm Syrup (500ml) - Casa Efigenia\",\"isPartOf\":{\"@id\":\"https:\\\/\\\/www.casaefigenia.com\\\/en\\\/#website\"},\"primaryImageOfPage\":{\"@id\":\"https:\\\/\\\/www.casaefigenia.com\\\/en\\\/product\\\/palm-syrup-500ml\\\/#primaryimage\"},\"image\":{\"@id\":\"https:\\\/\\\/www.casaefigenia.com\\\/en\\\/product\\\/palm-syrup-500ml\\\/#primaryimage\"},\"thumbnailUrl\":\"https:\\\/\\\/www.casaefigenia.com\\\/wp-content\\\/uploads\\\/2022\\\/11\\\/miel-palma-grande-2022.jpeg\",\"datePublished\":\"2022-11-08T08:24:02+00:00\",\"dateModified\":\"2023-11-04T10:24:01+00:00\",\"breadcrumb\":{\"@id\":\"https:\\\/\\\/www.casaefigenia.com\\\/en\\\/product\\\/palm-syrup-500ml\\\/#breadcrumb\"},\"inLanguage\":\"en-US\",\"potentialAction\":[{\"@type\":\"ReadAction\",\"target\":[\"https:\\\/\\\/www.casaefigenia.com\\\/en\\\/product\\\/palm-syrup-500ml\\\/\"]}]},{\"@type\":\"ImageObject\",\"inLanguage\":\"en-US\",\"@id\":\"https:\\\/\\\/www.casaefigenia.com\\\/en\\\/product\\\/palm-syrup-500ml\\\/#primaryimage\",\"url\":\"https:\\\/\\\/www.casaefigenia.com\\\/wp-content\\\/uploads\\\/2022\\\/11\\\/miel-palma-grande-2022.jpeg\",\"contentUrl\":\"https:\\\/\\\/www.casaefigenia.com\\\/wp-content\\\/uploads\\\/2022\\\/11\\\/miel-palma-grande-2022.jpeg\",\"width\":1024,\"height\":1024},{\"@type\":\"BreadcrumbList\",\"@id\":\"https:\\\/\\\/www.casaefigenia.com\\\/en\\\/product\\\/palm-syrup-500ml\\\/#breadcrumb\",\"itemListElement\":[{\"@type\":\"ListItem\",\"position\":1,\"name\":\"Portada\",\"item\":\"https:\\\/\\\/www.casaefigenia.com\\\/en\\\/\"},{\"@type\":\"ListItem\",\"position\":2,\"name\":\"Shop\",\"item\":\"https:\\\/\\\/www.casaefigenia.com\\\/en\\\/casa-efigenia-products\\\/\"},{\"@type\":\"ListItem\",\"position\":3,\"name\":\"Palm Syrup (500ml)\"}]},{\"@type\":\"WebSite\",\"@id\":\"https:\\\/\\\/www.casaefigenia.com\\\/en\\\/#website\",\"url\":\"https:\\\/\\\/www.casaefigenia.com\\\/en\\\/\",\"name\":\"Casa Efigenia\",\"description\":\"Bienvenido a Casa Efigenia. Tradici\u00f3n y calidad desde hace m\u00e1s de cincuenta a\u00f1os.\",\"publisher\":{\"@id\":\"https:\\\/\\\/www.casaefigenia.com\\\/en\\\/#organization\"},\"potentialAction\":[{\"@type\":\"SearchAction\",\"target\":{\"@type\":\"EntryPoint\",\"urlTemplate\":\"https:\\\/\\\/www.casaefigenia.com\\\/en\\\/?s={search_term_string}\"},\"query-input\":{\"@type\":\"PropertyValueSpecification\",\"valueRequired\":true,\"valueName\":\"search_term_string\"}}],\"inLanguage\":\"en-US\"},{\"@type\":\"Organization\",\"@id\":\"https:\\\/\\\/www.casaefigenia.com\\\/en\\\/#organization\",\"name\":\"Casa Efigenia\",\"url\":\"https:\\\/\\\/www.casaefigenia.com\\\/en\\\/\",\"logo\":{\"@type\":\"ImageObject\",\"inLanguage\":\"en-US\",\"@id\":\"https:\\\/\\\/www.casaefigenia.com\\\/en\\\/#\\\/schema\\\/logo\\\/image\\\/\",\"url\":\"https:\\\/\\\/www.casaefigenia.com\\\/wp-content\\\/uploads\\\/2022\\\/11\\\/logo-efigenia-transparente-1.png\",\"contentUrl\":\"https:\\\/\\\/www.casaefigenia.com\\\/wp-content\\\/uploads\\\/2022\\\/11\\\/logo-efigenia-transparente-1.png\",\"width\":394,\"height\":173,\"caption\":\"Casa Efigenia\"},\"image\":{\"@id\":\"https:\\\/\\\/www.casaefigenia.com\\\/en\\\/#\\\/schema\\\/logo\\\/image\\\/\"}}]}<\/script>\n<!-- \/ Yoast SEO plugin. -->","yoast_head_json":{"title":"Palm Syrup (500ml) - Casa Efigenia","robots":{"index":"index","follow":"follow","max-snippet":"max-snippet:-1","max-image-preview":"max-image-preview:large","max-video-preview":"max-video-preview:-1"},"canonical":"https:\/\/www.casaefigenia.com\/en\/product\/palm-syrup-500ml\/","og_locale":"en_US","og_type":"article","og_title":"Palm Syrup (500ml) - Casa Efigenia","og_description":"The \"Gomeran palm honey\" is the star product of Gomeran cuisine and is considered a delicacy, a delicatessen of great prestige in the Canary Islands and beyond, since the organoleptic qualities that this honey carries along with the process it requires and the multiple gastronomic uses for which it is utilized have resulted in palm honey being understood as an exclusive product and a benchmark for La Gomera. The final product is obtained from the cooking of the guarapo. The guarapo is collected in the morning and once it is cleaned of impurities, it is cooked for hours to find the perfect point of cooking. The honey, once preserved, is long-lasting and its gastronomic, medicinal, and dietary properties are extraordinary. Net content: 500 ml.","og_url":"https:\/\/www.casaefigenia.com\/en\/product\/palm-syrup-500ml\/","og_site_name":"Casa Efigenia","article_modified_time":"2023-11-04T10:24:01+00:00","og_image":[{"width":1024,"height":1024,"url":"https:\/\/www.casaefigenia.com\/wp-content\/uploads\/2022\/11\/miel-palma-grande-2022.jpeg","type":"image\/jpeg"}],"twitter_card":"summary_large_image","schema":{"@context":"https:\/\/schema.org","@graph":[{"@type":"WebPage","@id":"https:\/\/www.casaefigenia.com\/en\/product\/palm-syrup-500ml\/","url":"https:\/\/www.casaefigenia.com\/en\/product\/palm-syrup-500ml\/","name":"Palm Syrup (500ml) - Casa Efigenia","isPartOf":{"@id":"https:\/\/www.casaefigenia.com\/en\/#website"},"primaryImageOfPage":{"@id":"https:\/\/www.casaefigenia.com\/en\/product\/palm-syrup-500ml\/#primaryimage"},"image":{"@id":"https:\/\/www.casaefigenia.com\/en\/product\/palm-syrup-500ml\/#primaryimage"},"thumbnailUrl":"https:\/\/www.casaefigenia.com\/wp-content\/uploads\/2022\/11\/miel-palma-grande-2022.jpeg","datePublished":"2022-11-08T08:24:02+00:00","dateModified":"2023-11-04T10:24:01+00:00","breadcrumb":{"@id":"https:\/\/www.casaefigenia.com\/en\/product\/palm-syrup-500ml\/#breadcrumb"},"inLanguage":"en-US","potentialAction":[{"@type":"ReadAction","target":["https:\/\/www.casaefigenia.com\/en\/product\/palm-syrup-500ml\/"]}]},{"@type":"ImageObject","inLanguage":"en-US","@id":"https:\/\/www.casaefigenia.com\/en\/product\/palm-syrup-500ml\/#primaryimage","url":"https:\/\/www.casaefigenia.com\/wp-content\/uploads\/2022\/11\/miel-palma-grande-2022.jpeg","contentUrl":"https:\/\/www.casaefigenia.com\/wp-content\/uploads\/2022\/11\/miel-palma-grande-2022.jpeg","width":1024,"height":1024},{"@type":"BreadcrumbList","@id":"https:\/\/www.casaefigenia.com\/en\/product\/palm-syrup-500ml\/#breadcrumb","itemListElement":[{"@type":"ListItem","position":1,"name":"Portada","item":"https:\/\/www.casaefigenia.com\/en\/"},{"@type":"ListItem","position":2,"name":"Shop","item":"https:\/\/www.casaefigenia.com\/en\/casa-efigenia-products\/"},{"@type":"ListItem","position":3,"name":"Palm Syrup (500ml)"}]},{"@type":"WebSite","@id":"https:\/\/www.casaefigenia.com\/en\/#website","url":"https:\/\/www.casaefigenia.com\/en\/","name":"Casa Efigenia","description":"Bienvenido a Casa Efigenia. Tradici\u00f3n y calidad desde hace m\u00e1s de cincuenta a\u00f1os.","publisher":{"@id":"https:\/\/www.casaefigenia.com\/en\/#organization"},"potentialAction":[{"@type":"SearchAction","target":{"@type":"EntryPoint","urlTemplate":"https:\/\/www.casaefigenia.com\/en\/?s={search_term_string}"},"query-input":{"@type":"PropertyValueSpecification","valueRequired":true,"valueName":"search_term_string"}}],"inLanguage":"en-US"},{"@type":"Organization","@id":"https:\/\/www.casaefigenia.com\/en\/#organization","name":"Casa Efigenia","url":"https:\/\/www.casaefigenia.com\/en\/","logo":{"@type":"ImageObject","inLanguage":"en-US","@id":"https:\/\/www.casaefigenia.com\/en\/#\/schema\/logo\/image\/","url":"https:\/\/www.casaefigenia.com\/wp-content\/uploads\/2022\/11\/logo-efigenia-transparente-1.png","contentUrl":"https:\/\/www.casaefigenia.com\/wp-content\/uploads\/2022\/11\/logo-efigenia-transparente-1.png","width":394,"height":173,"caption":"Casa Efigenia"},"image":{"@id":"https:\/\/www.casaefigenia.com\/en\/#\/schema\/logo\/image\/"}}]}},"_links":{"self":[{"href":"https:\/\/www.casaefigenia.com\/en\/wp-json\/wp\/v2\/product\/5619","targetHints":{"allow":["GET"]}}],"collection":[{"href":"https:\/\/www.casaefigenia.com\/en\/wp-json\/wp\/v2\/product"}],"about":[{"href":"https:\/\/www.casaefigenia.com\/en\/wp-json\/wp\/v2\/types\/product"}],"replies":[{"embeddable":true,"href":"https:\/\/www.casaefigenia.com\/en\/wp-json\/wp\/v2\/comments?post=5619"}],"version-history":[{"count":2,"href":"https:\/\/www.casaefigenia.com\/en\/wp-json\/wp\/v2\/product\/5619\/revisions"}],"predecessor-version":[{"id":6316,"href":"https:\/\/www.casaefigenia.com\/en\/wp-json\/wp\/v2\/product\/5619\/revisions\/6316"}],"wp:featuredmedia":[{"embeddable":true,"href":"https:\/\/www.casaefigenia.com\/en\/wp-json\/wp\/v2\/media\/5561"}],"wp:attachment":[{"href":"https:\/\/www.casaefigenia.com\/en\/wp-json\/wp\/v2\/media?parent=5619"}],"wp:term":[{"taxonomy":"brand","embeddable":true,"href":"https:\/\/www.casaefigenia.com\/en\/wp-json\/wp\/v2\/etheme_brands?post=5619"},{"taxonomy":"product_brand","embeddable":true,"href":"https:\/\/www.casaefigenia.com\/en\/wp-json\/wp\/v2\/product_brand?post=5619"},{"taxonomy":"product_cat","embeddable":true,"href":"https:\/\/www.casaefigenia.com\/en\/wp-json\/wp\/v2\/product_cat?post=5619"},{"taxonomy":"product_tag","embeddable":true,"href":"https:\/\/www.casaefigenia.com\/en\/wp-json\/wp\/v2\/product_tag?post=5619"}],"curies":[{"name":"wp","href":"https:\/\/api.w.org\/{rel}","templated":true}]}}