{"id":6305,"date":"2022-11-08T08:24:02","date_gmt":"2022-11-08T08:24:02","guid":{"rendered":"https:\/\/www.casaefigenia.com\/?post_type=product&#038;p=6305"},"modified":"2023-11-04T10:13:11","modified_gmt":"2023-11-04T10:13:11","slug":"milde-gruene-mojo-sauce","status":"publish","type":"product","link":"https:\/\/www.casaefigenia.com\/de\/produkt\/milde-gruene-mojo-sauce\/","title":{"rendered":"Milde Gr\u00fcne Mojo-Sauce"},"content":{"rendered":"<p><strong>Zutaten<\/strong>: GR\u00dcNE PAPRIKA, OLIVEN\u00d6L,<br \/>\n    KNOBLAUCH, ESSIG (ENTH\u00c4LT SULFITE),<br \/>\n    KORIANDER, PETERSILIE, SALZ UND KREUZK\u00dcMMEL.<\/p>\n<p><strong>Allergene: Essig (enth\u00e4lt Sulfite).<\/strong><\/p>\n<p>Nettoinhalt: 220 g.<\/p>\n<p>Herkunft: Spanien.<\/p>\n<p>N\u00e4hrwertangaben pro 100 g.<\/p>\n<ul>\n<li>Energiewert (Kj\/Kcal) 1641\/396<\/li>\n<li>Fette (g) 32,00<\/li>\n<li>Davon ges\u00e4ttigte Fetts\u00e4uren (g) 7,9<\/li>\n<li>Kohlenhydrate (g) 6,1<\/li>\n<li>Davon Zucker (g) 3,2<\/li>\n<li>Proteine (g) 20,8<\/li>\n<li>Ballaststoffe (g) 0<\/li>\n<li>Salz (g) 1,16<\/li>\n<\/ul>\n<p>Franc\u00e9s (Fran\u00e7ais):<\/p>\n<p>html<br \/>\nCopy code<br \/>\nSauce Mojo Verte Douce<\/p>\n<p class=\"p1\">Le mot mojo d\u00e9signe les sauces typiques des \u00eeles, \u00e9tant un \u00e9l\u00e9ment fondamental de la cuisine canarienne, \u00e0 tel point qu&#8217;elle accompagne toujours tous les types de plats. La gamme est tr\u00e8s large, bien qu&#8217;elles aient toutes en commun leur pr\u00e9paration simple et leur saveur savoureuse et unique. <\/p>\n<p>Faite avec du poivre vert<\/p>\n<p>Contenu net : 220g.<\/p>\n<p><strong>Ingr\u00e9dients<\/strong> : POIVRE VERT, HUILE D&#8217;OLIVE,<br \/>\n    AIL, VINAIGRE (CONTIENT DES SULFITES),<br \/>\n    CORIANDRE, PERSIL, SEL ET CUMIN.<\/p>\n<p><strong>Allerg\u00e8nes : vinaigre (contient des sulfites).<\/strong><\/p>\n<p>Contenu net : 220 g.<\/p>\n<p>Origine : Espagne.<\/p>\n<p>Informations nutritionnelles pour 100 g.<\/p>\n<ul>\n<li>Valeur \u00e9nerg\u00e9tique (Kj\/Kcal) 1641\/396<\/li>\n<li>Graisses (g) 32,00<\/li>\n<li>Dont acides gras satur\u00e9s (g) 7,9<\/li>\n<li>Glucides (g) 6,1<\/li>\n<li>Dont sucres (g) 3,2<\/li>\n<li>Prot\u00e9ines (g) 20,8<\/li>\n<li>Fibres alimentaires (g) 0<\/li>\n<li>Sel (g) 1,16<\/li>\n<\/ul>\n<p>Al traducir etiquetas de productos alimenticios, es importante tener en cuenta las regulaciones de etiquetado locales que pueden requerir informaci\u00f3n espec\u00edfica para estar presente o ser traducida de una manera particular.<\/p>\n","protected":false},"excerpt":{"rendered":"<p class=\"p1\">Mit dem Wort mojo werden die typischen Saucen der Inseln bezeichnet, die ein grundlegendes Element der kanarischen K\u00fcche sind, so sehr, dass sie immer alle Arten von Gerichten begleiten. Die Auswahl ist sehr breit, obwohl alle die einfache Zubereitung und ihren schmackhaften und einzigartigen Geschmack gemeinsam haben. <\/p>\n<p>Hergestellt mit gr\u00fcner Paprika<\/p>\n<p>Nettoinhalt: 220g.<\/p>\n","protected":false},"featured_media":6195,"comment_status":"closed","ping_status":"closed","template":"","meta":[],"etheme_brands":[],"product_brand":[],"product_cat":[100],"product_tag":[],"class_list":{"0":"post-6305","1":"product","2":"type-product","3":"status-publish","4":"has-post-thumbnail","6":"product_cat-mojos-de","8":"first","9":"instock","10":"taxable","11":"shipping-taxable","12":"purchasable","13":"product-type-simple"},"yoast_head":"<!-- This site is optimized with the Yoast SEO plugin v27.5 - https:\/\/yoast.com\/product\/yoast-seo-wordpress\/ -->\n<title>Milde Gr\u00fcne Mojo-Sauce - Casa Efigenia<\/title>\n<meta name=\"robots\" content=\"index, follow, max-snippet:-1, max-image-preview:large, max-video-preview:-1\" \/>\n<link rel=\"canonical\" href=\"https:\/\/www.casaefigenia.com\/de\/produkt\/milde-gruene-mojo-sauce\/\" \/>\n<meta property=\"og:locale\" content=\"de_DE\" \/>\n<meta property=\"og:type\" content=\"article\" \/>\n<meta property=\"og:title\" content=\"Milde Gr\u00fcne Mojo-Sauce - Casa Efigenia\" \/>\n<meta property=\"og:description\" content=\"Mit dem Wort mojo werden die typischen Saucen der Inseln bezeichnet, die ein grundlegendes Element der kanarischen K\u00fcche sind, so sehr, dass sie immer alle Arten von Gerichten begleiten. Die Auswahl ist sehr breit, obwohl alle die einfache Zubereitung und ihren schmackhaften und einzigartigen Geschmack gemeinsam haben.  Hergestellt mit gr\u00fcner Paprika Nettoinhalt: 220g.\" \/>\n<meta property=\"og:url\" content=\"https:\/\/www.casaefigenia.com\/de\/produkt\/milde-gruene-mojo-sauce\/\" \/>\n<meta property=\"og:site_name\" content=\"Casa Efigenia\" \/>\n<meta property=\"article:modified_time\" content=\"2023-11-04T10:13:11+00:00\" \/>\n<meta property=\"og:image\" content=\"https:\/\/www.casaefigenia.com\/wp-content\/uploads\/2022\/11\/mojo-verde.jpg\" \/>\n\t<meta property=\"og:image:width\" content=\"1200\" \/>\n\t<meta property=\"og:image:height\" content=\"1200\" \/>\n\t<meta property=\"og:image:type\" content=\"image\/jpeg\" \/>\n<meta name=\"twitter:card\" content=\"summary_large_image\" \/>\n<script type=\"application\/ld+json\" class=\"yoast-schema-graph\">{\"@context\":\"https:\\\/\\\/schema.org\",\"@graph\":[{\"@type\":\"WebPage\",\"@id\":\"https:\\\/\\\/www.casaefigenia.com\\\/de\\\/produkt\\\/milde-gruene-mojo-sauce\\\/\",\"url\":\"https:\\\/\\\/www.casaefigenia.com\\\/de\\\/produkt\\\/milde-gruene-mojo-sauce\\\/\",\"name\":\"Milde Gr\u00fcne Mojo-Sauce - Casa Efigenia\",\"isPartOf\":{\"@id\":\"https:\\\/\\\/www.casaefigenia.com\\\/de\\\/#website\"},\"primaryImageOfPage\":{\"@id\":\"https:\\\/\\\/www.casaefigenia.com\\\/de\\\/produkt\\\/milde-gruene-mojo-sauce\\\/#primaryimage\"},\"image\":{\"@id\":\"https:\\\/\\\/www.casaefigenia.com\\\/de\\\/produkt\\\/milde-gruene-mojo-sauce\\\/#primaryimage\"},\"thumbnailUrl\":\"https:\\\/\\\/www.casaefigenia.com\\\/wp-content\\\/uploads\\\/2022\\\/11\\\/mojo-verde.jpg\",\"datePublished\":\"2022-11-08T08:24:02+00:00\",\"dateModified\":\"2023-11-04T10:13:11+00:00\",\"breadcrumb\":{\"@id\":\"https:\\\/\\\/www.casaefigenia.com\\\/de\\\/produkt\\\/milde-gruene-mojo-sauce\\\/#breadcrumb\"},\"inLanguage\":\"de\",\"potentialAction\":[{\"@type\":\"ReadAction\",\"target\":[\"https:\\\/\\\/www.casaefigenia.com\\\/de\\\/produkt\\\/milde-gruene-mojo-sauce\\\/\"]}]},{\"@type\":\"ImageObject\",\"inLanguage\":\"de\",\"@id\":\"https:\\\/\\\/www.casaefigenia.com\\\/de\\\/produkt\\\/milde-gruene-mojo-sauce\\\/#primaryimage\",\"url\":\"https:\\\/\\\/www.casaefigenia.com\\\/wp-content\\\/uploads\\\/2022\\\/11\\\/mojo-verde.jpg\",\"contentUrl\":\"https:\\\/\\\/www.casaefigenia.com\\\/wp-content\\\/uploads\\\/2022\\\/11\\\/mojo-verde.jpg\",\"width\":1200,\"height\":1200},{\"@type\":\"BreadcrumbList\",\"@id\":\"https:\\\/\\\/www.casaefigenia.com\\\/de\\\/produkt\\\/milde-gruene-mojo-sauce\\\/#breadcrumb\",\"itemListElement\":[{\"@type\":\"ListItem\",\"position\":1,\"name\":\"Portada\",\"item\":\"https:\\\/\\\/www.casaefigenia.com\\\/de\\\/\"},{\"@type\":\"ListItem\",\"position\":2,\"name\":\"Shop\",\"item\":\"https:\\\/\\\/www.casaefigenia.com\\\/de\\\/shop\\\/\"},{\"@type\":\"ListItem\",\"position\":3,\"name\":\"Milde Gr\u00fcne Mojo-Sauce\"}]},{\"@type\":\"WebSite\",\"@id\":\"https:\\\/\\\/www.casaefigenia.com\\\/de\\\/#website\",\"url\":\"https:\\\/\\\/www.casaefigenia.com\\\/de\\\/\",\"name\":\"Casa Efigenia\",\"description\":\"Bienvenido a Casa Efigenia. Tradici\u00f3n y calidad desde hace m\u00e1s de cincuenta a\u00f1os.\",\"publisher\":{\"@id\":\"https:\\\/\\\/www.casaefigenia.com\\\/de\\\/#organization\"},\"potentialAction\":[{\"@type\":\"SearchAction\",\"target\":{\"@type\":\"EntryPoint\",\"urlTemplate\":\"https:\\\/\\\/www.casaefigenia.com\\\/de\\\/?s={search_term_string}\"},\"query-input\":{\"@type\":\"PropertyValueSpecification\",\"valueRequired\":true,\"valueName\":\"search_term_string\"}}],\"inLanguage\":\"de\"},{\"@type\":\"Organization\",\"@id\":\"https:\\\/\\\/www.casaefigenia.com\\\/de\\\/#organization\",\"name\":\"Casa Efigenia\",\"url\":\"https:\\\/\\\/www.casaefigenia.com\\\/de\\\/\",\"logo\":{\"@type\":\"ImageObject\",\"inLanguage\":\"de\",\"@id\":\"https:\\\/\\\/www.casaefigenia.com\\\/de\\\/#\\\/schema\\\/logo\\\/image\\\/\",\"url\":\"https:\\\/\\\/www.casaefigenia.com\\\/wp-content\\\/uploads\\\/2022\\\/11\\\/logo-efigenia-transparente-1.png\",\"contentUrl\":\"https:\\\/\\\/www.casaefigenia.com\\\/wp-content\\\/uploads\\\/2022\\\/11\\\/logo-efigenia-transparente-1.png\",\"width\":394,\"height\":173,\"caption\":\"Casa Efigenia\"},\"image\":{\"@id\":\"https:\\\/\\\/www.casaefigenia.com\\\/de\\\/#\\\/schema\\\/logo\\\/image\\\/\"}}]}<\/script>\n<!-- \/ Yoast SEO plugin. -->","yoast_head_json":{"title":"Milde Gr\u00fcne Mojo-Sauce - Casa Efigenia","robots":{"index":"index","follow":"follow","max-snippet":"max-snippet:-1","max-image-preview":"max-image-preview:large","max-video-preview":"max-video-preview:-1"},"canonical":"https:\/\/www.casaefigenia.com\/de\/produkt\/milde-gruene-mojo-sauce\/","og_locale":"de_DE","og_type":"article","og_title":"Milde Gr\u00fcne Mojo-Sauce - Casa Efigenia","og_description":"Mit dem Wort mojo werden die typischen Saucen der Inseln bezeichnet, die ein grundlegendes Element der kanarischen K\u00fcche sind, so sehr, dass sie immer alle Arten von Gerichten begleiten. Die Auswahl ist sehr breit, obwohl alle die einfache Zubereitung und ihren schmackhaften und einzigartigen Geschmack gemeinsam haben.  Hergestellt mit gr\u00fcner Paprika Nettoinhalt: 220g.","og_url":"https:\/\/www.casaefigenia.com\/de\/produkt\/milde-gruene-mojo-sauce\/","og_site_name":"Casa Efigenia","article_modified_time":"2023-11-04T10:13:11+00:00","og_image":[{"width":1200,"height":1200,"url":"https:\/\/www.casaefigenia.com\/wp-content\/uploads\/2022\/11\/mojo-verde.jpg","type":"image\/jpeg"}],"twitter_card":"summary_large_image","schema":{"@context":"https:\/\/schema.org","@graph":[{"@type":"WebPage","@id":"https:\/\/www.casaefigenia.com\/de\/produkt\/milde-gruene-mojo-sauce\/","url":"https:\/\/www.casaefigenia.com\/de\/produkt\/milde-gruene-mojo-sauce\/","name":"Milde Gr\u00fcne Mojo-Sauce - Casa Efigenia","isPartOf":{"@id":"https:\/\/www.casaefigenia.com\/de\/#website"},"primaryImageOfPage":{"@id":"https:\/\/www.casaefigenia.com\/de\/produkt\/milde-gruene-mojo-sauce\/#primaryimage"},"image":{"@id":"https:\/\/www.casaefigenia.com\/de\/produkt\/milde-gruene-mojo-sauce\/#primaryimage"},"thumbnailUrl":"https:\/\/www.casaefigenia.com\/wp-content\/uploads\/2022\/11\/mojo-verde.jpg","datePublished":"2022-11-08T08:24:02+00:00","dateModified":"2023-11-04T10:13:11+00:00","breadcrumb":{"@id":"https:\/\/www.casaefigenia.com\/de\/produkt\/milde-gruene-mojo-sauce\/#breadcrumb"},"inLanguage":"de","potentialAction":[{"@type":"ReadAction","target":["https:\/\/www.casaefigenia.com\/de\/produkt\/milde-gruene-mojo-sauce\/"]}]},{"@type":"ImageObject","inLanguage":"de","@id":"https:\/\/www.casaefigenia.com\/de\/produkt\/milde-gruene-mojo-sauce\/#primaryimage","url":"https:\/\/www.casaefigenia.com\/wp-content\/uploads\/2022\/11\/mojo-verde.jpg","contentUrl":"https:\/\/www.casaefigenia.com\/wp-content\/uploads\/2022\/11\/mojo-verde.jpg","width":1200,"height":1200},{"@type":"BreadcrumbList","@id":"https:\/\/www.casaefigenia.com\/de\/produkt\/milde-gruene-mojo-sauce\/#breadcrumb","itemListElement":[{"@type":"ListItem","position":1,"name":"Portada","item":"https:\/\/www.casaefigenia.com\/de\/"},{"@type":"ListItem","position":2,"name":"Shop","item":"https:\/\/www.casaefigenia.com\/de\/shop\/"},{"@type":"ListItem","position":3,"name":"Milde Gr\u00fcne Mojo-Sauce"}]},{"@type":"WebSite","@id":"https:\/\/www.casaefigenia.com\/de\/#website","url":"https:\/\/www.casaefigenia.com\/de\/","name":"Casa Efigenia","description":"Bienvenido a Casa Efigenia. Tradici\u00f3n y calidad desde hace m\u00e1s de cincuenta a\u00f1os.","publisher":{"@id":"https:\/\/www.casaefigenia.com\/de\/#organization"},"potentialAction":[{"@type":"SearchAction","target":{"@type":"EntryPoint","urlTemplate":"https:\/\/www.casaefigenia.com\/de\/?s={search_term_string}"},"query-input":{"@type":"PropertyValueSpecification","valueRequired":true,"valueName":"search_term_string"}}],"inLanguage":"de"},{"@type":"Organization","@id":"https:\/\/www.casaefigenia.com\/de\/#organization","name":"Casa Efigenia","url":"https:\/\/www.casaefigenia.com\/de\/","logo":{"@type":"ImageObject","inLanguage":"de","@id":"https:\/\/www.casaefigenia.com\/de\/#\/schema\/logo\/image\/","url":"https:\/\/www.casaefigenia.com\/wp-content\/uploads\/2022\/11\/logo-efigenia-transparente-1.png","contentUrl":"https:\/\/www.casaefigenia.com\/wp-content\/uploads\/2022\/11\/logo-efigenia-transparente-1.png","width":394,"height":173,"caption":"Casa Efigenia"},"image":{"@id":"https:\/\/www.casaefigenia.com\/de\/#\/schema\/logo\/image\/"}}]}},"_links":{"self":[{"href":"https:\/\/www.casaefigenia.com\/de\/wp-json\/wp\/v2\/product\/6305","targetHints":{"allow":["GET"]}}],"collection":[{"href":"https:\/\/www.casaefigenia.com\/de\/wp-json\/wp\/v2\/product"}],"about":[{"href":"https:\/\/www.casaefigenia.com\/de\/wp-json\/wp\/v2\/types\/product"}],"replies":[{"embeddable":true,"href":"https:\/\/www.casaefigenia.com\/de\/wp-json\/wp\/v2\/comments?post=6305"}],"version-history":[{"count":1,"href":"https:\/\/www.casaefigenia.com\/de\/wp-json\/wp\/v2\/product\/6305\/revisions"}],"predecessor-version":[{"id":6306,"href":"https:\/\/www.casaefigenia.com\/de\/wp-json\/wp\/v2\/product\/6305\/revisions\/6306"}],"wp:featuredmedia":[{"embeddable":true,"href":"https:\/\/www.casaefigenia.com\/de\/wp-json\/wp\/v2\/media\/6195"}],"wp:attachment":[{"href":"https:\/\/www.casaefigenia.com\/de\/wp-json\/wp\/v2\/media?parent=6305"}],"wp:term":[{"taxonomy":"brand","embeddable":true,"href":"https:\/\/www.casaefigenia.com\/de\/wp-json\/wp\/v2\/etheme_brands?post=6305"},{"taxonomy":"product_brand","embeddable":true,"href":"https:\/\/www.casaefigenia.com\/de\/wp-json\/wp\/v2\/product_brand?post=6305"},{"taxonomy":"product_cat","embeddable":true,"href":"https:\/\/www.casaefigenia.com\/de\/wp-json\/wp\/v2\/product_cat?post=6305"},{"taxonomy":"product_tag","embeddable":true,"href":"https:\/\/www.casaefigenia.com\/de\/wp-json\/wp\/v2\/product_tag?post=6305"}],"curies":[{"name":"wp","href":"https:\/\/api.w.org\/{rel}","templated":true}]}}