{"id":6281,"date":"2022-11-08T08:24:02","date_gmt":"2022-11-08T08:24:02","guid":{"rendered":"https:\/\/www.casaefigenia.com\/?post_type=product&#038;p=6281"},"modified":"2023-11-04T09:49:23","modified_gmt":"2023-11-04T09:49:23","slug":"feigenmarmelade","status":"publish","type":"product","link":"https:\/\/www.casaefigenia.com\/de\/produkt\/feigenmarmelade\/","title":{"rendered":"Feigenmarmelade"},"content":{"rendered":"<p><strong>Zutaten<\/strong>: FEIGE PICO, ZUCKER, ZITRONENSAFT UND NAT\u00dcRLICHE PECTIN.<\/p>\n<p><strong>Allergene: keine.<\/strong><\/p>\n<p>Nettoinhalt: 250 g.<\/p>\n<p>Herkunft: Spanien.<\/p>\n<p>N\u00e4hrwertinformationen pro 100 g.<\/p>\n<ul>\n<li>Energiewert (Kj\/Kcal) 869\/205<\/li>\n<li>Fette (g) 0<\/li>\n<li>Davon ges\u00e4ttigte (g) 0<\/li>\n<li>Kohlenhydrate (g) 50,7<\/li>\n<li>Davon Zucker (g) 46<\/li>\n<li>Proteine (g) 0,3<\/li>\n<li>Salz (g) 0,04<\/li>\n<\/ul>\n","protected":false},"excerpt":{"rendered":"<p class=\"p1\">Marmelade und S\u00fc\u00dfigkeiten sind Lebensmittel, die kaum Fette enthalten, aber reich an N\u00e4hrstoffen aus der Frucht wie Zucker, Ballaststoffen, Mineralien und Antioxidantien sind.<\/p>\n<p>Nettoinhalt: 250g.<\/p>\n","protected":false},"featured_media":5947,"comment_status":"closed","ping_status":"closed","template":"","meta":[],"etheme_brands":[],"product_brand":[],"product_cat":[109],"product_tag":[],"class_list":{"0":"post-6281","1":"product","2":"type-product","3":"status-publish","4":"has-post-thumbnail","6":"product_cat-marmeladen","8":"first","9":"instock","10":"taxable","11":"shipping-taxable","12":"purchasable","13":"product-type-simple"},"yoast_head":"<!-- This site is optimized with the Yoast SEO plugin v27.4 - https:\/\/yoast.com\/product\/yoast-seo-wordpress\/ -->\n<title>Feigenmarmelade - Casa Efigenia<\/title>\n<meta name=\"robots\" content=\"index, follow, max-snippet:-1, max-image-preview:large, max-video-preview:-1\" \/>\n<link rel=\"canonical\" href=\"https:\/\/www.casaefigenia.com\/de\/produkt\/feigenmarmelade\/\" \/>\n<meta property=\"og:locale\" content=\"de_DE\" \/>\n<meta property=\"og:type\" content=\"article\" \/>\n<meta property=\"og:title\" content=\"Feigenmarmelade - Casa Efigenia\" \/>\n<meta property=\"og:description\" content=\"Marmelade und S\u00fc\u00dfigkeiten sind Lebensmittel, die kaum Fette enthalten, aber reich an N\u00e4hrstoffen aus der Frucht wie Zucker, Ballaststoffen, Mineralien und Antioxidantien sind. Nettoinhalt: 250g.\" \/>\n<meta property=\"og:url\" content=\"https:\/\/www.casaefigenia.com\/de\/produkt\/feigenmarmelade\/\" \/>\n<meta property=\"og:site_name\" content=\"Casa Efigenia\" \/>\n<meta property=\"article:modified_time\" content=\"2023-11-04T09:49:23+00:00\" \/>\n<meta property=\"og:image\" content=\"https:\/\/www.casaefigenia.com\/wp-content\/uploads\/2022\/11\/mermelada-higo-2022.jpeg\" \/>\n\t<meta property=\"og:image:width\" content=\"1024\" \/>\n\t<meta property=\"og:image:height\" content=\"1024\" \/>\n\t<meta property=\"og:image:type\" content=\"image\/jpeg\" \/>\n<meta name=\"twitter:card\" content=\"summary_large_image\" \/>\n<script type=\"application\/ld+json\" class=\"yoast-schema-graph\">{\"@context\":\"https:\\\/\\\/schema.org\",\"@graph\":[{\"@type\":\"WebPage\",\"@id\":\"https:\\\/\\\/www.casaefigenia.com\\\/de\\\/produkt\\\/feigenmarmelade\\\/\",\"url\":\"https:\\\/\\\/www.casaefigenia.com\\\/de\\\/produkt\\\/feigenmarmelade\\\/\",\"name\":\"Feigenmarmelade - Casa Efigenia\",\"isPartOf\":{\"@id\":\"https:\\\/\\\/www.casaefigenia.com\\\/de\\\/#website\"},\"primaryImageOfPage\":{\"@id\":\"https:\\\/\\\/www.casaefigenia.com\\\/de\\\/produkt\\\/feigenmarmelade\\\/#primaryimage\"},\"image\":{\"@id\":\"https:\\\/\\\/www.casaefigenia.com\\\/de\\\/produkt\\\/feigenmarmelade\\\/#primaryimage\"},\"thumbnailUrl\":\"https:\\\/\\\/www.casaefigenia.com\\\/wp-content\\\/uploads\\\/2022\\\/11\\\/mermelada-higo-2022.jpeg\",\"datePublished\":\"2022-11-08T08:24:02+00:00\",\"dateModified\":\"2023-11-04T09:49:23+00:00\",\"breadcrumb\":{\"@id\":\"https:\\\/\\\/www.casaefigenia.com\\\/de\\\/produkt\\\/feigenmarmelade\\\/#breadcrumb\"},\"inLanguage\":\"de\",\"potentialAction\":[{\"@type\":\"ReadAction\",\"target\":[\"https:\\\/\\\/www.casaefigenia.com\\\/de\\\/produkt\\\/feigenmarmelade\\\/\"]}]},{\"@type\":\"ImageObject\",\"inLanguage\":\"de\",\"@id\":\"https:\\\/\\\/www.casaefigenia.com\\\/de\\\/produkt\\\/feigenmarmelade\\\/#primaryimage\",\"url\":\"https:\\\/\\\/www.casaefigenia.com\\\/wp-content\\\/uploads\\\/2022\\\/11\\\/mermelada-higo-2022.jpeg\",\"contentUrl\":\"https:\\\/\\\/www.casaefigenia.com\\\/wp-content\\\/uploads\\\/2022\\\/11\\\/mermelada-higo-2022.jpeg\",\"width\":1024,\"height\":1024},{\"@type\":\"BreadcrumbList\",\"@id\":\"https:\\\/\\\/www.casaefigenia.com\\\/de\\\/produkt\\\/feigenmarmelade\\\/#breadcrumb\",\"itemListElement\":[{\"@type\":\"ListItem\",\"position\":1,\"name\":\"Portada\",\"item\":\"https:\\\/\\\/www.casaefigenia.com\\\/de\\\/\"},{\"@type\":\"ListItem\",\"position\":2,\"name\":\"Shop\",\"item\":\"https:\\\/\\\/www.casaefigenia.com\\\/de\\\/shop\\\/\"},{\"@type\":\"ListItem\",\"position\":3,\"name\":\"Feigenmarmelade\"}]},{\"@type\":\"WebSite\",\"@id\":\"https:\\\/\\\/www.casaefigenia.com\\\/de\\\/#website\",\"url\":\"https:\\\/\\\/www.casaefigenia.com\\\/de\\\/\",\"name\":\"Casa Efigenia\",\"description\":\"Bienvenido a Casa Efigenia. Tradici\u00f3n y calidad desde hace m\u00e1s de cincuenta a\u00f1os.\",\"publisher\":{\"@id\":\"https:\\\/\\\/www.casaefigenia.com\\\/de\\\/#organization\"},\"potentialAction\":[{\"@type\":\"SearchAction\",\"target\":{\"@type\":\"EntryPoint\",\"urlTemplate\":\"https:\\\/\\\/www.casaefigenia.com\\\/de\\\/?s={search_term_string}\"},\"query-input\":{\"@type\":\"PropertyValueSpecification\",\"valueRequired\":true,\"valueName\":\"search_term_string\"}}],\"inLanguage\":\"de\"},{\"@type\":\"Organization\",\"@id\":\"https:\\\/\\\/www.casaefigenia.com\\\/de\\\/#organization\",\"name\":\"Casa Efigenia\",\"url\":\"https:\\\/\\\/www.casaefigenia.com\\\/de\\\/\",\"logo\":{\"@type\":\"ImageObject\",\"inLanguage\":\"de\",\"@id\":\"https:\\\/\\\/www.casaefigenia.com\\\/de\\\/#\\\/schema\\\/logo\\\/image\\\/\",\"url\":\"https:\\\/\\\/www.casaefigenia.com\\\/wp-content\\\/uploads\\\/2022\\\/11\\\/logo-efigenia-transparente-1.png\",\"contentUrl\":\"https:\\\/\\\/www.casaefigenia.com\\\/wp-content\\\/uploads\\\/2022\\\/11\\\/logo-efigenia-transparente-1.png\",\"width\":394,\"height\":173,\"caption\":\"Casa Efigenia\"},\"image\":{\"@id\":\"https:\\\/\\\/www.casaefigenia.com\\\/de\\\/#\\\/schema\\\/logo\\\/image\\\/\"}}]}<\/script>\n<!-- \/ Yoast SEO plugin. -->","yoast_head_json":{"title":"Feigenmarmelade - Casa Efigenia","robots":{"index":"index","follow":"follow","max-snippet":"max-snippet:-1","max-image-preview":"max-image-preview:large","max-video-preview":"max-video-preview:-1"},"canonical":"https:\/\/www.casaefigenia.com\/de\/produkt\/feigenmarmelade\/","og_locale":"de_DE","og_type":"article","og_title":"Feigenmarmelade - Casa Efigenia","og_description":"Marmelade und S\u00fc\u00dfigkeiten sind Lebensmittel, die kaum Fette enthalten, aber reich an N\u00e4hrstoffen aus der Frucht wie Zucker, Ballaststoffen, Mineralien und Antioxidantien sind. Nettoinhalt: 250g.","og_url":"https:\/\/www.casaefigenia.com\/de\/produkt\/feigenmarmelade\/","og_site_name":"Casa Efigenia","article_modified_time":"2023-11-04T09:49:23+00:00","og_image":[{"width":1024,"height":1024,"url":"https:\/\/www.casaefigenia.com\/wp-content\/uploads\/2022\/11\/mermelada-higo-2022.jpeg","type":"image\/jpeg"}],"twitter_card":"summary_large_image","schema":{"@context":"https:\/\/schema.org","@graph":[{"@type":"WebPage","@id":"https:\/\/www.casaefigenia.com\/de\/produkt\/feigenmarmelade\/","url":"https:\/\/www.casaefigenia.com\/de\/produkt\/feigenmarmelade\/","name":"Feigenmarmelade - Casa Efigenia","isPartOf":{"@id":"https:\/\/www.casaefigenia.com\/de\/#website"},"primaryImageOfPage":{"@id":"https:\/\/www.casaefigenia.com\/de\/produkt\/feigenmarmelade\/#primaryimage"},"image":{"@id":"https:\/\/www.casaefigenia.com\/de\/produkt\/feigenmarmelade\/#primaryimage"},"thumbnailUrl":"https:\/\/www.casaefigenia.com\/wp-content\/uploads\/2022\/11\/mermelada-higo-2022.jpeg","datePublished":"2022-11-08T08:24:02+00:00","dateModified":"2023-11-04T09:49:23+00:00","breadcrumb":{"@id":"https:\/\/www.casaefigenia.com\/de\/produkt\/feigenmarmelade\/#breadcrumb"},"inLanguage":"de","potentialAction":[{"@type":"ReadAction","target":["https:\/\/www.casaefigenia.com\/de\/produkt\/feigenmarmelade\/"]}]},{"@type":"ImageObject","inLanguage":"de","@id":"https:\/\/www.casaefigenia.com\/de\/produkt\/feigenmarmelade\/#primaryimage","url":"https:\/\/www.casaefigenia.com\/wp-content\/uploads\/2022\/11\/mermelada-higo-2022.jpeg","contentUrl":"https:\/\/www.casaefigenia.com\/wp-content\/uploads\/2022\/11\/mermelada-higo-2022.jpeg","width":1024,"height":1024},{"@type":"BreadcrumbList","@id":"https:\/\/www.casaefigenia.com\/de\/produkt\/feigenmarmelade\/#breadcrumb","itemListElement":[{"@type":"ListItem","position":1,"name":"Portada","item":"https:\/\/www.casaefigenia.com\/de\/"},{"@type":"ListItem","position":2,"name":"Shop","item":"https:\/\/www.casaefigenia.com\/de\/shop\/"},{"@type":"ListItem","position":3,"name":"Feigenmarmelade"}]},{"@type":"WebSite","@id":"https:\/\/www.casaefigenia.com\/de\/#website","url":"https:\/\/www.casaefigenia.com\/de\/","name":"Casa Efigenia","description":"Bienvenido a Casa Efigenia. Tradici\u00f3n y calidad desde hace m\u00e1s de cincuenta a\u00f1os.","publisher":{"@id":"https:\/\/www.casaefigenia.com\/de\/#organization"},"potentialAction":[{"@type":"SearchAction","target":{"@type":"EntryPoint","urlTemplate":"https:\/\/www.casaefigenia.com\/de\/?s={search_term_string}"},"query-input":{"@type":"PropertyValueSpecification","valueRequired":true,"valueName":"search_term_string"}}],"inLanguage":"de"},{"@type":"Organization","@id":"https:\/\/www.casaefigenia.com\/de\/#organization","name":"Casa Efigenia","url":"https:\/\/www.casaefigenia.com\/de\/","logo":{"@type":"ImageObject","inLanguage":"de","@id":"https:\/\/www.casaefigenia.com\/de\/#\/schema\/logo\/image\/","url":"https:\/\/www.casaefigenia.com\/wp-content\/uploads\/2022\/11\/logo-efigenia-transparente-1.png","contentUrl":"https:\/\/www.casaefigenia.com\/wp-content\/uploads\/2022\/11\/logo-efigenia-transparente-1.png","width":394,"height":173,"caption":"Casa Efigenia"},"image":{"@id":"https:\/\/www.casaefigenia.com\/de\/#\/schema\/logo\/image\/"}}]}},"_links":{"self":[{"href":"https:\/\/www.casaefigenia.com\/de\/wp-json\/wp\/v2\/product\/6281","targetHints":{"allow":["GET"]}}],"collection":[{"href":"https:\/\/www.casaefigenia.com\/de\/wp-json\/wp\/v2\/product"}],"about":[{"href":"https:\/\/www.casaefigenia.com\/de\/wp-json\/wp\/v2\/types\/product"}],"replies":[{"embeddable":true,"href":"https:\/\/www.casaefigenia.com\/de\/wp-json\/wp\/v2\/comments?post=6281"}],"version-history":[{"count":1,"href":"https:\/\/www.casaefigenia.com\/de\/wp-json\/wp\/v2\/product\/6281\/revisions"}],"predecessor-version":[{"id":6282,"href":"https:\/\/www.casaefigenia.com\/de\/wp-json\/wp\/v2\/product\/6281\/revisions\/6282"}],"wp:featuredmedia":[{"embeddable":true,"href":"https:\/\/www.casaefigenia.com\/de\/wp-json\/wp\/v2\/media\/5947"}],"wp:attachment":[{"href":"https:\/\/www.casaefigenia.com\/de\/wp-json\/wp\/v2\/media?parent=6281"}],"wp:term":[{"taxonomy":"brand","embeddable":true,"href":"https:\/\/www.casaefigenia.com\/de\/wp-json\/wp\/v2\/etheme_brands?post=6281"},{"taxonomy":"product_brand","embeddable":true,"href":"https:\/\/www.casaefigenia.com\/de\/wp-json\/wp\/v2\/product_brand?post=6281"},{"taxonomy":"product_cat","embeddable":true,"href":"https:\/\/www.casaefigenia.com\/de\/wp-json\/wp\/v2\/product_cat?post=6281"},{"taxonomy":"product_tag","embeddable":true,"href":"https:\/\/www.casaefigenia.com\/de\/wp-json\/wp\/v2\/product_tag?post=6281"}],"curies":[{"name":"wp","href":"https:\/\/api.w.org\/{rel}","templated":true}]}}