{"id":6111,"date":"2022-11-08T08:24:02","date_gmt":"2022-11-08T08:24:02","guid":{"rendered":"https:\/\/www.casaefigenia.com\/producto\/deleitate-con-las-galletas-gomeras-de-limon-de-350-gramos-elaboradas-por-casa-efigenia-en-la-gomera\/"},"modified":"2023-11-04T09:10:05","modified_gmt":"2023-11-04T09:10:05","slug":"geniessen-sie-die-350-g-gomeranischen-zitronenkekse-von-casa-efigenia-in-la-gomera","status":"publish","type":"product","link":"https:\/\/www.casaefigenia.com\/de\/produkt\/geniessen-sie-die-350-g-gomeranischen-zitronenkekse-von-casa-efigenia-in-la-gomera\/","title":{"rendered":"Gomeranische Zitronenkekse"},"content":{"rendered":"<p>Zutaten: WEIZENMEHL, ZUCKER, OLIVEN\u00d6L, EI, MILCH, ZITRONENSCHALE, TREIBMITTEL (DISODIUMDIPHOSPHAT UND NATRIUMBICARBONAT), SALZ UND ANIS.<br \/>\nKann Spuren von Schalenfr\u00fcchten enthalten.<\/p>\n<p><strong>Allergene: Weizenmehl, Eier und Milch. Kann Spuren von Schalenfr\u00fcchten enthalten.<\/strong><\/p>\n<p>Nettogewicht: 350 g.<\/p>\n<p>Herkunft: Spanien.<\/p>\n<p>N\u00e4hrwertangaben pro 100 g.<\/p>\n<ul>\n<li>Energie (Kj\/Kcal) 1946\/467<\/li>\n<li>Fett (g) 16,5<\/li>\n<li>davon ges\u00e4ttigte Fetts\u00e4uren (g) 1,42<\/li>\n<li>Kohlenhydrate (g) 66,2<\/li>\n<li>davon Zucker (g) 7,9<\/li>\n<li>Eiwei\u00df (g) 8,01<\/li>\n<li>Natrium (g) 0,038<\/li>\n<li>Salz (g) 0,1<\/li>\n<\/ul>\n","protected":false},"excerpt":{"rendered":"<p class=\"mt-2\">Wenn Sie nach au\u00dfergew\u00f6hnlichem Geschmack suchen, kaufen Sie Gomeranische Zitronenkekse von Casa Efigenia in La Gomera. Diese S\u00fc\u00dfigkeiten sind ein Beweis f\u00fcr die reiche Backtradition der Insel, die f\u00fcr ihre Qualit\u00e4t und sorgf\u00e4ltige handwerkliche Herstellung bekannt ist.<\/p>\n<p class=\"mt-2\">Gomeranische S\u00fc\u00dfigkeiten sind sowohl innerhalb als auch au\u00dferhalb von La Gomera bekannt, und Zitronenkekse geh\u00f6ren zu den herausragenden Sorten dieser reichen Tradition. Casa Efigenia, treu ihrer Philosophie der handwerklichen Produktion, stellt diese Kekse aus hochwertigen Zutaten wie Weizenmehl, Oliven\u00f6l, Eiern, Milch und Zitronenschale her.<\/p>\n<p class=\"mt-2\">Der Kauf von Gomeranischen Zitronenkeksen von Casa Efigenia in La Gomera erm\u00f6glicht es Ihnen, 350 Gramm authentisch gomeranische S\u00fc\u00dfigkeiten zu genie\u00dfen. Mit ihrem zarten Zitronengeschmack sind diese Kekse eine Delikatesse, die niemanden gleichg\u00fcltig l\u00e4sst und zweifellos die beste Visitenkarte f\u00fcr das Backhandwerk der Insel sind.<\/p>\n<p class=\"mt-2\">Dar\u00fcber hinaus unterst\u00fctzen Sie durch den Kauf dieser Kekse die lokale Wirtschaft und die handwerkliche Produktion, zwei grundlegende S\u00e4ulen von Casa Efigenia. Jeder Keks ist eine Hommage an die Kultur und Traditionen von La Gomera und spiegelt die Liebe und Hingabe wider, die Casa Efigenia in jedes ihrer Produkte steckt.<\/p>\n<p class=\"mt-2\">Warten Sie nicht l\u00e4nger und entdecken Sie die exquisiten Gomeranischen Zitronenkekse von Casa Efigenia. Dieser Kauf erm\u00f6glicht es Ihnen, einen authentischen Schatz der gomeranischen Backtradition zu genie\u00dfen und Ihrem Zuhause einen Hauch von Geschmack und Tradition hinzuzuf\u00fcgen.<\/p>\n","protected":false},"featured_media":6107,"comment_status":"closed","ping_status":"closed","template":"","meta":[],"etheme_brands":[],"product_brand":[],"product_cat":[107],"product_tag":[],"class_list":{"0":"post-6111","1":"product","2":"type-product","3":"status-publish","4":"has-post-thumbnail","6":"product_cat-kekse","8":"first","9":"instock","10":"taxable","11":"shipping-taxable","12":"purchasable","13":"product-type-simple"},"yoast_head":"<!-- This site is optimized with the Yoast SEO plugin v27.5 - https:\/\/yoast.com\/product\/yoast-seo-wordpress\/ -->\n<title>Genie\u00dfen Sie die 350 g Gomeranischen Zitronenkekse von Casa Efigenia in La Gomera<\/title>\n<meta name=\"description\" content=\"Kaufen Sie Gomeranische Zitronenkekse von Casa Efigenia in La Gomera. Eine k\u00f6stliche 350 g handwerkliche K\u00f6stlichkeit, die Sie begeistern wird.\" \/>\n<meta name=\"robots\" content=\"index, follow, max-snippet:-1, max-image-preview:large, max-video-preview:-1\" \/>\n<link rel=\"canonical\" href=\"https:\/\/www.casaefigenia.com\/de\/produkt\/geniessen-sie-die-350-g-gomeranischen-zitronenkekse-von-casa-efigenia-in-la-gomera\/\" \/>\n<meta property=\"og:locale\" content=\"de_DE\" \/>\n<meta property=\"og:type\" content=\"article\" \/>\n<meta property=\"og:title\" content=\"Genie\u00dfen Sie die 350 g Gomeranischen Zitronenkekse von Casa Efigenia in La Gomera\" \/>\n<meta property=\"og:description\" content=\"Kaufen Sie Gomeranische Zitronenkekse von Casa Efigenia in La Gomera. Eine k\u00f6stliche 350 g handwerkliche K\u00f6stlichkeit, die Sie begeistern wird.\" \/>\n<meta property=\"og:url\" content=\"https:\/\/www.casaefigenia.com\/de\/produkt\/geniessen-sie-die-350-g-gomeranischen-zitronenkekse-von-casa-efigenia-in-la-gomera\/\" \/>\n<meta property=\"og:site_name\" content=\"Casa Efigenia\" \/>\n<meta property=\"article:modified_time\" content=\"2023-11-04T09:10:05+00:00\" \/>\n<meta property=\"og:image\" content=\"https:\/\/www.casaefigenia.com\/wp-content\/uploads\/2022\/11\/galletas-limon.jpg\" \/>\n\t<meta property=\"og:image:width\" content=\"1021\" \/>\n\t<meta property=\"og:image:height\" content=\"1021\" \/>\n\t<meta property=\"og:image:type\" content=\"image\/jpeg\" \/>\n<meta name=\"twitter:card\" content=\"summary_large_image\" \/>\n<meta name=\"twitter:label1\" content=\"Gesch\u00e4tzte Lesezeit\" \/>\n\t<meta name=\"twitter:data1\" content=\"1\u00a0Minute\" \/>\n<script type=\"application\/ld+json\" class=\"yoast-schema-graph\">{\"@context\":\"https:\\\/\\\/schema.org\",\"@graph\":[{\"@type\":\"WebPage\",\"@id\":\"https:\\\/\\\/www.casaefigenia.com\\\/de\\\/produkt\\\/geniessen-sie-die-350-g-gomeranischen-zitronenkekse-von-casa-efigenia-in-la-gomera\\\/\",\"url\":\"https:\\\/\\\/www.casaefigenia.com\\\/de\\\/produkt\\\/geniessen-sie-die-350-g-gomeranischen-zitronenkekse-von-casa-efigenia-in-la-gomera\\\/\",\"name\":\"Genie\u00dfen Sie die 350 g Gomeranischen Zitronenkekse von Casa Efigenia in La Gomera\",\"isPartOf\":{\"@id\":\"https:\\\/\\\/www.casaefigenia.com\\\/de\\\/#website\"},\"primaryImageOfPage\":{\"@id\":\"https:\\\/\\\/www.casaefigenia.com\\\/de\\\/produkt\\\/geniessen-sie-die-350-g-gomeranischen-zitronenkekse-von-casa-efigenia-in-la-gomera\\\/#primaryimage\"},\"image\":{\"@id\":\"https:\\\/\\\/www.casaefigenia.com\\\/de\\\/produkt\\\/geniessen-sie-die-350-g-gomeranischen-zitronenkekse-von-casa-efigenia-in-la-gomera\\\/#primaryimage\"},\"thumbnailUrl\":\"https:\\\/\\\/www.casaefigenia.com\\\/wp-content\\\/uploads\\\/2022\\\/11\\\/galletas-limon.jpg\",\"datePublished\":\"2022-11-08T08:24:02+00:00\",\"dateModified\":\"2023-11-04T09:10:05+00:00\",\"description\":\"Kaufen Sie Gomeranische Zitronenkekse von Casa Efigenia in La Gomera. Eine k\u00f6stliche 350 g handwerkliche K\u00f6stlichkeit, die Sie begeistern wird.\",\"breadcrumb\":{\"@id\":\"https:\\\/\\\/www.casaefigenia.com\\\/de\\\/produkt\\\/geniessen-sie-die-350-g-gomeranischen-zitronenkekse-von-casa-efigenia-in-la-gomera\\\/#breadcrumb\"},\"inLanguage\":\"de\",\"potentialAction\":[{\"@type\":\"ReadAction\",\"target\":[\"https:\\\/\\\/www.casaefigenia.com\\\/de\\\/produkt\\\/geniessen-sie-die-350-g-gomeranischen-zitronenkekse-von-casa-efigenia-in-la-gomera\\\/\"]}]},{\"@type\":\"ImageObject\",\"inLanguage\":\"de\",\"@id\":\"https:\\\/\\\/www.casaefigenia.com\\\/de\\\/produkt\\\/geniessen-sie-die-350-g-gomeranischen-zitronenkekse-von-casa-efigenia-in-la-gomera\\\/#primaryimage\",\"url\":\"https:\\\/\\\/www.casaefigenia.com\\\/wp-content\\\/uploads\\\/2022\\\/11\\\/galletas-limon.jpg\",\"contentUrl\":\"https:\\\/\\\/www.casaefigenia.com\\\/wp-content\\\/uploads\\\/2022\\\/11\\\/galletas-limon.jpg\",\"width\":1021,\"height\":1021},{\"@type\":\"BreadcrumbList\",\"@id\":\"https:\\\/\\\/www.casaefigenia.com\\\/de\\\/produkt\\\/geniessen-sie-die-350-g-gomeranischen-zitronenkekse-von-casa-efigenia-in-la-gomera\\\/#breadcrumb\",\"itemListElement\":[{\"@type\":\"ListItem\",\"position\":1,\"name\":\"Portada\",\"item\":\"https:\\\/\\\/www.casaefigenia.com\\\/de\\\/\"},{\"@type\":\"ListItem\",\"position\":2,\"name\":\"Shop\",\"item\":\"https:\\\/\\\/www.casaefigenia.com\\\/de\\\/shop\\\/\"},{\"@type\":\"ListItem\",\"position\":3,\"name\":\"Gomeranische Zitronenkekse\"}]},{\"@type\":\"WebSite\",\"@id\":\"https:\\\/\\\/www.casaefigenia.com\\\/de\\\/#website\",\"url\":\"https:\\\/\\\/www.casaefigenia.com\\\/de\\\/\",\"name\":\"Casa Efigenia\",\"description\":\"Bienvenido a Casa Efigenia. Tradici\u00f3n y calidad desde hace m\u00e1s de cincuenta a\u00f1os.\",\"publisher\":{\"@id\":\"https:\\\/\\\/www.casaefigenia.com\\\/de\\\/#organization\"},\"potentialAction\":[{\"@type\":\"SearchAction\",\"target\":{\"@type\":\"EntryPoint\",\"urlTemplate\":\"https:\\\/\\\/www.casaefigenia.com\\\/de\\\/?s={search_term_string}\"},\"query-input\":{\"@type\":\"PropertyValueSpecification\",\"valueRequired\":true,\"valueName\":\"search_term_string\"}}],\"inLanguage\":\"de\"},{\"@type\":\"Organization\",\"@id\":\"https:\\\/\\\/www.casaefigenia.com\\\/de\\\/#organization\",\"name\":\"Casa Efigenia\",\"url\":\"https:\\\/\\\/www.casaefigenia.com\\\/de\\\/\",\"logo\":{\"@type\":\"ImageObject\",\"inLanguage\":\"de\",\"@id\":\"https:\\\/\\\/www.casaefigenia.com\\\/de\\\/#\\\/schema\\\/logo\\\/image\\\/\",\"url\":\"https:\\\/\\\/www.casaefigenia.com\\\/wp-content\\\/uploads\\\/2022\\\/11\\\/logo-efigenia-transparente-1.png\",\"contentUrl\":\"https:\\\/\\\/www.casaefigenia.com\\\/wp-content\\\/uploads\\\/2022\\\/11\\\/logo-efigenia-transparente-1.png\",\"width\":394,\"height\":173,\"caption\":\"Casa Efigenia\"},\"image\":{\"@id\":\"https:\\\/\\\/www.casaefigenia.com\\\/de\\\/#\\\/schema\\\/logo\\\/image\\\/\"}}]}<\/script>\n<!-- \/ Yoast SEO plugin. -->","yoast_head_json":{"title":"Genie\u00dfen Sie die 350 g Gomeranischen Zitronenkekse von Casa Efigenia in La Gomera","description":"Kaufen Sie Gomeranische Zitronenkekse von Casa Efigenia in La Gomera. Eine k\u00f6stliche 350 g handwerkliche K\u00f6stlichkeit, die Sie begeistern wird.","robots":{"index":"index","follow":"follow","max-snippet":"max-snippet:-1","max-image-preview":"max-image-preview:large","max-video-preview":"max-video-preview:-1"},"canonical":"https:\/\/www.casaefigenia.com\/de\/produkt\/geniessen-sie-die-350-g-gomeranischen-zitronenkekse-von-casa-efigenia-in-la-gomera\/","og_locale":"de_DE","og_type":"article","og_title":"Genie\u00dfen Sie die 350 g Gomeranischen Zitronenkekse von Casa Efigenia in La Gomera","og_description":"Kaufen Sie Gomeranische Zitronenkekse von Casa Efigenia in La Gomera. Eine k\u00f6stliche 350 g handwerkliche K\u00f6stlichkeit, die Sie begeistern wird.","og_url":"https:\/\/www.casaefigenia.com\/de\/produkt\/geniessen-sie-die-350-g-gomeranischen-zitronenkekse-von-casa-efigenia-in-la-gomera\/","og_site_name":"Casa Efigenia","article_modified_time":"2023-11-04T09:10:05+00:00","og_image":[{"width":1021,"height":1021,"url":"https:\/\/www.casaefigenia.com\/wp-content\/uploads\/2022\/11\/galletas-limon.jpg","type":"image\/jpeg"}],"twitter_card":"summary_large_image","twitter_misc":{"Gesch\u00e4tzte Lesezeit":"1\u00a0Minute"},"schema":{"@context":"https:\/\/schema.org","@graph":[{"@type":"WebPage","@id":"https:\/\/www.casaefigenia.com\/de\/produkt\/geniessen-sie-die-350-g-gomeranischen-zitronenkekse-von-casa-efigenia-in-la-gomera\/","url":"https:\/\/www.casaefigenia.com\/de\/produkt\/geniessen-sie-die-350-g-gomeranischen-zitronenkekse-von-casa-efigenia-in-la-gomera\/","name":"Genie\u00dfen Sie die 350 g Gomeranischen Zitronenkekse von Casa Efigenia in La Gomera","isPartOf":{"@id":"https:\/\/www.casaefigenia.com\/de\/#website"},"primaryImageOfPage":{"@id":"https:\/\/www.casaefigenia.com\/de\/produkt\/geniessen-sie-die-350-g-gomeranischen-zitronenkekse-von-casa-efigenia-in-la-gomera\/#primaryimage"},"image":{"@id":"https:\/\/www.casaefigenia.com\/de\/produkt\/geniessen-sie-die-350-g-gomeranischen-zitronenkekse-von-casa-efigenia-in-la-gomera\/#primaryimage"},"thumbnailUrl":"https:\/\/www.casaefigenia.com\/wp-content\/uploads\/2022\/11\/galletas-limon.jpg","datePublished":"2022-11-08T08:24:02+00:00","dateModified":"2023-11-04T09:10:05+00:00","description":"Kaufen Sie Gomeranische Zitronenkekse von Casa Efigenia in La Gomera. Eine k\u00f6stliche 350 g handwerkliche K\u00f6stlichkeit, die Sie begeistern wird.","breadcrumb":{"@id":"https:\/\/www.casaefigenia.com\/de\/produkt\/geniessen-sie-die-350-g-gomeranischen-zitronenkekse-von-casa-efigenia-in-la-gomera\/#breadcrumb"},"inLanguage":"de","potentialAction":[{"@type":"ReadAction","target":["https:\/\/www.casaefigenia.com\/de\/produkt\/geniessen-sie-die-350-g-gomeranischen-zitronenkekse-von-casa-efigenia-in-la-gomera\/"]}]},{"@type":"ImageObject","inLanguage":"de","@id":"https:\/\/www.casaefigenia.com\/de\/produkt\/geniessen-sie-die-350-g-gomeranischen-zitronenkekse-von-casa-efigenia-in-la-gomera\/#primaryimage","url":"https:\/\/www.casaefigenia.com\/wp-content\/uploads\/2022\/11\/galletas-limon.jpg","contentUrl":"https:\/\/www.casaefigenia.com\/wp-content\/uploads\/2022\/11\/galletas-limon.jpg","width":1021,"height":1021},{"@type":"BreadcrumbList","@id":"https:\/\/www.casaefigenia.com\/de\/produkt\/geniessen-sie-die-350-g-gomeranischen-zitronenkekse-von-casa-efigenia-in-la-gomera\/#breadcrumb","itemListElement":[{"@type":"ListItem","position":1,"name":"Portada","item":"https:\/\/www.casaefigenia.com\/de\/"},{"@type":"ListItem","position":2,"name":"Shop","item":"https:\/\/www.casaefigenia.com\/de\/shop\/"},{"@type":"ListItem","position":3,"name":"Gomeranische Zitronenkekse"}]},{"@type":"WebSite","@id":"https:\/\/www.casaefigenia.com\/de\/#website","url":"https:\/\/www.casaefigenia.com\/de\/","name":"Casa Efigenia","description":"Bienvenido a Casa Efigenia. Tradici\u00f3n y calidad desde hace m\u00e1s de cincuenta a\u00f1os.","publisher":{"@id":"https:\/\/www.casaefigenia.com\/de\/#organization"},"potentialAction":[{"@type":"SearchAction","target":{"@type":"EntryPoint","urlTemplate":"https:\/\/www.casaefigenia.com\/de\/?s={search_term_string}"},"query-input":{"@type":"PropertyValueSpecification","valueRequired":true,"valueName":"search_term_string"}}],"inLanguage":"de"},{"@type":"Organization","@id":"https:\/\/www.casaefigenia.com\/de\/#organization","name":"Casa Efigenia","url":"https:\/\/www.casaefigenia.com\/de\/","logo":{"@type":"ImageObject","inLanguage":"de","@id":"https:\/\/www.casaefigenia.com\/de\/#\/schema\/logo\/image\/","url":"https:\/\/www.casaefigenia.com\/wp-content\/uploads\/2022\/11\/logo-efigenia-transparente-1.png","contentUrl":"https:\/\/www.casaefigenia.com\/wp-content\/uploads\/2022\/11\/logo-efigenia-transparente-1.png","width":394,"height":173,"caption":"Casa Efigenia"},"image":{"@id":"https:\/\/www.casaefigenia.com\/de\/#\/schema\/logo\/image\/"}}]}},"_links":{"self":[{"href":"https:\/\/www.casaefigenia.com\/de\/wp-json\/wp\/v2\/product\/6111","targetHints":{"allow":["GET"]}}],"collection":[{"href":"https:\/\/www.casaefigenia.com\/de\/wp-json\/wp\/v2\/product"}],"about":[{"href":"https:\/\/www.casaefigenia.com\/de\/wp-json\/wp\/v2\/types\/product"}],"replies":[{"embeddable":true,"href":"https:\/\/www.casaefigenia.com\/de\/wp-json\/wp\/v2\/comments?post=6111"}],"version-history":[{"count":3,"href":"https:\/\/www.casaefigenia.com\/de\/wp-json\/wp\/v2\/product\/6111\/revisions"}],"predecessor-version":[{"id":6264,"href":"https:\/\/www.casaefigenia.com\/de\/wp-json\/wp\/v2\/product\/6111\/revisions\/6264"}],"wp:featuredmedia":[{"embeddable":true,"href":"https:\/\/www.casaefigenia.com\/de\/wp-json\/wp\/v2\/media\/6107"}],"wp:attachment":[{"href":"https:\/\/www.casaefigenia.com\/de\/wp-json\/wp\/v2\/media?parent=6111"}],"wp:term":[{"taxonomy":"brand","embeddable":true,"href":"https:\/\/www.casaefigenia.com\/de\/wp-json\/wp\/v2\/etheme_brands?post=6111"},{"taxonomy":"product_brand","embeddable":true,"href":"https:\/\/www.casaefigenia.com\/de\/wp-json\/wp\/v2\/product_brand?post=6111"},{"taxonomy":"product_cat","embeddable":true,"href":"https:\/\/www.casaefigenia.com\/de\/wp-json\/wp\/v2\/product_cat?post=6111"},{"taxonomy":"product_tag","embeddable":true,"href":"https:\/\/www.casaefigenia.com\/de\/wp-json\/wp\/v2\/product_tag?post=6111"}],"curies":[{"name":"wp","href":"https:\/\/api.w.org\/{rel}","templated":true}]}}