{"id":6096,"date":"2022-11-10T11:02:46","date_gmt":"2022-11-10T11:02:46","guid":{"rendered":"https:\/\/www.casaefigenia.com\/producto\/disfruta-de-las-galletas-gomeras-de-gofio-en-tarro-de-cristal-de-casa-efigenia-en-la-gomera\/"},"modified":"2023-11-04T09:07:41","modified_gmt":"2023-11-04T09:07:41","slug":"geniessen-sie-die-gomeranischen-gofio-kekse-im-glas-hergestellt-von-casa-efigenia-in-la-gomera","status":"publish","type":"product","link":"https:\/\/www.casaefigenia.com\/de\/produkt\/geniessen-sie-die-gomeranischen-gofio-kekse-im-glas-hergestellt-von-casa-efigenia-in-la-gomera\/","title":{"rendered":"Gomeranische Gofio-Kekse im Glas"},"content":{"rendered":"<p>Zutaten: GOFIO (MAIS, WEIZEN UND GERSTE), ZUCKER, OLIVEN\u00d6L, EI, MILCH, ZITRONENSCHALE, TREIBMITTEL (DISODIUMDIPHOSPHAT UND NATRIUMBICARBONAT), SALZ UND ANIS.<br \/>\nKann Spuren von Schalenfr\u00fcchten enthalten.<\/p>\n<p><strong>Allergene: Weizenmehl, Eier und Milch. Kann Spuren von Schalenfr\u00fcchten enthalten.<\/strong><\/p>\n<p>Nettogewicht: 350 g.<\/p>\n<p>Ursprung: Spanien.<\/p>\n<p>N\u00e4hrwertangaben pro 100 g.<\/p>\n<ul>\n<li>Energie (Kj\/Kcal) 1915\/475<\/li>\n<li>Fett (g) 17,2<\/li>\n<li>Davon ges\u00e4ttigte Fetts\u00e4uren (g) 1,5<\/li>\n<li>Kohlenhydrate (g) 65,5<\/li>\n<li>Davon Zucker (g) 18,03<\/li>\n<li>Eiwei\u00df (g) 8,05<\/li>\n<li>Natrium (g) 0,045<\/li>\n<li>Salz (g) 0,1<\/li>\n<\/ul>\n","protected":false},"excerpt":{"rendered":"<p class=\"mt-2\">Realiza una compra que te endulzar\u00e1 la vida: galletas gomeras de gofio elaboradas por Casa Efigenia en La Gomera. Estos dulces, de exquisito sabor y elaboraci\u00f3n artesanal, son un verdadero regalo para el paladar y un emblema de la rica tradici\u00f3n repostera de la isla.<\/p>\n<p class=\"mt-2\">Los dulces gomeros son reconocidos por su calidad y autenticidad tanto dentro como fuera de La Gomera. Dentro de esta variedad, las galletas de gofio destacan por su receta tradicional y su esmerada elaboraci\u00f3n. Casa Efigenia, reconocida por su dedicaci\u00f3n a los productos artesanales, las elabora con ingredientes selectos y naturales como el gofio de millo, trigo y cedaba, aceite de oliva, huevos, leche y ralladura de lim\u00f3n.<\/p>\n<p class=\"mt-2\">\n<p class=\"mt-2\">Al comprar galletas gomeras de gofio elaboradas por Casa Efigenia en La Gomera, te estar\u00e1s llevando a casa 350 gramos de una aut\u00e9ntica experiencia culinaria. Las galletas de gofio son la mejor carta de presentaci\u00f3n de la reposter\u00eda gomera, y en cada mordisco podr\u00e1s apreciar el cari\u00f1o y la tradici\u00f3n que se ponen en su elaboraci\u00f3n.<\/p>\n<p class=\"mt-2\">Adem\u00e1s, al optar por estas galletas, estar\u00e1s apoyando la econom\u00eda local y el arte culinario tradicional de la isla. La filosof\u00eda de Casa Efigenia se basa en la utilizaci\u00f3n de ingredientes de la tierra y en la producci\u00f3n artesanal, por lo que cada galleta es un verdadero tributo a La Gomera y su cultura.<\/p>\n<\/p>\n<p class=\"mt-2\">No esperes m\u00e1s y descubre por ti mismo la deliciosa tradici\u00f3n repostera de La Gomera con la compra de galletas gomeras de gofio de Casa Efigenia. Este bocado de 350 gramos ser\u00e1, sin duda, una deliciosa adici\u00f3n a tu despensa.<\/p>\n","protected":false},"featured_media":6094,"comment_status":"closed","ping_status":"closed","template":"","meta":[],"etheme_brands":[],"product_brand":[],"product_cat":[107],"product_tag":[],"class_list":{"0":"post-6096","1":"product","2":"type-product","3":"status-publish","4":"has-post-thumbnail","6":"product_cat-kekse","8":"first","9":"instock","10":"taxable","11":"shipping-taxable","12":"purchasable","13":"product-type-simple"},"yoast_head":"<!-- This site is optimized with the Yoast SEO plugin v27.5 - https:\/\/yoast.com\/product\/yoast-seo-wordpress\/ -->\n<title>Genie\u00dfen Sie die Gomeranischen Gofio-Kekse im Glas, hergestellt von Casa Efigenia in La Gomera<\/title>\n<meta name=\"description\" content=\"Kaufen Sie Gomeranische Gofio-Kekse im Glas, eine authentische S\u00fc\u00dfigkeit von La Gomera. Casa Efigenia bietet Ihnen 350 Gramm handwerklichen Geschmack.\" \/>\n<meta name=\"robots\" content=\"index, follow, max-snippet:-1, max-image-preview:large, max-video-preview:-1\" \/>\n<link rel=\"canonical\" href=\"https:\/\/www.casaefigenia.com\/de\/produkt\/geniessen-sie-die-gomeranischen-gofio-kekse-im-glas-hergestellt-von-casa-efigenia-in-la-gomera\/\" \/>\n<meta property=\"og:locale\" content=\"de_DE\" \/>\n<meta property=\"og:type\" content=\"article\" \/>\n<meta property=\"og:title\" content=\"Genie\u00dfen Sie die Gomeranischen Gofio-Kekse im Glas, hergestellt von Casa Efigenia in La Gomera\" \/>\n<meta property=\"og:description\" content=\"Kaufen Sie Gomeranische Gofio-Kekse im Glas, eine authentische S\u00fc\u00dfigkeit von La Gomera. Casa Efigenia bietet Ihnen 350 Gramm handwerklichen Geschmack.\" \/>\n<meta property=\"og:url\" content=\"https:\/\/www.casaefigenia.com\/de\/produkt\/geniessen-sie-die-gomeranischen-gofio-kekse-im-glas-hergestellt-von-casa-efigenia-in-la-gomera\/\" \/>\n<meta property=\"og:site_name\" content=\"Casa Efigenia\" \/>\n<meta property=\"article:modified_time\" content=\"2023-11-04T09:07:41+00:00\" \/>\n<meta property=\"og:image\" content=\"https:\/\/www.casaefigenia.com\/wp-content\/uploads\/2022\/11\/galletas-gofio-tarro-cristal.jpg\" \/>\n\t<meta property=\"og:image:width\" content=\"1200\" \/>\n\t<meta property=\"og:image:height\" content=\"1200\" \/>\n\t<meta property=\"og:image:type\" content=\"image\/jpeg\" \/>\n<meta name=\"twitter:card\" content=\"summary_large_image\" \/>\n<meta name=\"twitter:label1\" content=\"Gesch\u00e4tzte Lesezeit\" \/>\n\t<meta name=\"twitter:data1\" content=\"1\u00a0Minute\" \/>\n<script type=\"application\/ld+json\" class=\"yoast-schema-graph\">{\"@context\":\"https:\\\/\\\/schema.org\",\"@graph\":[{\"@type\":\"WebPage\",\"@id\":\"https:\\\/\\\/www.casaefigenia.com\\\/de\\\/produkt\\\/geniessen-sie-die-gomeranischen-gofio-kekse-im-glas-hergestellt-von-casa-efigenia-in-la-gomera\\\/\",\"url\":\"https:\\\/\\\/www.casaefigenia.com\\\/de\\\/produkt\\\/geniessen-sie-die-gomeranischen-gofio-kekse-im-glas-hergestellt-von-casa-efigenia-in-la-gomera\\\/\",\"name\":\"Genie\u00dfen Sie die Gomeranischen Gofio-Kekse im Glas, hergestellt von Casa Efigenia in La Gomera\",\"isPartOf\":{\"@id\":\"https:\\\/\\\/www.casaefigenia.com\\\/de\\\/#website\"},\"primaryImageOfPage\":{\"@id\":\"https:\\\/\\\/www.casaefigenia.com\\\/de\\\/produkt\\\/geniessen-sie-die-gomeranischen-gofio-kekse-im-glas-hergestellt-von-casa-efigenia-in-la-gomera\\\/#primaryimage\"},\"image\":{\"@id\":\"https:\\\/\\\/www.casaefigenia.com\\\/de\\\/produkt\\\/geniessen-sie-die-gomeranischen-gofio-kekse-im-glas-hergestellt-von-casa-efigenia-in-la-gomera\\\/#primaryimage\"},\"thumbnailUrl\":\"https:\\\/\\\/www.casaefigenia.com\\\/wp-content\\\/uploads\\\/2022\\\/11\\\/galletas-gofio-tarro-cristal.jpg\",\"datePublished\":\"2022-11-10T11:02:46+00:00\",\"dateModified\":\"2023-11-04T09:07:41+00:00\",\"description\":\"Kaufen Sie Gomeranische Gofio-Kekse im Glas, eine authentische S\u00fc\u00dfigkeit von La Gomera. Casa Efigenia bietet Ihnen 350 Gramm handwerklichen Geschmack.\",\"breadcrumb\":{\"@id\":\"https:\\\/\\\/www.casaefigenia.com\\\/de\\\/produkt\\\/geniessen-sie-die-gomeranischen-gofio-kekse-im-glas-hergestellt-von-casa-efigenia-in-la-gomera\\\/#breadcrumb\"},\"inLanguage\":\"de\",\"potentialAction\":[{\"@type\":\"ReadAction\",\"target\":[\"https:\\\/\\\/www.casaefigenia.com\\\/de\\\/produkt\\\/geniessen-sie-die-gomeranischen-gofio-kekse-im-glas-hergestellt-von-casa-efigenia-in-la-gomera\\\/\"]}]},{\"@type\":\"ImageObject\",\"inLanguage\":\"de\",\"@id\":\"https:\\\/\\\/www.casaefigenia.com\\\/de\\\/produkt\\\/geniessen-sie-die-gomeranischen-gofio-kekse-im-glas-hergestellt-von-casa-efigenia-in-la-gomera\\\/#primaryimage\",\"url\":\"https:\\\/\\\/www.casaefigenia.com\\\/wp-content\\\/uploads\\\/2022\\\/11\\\/galletas-gofio-tarro-cristal.jpg\",\"contentUrl\":\"https:\\\/\\\/www.casaefigenia.com\\\/wp-content\\\/uploads\\\/2022\\\/11\\\/galletas-gofio-tarro-cristal.jpg\",\"width\":1200,\"height\":1200},{\"@type\":\"BreadcrumbList\",\"@id\":\"https:\\\/\\\/www.casaefigenia.com\\\/de\\\/produkt\\\/geniessen-sie-die-gomeranischen-gofio-kekse-im-glas-hergestellt-von-casa-efigenia-in-la-gomera\\\/#breadcrumb\",\"itemListElement\":[{\"@type\":\"ListItem\",\"position\":1,\"name\":\"Portada\",\"item\":\"https:\\\/\\\/www.casaefigenia.com\\\/de\\\/\"},{\"@type\":\"ListItem\",\"position\":2,\"name\":\"Shop\",\"item\":\"https:\\\/\\\/www.casaefigenia.com\\\/de\\\/shop\\\/\"},{\"@type\":\"ListItem\",\"position\":3,\"name\":\"Gomeranische Gofio-Kekse im Glas\"}]},{\"@type\":\"WebSite\",\"@id\":\"https:\\\/\\\/www.casaefigenia.com\\\/de\\\/#website\",\"url\":\"https:\\\/\\\/www.casaefigenia.com\\\/de\\\/\",\"name\":\"Casa Efigenia\",\"description\":\"Bienvenido a Casa Efigenia. Tradici\u00f3n y calidad desde hace m\u00e1s de cincuenta a\u00f1os.\",\"publisher\":{\"@id\":\"https:\\\/\\\/www.casaefigenia.com\\\/de\\\/#organization\"},\"potentialAction\":[{\"@type\":\"SearchAction\",\"target\":{\"@type\":\"EntryPoint\",\"urlTemplate\":\"https:\\\/\\\/www.casaefigenia.com\\\/de\\\/?s={search_term_string}\"},\"query-input\":{\"@type\":\"PropertyValueSpecification\",\"valueRequired\":true,\"valueName\":\"search_term_string\"}}],\"inLanguage\":\"de\"},{\"@type\":\"Organization\",\"@id\":\"https:\\\/\\\/www.casaefigenia.com\\\/de\\\/#organization\",\"name\":\"Casa Efigenia\",\"url\":\"https:\\\/\\\/www.casaefigenia.com\\\/de\\\/\",\"logo\":{\"@type\":\"ImageObject\",\"inLanguage\":\"de\",\"@id\":\"https:\\\/\\\/www.casaefigenia.com\\\/de\\\/#\\\/schema\\\/logo\\\/image\\\/\",\"url\":\"https:\\\/\\\/www.casaefigenia.com\\\/wp-content\\\/uploads\\\/2022\\\/11\\\/logo-efigenia-transparente-1.png\",\"contentUrl\":\"https:\\\/\\\/www.casaefigenia.com\\\/wp-content\\\/uploads\\\/2022\\\/11\\\/logo-efigenia-transparente-1.png\",\"width\":394,\"height\":173,\"caption\":\"Casa Efigenia\"},\"image\":{\"@id\":\"https:\\\/\\\/www.casaefigenia.com\\\/de\\\/#\\\/schema\\\/logo\\\/image\\\/\"}}]}<\/script>\n<!-- \/ Yoast SEO plugin. -->","yoast_head_json":{"title":"Genie\u00dfen Sie die Gomeranischen Gofio-Kekse im Glas, hergestellt von Casa Efigenia in La Gomera","description":"Kaufen Sie Gomeranische Gofio-Kekse im Glas, eine authentische S\u00fc\u00dfigkeit von La Gomera. Casa Efigenia bietet Ihnen 350 Gramm handwerklichen Geschmack.","robots":{"index":"index","follow":"follow","max-snippet":"max-snippet:-1","max-image-preview":"max-image-preview:large","max-video-preview":"max-video-preview:-1"},"canonical":"https:\/\/www.casaefigenia.com\/de\/produkt\/geniessen-sie-die-gomeranischen-gofio-kekse-im-glas-hergestellt-von-casa-efigenia-in-la-gomera\/","og_locale":"de_DE","og_type":"article","og_title":"Genie\u00dfen Sie die Gomeranischen Gofio-Kekse im Glas, hergestellt von Casa Efigenia in La Gomera","og_description":"Kaufen Sie Gomeranische Gofio-Kekse im Glas, eine authentische S\u00fc\u00dfigkeit von La Gomera. Casa Efigenia bietet Ihnen 350 Gramm handwerklichen Geschmack.","og_url":"https:\/\/www.casaefigenia.com\/de\/produkt\/geniessen-sie-die-gomeranischen-gofio-kekse-im-glas-hergestellt-von-casa-efigenia-in-la-gomera\/","og_site_name":"Casa Efigenia","article_modified_time":"2023-11-04T09:07:41+00:00","og_image":[{"width":1200,"height":1200,"url":"https:\/\/www.casaefigenia.com\/wp-content\/uploads\/2022\/11\/galletas-gofio-tarro-cristal.jpg","type":"image\/jpeg"}],"twitter_card":"summary_large_image","twitter_misc":{"Gesch\u00e4tzte Lesezeit":"1\u00a0Minute"},"schema":{"@context":"https:\/\/schema.org","@graph":[{"@type":"WebPage","@id":"https:\/\/www.casaefigenia.com\/de\/produkt\/geniessen-sie-die-gomeranischen-gofio-kekse-im-glas-hergestellt-von-casa-efigenia-in-la-gomera\/","url":"https:\/\/www.casaefigenia.com\/de\/produkt\/geniessen-sie-die-gomeranischen-gofio-kekse-im-glas-hergestellt-von-casa-efigenia-in-la-gomera\/","name":"Genie\u00dfen Sie die Gomeranischen Gofio-Kekse im Glas, hergestellt von Casa Efigenia in La Gomera","isPartOf":{"@id":"https:\/\/www.casaefigenia.com\/de\/#website"},"primaryImageOfPage":{"@id":"https:\/\/www.casaefigenia.com\/de\/produkt\/geniessen-sie-die-gomeranischen-gofio-kekse-im-glas-hergestellt-von-casa-efigenia-in-la-gomera\/#primaryimage"},"image":{"@id":"https:\/\/www.casaefigenia.com\/de\/produkt\/geniessen-sie-die-gomeranischen-gofio-kekse-im-glas-hergestellt-von-casa-efigenia-in-la-gomera\/#primaryimage"},"thumbnailUrl":"https:\/\/www.casaefigenia.com\/wp-content\/uploads\/2022\/11\/galletas-gofio-tarro-cristal.jpg","datePublished":"2022-11-10T11:02:46+00:00","dateModified":"2023-11-04T09:07:41+00:00","description":"Kaufen Sie Gomeranische Gofio-Kekse im Glas, eine authentische S\u00fc\u00dfigkeit von La Gomera. Casa Efigenia bietet Ihnen 350 Gramm handwerklichen Geschmack.","breadcrumb":{"@id":"https:\/\/www.casaefigenia.com\/de\/produkt\/geniessen-sie-die-gomeranischen-gofio-kekse-im-glas-hergestellt-von-casa-efigenia-in-la-gomera\/#breadcrumb"},"inLanguage":"de","potentialAction":[{"@type":"ReadAction","target":["https:\/\/www.casaefigenia.com\/de\/produkt\/geniessen-sie-die-gomeranischen-gofio-kekse-im-glas-hergestellt-von-casa-efigenia-in-la-gomera\/"]}]},{"@type":"ImageObject","inLanguage":"de","@id":"https:\/\/www.casaefigenia.com\/de\/produkt\/geniessen-sie-die-gomeranischen-gofio-kekse-im-glas-hergestellt-von-casa-efigenia-in-la-gomera\/#primaryimage","url":"https:\/\/www.casaefigenia.com\/wp-content\/uploads\/2022\/11\/galletas-gofio-tarro-cristal.jpg","contentUrl":"https:\/\/www.casaefigenia.com\/wp-content\/uploads\/2022\/11\/galletas-gofio-tarro-cristal.jpg","width":1200,"height":1200},{"@type":"BreadcrumbList","@id":"https:\/\/www.casaefigenia.com\/de\/produkt\/geniessen-sie-die-gomeranischen-gofio-kekse-im-glas-hergestellt-von-casa-efigenia-in-la-gomera\/#breadcrumb","itemListElement":[{"@type":"ListItem","position":1,"name":"Portada","item":"https:\/\/www.casaefigenia.com\/de\/"},{"@type":"ListItem","position":2,"name":"Shop","item":"https:\/\/www.casaefigenia.com\/de\/shop\/"},{"@type":"ListItem","position":3,"name":"Gomeranische Gofio-Kekse im Glas"}]},{"@type":"WebSite","@id":"https:\/\/www.casaefigenia.com\/de\/#website","url":"https:\/\/www.casaefigenia.com\/de\/","name":"Casa Efigenia","description":"Bienvenido a Casa Efigenia. Tradici\u00f3n y calidad desde hace m\u00e1s de cincuenta a\u00f1os.","publisher":{"@id":"https:\/\/www.casaefigenia.com\/de\/#organization"},"potentialAction":[{"@type":"SearchAction","target":{"@type":"EntryPoint","urlTemplate":"https:\/\/www.casaefigenia.com\/de\/?s={search_term_string}"},"query-input":{"@type":"PropertyValueSpecification","valueRequired":true,"valueName":"search_term_string"}}],"inLanguage":"de"},{"@type":"Organization","@id":"https:\/\/www.casaefigenia.com\/de\/#organization","name":"Casa Efigenia","url":"https:\/\/www.casaefigenia.com\/de\/","logo":{"@type":"ImageObject","inLanguage":"de","@id":"https:\/\/www.casaefigenia.com\/de\/#\/schema\/logo\/image\/","url":"https:\/\/www.casaefigenia.com\/wp-content\/uploads\/2022\/11\/logo-efigenia-transparente-1.png","contentUrl":"https:\/\/www.casaefigenia.com\/wp-content\/uploads\/2022\/11\/logo-efigenia-transparente-1.png","width":394,"height":173,"caption":"Casa Efigenia"},"image":{"@id":"https:\/\/www.casaefigenia.com\/de\/#\/schema\/logo\/image\/"}}]}},"_links":{"self":[{"href":"https:\/\/www.casaefigenia.com\/de\/wp-json\/wp\/v2\/product\/6096","targetHints":{"allow":["GET"]}}],"collection":[{"href":"https:\/\/www.casaefigenia.com\/de\/wp-json\/wp\/v2\/product"}],"about":[{"href":"https:\/\/www.casaefigenia.com\/de\/wp-json\/wp\/v2\/types\/product"}],"replies":[{"embeddable":true,"href":"https:\/\/www.casaefigenia.com\/de\/wp-json\/wp\/v2\/comments?post=6096"}],"version-history":[{"count":3,"href":"https:\/\/www.casaefigenia.com\/de\/wp-json\/wp\/v2\/product\/6096\/revisions"}],"predecessor-version":[{"id":6260,"href":"https:\/\/www.casaefigenia.com\/de\/wp-json\/wp\/v2\/product\/6096\/revisions\/6260"}],"wp:featuredmedia":[{"embeddable":true,"href":"https:\/\/www.casaefigenia.com\/de\/wp-json\/wp\/v2\/media\/6094"}],"wp:attachment":[{"href":"https:\/\/www.casaefigenia.com\/de\/wp-json\/wp\/v2\/media?parent=6096"}],"wp:term":[{"taxonomy":"brand","embeddable":true,"href":"https:\/\/www.casaefigenia.com\/de\/wp-json\/wp\/v2\/etheme_brands?post=6096"},{"taxonomy":"product_brand","embeddable":true,"href":"https:\/\/www.casaefigenia.com\/de\/wp-json\/wp\/v2\/product_brand?post=6096"},{"taxonomy":"product_cat","embeddable":true,"href":"https:\/\/www.casaefigenia.com\/de\/wp-json\/wp\/v2\/product_cat?post=6096"},{"taxonomy":"product_tag","embeddable":true,"href":"https:\/\/www.casaefigenia.com\/de\/wp-json\/wp\/v2\/product_tag?post=6096"}],"curies":[{"name":"wp","href":"https:\/\/api.w.org\/{rel}","templated":true}]}}