{"id":6065,"date":"2023-06-11T11:51:22","date_gmt":"2023-06-11T11:51:22","guid":{"rendered":"https:\/\/www.casaefigenia.com\/producto\/almogrote-en-envase-de-100-gramos\/"},"modified":"2023-11-04T08:57:19","modified_gmt":"2023-11-04T08:57:19","slug":"entdecke-den-100-g-almogrote-hergestellt-von-casa-efigenia-in-la-gomera","status":"publish","type":"product","link":"https:\/\/www.casaefigenia.com\/de\/produkt\/entdecke-den-100-g-almogrote-hergestellt-von-casa-efigenia-in-la-gomera\/","title":{"rendered":"Almogrote in einer 100-Gramm-Verpackung"},"content":{"rendered":"<p>Zutaten: 74% K\u00c4SE (MILCH), OLIVEN\u00d6L, KNOBLAUCH, ROTES PFEFFER, WEINESSIG (enth\u00e4lt SULFITE), K\u00dcMMEL UND SALZ.<\/p>\n<p><strong>Allergene: Milch und Weinessig (enth\u00e4lt Sulfite)<\/strong><\/p>\n<p>Nettoinhalt: 100 g.<\/p>\n<p>Herkunft: Spanien.<\/p>\n<p>N\u00e4hrwertangaben pro 100 g.<\/p>\n<ul>\n<li>Energie (Kj\/Kcal): 1641\/396<\/li>\n<li>Fett (g): 32,00<\/li>\n<li>Davon ges\u00e4ttigte Fetts\u00e4uren (g): 7,9<\/li>\n<li>Kohlenhydrate (g): 6,1<\/li>\n<li>Davon Zucker (g): 3,2<\/li>\n<li>Eiwei\u00df (g): 20,8<\/li>\n<li>Natrium (g): 1,076<\/li>\n<li>Salz (g): 2,69<\/li>\n<\/ul>\n","protected":false},"excerpt":{"rendered":"<p class=\"mt-2\">Begib dich auf eine kulinarische Reise mit dem Kauf von Almogrote in einer 100-Gramm-Verpackung, einem authentischen gastronomischen Juwel von der Insel La Gomera, hergestellt von Casa Efigenia. Dieser exquisite Aufstrich mit einem schmackhaften und leicht pikanten Geschmack ist ein unverzichtbares Produkt f\u00fcr jeden Tisch, der einzigartige kulinarische Erlebnisse sucht.<\/p>\n<p class=\"mt-2\">Almogrote ist eine Delikatesse aus der K\u00fcche von La Gomera. Es hat seinen Ursprung in einem sephardischen Rezept aus der fernen Geschichte der Insel und wird aus gereiftem K\u00e4se, haupts\u00e4chlich Ziegenk\u00e4se, Oliven\u00f6l, Knoblauch und rotem Pfeffer hergestellt. Es ist ein Beispiel f\u00fcr die lokale kulinarische Raffinesse, entstanden, um \u00fcbrig gebliebene harte K\u00e4sest\u00fccke zu verwerten.<\/p>\n<p class=\"mt-2\">Wenn du dich daf\u00fcr entscheidest, Almogrote in einer 100-Gramm-Verpackung, hergestellt von Casa Efigenia in La Gomera, zu kaufen, wirst du nicht nur ein k\u00f6stliches Produkt nach Hause bringen, sondern auch ein St\u00fcck Geschichte und Kultur der Insel. Dieser Aufstrich eignet sich ideal zum Servieren mit Brot oder Kartoffeln und sein intensiver Geschmack wird dich in die wundersch\u00f6nen Landschaften von La Gomera entf\u00fchren.<\/p>\n<p class=\"mt-2\">Was diesen Almogrote noch spezieller macht, ist die traditionelle und handwerkliche Herstellung durch Casa Efigenia, eine Marke, die f\u00fcr ihre Qualit\u00e4t und Tradition in allen Produkten bekannt ist. Alle Zutaten stammen aus der Region und werden sorgf\u00e4ltig ausgew\u00e4hlt, um Exzellenz in jedem Glas Almogrote zu gew\u00e4hrleisten.<\/p>\n<p class=\"mt-2\">Warte nicht l\u00e4nger und entdecke die gastronomische Vielfalt von La Gomera mit dem Kauf von Almogrote, hergestellt von Casa Efigenia. Du wirst nicht nur einen authentischen und k\u00f6stlichen Geschmack genie\u00dfen, sondern auch die lokale Wirtschaft und die traditionelle Kochkunst der Insel unterst\u00fctzen.<\/p>\n","protected":false},"featured_media":6028,"comment_status":"open","ping_status":"closed","template":"","meta":[],"etheme_brands":[],"product_brand":[],"product_cat":[99],"product_tag":[],"class_list":{"0":"post-6065","1":"product","2":"type-product","3":"status-publish","4":"has-post-thumbnail","6":"product_cat-almogrote-de","8":"first","9":"instock","10":"taxable","11":"shipping-taxable","12":"purchasable","13":"product-type-simple"},"yoast_head":"<!-- This site is optimized with the Yoast SEO plugin v27.5 - https:\/\/yoast.com\/product\/yoast-seo-wordpress\/ -->\n<title>Entdecke den 100 g Almogrote, hergestellt von Casa Efigenia in La Gomera<\/title>\n<meta name=\"description\" content=\"Kaufe Almogrote in einer 100-Gramm-Verpackung von Casa Efigenia in La Gomera, einen einheimischen Aufstrich mit intensivem Geschmack und handwerklicher Herstellung.\" \/>\n<meta name=\"robots\" content=\"index, follow, max-snippet:-1, max-image-preview:large, max-video-preview:-1\" \/>\n<link rel=\"canonical\" href=\"https:\/\/www.casaefigenia.com\/de\/produkt\/entdecke-den-100-g-almogrote-hergestellt-von-casa-efigenia-in-la-gomera\/\" \/>\n<meta property=\"og:locale\" content=\"de_DE\" \/>\n<meta property=\"og:type\" content=\"article\" \/>\n<meta property=\"og:title\" content=\"Entdecke den 100 g Almogrote, hergestellt von Casa Efigenia in La Gomera\" \/>\n<meta property=\"og:description\" content=\"Kaufe Almogrote in einer 100-Gramm-Verpackung von Casa Efigenia in La Gomera, einen einheimischen Aufstrich mit intensivem Geschmack und handwerklicher Herstellung.\" \/>\n<meta property=\"og:url\" content=\"https:\/\/www.casaefigenia.com\/de\/produkt\/entdecke-den-100-g-almogrote-hergestellt-von-casa-efigenia-in-la-gomera\/\" \/>\n<meta property=\"og:site_name\" content=\"Casa Efigenia\" \/>\n<meta property=\"article:modified_time\" content=\"2023-11-04T08:57:19+00:00\" \/>\n<meta property=\"og:image\" content=\"https:\/\/www.casaefigenia.com\/wp-content\/uploads\/2022\/11\/almogrote-pequen\u0303o.jpg\" \/>\n\t<meta property=\"og:image:width\" content=\"1200\" \/>\n\t<meta property=\"og:image:height\" content=\"1200\" \/>\n\t<meta property=\"og:image:type\" content=\"image\/jpeg\" \/>\n<meta name=\"twitter:card\" content=\"summary_large_image\" \/>\n<meta name=\"twitter:label1\" content=\"Gesch\u00e4tzte Lesezeit\" \/>\n\t<meta name=\"twitter:data1\" content=\"1\u00a0Minute\" \/>\n<script type=\"application\/ld+json\" class=\"yoast-schema-graph\">{\"@context\":\"https:\\\/\\\/schema.org\",\"@graph\":[{\"@type\":\"WebPage\",\"@id\":\"https:\\\/\\\/www.casaefigenia.com\\\/de\\\/produkt\\\/entdecke-den-100-g-almogrote-hergestellt-von-casa-efigenia-in-la-gomera\\\/\",\"url\":\"https:\\\/\\\/www.casaefigenia.com\\\/de\\\/produkt\\\/entdecke-den-100-g-almogrote-hergestellt-von-casa-efigenia-in-la-gomera\\\/\",\"name\":\"Entdecke den 100 g Almogrote, hergestellt von Casa Efigenia in La Gomera\",\"isPartOf\":{\"@id\":\"https:\\\/\\\/www.casaefigenia.com\\\/de\\\/#website\"},\"primaryImageOfPage\":{\"@id\":\"https:\\\/\\\/www.casaefigenia.com\\\/de\\\/produkt\\\/entdecke-den-100-g-almogrote-hergestellt-von-casa-efigenia-in-la-gomera\\\/#primaryimage\"},\"image\":{\"@id\":\"https:\\\/\\\/www.casaefigenia.com\\\/de\\\/produkt\\\/entdecke-den-100-g-almogrote-hergestellt-von-casa-efigenia-in-la-gomera\\\/#primaryimage\"},\"thumbnailUrl\":\"https:\\\/\\\/www.casaefigenia.com\\\/wp-content\\\/uploads\\\/2022\\\/11\\\/almogrote-pequen\u0303o.jpg\",\"datePublished\":\"2023-06-11T11:51:22+00:00\",\"dateModified\":\"2023-11-04T08:57:19+00:00\",\"description\":\"Kaufe Almogrote in einer 100-Gramm-Verpackung von Casa Efigenia in La Gomera, einen einheimischen Aufstrich mit intensivem Geschmack und handwerklicher Herstellung.\",\"breadcrumb\":{\"@id\":\"https:\\\/\\\/www.casaefigenia.com\\\/de\\\/produkt\\\/entdecke-den-100-g-almogrote-hergestellt-von-casa-efigenia-in-la-gomera\\\/#breadcrumb\"},\"inLanguage\":\"de\",\"potentialAction\":[{\"@type\":\"ReadAction\",\"target\":[\"https:\\\/\\\/www.casaefigenia.com\\\/de\\\/produkt\\\/entdecke-den-100-g-almogrote-hergestellt-von-casa-efigenia-in-la-gomera\\\/\"]}]},{\"@type\":\"ImageObject\",\"inLanguage\":\"de\",\"@id\":\"https:\\\/\\\/www.casaefigenia.com\\\/de\\\/produkt\\\/entdecke-den-100-g-almogrote-hergestellt-von-casa-efigenia-in-la-gomera\\\/#primaryimage\",\"url\":\"https:\\\/\\\/www.casaefigenia.com\\\/wp-content\\\/uploads\\\/2022\\\/11\\\/almogrote-pequen\u0303o.jpg\",\"contentUrl\":\"https:\\\/\\\/www.casaefigenia.com\\\/wp-content\\\/uploads\\\/2022\\\/11\\\/almogrote-pequen\u0303o.jpg\",\"width\":1200,\"height\":1200},{\"@type\":\"BreadcrumbList\",\"@id\":\"https:\\\/\\\/www.casaefigenia.com\\\/de\\\/produkt\\\/entdecke-den-100-g-almogrote-hergestellt-von-casa-efigenia-in-la-gomera\\\/#breadcrumb\",\"itemListElement\":[{\"@type\":\"ListItem\",\"position\":1,\"name\":\"Portada\",\"item\":\"https:\\\/\\\/www.casaefigenia.com\\\/de\\\/\"},{\"@type\":\"ListItem\",\"position\":2,\"name\":\"Shop\",\"item\":\"https:\\\/\\\/www.casaefigenia.com\\\/de\\\/shop\\\/\"},{\"@type\":\"ListItem\",\"position\":3,\"name\":\"Almogrote in einer 100-Gramm-Verpackung\"}]},{\"@type\":\"WebSite\",\"@id\":\"https:\\\/\\\/www.casaefigenia.com\\\/de\\\/#website\",\"url\":\"https:\\\/\\\/www.casaefigenia.com\\\/de\\\/\",\"name\":\"Casa Efigenia\",\"description\":\"Bienvenido a Casa Efigenia. Tradici\u00f3n y calidad desde hace m\u00e1s de cincuenta a\u00f1os.\",\"publisher\":{\"@id\":\"https:\\\/\\\/www.casaefigenia.com\\\/de\\\/#organization\"},\"potentialAction\":[{\"@type\":\"SearchAction\",\"target\":{\"@type\":\"EntryPoint\",\"urlTemplate\":\"https:\\\/\\\/www.casaefigenia.com\\\/de\\\/?s={search_term_string}\"},\"query-input\":{\"@type\":\"PropertyValueSpecification\",\"valueRequired\":true,\"valueName\":\"search_term_string\"}}],\"inLanguage\":\"de\"},{\"@type\":\"Organization\",\"@id\":\"https:\\\/\\\/www.casaefigenia.com\\\/de\\\/#organization\",\"name\":\"Casa Efigenia\",\"url\":\"https:\\\/\\\/www.casaefigenia.com\\\/de\\\/\",\"logo\":{\"@type\":\"ImageObject\",\"inLanguage\":\"de\",\"@id\":\"https:\\\/\\\/www.casaefigenia.com\\\/de\\\/#\\\/schema\\\/logo\\\/image\\\/\",\"url\":\"https:\\\/\\\/www.casaefigenia.com\\\/wp-content\\\/uploads\\\/2022\\\/11\\\/logo-efigenia-transparente-1.png\",\"contentUrl\":\"https:\\\/\\\/www.casaefigenia.com\\\/wp-content\\\/uploads\\\/2022\\\/11\\\/logo-efigenia-transparente-1.png\",\"width\":394,\"height\":173,\"caption\":\"Casa Efigenia\"},\"image\":{\"@id\":\"https:\\\/\\\/www.casaefigenia.com\\\/de\\\/#\\\/schema\\\/logo\\\/image\\\/\"}}]}<\/script>\n<!-- \/ Yoast SEO plugin. -->","yoast_head_json":{"title":"Entdecke den 100 g Almogrote, hergestellt von Casa Efigenia in La Gomera","description":"Kaufe Almogrote in einer 100-Gramm-Verpackung von Casa Efigenia in La Gomera, einen einheimischen Aufstrich mit intensivem Geschmack und handwerklicher Herstellung.","robots":{"index":"index","follow":"follow","max-snippet":"max-snippet:-1","max-image-preview":"max-image-preview:large","max-video-preview":"max-video-preview:-1"},"canonical":"https:\/\/www.casaefigenia.com\/de\/produkt\/entdecke-den-100-g-almogrote-hergestellt-von-casa-efigenia-in-la-gomera\/","og_locale":"de_DE","og_type":"article","og_title":"Entdecke den 100 g Almogrote, hergestellt von Casa Efigenia in La Gomera","og_description":"Kaufe Almogrote in einer 100-Gramm-Verpackung von Casa Efigenia in La Gomera, einen einheimischen Aufstrich mit intensivem Geschmack und handwerklicher Herstellung.","og_url":"https:\/\/www.casaefigenia.com\/de\/produkt\/entdecke-den-100-g-almogrote-hergestellt-von-casa-efigenia-in-la-gomera\/","og_site_name":"Casa Efigenia","article_modified_time":"2023-11-04T08:57:19+00:00","og_image":[{"width":1200,"height":1200,"url":"https:\/\/www.casaefigenia.com\/wp-content\/uploads\/2022\/11\/almogrote-pequen\u0303o.jpg","type":"image\/jpeg"}],"twitter_card":"summary_large_image","twitter_misc":{"Gesch\u00e4tzte Lesezeit":"1\u00a0Minute"},"schema":{"@context":"https:\/\/schema.org","@graph":[{"@type":"WebPage","@id":"https:\/\/www.casaefigenia.com\/de\/produkt\/entdecke-den-100-g-almogrote-hergestellt-von-casa-efigenia-in-la-gomera\/","url":"https:\/\/www.casaefigenia.com\/de\/produkt\/entdecke-den-100-g-almogrote-hergestellt-von-casa-efigenia-in-la-gomera\/","name":"Entdecke den 100 g Almogrote, hergestellt von Casa Efigenia in La Gomera","isPartOf":{"@id":"https:\/\/www.casaefigenia.com\/de\/#website"},"primaryImageOfPage":{"@id":"https:\/\/www.casaefigenia.com\/de\/produkt\/entdecke-den-100-g-almogrote-hergestellt-von-casa-efigenia-in-la-gomera\/#primaryimage"},"image":{"@id":"https:\/\/www.casaefigenia.com\/de\/produkt\/entdecke-den-100-g-almogrote-hergestellt-von-casa-efigenia-in-la-gomera\/#primaryimage"},"thumbnailUrl":"https:\/\/www.casaefigenia.com\/wp-content\/uploads\/2022\/11\/almogrote-pequen\u0303o.jpg","datePublished":"2023-06-11T11:51:22+00:00","dateModified":"2023-11-04T08:57:19+00:00","description":"Kaufe Almogrote in einer 100-Gramm-Verpackung von Casa Efigenia in La Gomera, einen einheimischen Aufstrich mit intensivem Geschmack und handwerklicher Herstellung.","breadcrumb":{"@id":"https:\/\/www.casaefigenia.com\/de\/produkt\/entdecke-den-100-g-almogrote-hergestellt-von-casa-efigenia-in-la-gomera\/#breadcrumb"},"inLanguage":"de","potentialAction":[{"@type":"ReadAction","target":["https:\/\/www.casaefigenia.com\/de\/produkt\/entdecke-den-100-g-almogrote-hergestellt-von-casa-efigenia-in-la-gomera\/"]}]},{"@type":"ImageObject","inLanguage":"de","@id":"https:\/\/www.casaefigenia.com\/de\/produkt\/entdecke-den-100-g-almogrote-hergestellt-von-casa-efigenia-in-la-gomera\/#primaryimage","url":"https:\/\/www.casaefigenia.com\/wp-content\/uploads\/2022\/11\/almogrote-pequen\u0303o.jpg","contentUrl":"https:\/\/www.casaefigenia.com\/wp-content\/uploads\/2022\/11\/almogrote-pequen\u0303o.jpg","width":1200,"height":1200},{"@type":"BreadcrumbList","@id":"https:\/\/www.casaefigenia.com\/de\/produkt\/entdecke-den-100-g-almogrote-hergestellt-von-casa-efigenia-in-la-gomera\/#breadcrumb","itemListElement":[{"@type":"ListItem","position":1,"name":"Portada","item":"https:\/\/www.casaefigenia.com\/de\/"},{"@type":"ListItem","position":2,"name":"Shop","item":"https:\/\/www.casaefigenia.com\/de\/shop\/"},{"@type":"ListItem","position":3,"name":"Almogrote in einer 100-Gramm-Verpackung"}]},{"@type":"WebSite","@id":"https:\/\/www.casaefigenia.com\/de\/#website","url":"https:\/\/www.casaefigenia.com\/de\/","name":"Casa Efigenia","description":"Bienvenido a Casa Efigenia. Tradici\u00f3n y calidad desde hace m\u00e1s de cincuenta a\u00f1os.","publisher":{"@id":"https:\/\/www.casaefigenia.com\/de\/#organization"},"potentialAction":[{"@type":"SearchAction","target":{"@type":"EntryPoint","urlTemplate":"https:\/\/www.casaefigenia.com\/de\/?s={search_term_string}"},"query-input":{"@type":"PropertyValueSpecification","valueRequired":true,"valueName":"search_term_string"}}],"inLanguage":"de"},{"@type":"Organization","@id":"https:\/\/www.casaefigenia.com\/de\/#organization","name":"Casa Efigenia","url":"https:\/\/www.casaefigenia.com\/de\/","logo":{"@type":"ImageObject","inLanguage":"de","@id":"https:\/\/www.casaefigenia.com\/de\/#\/schema\/logo\/image\/","url":"https:\/\/www.casaefigenia.com\/wp-content\/uploads\/2022\/11\/logo-efigenia-transparente-1.png","contentUrl":"https:\/\/www.casaefigenia.com\/wp-content\/uploads\/2022\/11\/logo-efigenia-transparente-1.png","width":394,"height":173,"caption":"Casa Efigenia"},"image":{"@id":"https:\/\/www.casaefigenia.com\/de\/#\/schema\/logo\/image\/"}}]}},"_links":{"self":[{"href":"https:\/\/www.casaefigenia.com\/de\/wp-json\/wp\/v2\/product\/6065","targetHints":{"allow":["GET"]}}],"collection":[{"href":"https:\/\/www.casaefigenia.com\/de\/wp-json\/wp\/v2\/product"}],"about":[{"href":"https:\/\/www.casaefigenia.com\/de\/wp-json\/wp\/v2\/types\/product"}],"replies":[{"embeddable":true,"href":"https:\/\/www.casaefigenia.com\/de\/wp-json\/wp\/v2\/comments?post=6065"}],"version-history":[{"count":3,"href":"https:\/\/www.casaefigenia.com\/de\/wp-json\/wp\/v2\/product\/6065\/revisions"}],"predecessor-version":[{"id":6253,"href":"https:\/\/www.casaefigenia.com\/de\/wp-json\/wp\/v2\/product\/6065\/revisions\/6253"}],"wp:featuredmedia":[{"embeddable":true,"href":"https:\/\/www.casaefigenia.com\/de\/wp-json\/wp\/v2\/media\/6028"}],"wp:attachment":[{"href":"https:\/\/www.casaefigenia.com\/de\/wp-json\/wp\/v2\/media?parent=6065"}],"wp:term":[{"taxonomy":"brand","embeddable":true,"href":"https:\/\/www.casaefigenia.com\/de\/wp-json\/wp\/v2\/etheme_brands?post=6065"},{"taxonomy":"product_brand","embeddable":true,"href":"https:\/\/www.casaefigenia.com\/de\/wp-json\/wp\/v2\/product_brand?post=6065"},{"taxonomy":"product_cat","embeddable":true,"href":"https:\/\/www.casaefigenia.com\/de\/wp-json\/wp\/v2\/product_cat?post=6065"},{"taxonomy":"product_tag","embeddable":true,"href":"https:\/\/www.casaefigenia.com\/de\/wp-json\/wp\/v2\/product_tag?post=6065"}],"curies":[{"name":"wp","href":"https:\/\/api.w.org\/{rel}","templated":true}]}}