{"id":6042,"date":"2022-11-08T08:24:02","date_gmt":"2022-11-08T08:24:02","guid":{"rendered":"https:\/\/www.casaefigenia.com\/producto\/almogrote\/"},"modified":"2023-11-04T08:54:10","modified_gmt":"2023-11-04T08:54:10","slug":"entdecken-sie-den-235-gramm-almogrote-von-casa-efigenia-aus-la-gomera","status":"publish","type":"product","link":"https:\/\/www.casaefigenia.com\/de\/produkt\/entdecken-sie-den-235-gramm-almogrote-von-casa-efigenia-aus-la-gomera\/","title":{"rendered":"Almogrote in einer 250-Gramm-Verpackung"},"content":{"rendered":"<p>K\u00c4SE 74% (MILCH), OLIVEN\u00d6L,<br \/>\nKNoblauch, roter Pfeffer,<br \/>\nWein-Essig (enth\u00e4lt SULFITE),<br \/>\nKreuzk\u00fcmmel und Salz.<\/p>\n<p><strong>Allergene: Milch und Weinessig (enth\u00e4lt Sulfite)<\/strong><\/p>\n<p>Nettogewicht: 235 g.<\/p>\n<p>Herkunft: Spanien.<\/p>\n<p>N\u00e4hrwertangaben pro 100 g.<\/p>\n<ul>\n<li>Energie (Kj\/Kcal) 1641\/396<\/li>\n<li>Fett (g) 32,00<\/li>\n<li>davon ges\u00e4ttigte Fetts\u00e4uren (g) 7,9<\/li>\n<li>Kohlenhydrate (g) 6,1<\/li>\n<li>davon Zucker (g) 3,2<\/li>\n<li>Proteine (g) 20,8<\/li>\n<li>Natrium (g) 1,076<\/li>\n<li>Salz (g) 2,69<\/li>\n<\/ul>\n","protected":false},"excerpt":{"rendered":"<p class=\"mt-2\">Starten Sie eine kulinarische Reise mit dem Kauf des 235-Gramm-Almogrote, einem authentischen Gastronomieschmuckst\u00fcck von der Insel La Gomera, hergestellt von Casa Efigenia. Diese exquisite Pastete mit einem herzhaften und leicht w\u00fcrzigen Geschmack ist ein unverzichtbares Produkt f\u00fcr jeden Tisch, der einzigartige kulinarische Erlebnisse sucht.<\/p>\n<p class=\"mt-2\">Almogrote ist eine Delikatesse der gomerischen K\u00fcche. Mit Ursprung in einem sephardischen Rezept aus der entferntesten Geschichte der Insel, wird er aus gereiftem K\u00e4se, haupts\u00e4chlich Ziegenk\u00e4se, Oliven\u00f6l, Knoblauch und rotem Pfeffer hergestellt. Es ist ein Beispiel f\u00fcr den lokalen kulinarischen Einfallsreichtum, der entstand, um hart gewordene K\u00e4sereste zu nutzen.<\/p>\n<p class=\"mt-2\">Wenn Sie sich daf\u00fcr entscheiden, den 235-Gramm-Almogrote von Casa Efigenia auf La Gomera zu kaufen, bringen Sie nicht nur ein k\u00f6stliches Produkt nach Hause, sondern auch ein St\u00fcck Geschichte und Kultur der Insel. Diese Pastete eignet sich ideal zum Genie\u00dfen mit Brot oder Kartoffeln und ihr intensiver Geschmack wird Sie in die wundersch\u00f6ne Landschaft von La Gomera versetzen.<\/p>\n<p class=\"mt-2\">Was den Almogrote noch spezieller macht, ist seine traditionelle und handwerkliche Herstellung durch Casa Efigenia, eine Marke, die f\u00fcr ihr Engagement f\u00fcr Qualit\u00e4t und Tradition in all ihren Produkten bekannt ist. Die Zutaten, alle aus lokalem Anbau, werden sorgf\u00e4ltig ausgew\u00e4hlt, um Exzellenz in jedem Glas Almogrote zu gew\u00e4hrleisten.<\/p>\n<p class=\"mt-2\">Warten Sie nicht l\u00e4nger und entdecken Sie selbst die gastronomische Vielfalt von La Gomera mit dem Kauf des 235-Gramm-Almogrote von Casa Efigenia. Sie werden nicht nur einen authentischen und k\u00f6stlichen Geschmack genie\u00dfen, sondern auch die lokale Wirtschaft und die traditionelle kulinarische Kunst der Insel unterst\u00fctzen.<\/p>\n","protected":false},"featured_media":6032,"comment_status":"closed","ping_status":"closed","template":"","meta":[],"etheme_brands":[],"product_brand":[],"product_cat":[99],"product_tag":[],"class_list":{"0":"post-6042","1":"product","2":"type-product","3":"status-publish","4":"has-post-thumbnail","6":"product_cat-almogrote-de","8":"first","9":"instock","10":"taxable","11":"shipping-taxable","12":"purchasable","13":"product-type-simple"},"yoast_head":"<!-- This site is optimized with the Yoast SEO plugin v27.5 - https:\/\/yoast.com\/product\/yoast-seo-wordpress\/ -->\n<title>Entdecken Sie den 235-Gramm-Almogrote von Casa Efigenia aus La Gomera<\/title>\n<meta name=\"description\" content=\"Kaufen Sie den 235-Gramm-Almogrote von Casa Efigenia aus La Gomera, eine einheimische Pastete mit intensivem Geschmack und handwerklicher Herstellung.\" \/>\n<meta name=\"robots\" content=\"index, follow, max-snippet:-1, max-image-preview:large, max-video-preview:-1\" \/>\n<link rel=\"canonical\" href=\"https:\/\/www.casaefigenia.com\/de\/produkt\/entdecken-sie-den-235-gramm-almogrote-von-casa-efigenia-aus-la-gomera\/\" \/>\n<meta property=\"og:locale\" content=\"de_DE\" \/>\n<meta property=\"og:type\" content=\"article\" \/>\n<meta property=\"og:title\" content=\"Entdecken Sie den 235-Gramm-Almogrote von Casa Efigenia aus La Gomera\" \/>\n<meta property=\"og:description\" content=\"Kaufen Sie den 235-Gramm-Almogrote von Casa Efigenia aus La Gomera, eine einheimische Pastete mit intensivem Geschmack und handwerklicher Herstellung.\" \/>\n<meta property=\"og:url\" content=\"https:\/\/www.casaefigenia.com\/de\/produkt\/entdecken-sie-den-235-gramm-almogrote-von-casa-efigenia-aus-la-gomera\/\" \/>\n<meta property=\"og:site_name\" content=\"Casa Efigenia\" \/>\n<meta property=\"article:modified_time\" content=\"2023-11-04T08:54:10+00:00\" \/>\n<meta property=\"og:image\" content=\"https:\/\/www.casaefigenia.com\/wp-content\/uploads\/2022\/11\/almogrote.jpg\" \/>\n\t<meta property=\"og:image:width\" content=\"1\" \/>\n\t<meta property=\"og:image:height\" content=\"1\" \/>\n\t<meta property=\"og:image:type\" content=\"image\/jpeg\" \/>\n<meta name=\"twitter:card\" content=\"summary_large_image\" \/>\n<meta name=\"twitter:label1\" content=\"Gesch\u00e4tzte Lesezeit\" \/>\n\t<meta name=\"twitter:data1\" content=\"1\u00a0Minute\" \/>\n<script type=\"application\/ld+json\" class=\"yoast-schema-graph\">{\"@context\":\"https:\\\/\\\/schema.org\",\"@graph\":[{\"@type\":\"WebPage\",\"@id\":\"https:\\\/\\\/www.casaefigenia.com\\\/de\\\/produkt\\\/entdecken-sie-den-235-gramm-almogrote-von-casa-efigenia-aus-la-gomera\\\/\",\"url\":\"https:\\\/\\\/www.casaefigenia.com\\\/de\\\/produkt\\\/entdecken-sie-den-235-gramm-almogrote-von-casa-efigenia-aus-la-gomera\\\/\",\"name\":\"Entdecken Sie den 235-Gramm-Almogrote von Casa Efigenia aus La Gomera\",\"isPartOf\":{\"@id\":\"https:\\\/\\\/www.casaefigenia.com\\\/de\\\/#website\"},\"primaryImageOfPage\":{\"@id\":\"https:\\\/\\\/www.casaefigenia.com\\\/de\\\/produkt\\\/entdecken-sie-den-235-gramm-almogrote-von-casa-efigenia-aus-la-gomera\\\/#primaryimage\"},\"image\":{\"@id\":\"https:\\\/\\\/www.casaefigenia.com\\\/de\\\/produkt\\\/entdecken-sie-den-235-gramm-almogrote-von-casa-efigenia-aus-la-gomera\\\/#primaryimage\"},\"thumbnailUrl\":\"https:\\\/\\\/www.casaefigenia.com\\\/wp-content\\\/uploads\\\/2022\\\/11\\\/almogrote.jpg\",\"datePublished\":\"2022-11-08T08:24:02+00:00\",\"dateModified\":\"2023-11-04T08:54:10+00:00\",\"description\":\"Kaufen Sie den 235-Gramm-Almogrote von Casa Efigenia aus La Gomera, eine einheimische Pastete mit intensivem Geschmack und handwerklicher Herstellung.\",\"breadcrumb\":{\"@id\":\"https:\\\/\\\/www.casaefigenia.com\\\/de\\\/produkt\\\/entdecken-sie-den-235-gramm-almogrote-von-casa-efigenia-aus-la-gomera\\\/#breadcrumb\"},\"inLanguage\":\"de\",\"potentialAction\":[{\"@type\":\"ReadAction\",\"target\":[\"https:\\\/\\\/www.casaefigenia.com\\\/de\\\/produkt\\\/entdecken-sie-den-235-gramm-almogrote-von-casa-efigenia-aus-la-gomera\\\/\"]}]},{\"@type\":\"ImageObject\",\"inLanguage\":\"de\",\"@id\":\"https:\\\/\\\/www.casaefigenia.com\\\/de\\\/produkt\\\/entdecken-sie-den-235-gramm-almogrote-von-casa-efigenia-aus-la-gomera\\\/#primaryimage\",\"url\":\"https:\\\/\\\/www.casaefigenia.com\\\/wp-content\\\/uploads\\\/2022\\\/11\\\/almogrote.jpg\",\"contentUrl\":\"https:\\\/\\\/www.casaefigenia.com\\\/wp-content\\\/uploads\\\/2022\\\/11\\\/almogrote.jpg\"},{\"@type\":\"BreadcrumbList\",\"@id\":\"https:\\\/\\\/www.casaefigenia.com\\\/de\\\/produkt\\\/entdecken-sie-den-235-gramm-almogrote-von-casa-efigenia-aus-la-gomera\\\/#breadcrumb\",\"itemListElement\":[{\"@type\":\"ListItem\",\"position\":1,\"name\":\"Portada\",\"item\":\"https:\\\/\\\/www.casaefigenia.com\\\/de\\\/\"},{\"@type\":\"ListItem\",\"position\":2,\"name\":\"Shop\",\"item\":\"https:\\\/\\\/www.casaefigenia.com\\\/de\\\/shop\\\/\"},{\"@type\":\"ListItem\",\"position\":3,\"name\":\"Almogrote in einer 250-Gramm-Verpackung\"}]},{\"@type\":\"WebSite\",\"@id\":\"https:\\\/\\\/www.casaefigenia.com\\\/de\\\/#website\",\"url\":\"https:\\\/\\\/www.casaefigenia.com\\\/de\\\/\",\"name\":\"Casa Efigenia\",\"description\":\"Bienvenido a Casa Efigenia. Tradici\u00f3n y calidad desde hace m\u00e1s de cincuenta a\u00f1os.\",\"publisher\":{\"@id\":\"https:\\\/\\\/www.casaefigenia.com\\\/de\\\/#organization\"},\"potentialAction\":[{\"@type\":\"SearchAction\",\"target\":{\"@type\":\"EntryPoint\",\"urlTemplate\":\"https:\\\/\\\/www.casaefigenia.com\\\/de\\\/?s={search_term_string}\"},\"query-input\":{\"@type\":\"PropertyValueSpecification\",\"valueRequired\":true,\"valueName\":\"search_term_string\"}}],\"inLanguage\":\"de\"},{\"@type\":\"Organization\",\"@id\":\"https:\\\/\\\/www.casaefigenia.com\\\/de\\\/#organization\",\"name\":\"Casa Efigenia\",\"url\":\"https:\\\/\\\/www.casaefigenia.com\\\/de\\\/\",\"logo\":{\"@type\":\"ImageObject\",\"inLanguage\":\"de\",\"@id\":\"https:\\\/\\\/www.casaefigenia.com\\\/de\\\/#\\\/schema\\\/logo\\\/image\\\/\",\"url\":\"https:\\\/\\\/www.casaefigenia.com\\\/wp-content\\\/uploads\\\/2022\\\/11\\\/logo-efigenia-transparente-1.png\",\"contentUrl\":\"https:\\\/\\\/www.casaefigenia.com\\\/wp-content\\\/uploads\\\/2022\\\/11\\\/logo-efigenia-transparente-1.png\",\"width\":394,\"height\":173,\"caption\":\"Casa Efigenia\"},\"image\":{\"@id\":\"https:\\\/\\\/www.casaefigenia.com\\\/de\\\/#\\\/schema\\\/logo\\\/image\\\/\"}}]}<\/script>\n<!-- \/ Yoast SEO plugin. -->","yoast_head_json":{"title":"Entdecken Sie den 235-Gramm-Almogrote von Casa Efigenia aus La Gomera","description":"Kaufen Sie den 235-Gramm-Almogrote von Casa Efigenia aus La Gomera, eine einheimische Pastete mit intensivem Geschmack und handwerklicher Herstellung.","robots":{"index":"index","follow":"follow","max-snippet":"max-snippet:-1","max-image-preview":"max-image-preview:large","max-video-preview":"max-video-preview:-1"},"canonical":"https:\/\/www.casaefigenia.com\/de\/produkt\/entdecken-sie-den-235-gramm-almogrote-von-casa-efigenia-aus-la-gomera\/","og_locale":"de_DE","og_type":"article","og_title":"Entdecken Sie den 235-Gramm-Almogrote von Casa Efigenia aus La Gomera","og_description":"Kaufen Sie den 235-Gramm-Almogrote von Casa Efigenia aus La Gomera, eine einheimische Pastete mit intensivem Geschmack und handwerklicher Herstellung.","og_url":"https:\/\/www.casaefigenia.com\/de\/produkt\/entdecken-sie-den-235-gramm-almogrote-von-casa-efigenia-aus-la-gomera\/","og_site_name":"Casa Efigenia","article_modified_time":"2023-11-04T08:54:10+00:00","og_image":[{"url":"https:\/\/www.casaefigenia.com\/wp-content\/uploads\/2022\/11\/almogrote.jpg","width":1,"height":1,"type":"image\/jpeg"}],"twitter_card":"summary_large_image","twitter_misc":{"Gesch\u00e4tzte Lesezeit":"1\u00a0Minute"},"schema":{"@context":"https:\/\/schema.org","@graph":[{"@type":"WebPage","@id":"https:\/\/www.casaefigenia.com\/de\/produkt\/entdecken-sie-den-235-gramm-almogrote-von-casa-efigenia-aus-la-gomera\/","url":"https:\/\/www.casaefigenia.com\/de\/produkt\/entdecken-sie-den-235-gramm-almogrote-von-casa-efigenia-aus-la-gomera\/","name":"Entdecken Sie den 235-Gramm-Almogrote von Casa Efigenia aus La Gomera","isPartOf":{"@id":"https:\/\/www.casaefigenia.com\/de\/#website"},"primaryImageOfPage":{"@id":"https:\/\/www.casaefigenia.com\/de\/produkt\/entdecken-sie-den-235-gramm-almogrote-von-casa-efigenia-aus-la-gomera\/#primaryimage"},"image":{"@id":"https:\/\/www.casaefigenia.com\/de\/produkt\/entdecken-sie-den-235-gramm-almogrote-von-casa-efigenia-aus-la-gomera\/#primaryimage"},"thumbnailUrl":"https:\/\/www.casaefigenia.com\/wp-content\/uploads\/2022\/11\/almogrote.jpg","datePublished":"2022-11-08T08:24:02+00:00","dateModified":"2023-11-04T08:54:10+00:00","description":"Kaufen Sie den 235-Gramm-Almogrote von Casa Efigenia aus La Gomera, eine einheimische Pastete mit intensivem Geschmack und handwerklicher Herstellung.","breadcrumb":{"@id":"https:\/\/www.casaefigenia.com\/de\/produkt\/entdecken-sie-den-235-gramm-almogrote-von-casa-efigenia-aus-la-gomera\/#breadcrumb"},"inLanguage":"de","potentialAction":[{"@type":"ReadAction","target":["https:\/\/www.casaefigenia.com\/de\/produkt\/entdecken-sie-den-235-gramm-almogrote-von-casa-efigenia-aus-la-gomera\/"]}]},{"@type":"ImageObject","inLanguage":"de","@id":"https:\/\/www.casaefigenia.com\/de\/produkt\/entdecken-sie-den-235-gramm-almogrote-von-casa-efigenia-aus-la-gomera\/#primaryimage","url":"https:\/\/www.casaefigenia.com\/wp-content\/uploads\/2022\/11\/almogrote.jpg","contentUrl":"https:\/\/www.casaefigenia.com\/wp-content\/uploads\/2022\/11\/almogrote.jpg"},{"@type":"BreadcrumbList","@id":"https:\/\/www.casaefigenia.com\/de\/produkt\/entdecken-sie-den-235-gramm-almogrote-von-casa-efigenia-aus-la-gomera\/#breadcrumb","itemListElement":[{"@type":"ListItem","position":1,"name":"Portada","item":"https:\/\/www.casaefigenia.com\/de\/"},{"@type":"ListItem","position":2,"name":"Shop","item":"https:\/\/www.casaefigenia.com\/de\/shop\/"},{"@type":"ListItem","position":3,"name":"Almogrote in einer 250-Gramm-Verpackung"}]},{"@type":"WebSite","@id":"https:\/\/www.casaefigenia.com\/de\/#website","url":"https:\/\/www.casaefigenia.com\/de\/","name":"Casa Efigenia","description":"Bienvenido a Casa Efigenia. Tradici\u00f3n y calidad desde hace m\u00e1s de cincuenta a\u00f1os.","publisher":{"@id":"https:\/\/www.casaefigenia.com\/de\/#organization"},"potentialAction":[{"@type":"SearchAction","target":{"@type":"EntryPoint","urlTemplate":"https:\/\/www.casaefigenia.com\/de\/?s={search_term_string}"},"query-input":{"@type":"PropertyValueSpecification","valueRequired":true,"valueName":"search_term_string"}}],"inLanguage":"de"},{"@type":"Organization","@id":"https:\/\/www.casaefigenia.com\/de\/#organization","name":"Casa Efigenia","url":"https:\/\/www.casaefigenia.com\/de\/","logo":{"@type":"ImageObject","inLanguage":"de","@id":"https:\/\/www.casaefigenia.com\/de\/#\/schema\/logo\/image\/","url":"https:\/\/www.casaefigenia.com\/wp-content\/uploads\/2022\/11\/logo-efigenia-transparente-1.png","contentUrl":"https:\/\/www.casaefigenia.com\/wp-content\/uploads\/2022\/11\/logo-efigenia-transparente-1.png","width":394,"height":173,"caption":"Casa Efigenia"},"image":{"@id":"https:\/\/www.casaefigenia.com\/de\/#\/schema\/logo\/image\/"}}]}},"_links":{"self":[{"href":"https:\/\/www.casaefigenia.com\/de\/wp-json\/wp\/v2\/product\/6042","targetHints":{"allow":["GET"]}}],"collection":[{"href":"https:\/\/www.casaefigenia.com\/de\/wp-json\/wp\/v2\/product"}],"about":[{"href":"https:\/\/www.casaefigenia.com\/de\/wp-json\/wp\/v2\/types\/product"}],"replies":[{"embeddable":true,"href":"https:\/\/www.casaefigenia.com\/de\/wp-json\/wp\/v2\/comments?post=6042"}],"version-history":[{"count":4,"href":"https:\/\/www.casaefigenia.com\/de\/wp-json\/wp\/v2\/product\/6042\/revisions"}],"predecessor-version":[{"id":6249,"href":"https:\/\/www.casaefigenia.com\/de\/wp-json\/wp\/v2\/product\/6042\/revisions\/6249"}],"wp:featuredmedia":[{"embeddable":true,"href":"https:\/\/www.casaefigenia.com\/de\/wp-json\/wp\/v2\/media\/6032"}],"wp:attachment":[{"href":"https:\/\/www.casaefigenia.com\/de\/wp-json\/wp\/v2\/media?parent=6042"}],"wp:term":[{"taxonomy":"brand","embeddable":true,"href":"https:\/\/www.casaefigenia.com\/de\/wp-json\/wp\/v2\/etheme_brands?post=6042"},{"taxonomy":"product_brand","embeddable":true,"href":"https:\/\/www.casaefigenia.com\/de\/wp-json\/wp\/v2\/product_brand?post=6042"},{"taxonomy":"product_cat","embeddable":true,"href":"https:\/\/www.casaefigenia.com\/de\/wp-json\/wp\/v2\/product_cat?post=6042"},{"taxonomy":"product_tag","embeddable":true,"href":"https:\/\/www.casaefigenia.com\/de\/wp-json\/wp\/v2\/product_tag?post=6042"}],"curies":[{"name":"wp","href":"https:\/\/api.w.org\/{rel}","templated":true}]}}