{"id":6176,"date":"2023-06-13T12:06:01","date_gmt":"2023-06-13T12:06:01","guid":{"rendered":"https:\/\/www.casaefigenia.com\/informacion-sobre-proteccion-de-datos\/"},"modified":"2023-06-13T12:26:32","modified_gmt":"2023-06-13T12:26:32","slug":"informacion-sobre-proteccion-de-datos","status":"publish","type":"page","link":"https:\/\/www.casaefigenia.com\/de\/informacion-sobre-proteccion-de-datos\/","title":{"rendered":"Informationen zum Datenschutz"},"content":{"rendered":"\n<ol>\n\t\t\t<br>\n\t\t\t<li><strong>Daten zum Verantwortlichen<\/strong><\/li>\t\t<b>Verantwortlicher f\u00fcr die Datenverarbeitung<\/b><br>\n\t\t\t\t\t\t\t\t\t\t\t\t\t\t&nbsp;&nbsp;&#8211; Organisation: CASA EFIGENIA SL<br>\n\t\t\t\t\t\t\t\t\t\t\t\t\t\t&nbsp;&nbsp;&#8211; Unternehmensidentifikationsnummer (CIF): B38900270<br>\n\t\t\t\t\t\t\t\t\t\t\t\t\t\t&nbsp;&nbsp;&#8211; Unternehmensadresse: LAS HAYAS, 15 &#8211; (38892) ARURE<br>\n\t\t\t\t\t\t\t\t\t\t\t\t\t\t&nbsp;&nbsp;&#8211; E-Mail-Adresse: INFO@CASAEFIGENIA.COM<br>\n\t\t\t\t\t\t\t\t\t\t\t\t\t\t<!--\n\t\t\t\t\t\t\t\t\t\t\t\t\t\tFrancesc->\u00c4nderung am 17\/05\/2023->Nuria hat best\u00e4tigt, dass der Verantwortliche f\u00fcr die Datenverarbeitung der gesetzliche Vertreter des Unternehmens ist und nicht der Sicherheitsbeauftragte, der im Kundenprofil angegeben ist \n\t\t\t\t\t\t\t\t\t\t\t\t\t\t&nbsp;&nbsp;- Verantwortlicher f\u00fcr die Datenverarbeitung: SERGIO ALEJANDRO MENDEZ BORGES<br>\n\t\t\t\t\t\t\t\t\t\t\t\t\t\t&nbsp;&nbsp;- Telefonnummer des Verantwortlichen f\u00fcr die Datenverarbeitung: 922804077<br>\n\t\t\t\t\t\t\t\t\t\t\t\t\t\t&nbsp;&nbsp;- E-Mail-Adresse des Verantwortlichen f\u00fcr die Datenverarbeitung: INFO@CASAEFIGENIA.COM<br> \n\t\t\t\t\t\t\t\t\t\t\t\t\t\t-->\n\t\t\t\t\t\t\t\t\t\t\t\t\t\t&nbsp;&nbsp;&#8211; Verantwortlicher f\u00fcr die Datenverarbeitung: SERGIO ALEJANDRO MENDEZ BORGES<br>\n\t\t\t\t\t\t\t\t\t\t\t\t\t\t&nbsp;&nbsp;&#8211; Telefonnummer des Verantwortlichen f\u00fcr die Datenverarbeitung: 667479747<br>\n\t\t\t\t\t\t\t\t\t\t\t\t\t\t&nbsp;&nbsp;&#8211; E-Mail-Adresse des Verantwortlichen f\u00fcr die Datenverarbeitung: INFO@CASAEFIGENIA.COM<br>\n\n\t\t\t\t\t\t\t\t\t\t\t\t\t\t\n\t\t<br>\n\t\t<br>\n\t\t<li><strong>Zwecke<\/strong><\/li>\n\t\t<br>\n\t\t\t<p>\n\t\t\t\t\tGem\u00e4\u00df der Datenschutz-Grundverordnung (EU-DSGVO) 2016\/679 und dem Organischen Gesetz 3\/2018 \u00fcber den Schutz personenbezogener Daten und die Gew\u00e4hrleistung digitaler Rechte informieren wir Sie dar\u00fcber, dass wir bei <strong>CASA EFIGENIA SL<\/strong> je nach Ihrer Beziehung zu uns die von Ihnen bereitgestellten Daten f\u00fcr einen oder mehrere der folgenden Zwecke verarbeiten:\n\t\t\t<\/p>\n\t\t\t<ul>\n\t\t\t\t<li>Erstellung eines Profils auf der Webseite<\/li><li>\u00dcbersendung von kommerziellen Informationen der Organisation per Post, E-Mail oder anderer Kommunikationsmittel<\/li><li>Auftragsabwicklung<\/li>\n\t\t\t<\/ul>\n\t\t\t<br>\n\t\t\t<li><strong>Datenaufbewahrungsfrist<\/strong><\/li>\n\t\t\t<br>\n\t\t\t\t<p>\n\t\t\t\t\t<!-- Ihre Daten werden f\u00fcr die Dauer der Vertrags-, Gesch\u00e4fts- oder sonstigen Beziehung zu unserem Unternehmen aufbewahrt, bis Sie deren L\u00f6schung beantragen, sowie f\u00fcr den Zeitraum, der zur Erf\u00fcllung rechtlicher Verpflichtungen erforderlich ist. -->\n\t\t\t\t\t<!-- Ihre Daten werden gem\u00e4\u00df dem Vertrag, sei es ein Gesch\u00e4fts- oder sonstiger Vertrag mit unserem Unternehmen, aufbewahrt, bis Sie deren L\u00f6schung beantragen. Au\u00dferdem werden die Daten f\u00fcr den zur Erf\u00fcllung bestimmter gesetzlicher Vorschriften erforderlichen Zeitraum gespeichert. -->\n\n\t\t\t\t\tIhre Daten werden gem\u00e4\u00df dem Vertrag f\u00fcr eine bestimmte Zeit aufbewahrt. Wenn Sie eine vorzeitige L\u00f6schung w\u00fcnschen, beantragen Sie dies bitte durch Aus\u00fcbung Ihres Rechts auf L\u00f6schung. \n\t\t\t\t\tDar\u00fcber hinaus werden Daten, die aus rechtlichen Gr\u00fcnden f\u00fcr die Einhaltung spezifischer Vorschriften gespeichert werden m\u00fcssen, gesperrt und nur den zust\u00e4ndigen \u00f6ffentlichen Beh\u00f6rden zur Verf\u00fcgung gestellt.\n\t\t\t<\/p>\n\n\t\t\t<br>\n\t\t\t<li><strong>Rechtm\u00e4\u00dfigkeit<\/strong><\/li>\n\t\t\t<br>\n\t\t\t\t<p>\n\t\t\t\t\tDie Rechtsgrundlage f\u00fcr die Verarbeitung Ihrer Daten beruht auf:\n\t\t\t<\/p>\n\t\t\t<ul>\n\t\t\t\t<li>Uneingeschr\u00e4nkte Einwilligung<\/li>\t\t\t\t<\/ul>\n\t\t\t<br>\n\t\t\t<li><strong>Empf\u00e4nger<\/strong><\/li>\n\t\t\t<br>\n\t\t\t\t<p>\n\t\t\t\t\tIhre personenbezogenen Daten werden in folgenden F\u00e4llen an Dritte \u00fcbermittelt:\n\t\t\t<\/p>\n\t\t\t<ul>\n\t\t\t\t<li>Steuerbeh\u00f6rde<\/li><li>IT-Dienstleistungsunternehmen f\u00fcr Software- und Hardware-Wartung<\/li><li>Buchhaltungs-\/Beratungsunternehmen<\/li>\t\t\t\t<\/ul>\n\t\t\t<br>\n\t\t\t<li><strong>Rechte<\/strong><\/li>\n\t\t\t<br>\n\t\t\t\t<p>\n\t\t\t\t\t\tSie haben das Recht zu erfahren, ob bei <strong>CASA EFIGENIA SL<\/strong> personenbezogene Daten von Ihnen verarbeitet werden oder nicht.\n\t\t\t\t<\/p>\n\t\t\t\t\t<p>\n\t\t\t\tSie haben auch das Recht auf Zugang zu Ihren personenbezogenen Daten und k\u00f6nnen die <em>Berichtigung<\/em> unrichtiger Daten oder gegebenenfalls die <em>L\u00f6schung<\/em> beantragen, wenn die Daten f\u00fcr die urspr\u00fcnglichen Zwecke nicht mehr erforderlich sind.\n\t\t\t\t<\/p>\n\t\t\t\t<p>\n\t\t\t\t\tIn bestimmten F\u00e4llen haben Sie das Recht, die <em>Einschr\u00e4nkung der Verarbeitung<\/em> Ihrer Daten zu beantragen. In diesem Fall werden wir Ihre Daten nur f\u00fcr die Aus\u00fcbung oder Verteidigung von Rechtsanspr\u00fcchen aufbewahren.\n\t\t\t\t<\/p>\n\t\t\t\t<p>\n\t\t\t\t\tZus\u00e4tzlich haben Sie unter bestimmten Umst\u00e4nden und aus Gr\u00fcnden, die sich aus Ihrer besonderen Situation ergeben, das Recht, der Verarbeitung Ihrer Daten zu <em>widersprechen<\/em>. <strong>CASA EFIGENIA SL<\/strong> wird Ihre Daten nicht mehr verarbeiten, es sei denn, es liegen zwingende berechtigte Gr\u00fcnde vor oder es werden Rechtsanspr\u00fcche ausge\u00fcbt oder verteidigt.\n\t\t\t\t<\/p>\n\t\t\t\t<p>\n\t\t\t\t\tDar\u00fcber hinaus haben Sie das Recht auf <em>Daten\u00fcbertragbarkeit<\/em> und k\u00f6nnen Ihre erteilten Einwilligungen jederzeit widerrufen, ohne dass dies die Rechtm\u00e4\u00dfigkeit der vor dem Widerruf erfolgten Verarbeitung beeintr\u00e4chtigt.\n\t\t\t\t<\/p>\n\t\t\t\t<p>\n\t\t\t\t\tWenn Sie von einem dieser Rechte Gebrauch machen m\u00f6chten, k\u00f6nnen Sie dies \u00fcber die unten stehenden Links tun:\n\t\t\t\t<\/p>\n\t\t\t\t<ul>\n\t\t\t\t\t<li>Um Ihr Recht auf <strong>Zugang<\/strong> auszu\u00fcben, klicken Sie <a href=\"https:\/\/intranet.laboralrgpd.com\/webApp\/clientes_derechos\/derechos-formulario.php?id_cliente=akNJdmEybTI1UWtSbHIwbHFOajN6UT09\" target=\"_blank\" rel=\"noopener\">hier<\/a><\/li>\n\t\t\t\t\t<li>Um Ihr Recht auf <strong>Berichtigung<\/strong> auszu\u00fcben, klicken Sie <a href=\"https:\/\/intranet.laboralrgpd.com\/webApp\/clientes_derechos\/derechos-formulario.php?id_cliente=akNJdmEybTI1UWtSbHIwbHFOajN6UT09\" target=\"_blank\" rel=\"noopener\">hier<\/a><\/li>\n\t\t\t\t\t<li>Um Ihr Recht auf <strong>L\u00f6schung<\/strong> auszu\u00fcben, klicken Sie <a href=\"https:\/\/intranet.laboralrgpd.com\/webApp\/clientes_derechos\/derechos-formulario.php?id_cliente=akNJdmEybTI1UWtSbHIwbHFOajN6UT09\" target=\"_blank\" rel=\"noopener\">hier<\/a><\/li>\n\t\t\t\t\t<li>Um Ihr Recht auf <strong>Einschr\u00e4nkung der Verarbeitung<\/strong> auszu\u00fcben, klicken Sie <a href=\"https:\/\/intranet.laboralrgpd.com\/webApp\/clientes_derechos\/derechos-formulario.php?id_cliente=akNJdmEybTI1UWtSbHIwbHFOajN6UT09\" target=\"_blank\" rel=\"noopener\">hier<\/a><\/li>\n\t\t\t\t\t<li>Um Ihr Recht auf <strong>Widerspruch<\/strong> auszu\u00fcben, klicken Sie <a href=\"https:\/\/intranet.laboralrgpd.com\/webApp\/clientes_derechos\/derechos-formulario.php?id_cliente=akNJdmEybTI1UWtSbHIwbHFOajN6UT09\" target=\"_blank\" rel=\"noopener\">hier<\/a><\/li>\n\t\t\t\t\t\t<li>Um Ihr Recht auf <strong>Daten\u00fcbertragbarkeit<\/strong> auszu\u00fcben, klicken Sie <a href=\"https:\/\/intranet.laboralrgpd.com\/webApp\/clientes_derechos\/derechos-formulario.php?id_cliente=akNJdmEybTI1UWtSbHIwbHFOajN6UT09\" target=\"_blank\" rel=\"noopener\">hier<\/a><\/li>\n\t\t\t\t<\/ul>\n\t\t\t\t<p>\n\t\t\t\t\tAlternativ k\u00f6nnen Sie uns auch postalisch unter folgender Adresse kontaktieren: <strong>LAS HAYAS, 15 &#8211; (38892) ARURE<\/strong>, und f\u00fcgen Sie eine Fotokopie Ihres Personalausweises bei, um Ihre Identit\u00e4t zu best\u00e4tigen. Bitte geben Sie so viele Informationen wie m\u00f6glich zu Ihrer Anfrage an: Vor- und Nachname, E-Mail-Adresse, die Sie f\u00fcr das betreffende Konto oder Portal verwenden.\n\t\t\t\t<\/p>\n\t\t\t\t<p>\n\t\t\t\t\tZuletzt m\u00f6chten wir Sie dar\u00fcber informieren, dass Sie sich bei der spanischen Datenschutzbeh\u00f6rde und anderen zust\u00e4ndigen \u00f6ffentlichen Stellen \u00fcber Beschwerden im Zusammenhang mit der Verarbeitung Ihrer personenbezogenen Daten beschweren k\u00f6nnen.\n\t\t\t\t<\/p>\n\t\t\t\t<br>\n\t\t\t<li><strong>Cookie-Richtlinie<\/strong><\/li>\n\t\t\t<br>\n\t\t\t\t<p>\n\t\t\t\t\tUm die von uns verwendeten Cookies auf unserer Webseite einzusehen, k\u00f6nnen Sie unsere Cookie-Richtlinie \u00fcber den folgenden Link aufrufen: <a href=\"https:\/\/intranet.laboralrgpd.com\/politicaCookies\/index.php?sid=akNJdmEybTI1UWtSbHIwbHFOajN6UT09\" target=\"_blank\" rel=\"noopener\">Cookie-Richtlinie<\/a>.\n\t\t\t\t<\/p>\n\t<\/ol>\n\n","protected":false},"excerpt":{"rendered":"<p>Daten zum Verantwortlichen Verantwortlicher f\u00fcr die Datenverarbeitung &nbsp;&nbsp;&#8211; Organisation: CASA EFIGENIA SL &nbsp;&nbsp;&#8211; Unternehmensidentifikationsnummer (CIF): B38900270 &nbsp;&nbsp;&#8211; Unternehmensadresse: LAS HAYAS, 15 &#8211; (38892) ARURE &nbsp;&nbsp;&#8211; E-Mail-Adresse: INFO@CASAEFIGENIA.COM &nbsp;&nbsp;&#8211; Verantwortlicher f\u00fcr die Datenverarbeitung: SERGIO ALEJANDRO MENDEZ BORGES &nbsp;&nbsp;&#8211; Telefonnummer des Verantwortlichen f\u00fcr die Datenverarbeitung: 667479747 &nbsp;&nbsp;&#8211; E-Mail-Adresse des Verantwortlichen f\u00fcr die Datenverarbeitung: INFO@CASAEFIGENIA.COM Zwecke Gem\u00e4\u00df der<a href=\"https:\/\/www.casaefigenia.com\/de\/informacion-sobre-proteccion-de-datos\/\">Continue reading <span class=\"sr-only\">&#8222;Informationen zum Datenschutz&#8220;<\/span><\/a><\/p>\n","protected":false},"author":1,"featured_media":0,"parent":0,"menu_order":0,"comment_status":"closed","ping_status":"closed","template":"","meta":{"footnotes":""},"class_list":["post-6176","page","type-page","status-publish","hentry"],"yoast_head":"<!-- This site is optimized with the Yoast SEO plugin v27.5 - https:\/\/yoast.com\/product\/yoast-seo-wordpress\/ -->\n<title>Informationen zum Datenschutz - Casa Efigenia<\/title>\n<meta name=\"robots\" content=\"index, follow, max-snippet:-1, max-image-preview:large, max-video-preview:-1\" \/>\n<link rel=\"canonical\" href=\"https:\/\/www.casaefigenia.com\/de\/informacion-sobre-proteccion-de-datos\/\" \/>\n<meta property=\"og:locale\" content=\"de_DE\" \/>\n<meta property=\"og:type\" content=\"article\" \/>\n<meta property=\"og:title\" content=\"Informationen zum Datenschutz - Casa Efigenia\" \/>\n<meta property=\"og:description\" content=\"Daten zum Verantwortlichen Verantwortlicher f\u00fcr die Datenverarbeitung &nbsp;&nbsp;&#8211; Organisation: CASA EFIGENIA SL &nbsp;&nbsp;&#8211; Unternehmensidentifikationsnummer (CIF): B38900270 &nbsp;&nbsp;&#8211; Unternehmensadresse: LAS HAYAS, 15 &#8211; (38892) ARURE &nbsp;&nbsp;&#8211; E-Mail-Adresse: INFO@CASAEFIGENIA.COM &nbsp;&nbsp;&#8211; Verantwortlicher f\u00fcr die Datenverarbeitung: SERGIO ALEJANDRO MENDEZ BORGES &nbsp;&nbsp;&#8211; Telefonnummer des Verantwortlichen f\u00fcr die Datenverarbeitung: 667479747 &nbsp;&nbsp;&#8211; E-Mail-Adresse des Verantwortlichen f\u00fcr die Datenverarbeitung: INFO@CASAEFIGENIA.COM Zwecke Gem\u00e4\u00df derContinue reading &quot;Informationen zum Datenschutz&quot;\" \/>\n<meta property=\"og:url\" content=\"https:\/\/www.casaefigenia.com\/de\/informacion-sobre-proteccion-de-datos\/\" \/>\n<meta property=\"og:site_name\" content=\"Casa Efigenia\" \/>\n<meta property=\"article:modified_time\" content=\"2023-06-13T12:26:32+00:00\" \/>\n<meta name=\"twitter:card\" content=\"summary_large_image\" \/>\n<meta name=\"twitter:label1\" content=\"Gesch\u00e4tzte Lesezeit\" \/>\n\t<meta name=\"twitter:data1\" content=\"3\u00a0Minuten\" \/>\n<script type=\"application\/ld+json\" class=\"yoast-schema-graph\">{\"@context\":\"https:\\\/\\\/schema.org\",\"@graph\":[{\"@type\":\"WebPage\",\"@id\":\"https:\\\/\\\/www.casaefigenia.com\\\/de\\\/informacion-sobre-proteccion-de-datos\\\/\",\"url\":\"https:\\\/\\\/www.casaefigenia.com\\\/de\\\/informacion-sobre-proteccion-de-datos\\\/\",\"name\":\"Informationen zum Datenschutz - Casa Efigenia\",\"isPartOf\":{\"@id\":\"https:\\\/\\\/www.casaefigenia.com\\\/de\\\/#website\"},\"datePublished\":\"2023-06-13T12:06:01+00:00\",\"dateModified\":\"2023-06-13T12:26:32+00:00\",\"breadcrumb\":{\"@id\":\"https:\\\/\\\/www.casaefigenia.com\\\/de\\\/informacion-sobre-proteccion-de-datos\\\/#breadcrumb\"},\"inLanguage\":\"de\",\"potentialAction\":[{\"@type\":\"ReadAction\",\"target\":[\"https:\\\/\\\/www.casaefigenia.com\\\/de\\\/informacion-sobre-proteccion-de-datos\\\/\"]}]},{\"@type\":\"BreadcrumbList\",\"@id\":\"https:\\\/\\\/www.casaefigenia.com\\\/de\\\/informacion-sobre-proteccion-de-datos\\\/#breadcrumb\",\"itemListElement\":[{\"@type\":\"ListItem\",\"position\":1,\"name\":\"Portada\",\"item\":\"https:\\\/\\\/www.casaefigenia.com\\\/de\\\/\"},{\"@type\":\"ListItem\",\"position\":2,\"name\":\"Informationen zum Datenschutz\"}]},{\"@type\":\"WebSite\",\"@id\":\"https:\\\/\\\/www.casaefigenia.com\\\/de\\\/#website\",\"url\":\"https:\\\/\\\/www.casaefigenia.com\\\/de\\\/\",\"name\":\"Casa Efigenia\",\"description\":\"Bienvenido a Casa Efigenia. Tradici\u00f3n y calidad desde hace m\u00e1s de cincuenta a\u00f1os.\",\"publisher\":{\"@id\":\"https:\\\/\\\/www.casaefigenia.com\\\/de\\\/#organization\"},\"potentialAction\":[{\"@type\":\"SearchAction\",\"target\":{\"@type\":\"EntryPoint\",\"urlTemplate\":\"https:\\\/\\\/www.casaefigenia.com\\\/de\\\/?s={search_term_string}\"},\"query-input\":{\"@type\":\"PropertyValueSpecification\",\"valueRequired\":true,\"valueName\":\"search_term_string\"}}],\"inLanguage\":\"de\"},{\"@type\":\"Organization\",\"@id\":\"https:\\\/\\\/www.casaefigenia.com\\\/de\\\/#organization\",\"name\":\"Casa Efigenia\",\"url\":\"https:\\\/\\\/www.casaefigenia.com\\\/de\\\/\",\"logo\":{\"@type\":\"ImageObject\",\"inLanguage\":\"de\",\"@id\":\"https:\\\/\\\/www.casaefigenia.com\\\/de\\\/#\\\/schema\\\/logo\\\/image\\\/\",\"url\":\"https:\\\/\\\/www.casaefigenia.com\\\/wp-content\\\/uploads\\\/2022\\\/11\\\/logo-efigenia-transparente-1.png\",\"contentUrl\":\"https:\\\/\\\/www.casaefigenia.com\\\/wp-content\\\/uploads\\\/2022\\\/11\\\/logo-efigenia-transparente-1.png\",\"width\":394,\"height\":173,\"caption\":\"Casa Efigenia\"},\"image\":{\"@id\":\"https:\\\/\\\/www.casaefigenia.com\\\/de\\\/#\\\/schema\\\/logo\\\/image\\\/\"}}]}<\/script>\n<!-- \/ Yoast SEO plugin. -->","yoast_head_json":{"title":"Informationen zum Datenschutz - Casa Efigenia","robots":{"index":"index","follow":"follow","max-snippet":"max-snippet:-1","max-image-preview":"max-image-preview:large","max-video-preview":"max-video-preview:-1"},"canonical":"https:\/\/www.casaefigenia.com\/de\/informacion-sobre-proteccion-de-datos\/","og_locale":"de_DE","og_type":"article","og_title":"Informationen zum Datenschutz - Casa Efigenia","og_description":"Daten zum Verantwortlichen Verantwortlicher f\u00fcr die Datenverarbeitung &nbsp;&nbsp;&#8211; Organisation: CASA EFIGENIA SL &nbsp;&nbsp;&#8211; Unternehmensidentifikationsnummer (CIF): B38900270 &nbsp;&nbsp;&#8211; Unternehmensadresse: LAS HAYAS, 15 &#8211; (38892) ARURE &nbsp;&nbsp;&#8211; E-Mail-Adresse: INFO@CASAEFIGENIA.COM &nbsp;&nbsp;&#8211; Verantwortlicher f\u00fcr die Datenverarbeitung: SERGIO ALEJANDRO MENDEZ BORGES &nbsp;&nbsp;&#8211; Telefonnummer des Verantwortlichen f\u00fcr die Datenverarbeitung: 667479747 &nbsp;&nbsp;&#8211; E-Mail-Adresse des Verantwortlichen f\u00fcr die Datenverarbeitung: INFO@CASAEFIGENIA.COM Zwecke Gem\u00e4\u00df derContinue reading \"Informationen zum Datenschutz\"","og_url":"https:\/\/www.casaefigenia.com\/de\/informacion-sobre-proteccion-de-datos\/","og_site_name":"Casa Efigenia","article_modified_time":"2023-06-13T12:26:32+00:00","twitter_card":"summary_large_image","twitter_misc":{"Gesch\u00e4tzte Lesezeit":"3\u00a0Minuten"},"schema":{"@context":"https:\/\/schema.org","@graph":[{"@type":"WebPage","@id":"https:\/\/www.casaefigenia.com\/de\/informacion-sobre-proteccion-de-datos\/","url":"https:\/\/www.casaefigenia.com\/de\/informacion-sobre-proteccion-de-datos\/","name":"Informationen zum Datenschutz - Casa Efigenia","isPartOf":{"@id":"https:\/\/www.casaefigenia.com\/de\/#website"},"datePublished":"2023-06-13T12:06:01+00:00","dateModified":"2023-06-13T12:26:32+00:00","breadcrumb":{"@id":"https:\/\/www.casaefigenia.com\/de\/informacion-sobre-proteccion-de-datos\/#breadcrumb"},"inLanguage":"de","potentialAction":[{"@type":"ReadAction","target":["https:\/\/www.casaefigenia.com\/de\/informacion-sobre-proteccion-de-datos\/"]}]},{"@type":"BreadcrumbList","@id":"https:\/\/www.casaefigenia.com\/de\/informacion-sobre-proteccion-de-datos\/#breadcrumb","itemListElement":[{"@type":"ListItem","position":1,"name":"Portada","item":"https:\/\/www.casaefigenia.com\/de\/"},{"@type":"ListItem","position":2,"name":"Informationen zum Datenschutz"}]},{"@type":"WebSite","@id":"https:\/\/www.casaefigenia.com\/de\/#website","url":"https:\/\/www.casaefigenia.com\/de\/","name":"Casa Efigenia","description":"Bienvenido a Casa Efigenia. Tradici\u00f3n y calidad desde hace m\u00e1s de cincuenta a\u00f1os.","publisher":{"@id":"https:\/\/www.casaefigenia.com\/de\/#organization"},"potentialAction":[{"@type":"SearchAction","target":{"@type":"EntryPoint","urlTemplate":"https:\/\/www.casaefigenia.com\/de\/?s={search_term_string}"},"query-input":{"@type":"PropertyValueSpecification","valueRequired":true,"valueName":"search_term_string"}}],"inLanguage":"de"},{"@type":"Organization","@id":"https:\/\/www.casaefigenia.com\/de\/#organization","name":"Casa Efigenia","url":"https:\/\/www.casaefigenia.com\/de\/","logo":{"@type":"ImageObject","inLanguage":"de","@id":"https:\/\/www.casaefigenia.com\/de\/#\/schema\/logo\/image\/","url":"https:\/\/www.casaefigenia.com\/wp-content\/uploads\/2022\/11\/logo-efigenia-transparente-1.png","contentUrl":"https:\/\/www.casaefigenia.com\/wp-content\/uploads\/2022\/11\/logo-efigenia-transparente-1.png","width":394,"height":173,"caption":"Casa Efigenia"},"image":{"@id":"https:\/\/www.casaefigenia.com\/de\/#\/schema\/logo\/image\/"}}]}},"_links":{"self":[{"href":"https:\/\/www.casaefigenia.com\/de\/wp-json\/wp\/v2\/pages\/6176","targetHints":{"allow":["GET"]}}],"collection":[{"href":"https:\/\/www.casaefigenia.com\/de\/wp-json\/wp\/v2\/pages"}],"about":[{"href":"https:\/\/www.casaefigenia.com\/de\/wp-json\/wp\/v2\/types\/page"}],"author":[{"embeddable":true,"href":"https:\/\/www.casaefigenia.com\/de\/wp-json\/wp\/v2\/users\/1"}],"replies":[{"embeddable":true,"href":"https:\/\/www.casaefigenia.com\/de\/wp-json\/wp\/v2\/comments?post=6176"}],"version-history":[{"count":1,"href":"https:\/\/www.casaefigenia.com\/de\/wp-json\/wp\/v2\/pages\/6176\/revisions"}],"predecessor-version":[{"id":6180,"href":"https:\/\/www.casaefigenia.com\/de\/wp-json\/wp\/v2\/pages\/6176\/revisions\/6180"}],"wp:attachment":[{"href":"https:\/\/www.casaefigenia.com\/de\/wp-json\/wp\/v2\/media?parent=6176"}],"curies":[{"name":"wp","href":"https:\/\/api.w.org\/{rel}","templated":true}]}}