{"id":6156,"date":"2023-06-13T11:05:55","date_gmt":"2023-06-13T11:05:55","guid":{"rendered":"https:\/\/www.casaefigenia.com\/aviso-legal\/"},"modified":"2023-06-13T11:56:14","modified_gmt":"2023-06-13T11:56:14","slug":"impressum","status":"publish","type":"page","link":"https:\/\/www.casaefigenia.com\/de\/impressum\/","title":{"rendered":"Impressum"},"content":{"rendered":"\n    <li><strong>Zweck und Akzeptanz<\/strong><\/li>\n        <p>\n          Diese rechtlichen Hinweise regeln die Nutzung unserer Website, deren Inhaber <strong>CASA EFIGENIA SL<\/strong> ist.\n          Durch das Surfen auf der Website von <strong>CASA EFIGENIA SL<\/strong> wird der Nutzerstatus f\u00fcr diese Seite erworben, und dies impliziert die uneingeschr\u00e4nkte und bedingungslose Akzeptanz aller Bestimmungen dieser rechtlichen Hinweise, die \u00c4nderungen unterliegen k\u00f6nnen.\n          Sie verpflichten sich, die Website ordnungsgem\u00e4\u00df gem\u00e4\u00df den Gesetzen, dem guten Glauben, der \u00f6ffentlichen Ordnung, den Handelsbr\u00e4uchen und diesen rechtlichen Hinweisen zu nutzen. Sie haften gegen\u00fcber <strong>CASA EFIGENIA SL<\/strong> oder Dritten f\u00fcr jeglichen Schaden, der als Folge der Nichteinhaltung dieser Verpflichtung entstehen k\u00f6nnte.\n        <\/p>  <li><strong>Identifikation und Kommunikation<\/strong><\/li>\n    <p>\n      <strong>CASA EFIGENIA SL<\/strong> informiert gem\u00e4\u00df dem Gesetz 34\/2002 vom 11. Juli \u00fcber Dienste der Informationsgesellschaft und des elektronischen Gesch\u00e4ftsverkehrs wie folgt:\n    <\/p>\n    <ul>\n      <li>Die Firma lautet: <strong>CASA EFIGENIA SL<\/strong><\/strong><\/li>\n      <li>Die CIF-Nummer lautet: <strong>B38900270<\/strong><\/li>\n      <li>Der Firmensitz befindet sich in: <strong>LAS HAYAS, 15 &#8211; (38892) ARURE<\/strong><\/li>\n      <li>Eintragung im Handelsregister: <\/li>\n  <\/ul>\n  <p>\n    F\u00fcr die Kontaktaufnahme stellen wir verschiedene Kontaktm\u00f6glichkeiten zur Verf\u00fcgung, die in der <strong>Datenschutzrichtlinie<\/strong> angegeben sind.\n  <\/p>\n  <p>\n    Alle Benachrichtigungen und Mitteilungen, die mit <strong>CASA EFIGENIA SL<\/strong> durchgef\u00fchrt werden, gelten als wirksam, sofern sie \u00fcber die zuvor genannten Kommunikationsmittel erfolgen.\n  <\/p>\n  <li><strong>Zugangs- und Nutzungsbedingungen<\/strong><\/li>\n  <p>\n    Die Website und ihre Dienste sind frei zug\u00e4nglich. Jedoch ist die Nutzung einiger auf der Website angebotener Dienste von <strong>CASA EFIGENIA SL<\/strong> an das Ausf\u00fcllen des entsprechenden Formulars gebunden.\n  <\/p>\n  <p>\n    Sie garantieren die Authentizit\u00e4t und Aktualit\u00e4t aller von Ihnen an <strong>CASA EFIGENIA SL<\/strong> \u00fcbermittelten Daten und sind allein verantwortlich f\u00fcr falsche oder ungenaue Angaben.\n  <\/p>\n  <p>\n    Sie verpflichten sich ausdr\u00fccklich, die Inhalte und Dienste von <strong>CASA EFIGENIA SL<\/strong> angemessen zu nutzen und sie nicht zu verwenden, um unter anderem folgende Handlungen auszuf\u00fchren:\n  <\/p>\n  <ul>\n    <li>Verbreitung von Inhalten, die illegal, gewaltt\u00e4tig, pornografisch, rassistisch, fremdenfeindlich, beleidigend, Terrorismus verherrlichend oder im Allgemeinen gegen das Gesetz oder die \u00f6ffentliche Ordnung versto\u00dfen.<\/li>\n\n    <li>Einf\u00fchrung von Computerviren in das Netzwerk oder Durchf\u00fchrung von Handlungen, die geeignet sind, die elektronischen Dokumente, Daten oder physischen und logischen Systeme von <strong>CASA EFIGENIA SL<\/strong> oder Dritten zu ver\u00e4ndern, zu besch\u00e4digen, zu unterbrechen oder Fehler oder Sch\u00e4den zu verursachen. Dar\u00fcber hinaus ist es untersagt, den Zugang anderer Benutzer zur Website und ihren Diensten durch den massiven Verbrauch von IT-Ressourcen, \u00fcber die <strong>CASA EFIGENIA SL<\/strong> ihre Dienste bereitstellt, zu behindern.<\/li>\n\n    <li>Versuch des Zugriffs auf die Daten anderer Personen oder auf beschr\u00e4nkte Bereiche der IT-Systeme von <strong>CASA EFIGENIA SL<\/strong> oder Dritten und gegebenenfalls Extrahieren von Informationen.<\/li>\n\n    <li>Verletzung der Rechte des geistigen oder gewerblichen Eigentums sowie Verletzung der Vertraulichkeit von Informationen von <strong>CASA EFIGENIA SL<\/strong> oder Dritten.<\/li>\n\n    <li>Vort\u00e4uschung der Identit\u00e4t eines anderen Benutzers, \u00f6ffentlicher Verwaltungen oder einer Drittpartei.<\/li>\n\n    <li>Vervielf\u00e4ltigung, Kopieren, Verbreitung, Bereitstellung oder anderweitige \u00f6ffentliche Kommunikation, Umwandlung oder \u00c4nderung der Inhalte, es sei denn, Sie haben die Erlaubnis des Rechteinhabers oder dies ist gesetzlich gestattet.<\/li>\n\n    <li>Sammeln von Daten f\u00fcr Werbezwecke und Versenden von Werbung jeglicher Art sowie Kommunikationen zu Verkaufszwecken oder anderen kommerziellen Zwecken ohne vorherige Anfrage oder Zustimmung.<\/li>\n  <\/ul>\n\n  <p>\n    Alle Inhalte der Website, einschlie\u00dflich Texte, Fotos, Grafiken, Bilder, Symbole, Technologie, Software sowie das grafische Design und der Quellcode, sind ein Werk, dessen Eigentum <strong>CASA EFIGENIA SL<\/strong> geh\u00f6rt. Es werden keine Nutzungsrechte \u00fcbertragen, die \u00fcber das hinausgehen, was f\u00fcr die ordnungsgem\u00e4\u00dfe Nutzung der Website erforderlich ist.\n  <\/p>\n  <p>\n    Kurz gesagt, Sie d\u00fcrfen als Nutzer dieser Website die Inhalte anzeigen und gegebenenfalls private Kopien erstellen, sofern die reproduzierten Elemente nicht an Dritte weitergegeben, nicht auf Servern in Netzwerken installiert und keiner Art von Nutzung unterzogen werden.\n  <\/p>\n  <p>\n    Dar\u00fcber hinaus sind alle Marken, Handelsnamen oder sonstigen Kennzeichen, die auf der Website erscheinen, Eigentum von <strong>CASA EFIGENIA SL<\/strong>, ohne dass sich aus der Nutzung oder dem Zugang zur Website Rechte an diesen ableiten lassen.\n  <\/p>\n  <p>\n    Die Verteilung, \u00c4nderung, \u00dcbertragung oder \u00f6ffentliche Kommunikation der Inhalte sowie jede andere Handlung, die nicht ausdr\u00fccklich vom Rechteinhaber genehmigt wurde, sind untersagt.\n  <\/p>\n  <p>\n    Die Einrichtung eines Hyperlinks bedeutet in keinem Fall das Bestehen einer Beziehung zwischen <strong>CASA EFIGENIA SL<\/strong> und dem Eigent\u00fcmer der Website, auf der der Hyperlink platziert ist, noch die Annahme und Zustimmung von <strong>CASA EFIGENIA SL<\/strong> zu deren Inhalten oder Dienstleistungen. Personen, die beabsichtigen, einen Hyperlink einzurichten, m\u00fcssen zuvor die schriftliche Genehmigung von <strong>CASA EFIGENIA SL<\/strong> einholen. Der Hyperlink erm\u00f6glicht ausschlie\u00dflich den Zugriff auf die Homepage oder Startseite unserer Website. Es sind auch falsche, ungenaue oder inkorrekte Aussagen \u00fcber CASA EFIGENIA SL zu unterlassen und Inhalte einzubeziehen, die gegen die guten Sitten und die \u00f6ffentliche Ordnung versto\u00dfen.<\/p>\n  <p>\n    <strong>CASA EFIGENIA SL<\/strong> haftet nicht f\u00fcr die Verwendung, die Benutzer den auf dieser Website zur Verf\u00fcgung gestellten Materialien geben, noch f\u00fcr Handlungen, die sie aufgrund dieser Materialien ausf\u00fchren.\n  <\/p>\n\n  <li><strong>Ausschluss von Gew\u00e4hrleistungen und Haftung<\/strong><\/h4>\n    <p>\n      <strong>CASA EFIGENIA SL<\/strong> schlie\u00dft, soweit dies nach geltendem Recht zul\u00e4ssig ist, jegliche Haftung f\u00fcr Sch\u00e4den jeder Art aus, die sich ergeben aus:\n    <\/p>\n    <ul>\n      <li>der Unm\u00f6glichkeit des Zugriffs auf die Website oder der fehlenden Wahrheit, Genauigkeit, Vollst\u00e4ndigkeit und\/oder Aktualit\u00e4t der Inhalte sowie dem Vorliegen von M\u00e4ngeln und Fehlern aller Art in den \u00fcber die Website oder die angebotenen Dienste \u00fcbertragenen, verbreiteten, gespeicherten oder bereitgestellten Inhalten.<\/li>\n\n      <li>dem Vorhandensein von Viren oder anderen Elementen in den Inhalten, die \u00c4nderungen an den Computersystemen, elektronischen Dokumenten oder Daten der Benutzer verursachen k\u00f6nnen.<\/li>\n\n      <li>der Nichteinhaltung der Gesetze, des guten Glaubens, der \u00f6ffentlichen Ordnung, der Verkehrsbr\u00e4uche und dieser rechtlichen Hinweise aufgrund einer unsachgem\u00e4\u00dfen Nutzung der Website. Insbesondere \u00fcbernimmt <strong>CASA EFIGENIA SL<\/strong> keine Verantwortung f\u00fcr Handlungen Dritter, die geistige oder gewerbliche Schutzrechte, Gesch\u00e4ftsgeheimnisse, das Recht auf Ehre, pers\u00f6nliche und famili\u00e4re Privatsph\u00e4re oder das Recht auf Abbildung verletzen sowie gegen die Bestimmungen des unlauteren Wettbewerbs und der unzul\u00e4ssigen Werbung versto\u00dfen.<\/li>\n    <\/ul>\n    <p>\n      Dar\u00fcber hinaus lehnt <strong>CASA EFIGENIA SL<\/strong> jede Verantwortung f\u00fcr Informationen ab, die au\u00dferhalb dieser Website verf\u00fcgbar sind und nicht direkt von unserem Webmaster verwaltet werden. Die Funktion der auf dieser Website angezeigten Links besteht ausschlie\u00dflich darin, den Benutzer \u00fcber die Existenz anderer Quellen zu informieren, die den Inhalt dieser Website erg\u00e4nzen k\u00f6nnen. <strong>CASA EFIGENIA SL<\/strong> garantiert nicht den Betrieb oder Zugang zu den verlinkten Websites und schl\u00e4gt diese auch nicht vor, l\u00e4dt dazu ein oder empfiehlt sie, und \u00fcbernimmt daher auch keine Verantwortung f\u00fcr das Ergebnis. <strong>CASA EFIGENIA SL<\/strong> ist nicht verantwortlich f\u00fcr die Einrichtung von Hyperlinks durch Dritte.\n    <\/p>\n\n  <li><strong>Vorgehen im Falle rechtswidriger Aktivit\u00e4ten<\/strong><\/li>\n    <p>\n    Wenn Sie oder eine Drittpartei der Ansicht sind, dass Handlungen oder Umst\u00e4nde vorliegen, die auf die rechtswidrige Nutzung von Inhalten hinweisen und\/oder auf Aktivit\u00e4ten auf den im Rahmen der Website enthaltenen oder \u00fcber die Website zug\u00e4nglichen Webseiten, sollten Sie sich unter ordnungsgem\u00e4\u00dfer Identifizierung an <strong>CASA EFIGENIA SL<\/strong> wenden, wobei die mutma\u00dflichen Verst\u00f6\u00dfe spezifiziert und ausdr\u00fccklich und unter Ihrer Verantwortung erkl\u00e4rt werden muss, dass die in der Benachrichtigung bereitgestellten Informationen korrekt sind.\n  <\/p>\n  <p>\n    F\u00fcr alle Streitigkeiten, die die Website von <strong>CASA EFIGENIA SL<\/strong> betreffen, gilt das spanische Recht, und die Gerichte und Tribunale, die dem Sitz von <strong><\/strong> (Spanien) am n\u00e4chsten sind, sind zust\u00e4ndig.\n  <\/p>\n\n  <li><strong>Ver\u00f6ffentlichungen<\/strong><\/li>\n    <p>\n      Die \u00fcber die Website bereitgestellten Verwaltungsinformationen ersetzen nicht die gesetzliche Ver\u00f6ffentlichung von Gesetzen, Vorschriften, Pl\u00e4nen, allgemeinen Bestimmungen und Ma\u00dfnahmen in den offiziellen Tageszeitungen der \u00f6ffentlichen Verwaltungen, die das einzige Instrument sind, das ihre Authentizit\u00e4t und ihren Inhalt bescheinigt. Die auf dieser Website verf\u00fcgbaren Informationen sollten als Leitfaden ohne rechtliche G\u00fcltigkeit verstanden werden.\n    <\/p>\n\n","protected":false},"excerpt":{"rendered":"<p>Zweck und Akzeptanz Diese rechtlichen Hinweise regeln die Nutzung unserer Website, deren Inhaber CASA EFIGENIA SL ist. Durch das Surfen auf der Website von CASA EFIGENIA SL wird der Nutzerstatus f\u00fcr diese Seite erworben, und dies impliziert die uneingeschr\u00e4nkte und bedingungslose Akzeptanz aller Bestimmungen dieser rechtlichen Hinweise, die \u00c4nderungen unterliegen k\u00f6nnen. Sie verpflichten sich, die<a href=\"https:\/\/www.casaefigenia.com\/de\/impressum\/\">Continue reading <span class=\"sr-only\">&#8222;Impressum&#8220;<\/span><\/a><\/p>\n","protected":false},"author":1,"featured_media":0,"parent":0,"menu_order":0,"comment_status":"closed","ping_status":"closed","template":"","meta":{"footnotes":""},"class_list":["post-6156","page","type-page","status-publish","hentry"],"yoast_head":"<!-- This site is optimized with the Yoast SEO plugin v27.4 - https:\/\/yoast.com\/product\/yoast-seo-wordpress\/ -->\n<title>Impressum - Casa Efigenia<\/title>\n<meta name=\"robots\" content=\"index, follow, max-snippet:-1, max-image-preview:large, max-video-preview:-1\" \/>\n<link rel=\"canonical\" href=\"https:\/\/www.casaefigenia.com\/de\/impressum\/\" \/>\n<meta property=\"og:locale\" content=\"de_DE\" \/>\n<meta property=\"og:type\" content=\"article\" \/>\n<meta property=\"og:title\" content=\"Impressum - Casa Efigenia\" \/>\n<meta property=\"og:description\" content=\"Zweck und Akzeptanz Diese rechtlichen Hinweise regeln die Nutzung unserer Website, deren Inhaber CASA EFIGENIA SL ist. Durch das Surfen auf der Website von CASA EFIGENIA SL wird der Nutzerstatus f\u00fcr diese Seite erworben, und dies impliziert die uneingeschr\u00e4nkte und bedingungslose Akzeptanz aller Bestimmungen dieser rechtlichen Hinweise, die \u00c4nderungen unterliegen k\u00f6nnen. Sie verpflichten sich, dieContinue reading &quot;Impressum&quot;\" \/>\n<meta property=\"og:url\" content=\"https:\/\/www.casaefigenia.com\/de\/impressum\/\" \/>\n<meta property=\"og:site_name\" content=\"Casa Efigenia\" \/>\n<meta property=\"article:modified_time\" content=\"2023-06-13T11:56:14+00:00\" \/>\n<meta name=\"twitter:card\" content=\"summary_large_image\" \/>\n<meta name=\"twitter:label1\" content=\"Gesch\u00e4tzte Lesezeit\" \/>\n\t<meta name=\"twitter:data1\" content=\"6\u00a0Minuten\" \/>\n<script type=\"application\/ld+json\" class=\"yoast-schema-graph\">{\"@context\":\"https:\\\/\\\/schema.org\",\"@graph\":[{\"@type\":\"WebPage\",\"@id\":\"https:\\\/\\\/www.casaefigenia.com\\\/de\\\/impressum\\\/\",\"url\":\"https:\\\/\\\/www.casaefigenia.com\\\/de\\\/impressum\\\/\",\"name\":\"Impressum - Casa Efigenia\",\"isPartOf\":{\"@id\":\"https:\\\/\\\/www.casaefigenia.com\\\/de\\\/#website\"},\"datePublished\":\"2023-06-13T11:05:55+00:00\",\"dateModified\":\"2023-06-13T11:56:14+00:00\",\"breadcrumb\":{\"@id\":\"https:\\\/\\\/www.casaefigenia.com\\\/de\\\/impressum\\\/#breadcrumb\"},\"inLanguage\":\"de\",\"potentialAction\":[{\"@type\":\"ReadAction\",\"target\":[\"https:\\\/\\\/www.casaefigenia.com\\\/de\\\/impressum\\\/\"]}]},{\"@type\":\"BreadcrumbList\",\"@id\":\"https:\\\/\\\/www.casaefigenia.com\\\/de\\\/impressum\\\/#breadcrumb\",\"itemListElement\":[{\"@type\":\"ListItem\",\"position\":1,\"name\":\"Portada\",\"item\":\"https:\\\/\\\/www.casaefigenia.com\\\/de\\\/\"},{\"@type\":\"ListItem\",\"position\":2,\"name\":\"Impressum\"}]},{\"@type\":\"WebSite\",\"@id\":\"https:\\\/\\\/www.casaefigenia.com\\\/de\\\/#website\",\"url\":\"https:\\\/\\\/www.casaefigenia.com\\\/de\\\/\",\"name\":\"Casa Efigenia\",\"description\":\"Bienvenido a Casa Efigenia. Tradici\u00f3n y calidad desde hace m\u00e1s de cincuenta a\u00f1os.\",\"publisher\":{\"@id\":\"https:\\\/\\\/www.casaefigenia.com\\\/de\\\/#organization\"},\"potentialAction\":[{\"@type\":\"SearchAction\",\"target\":{\"@type\":\"EntryPoint\",\"urlTemplate\":\"https:\\\/\\\/www.casaefigenia.com\\\/de\\\/?s={search_term_string}\"},\"query-input\":{\"@type\":\"PropertyValueSpecification\",\"valueRequired\":true,\"valueName\":\"search_term_string\"}}],\"inLanguage\":\"de\"},{\"@type\":\"Organization\",\"@id\":\"https:\\\/\\\/www.casaefigenia.com\\\/de\\\/#organization\",\"name\":\"Casa Efigenia\",\"url\":\"https:\\\/\\\/www.casaefigenia.com\\\/de\\\/\",\"logo\":{\"@type\":\"ImageObject\",\"inLanguage\":\"de\",\"@id\":\"https:\\\/\\\/www.casaefigenia.com\\\/de\\\/#\\\/schema\\\/logo\\\/image\\\/\",\"url\":\"https:\\\/\\\/www.casaefigenia.com\\\/wp-content\\\/uploads\\\/2022\\\/11\\\/logo-efigenia-transparente-1.png\",\"contentUrl\":\"https:\\\/\\\/www.casaefigenia.com\\\/wp-content\\\/uploads\\\/2022\\\/11\\\/logo-efigenia-transparente-1.png\",\"width\":394,\"height\":173,\"caption\":\"Casa Efigenia\"},\"image\":{\"@id\":\"https:\\\/\\\/www.casaefigenia.com\\\/de\\\/#\\\/schema\\\/logo\\\/image\\\/\"}}]}<\/script>\n<!-- \/ Yoast SEO plugin. -->","yoast_head_json":{"title":"Impressum - Casa Efigenia","robots":{"index":"index","follow":"follow","max-snippet":"max-snippet:-1","max-image-preview":"max-image-preview:large","max-video-preview":"max-video-preview:-1"},"canonical":"https:\/\/www.casaefigenia.com\/de\/impressum\/","og_locale":"de_DE","og_type":"article","og_title":"Impressum - Casa Efigenia","og_description":"Zweck und Akzeptanz Diese rechtlichen Hinweise regeln die Nutzung unserer Website, deren Inhaber CASA EFIGENIA SL ist. Durch das Surfen auf der Website von CASA EFIGENIA SL wird der Nutzerstatus f\u00fcr diese Seite erworben, und dies impliziert die uneingeschr\u00e4nkte und bedingungslose Akzeptanz aller Bestimmungen dieser rechtlichen Hinweise, die \u00c4nderungen unterliegen k\u00f6nnen. Sie verpflichten sich, dieContinue reading \"Impressum\"","og_url":"https:\/\/www.casaefigenia.com\/de\/impressum\/","og_site_name":"Casa Efigenia","article_modified_time":"2023-06-13T11:56:14+00:00","twitter_card":"summary_large_image","twitter_misc":{"Gesch\u00e4tzte Lesezeit":"6\u00a0Minuten"},"schema":{"@context":"https:\/\/schema.org","@graph":[{"@type":"WebPage","@id":"https:\/\/www.casaefigenia.com\/de\/impressum\/","url":"https:\/\/www.casaefigenia.com\/de\/impressum\/","name":"Impressum - Casa Efigenia","isPartOf":{"@id":"https:\/\/www.casaefigenia.com\/de\/#website"},"datePublished":"2023-06-13T11:05:55+00:00","dateModified":"2023-06-13T11:56:14+00:00","breadcrumb":{"@id":"https:\/\/www.casaefigenia.com\/de\/impressum\/#breadcrumb"},"inLanguage":"de","potentialAction":[{"@type":"ReadAction","target":["https:\/\/www.casaefigenia.com\/de\/impressum\/"]}]},{"@type":"BreadcrumbList","@id":"https:\/\/www.casaefigenia.com\/de\/impressum\/#breadcrumb","itemListElement":[{"@type":"ListItem","position":1,"name":"Portada","item":"https:\/\/www.casaefigenia.com\/de\/"},{"@type":"ListItem","position":2,"name":"Impressum"}]},{"@type":"WebSite","@id":"https:\/\/www.casaefigenia.com\/de\/#website","url":"https:\/\/www.casaefigenia.com\/de\/","name":"Casa Efigenia","description":"Bienvenido a Casa Efigenia. Tradici\u00f3n y calidad desde hace m\u00e1s de cincuenta a\u00f1os.","publisher":{"@id":"https:\/\/www.casaefigenia.com\/de\/#organization"},"potentialAction":[{"@type":"SearchAction","target":{"@type":"EntryPoint","urlTemplate":"https:\/\/www.casaefigenia.com\/de\/?s={search_term_string}"},"query-input":{"@type":"PropertyValueSpecification","valueRequired":true,"valueName":"search_term_string"}}],"inLanguage":"de"},{"@type":"Organization","@id":"https:\/\/www.casaefigenia.com\/de\/#organization","name":"Casa Efigenia","url":"https:\/\/www.casaefigenia.com\/de\/","logo":{"@type":"ImageObject","inLanguage":"de","@id":"https:\/\/www.casaefigenia.com\/de\/#\/schema\/logo\/image\/","url":"https:\/\/www.casaefigenia.com\/wp-content\/uploads\/2022\/11\/logo-efigenia-transparente-1.png","contentUrl":"https:\/\/www.casaefigenia.com\/wp-content\/uploads\/2022\/11\/logo-efigenia-transparente-1.png","width":394,"height":173,"caption":"Casa Efigenia"},"image":{"@id":"https:\/\/www.casaefigenia.com\/de\/#\/schema\/logo\/image\/"}}]}},"_links":{"self":[{"href":"https:\/\/www.casaefigenia.com\/de\/wp-json\/wp\/v2\/pages\/6156","targetHints":{"allow":["GET"]}}],"collection":[{"href":"https:\/\/www.casaefigenia.com\/de\/wp-json\/wp\/v2\/pages"}],"about":[{"href":"https:\/\/www.casaefigenia.com\/de\/wp-json\/wp\/v2\/types\/page"}],"author":[{"embeddable":true,"href":"https:\/\/www.casaefigenia.com\/de\/wp-json\/wp\/v2\/users\/1"}],"replies":[{"embeddable":true,"href":"https:\/\/www.casaefigenia.com\/de\/wp-json\/wp\/v2\/comments?post=6156"}],"version-history":[{"count":2,"href":"https:\/\/www.casaefigenia.com\/de\/wp-json\/wp\/v2\/pages\/6156\/revisions"}],"predecessor-version":[{"id":6167,"href":"https:\/\/www.casaefigenia.com\/de\/wp-json\/wp\/v2\/pages\/6156\/revisions\/6167"}],"wp:attachment":[{"href":"https:\/\/www.casaefigenia.com\/de\/wp-json\/wp\/v2\/media?parent=6156"}],"curies":[{"name":"wp","href":"https:\/\/api.w.org\/{rel}","templated":true}]}}